{"id":2567,"date":"2022-10-19T10:29:59","date_gmt":"2022-10-19T10:29:59","guid":{"rendered":"https:\/\/maileon.com\/?page_id=2567"},"modified":"2024-04-27T18:29:18","modified_gmt":"2024-04-27T18:29:18","slug":"tech","status":"publish","type":"page","link":"https:\/\/maileon.com\/it\/partnerships\/tech\/","title":{"rendered":"Tech"},"content":{"rendered":"<div\n    class=\"shape-hero-white block-hero-top-curve-sm bg-[length:auto_100%] bg-white bg-right-top lg:bg-right-top bg-no-repeat relative mb-14\">\n    <div class=\"container text-black flex flex-col justify-center items-start px-5 md:px-10 xl:px-40 pt-20\">\n        <div class=\"flex flex-col w-full md:w-2\/3 lg:w-1\/2\">\n            <div class=\"flex flex-col w-full\">\n                \n                    <h1 class=\"heading-1\">\n       Partnership tecnologica di successo\n    <\/h1>\n                <div class=\"prose text-lg\">\n                    <p>Progettiamo soluzioni intelligenti senza fermarci mai per i nostri Clienti di oggi e di domani.<\/p>\n                <\/div>\n            <\/div>\n        <\/div>\n                    <div class=\"flex flex-col md:flex-row w-full mt-4 gap-4\">\n                                        <a href=\"https:\/\/maileon.com\/demo\" target=\"\" class=\"block btn btn-secondary\">\n        Richiedi una demo\n    <\/a>                                        <a href=\"https:\/\/maileon.com\/contact\" target=\"\" class=\"block btn btn-dark\">\n        Candidati come Partner\n    <\/a>                            <\/div>\n                    <\/div>\n<\/div>\n\n\n<div class=\"container px-0 lg:px-10 xl:px-40 py-4 lg:py-16\">\n    <div class=\"grid grid-cols-1 lg:grid-cols-2 lg:gap-24 mb-8 \">\n                <div class=\" pb-6 md:pt-6\">\n            <img loading=\"lazy\" decoding=\"async\" width=\"1024\" height=\"715\" src=\"https:\/\/maileon.com\/app\/uploads\/sites\/6\/2023\/06\/Maileon-Testen-Banner-1024x715.jpg\" class=\"md:rounded-3xl w-full\" alt=\"\" srcset=\"https:\/\/maileon.com\/app\/uploads\/sites\/6\/2023\/06\/Maileon-Testen-Banner-1024x715.jpg 1024w, https:\/\/maileon.com\/app\/uploads\/sites\/6\/2023\/06\/Maileon-Testen-Banner-300x210.jpg 300w, https:\/\/maileon.com\/app\/uploads\/sites\/6\/2023\/06\/Maileon-Testen-Banner-768x536.jpg 768w, https:\/\/maileon.com\/app\/uploads\/sites\/6\/2023\/06\/Maileon-Testen-Banner-1536x1073.jpg 1536w, https:\/\/maileon.com\/app\/uploads\/sites\/6\/2023\/06\/Maileon-Testen-Banner.jpg 2000w\" sizes=\"auto, (max-width: 1024px) 100vw, 1024px\" \/>        <\/div>\n        <div class=\"lg:py-4 px-5 lg:px-0 lg:order-first\">\n            <div class=\"space-y-4\">\n                                <p class=\"text-gray-800 text-sm mb-4 mt-2\">\n                    Maileon Partnership Program                <\/p>\n                    <h2 class=\"heading-3 text-black\">\n       Connessioni intelligenti che collaborano insieme\n    <\/h2>                <div class=\"prose\">\n                    <p>La possibilit\u00e0 di poter offrire ai tuoi clienti potenziali o acquisiti lo stack tecnologico dei loro sogni \u00e8 sorprendente, non \u00e8 vero? Solo partnership tecnologiche consolidate lo rendono possibile. Ecco perch\u00e9 amiamo costruire relazioni concrete e integrazioni perfette con altre Aziende tecnologiche.<\/p>\n                <\/div>\n            <\/div>\n                            <div class=\"flex flex-col md:flex-row w-full mt-4 gap-4\">\n                                                                            <a href=\"https:\/\/maileon.com\/platform\/features\/\" target=\"\" class=\"block btn btn-secondary\">\n        Scopri di pi\u00f9\n    <\/a>                                                            <\/div>\n                    <\/div>\n    <\/div>\n<\/div>\n\n\n<div class=\"container px-0 lg:px-10 xl:px-40 py-4 lg:py-16\">\n    <div class=\"grid grid-cols-1 lg:grid-cols-2 lg:gap-24 mb-8 \">\n                <div class=\" pb-6 md:pt-6\">\n            <img loading=\"lazy\" decoding=\"async\" width=\"1024\" height=\"682\" src=\"https:\/\/maileon.com\/app\/uploads\/sites\/6\/2022\/09\/BEELD31_Maileon_20220728_019_WEB-1024x682.jpg\" class=\"md:rounded-3xl w-full\" alt=\"customer support\" srcset=\"https:\/\/maileon.com\/app\/uploads\/sites\/6\/2022\/09\/BEELD31_Maileon_20220728_019_WEB-1024x682.jpg 1024w, https:\/\/maileon.com\/app\/uploads\/sites\/6\/2022\/09\/BEELD31_Maileon_20220728_019_WEB-300x200.jpg 300w, https:\/\/maileon.com\/app\/uploads\/sites\/6\/2022\/09\/BEELD31_Maileon_20220728_019_WEB-768x512.jpg 768w, https:\/\/maileon.com\/app\/uploads\/sites\/6\/2022\/09\/BEELD31_Maileon_20220728_019_WEB-1536x1024.jpg 1536w, https:\/\/maileon.com\/app\/uploads\/sites\/6\/2022\/09\/BEELD31_Maileon_20220728_019_WEB.jpg 2000w\" sizes=\"auto, (max-width: 1024px) 100vw, 1024px\" \/>        <\/div>\n        <div class=\"lg:py-4 px-5 lg:px-0 \">\n            <div class=\"space-y-4\">\n                                <p class=\"text-gray-800 text-sm mb-4 mt-2\">\n                    Maileon Partnership Program                <\/p>\n                    <h2 class=\"heading-3 text-black\">\n       Espandi le tue soluzioni e la tua customer base\n    <\/h2>                <div class=\"prose\">\n                    <p>Collaborare significa unire le forze, ora e in futuro. Questo ci consente di offrire la migliore esperienza ai nostri utenti condivisi, ma ci aiuta a raggiungere un pubblico ancora pi\u00f9 ampio di potenziali (e reciproci) utenti. Non vediamo l&#8217;ora di approfondire questa possibilit\u00e0.<\/p>\n                <\/div>\n            <\/div>\n                            <div class=\"flex flex-col md:flex-row w-full mt-4 gap-4\">\n                                                                            <a href=\"https:\/\/maileon.com\/contact\" target=\"\" class=\"block btn btn-secondary\">\n        Parliamone!\n    <\/a>                                                            <\/div>\n                    <\/div>\n    <\/div>\n<\/div>\n\n\n\n<div class=\"container py-8 px-0 xl:px-40\">\n    <div class=\"px-5 md:px-10 xl:px-40 pb-3 md:mr-24\">\n        <div class=\"prose \">\n            <h2><strong><span>Una tech partnership oltre l\u2019integrazione<\/span><\/strong><\/h2>\n<p><span>Una partnership tecnologica inizia perfezionando soluzioni intelligenti che assicurino che il nostro software sia perfettamente allineato nel rispondere agli obiettivi e alle esigenze dei Clienti finali creando ottime esperienze utente lungo il customer journey.<\/span><\/p>\n<p><span>Questi sono gli elementi essenziali di una partnership tecnologica. Ma non bisogna fermarsi qui. Le partnership tecnologiche possono sbloccare non solo la potenza di due piattaforme ma anche la potenza di due team consentendo la crescita e il successo reciproci.<\/span><\/p>\n<p><span>Questo \u00e8 il tipo di partnership che ci sforziamo di costruire. Quindi, invece di fermarci alle integrazioni, continuiamo a collaborare, a condividere conoscenze e ad aiutarci a vicenda per crescere insieme.<\/span><\/p>\n        <\/div>\n    <\/div>\n<\/div>\n\n\n\n<div class=\"container px-5 lg:px-10 xl:px-40 py-14 text-primary-500\">\n    <div class=\"text-center\">\n            <h2 class=\"heading-4\">\n       Sono nostri Partner\n    <\/h2>    <\/div>\n\n        <div class=\"\">\n        <div class=\"swiper\" x-ref=\"container\" x-data=\"{swiper: null}\" x-init=\"swiper = new Swiper($refs.container, {\n                    modules: [Pagination],\n                    pagination: {\n                        el: '.swiper-pagination',\n                        clickable: true\n                    },\n                    slidesPerView: 1,\n                    slidesOffsetBefore: 0,\n                    slidesOffsetAfter: 0,\n                    spaceBetween: 24,\n\n                    breakpoints: {\n                        420: {\n                          slidesPerView: 2,\n                          slidesPerGroup: 2,\n                          spaceBetween: 24,\n                        },\n                        640: {\n                          slidesPerView: 3,\n                          slidesPerGroup: 3,\n                          spaceBetween: 24,\n                        },\n                        768: {\n                          slidesPerView: 4,\n                          slidesPerGroup: 4,\n                          spaceBetween: 43,\n                        },\n                        1024: {\n                          slidesPerView: 5,\n                          slidesPerGroup: 5,\n                          spaceBetween: 84,\n                        },\n                    },\n                })\">\n            <div class=\"swiper-wrapper mt-5 mb-12\">\n                                <div class=\"swiper-slide px-4 md:px-0 py-4\" >\n                    <div class=\"h-20 md:m-0 bg-contain bg-center bg-no-repeat\"\n                        style=\"background-image: url('https:\/\/maileon.com\/app\/uploads\/sites\/6\/2022\/12\/logos-for-integration-5-1024x683.png')\">\n                    <\/div>\n                <\/div>\n                                <div class=\"swiper-slide px-4 md:px-0 py-4\" >\n                    <div class=\"h-20 md:m-0 bg-contain bg-center bg-no-repeat\"\n                        style=\"background-image: url('https:\/\/maileon.com\/app\/uploads\/sites\/6\/2022\/11\/SportAlliance-logo-1024x275.png')\">\n                    <\/div>\n                <\/div>\n                                <div class=\"swiper-slide px-4 md:px-0 py-4\" >\n                    <div class=\"h-20 md:m-0 bg-contain bg-center bg-no-repeat\"\n                        style=\"background-image: url('https:\/\/maileon.com\/app\/uploads\/sites\/6\/2022\/12\/adpage2.png')\">\n                    <\/div>\n                <\/div>\n                                <div class=\"swiper-slide px-4 md:px-0 py-4\" >\n                    <div class=\"h-20 md:m-0 bg-contain bg-center bg-no-repeat\"\n                        style=\"background-image: url('https:\/\/maileon.com\/app\/uploads\/sites\/6\/2022\/12\/Sparque-1.png')\">\n                    <\/div>\n                <\/div>\n                                <div class=\"swiper-slide px-4 md:px-0 py-4\" >\n                    <div class=\"h-20 md:m-0 bg-contain bg-center bg-no-repeat\"\n                        style=\"background-image: url('https:\/\/maileon.com\/app\/uploads\/sites\/6\/2022\/12\/logos-for-integration-4-1024x683.png')\">\n                    <\/div>\n                <\/div>\n                                <div class=\"swiper-slide px-4 md:px-0 py-4\" >\n                    <div class=\"h-20 md:m-0 bg-contain bg-center bg-no-repeat\"\n                        style=\"background-image: url('https:\/\/maileon.com\/app\/uploads\/sites\/6\/2022\/12\/logos-for-integration-3-1024x683.png')\">\n                    <\/div>\n                <\/div>\n                            <\/div>\n            <div class=\"swiper-pagination\"><\/div>\n        <\/div>\n    <\/div>\n    <\/div>\n\n\n<div class=\"block-hero-top-curve-large bg-no-repeat bg-right-top bg-[length:auto_100%] relative overflow-hidden\">\n    <div class=\"relative lg:absolute lg:right-0 z-0 lg:w-1\/2 xl:w-3\/4 lg:mb-0 w-full\">\n        <img loading=\"lazy\" decoding=\"async\" width=\"1024\" height=\"682\" src=\"https:\/\/maileon.com\/app\/uploads\/sites\/6\/2022\/09\/BEELD31_Maileon_20220728_023_WEB-1024x682.jpg\" class=\"w-full min-w-[55vw] max-w-[100%]\" alt=\"\" srcset=\"https:\/\/maileon.com\/app\/uploads\/sites\/6\/2022\/09\/BEELD31_Maileon_20220728_023_WEB-1024x682.jpg 1024w, https:\/\/maileon.com\/app\/uploads\/sites\/6\/2022\/09\/BEELD31_Maileon_20220728_023_WEB-300x200.jpg 300w, https:\/\/maileon.com\/app\/uploads\/sites\/6\/2022\/09\/BEELD31_Maileon_20220728_023_WEB-768x512.jpg 768w, https:\/\/maileon.com\/app\/uploads\/sites\/6\/2022\/09\/BEELD31_Maileon_20220728_023_WEB-1536x1024.jpg 1536w, https:\/\/maileon.com\/app\/uploads\/sites\/6\/2022\/09\/BEELD31_Maileon_20220728_023_WEB.jpg 2000w\" sizes=\"auto, (max-width: 1024px) 100vw, 1024px\" \/>        <div class=\"absolute bottom-0 w-full block lg:hidden\">\n            <svg xmlns=\"http:\/\/www.w3.org\/2000\/svg\" viewBox=\"0 0 768 100\" class=\"fill-primary\">\n                <path\n                    d=\"M 1221,1000 H -63 c 0,0 6e-4,-745.425 0,-559.546 281.767,-44.575 673.208,42.792 843.517,65.08 170.308,22.288 359.343,4.457 440.483,-45.467 z\"\n                    id=\"path42\" clip-path=\"url(#clipPath289)\" transform=\"translate(0,-420.2691)\"\n                \/>\n            <\/svg>\n        <\/div>\n    <\/div>\n    <div class=\"shape-hero-cta bg-primary lg:bg-transparent bg-cover bg-left bg-no-repeat relative pb-20 md:pb-0 after:shape-hero-cta-bottom after:absolute after:top-0 after:bottom-0 after:bg-no-repeat after:bg-bottom after:bg-contain after:w-full after:pointer-events-none\">\n        <div class=\"container text-primary flex flex-col justify-center items-start px-5 md:px-10 xl:px-40 pt-8 lg:pt-20 pb-16 md:pb-32 lg:pb-20 lg:min-h-[429px] xl:min-h-[603px]\">\n            <div class=\"flex flex-col w-full lg:w-7\/12\">\n                \n                    <h2 class=\"heading-1\">\n       LIeti di collaborare\n    <\/h2>\n                <div class=\"prose prose-invert text-primary text-lg\">\n                    <p>Che tu stia cercando una Partnership o\u00a0 semplicemente una forte integrazione non vediamo l&#8217;ora di parlarne insieme!<\/p>\n                <\/div>\n            <\/div>\n            <div class=\"flex flex-col md:flex-row w-full mt-4 gap-4\">\n                                                                <a href=\"https:\/\/maileon.com\/contact\" target=\"\" class=\"block btn btn-secondary\">\n        Contatti\n    <\/a>                                                <\/div>\n                    <\/div>\n    <\/div>\n<\/div>\n","protected":false},"excerpt":{"rendered":"<p>Tech<\/p>\n","protected":false},"author":7,"featured_media":0,"parent":2641,"menu_order":0,"comment_status":"closed","ping_status":"closed","template":"","meta":{"_acf_changed":false,"footnotes":""},"categories":[],"class_list":["post-2567","page","type-page","status-publish","hentry"],"acf":[],"yoast_head":"<!-- This site is optimized with the Yoast SEO Premium plugin v26.3 (Yoast SEO v26.3) - https:\/\/yoast.com\/wordpress\/plugins\/seo\/ -->\n<title>Tech Partnerships | Maileon<\/title>\n<meta name=\"description\" content=\"Let\u2019s bring the smartest solutions seamlessly together. For our current and future users. Read more about partnering up with Maileon here.\" \/>\n<meta name=\"robots\" content=\"noindex, follow, max-snippet:-1, max-image-preview:large, max-video-preview:-1\" \/>\n<meta property=\"og:locale\" content=\"it_IT\" \/>\n<meta property=\"og:type\" content=\"article\" \/>\n<meta property=\"og:title\" content=\"Tech\" \/>\n<meta property=\"og:description\" content=\"Let\u2019s bring the smartest solutions seamlessly together. For our current and future users. Read more about partnering up with Maileon here.\" \/>\n<meta property=\"og:url\" content=\"https:\/\/maileon.com\/it\/partnerships\/tech\/\" \/>\n<meta property=\"og:site_name\" content=\"Maileon\" \/>\n<meta property=\"article:modified_time\" content=\"2024-04-27T18:29:18+00:00\" \/>\n<meta name=\"twitter:card\" content=\"summary_large_image\" \/>\n<meta name=\"twitter:label1\" content=\"Est. reading time\" \/>\n\t<meta name=\"twitter:data1\" content=\"4 minuti\" \/>\n<script type=\"application\/ld+json\" class=\"yoast-schema-graph\">{\"@context\":\"https:\/\/schema.org\",\"@graph\":[{\"@type\":\"WebPage\",\"@id\":\"https:\/\/maileon.com\/it\/partnerships\/tech\/\",\"url\":\"https:\/\/maileon.com\/it\/partnerships\/tech\/\",\"name\":\"Tech Partnerships | Maileon\",\"isPartOf\":{\"@id\":\"https:\/\/maileon.com\/it\/#website\"},\"datePublished\":\"2022-10-19T10:29:59+00:00\",\"dateModified\":\"2024-04-27T18:29:18+00:00\",\"description\":\"Let\u2019s bring the smartest solutions seamlessly together. For our current and future users. Read more about partnering up with Maileon here.\",\"breadcrumb\":{\"@id\":\"https:\/\/maileon.com\/it\/partnerships\/tech\/#breadcrumb\"},\"inLanguage\":\"it-IT\",\"potentialAction\":[{\"@type\":\"ReadAction\",\"target\":[\"https:\/\/maileon.com\/it\/partnerships\/tech\/\"]}]},{\"@type\":\"BreadcrumbList\",\"@id\":\"https:\/\/maileon.com\/it\/partnerships\/tech\/#breadcrumb\",\"itemListElement\":[{\"@type\":\"ListItem\",\"position\":1,\"name\":\"Home\",\"item\":\"https:\/\/maileon.com\/it\/\"},{\"@type\":\"ListItem\",\"position\":2,\"name\":\"Partnerships\",\"item\":\"https:\/\/maileon.com\/it\/partnerships\/\"},{\"@type\":\"ListItem\",\"position\":3,\"name\":\"Tech\"}]},{\"@type\":\"WebSite\",\"@id\":\"https:\/\/maileon.com\/it\/#website\",\"url\":\"https:\/\/maileon.com\/it\/\",\"name\":\"Maileon\",\"description\":\"\",\"publisher\":{\"@id\":\"https:\/\/maileon.com\/it\/#organization\"},\"potentialAction\":[{\"@type\":\"SearchAction\",\"target\":{\"@type\":\"EntryPoint\",\"urlTemplate\":\"https:\/\/maileon.com\/it\/?s={search_term_string}\"},\"query-input\":{\"@type\":\"PropertyValueSpecification\",\"valueRequired\":true,\"valueName\":\"search_term_string\"}}],\"inLanguage\":\"it-IT\"},{\"@type\":\"Organization\",\"@id\":\"https:\/\/maileon.com\/it\/#organization\",\"name\":\"Maileon\",\"url\":\"https:\/\/maileon.com\/it\/\",\"logo\":{\"@type\":\"ImageObject\",\"inLanguage\":\"it-IT\",\"@id\":\"https:\/\/maileon.com\/it\/#\/schema\/logo\/image\/\",\"url\":\"https:\/\/maileon.com\/app\/uploads\/sites\/6\/2022\/08\/logo.png\",\"contentUrl\":\"https:\/\/maileon.com\/app\/uploads\/sites\/6\/2022\/08\/logo.png\",\"width\":168,\"height\":33,\"caption\":\"Maileon\"},\"image\":{\"@id\":\"https:\/\/maileon.com\/it\/#\/schema\/logo\/image\/\"}}]}<\/script>\n<!-- \/ Yoast SEO Premium plugin. -->","yoast_head_json":{"title":"Tech Partnerships | Maileon","description":"Let\u2019s bring the smartest solutions seamlessly together. For our current and future users. Read more about partnering up with Maileon here.","robots":{"index":"noindex","follow":"follow","max-snippet":"max-snippet:-1","max-image-preview":"max-image-preview:large","max-video-preview":"max-video-preview:-1"},"og_locale":"it_IT","og_type":"article","og_title":"Tech","og_description":"Let\u2019s bring the smartest solutions seamlessly together. For our current and future users. Read more about partnering up with Maileon here.","og_url":"https:\/\/maileon.com\/it\/partnerships\/tech\/","og_site_name":"Maileon","article_modified_time":"2024-04-27T18:29:18+00:00","twitter_card":"summary_large_image","twitter_misc":{"Est. reading time":"4 minuti"},"schema":{"@context":"https:\/\/schema.org","@graph":[{"@type":"WebPage","@id":"https:\/\/maileon.com\/it\/partnerships\/tech\/","url":"https:\/\/maileon.com\/it\/partnerships\/tech\/","name":"Tech Partnerships | Maileon","isPartOf":{"@id":"https:\/\/maileon.com\/it\/#website"},"datePublished":"2022-10-19T10:29:59+00:00","dateModified":"2024-04-27T18:29:18+00:00","description":"Let\u2019s bring the smartest solutions seamlessly together. For our current and future users. Read more about partnering up with Maileon here.","breadcrumb":{"@id":"https:\/\/maileon.com\/it\/partnerships\/tech\/#breadcrumb"},"inLanguage":"it-IT","potentialAction":[{"@type":"ReadAction","target":["https:\/\/maileon.com\/it\/partnerships\/tech\/"]}]},{"@type":"BreadcrumbList","@id":"https:\/\/maileon.com\/it\/partnerships\/tech\/#breadcrumb","itemListElement":[{"@type":"ListItem","position":1,"name":"Home","item":"https:\/\/maileon.com\/it\/"},{"@type":"ListItem","position":2,"name":"Partnerships","item":"https:\/\/maileon.com\/it\/partnerships\/"},{"@type":"ListItem","position":3,"name":"Tech"}]},{"@type":"WebSite","@id":"https:\/\/maileon.com\/it\/#website","url":"https:\/\/maileon.com\/it\/","name":"Maileon","description":"","publisher":{"@id":"https:\/\/maileon.com\/it\/#organization"},"potentialAction":[{"@type":"SearchAction","target":{"@type":"EntryPoint","urlTemplate":"https:\/\/maileon.com\/it\/?s={search_term_string}"},"query-input":{"@type":"PropertyValueSpecification","valueRequired":true,"valueName":"search_term_string"}}],"inLanguage":"it-IT"},{"@type":"Organization","@id":"https:\/\/maileon.com\/it\/#organization","name":"Maileon","url":"https:\/\/maileon.com\/it\/","logo":{"@type":"ImageObject","inLanguage":"it-IT","@id":"https:\/\/maileon.com\/it\/#\/schema\/logo\/image\/","url":"https:\/\/maileon.com\/app\/uploads\/sites\/6\/2022\/08\/logo.png","contentUrl":"https:\/\/maileon.com\/app\/uploads\/sites\/6\/2022\/08\/logo.png","width":168,"height":33,"caption":"Maileon"},"image":{"@id":"https:\/\/maileon.com\/it\/#\/schema\/logo\/image\/"}}]}},"_links":{"self":[{"href":"https:\/\/maileon.com\/it\/wp-json\/wp\/v2\/pages\/2567","targetHints":{"allow":["GET"]}}],"collection":[{"href":"https:\/\/maileon.com\/it\/wp-json\/wp\/v2\/pages"}],"about":[{"href":"https:\/\/maileon.com\/it\/wp-json\/wp\/v2\/types\/page"}],"author":[{"embeddable":true,"href":"https:\/\/maileon.com\/it\/wp-json\/wp\/v2\/users\/7"}],"replies":[{"embeddable":true,"href":"https:\/\/maileon.com\/it\/wp-json\/wp\/v2\/comments?post=2567"}],"version-history":[{"count":12,"href":"https:\/\/maileon.com\/it\/wp-json\/wp\/v2\/pages\/2567\/revisions"}],"predecessor-version":[{"id":12148,"href":"https:\/\/maileon.com\/it\/wp-json\/wp\/v2\/pages\/2567\/revisions\/12148"}],"up":[{"embeddable":true,"href":"https:\/\/maileon.com\/it\/wp-json\/wp\/v2\/pages\/2641"}],"wp:attachment":[{"href":"https:\/\/maileon.com\/it\/wp-json\/wp\/v2\/media?parent=2567"}],"wp:term":[{"taxonomy":"category","embeddable":true,"href":"https:\/\/maileon.com\/it\/wp-json\/wp\/v2\/categories?post=2567"}],"curies":[{"name":"wp","href":"https:\/\/api.w.org\/{rel}","templated":true}]}}