{"id":8355,"date":"2022-12-06T14:22:00","date_gmt":"2022-12-06T14:22:00","guid":{"rendered":"https:\/\/maileon.com\/?page_id=8355"},"modified":"2025-03-06T10:22:38","modified_gmt":"2025-03-06T10:22:38","slug":"segmentation","status":"publish","type":"page","link":"https:\/\/maileon.com\/hu\/platform\/features\/segmentation\/","title":{"rendered":"Szegment\u00e1l\u00e1s: a megfelel\u0151 emberek el\u00e9r\u00e9se"},"content":{"rendered":"\n<div class=\"relative shape-hero-main block-hero-top-curve-sm block-hero-bottom-curve bg-primary bg-no-repeat bg-right-top bg-contain mb-14\">\n    <div\n        class=\"container relative text-primary flex flex-col justify-center items-start px-5 md:px-10 xl:px-40 pt-44 md:pt-64 lg:pt-20 pb-24 lg:pb-20 min-h-[681px] md:min-h-[607px] lg:min-h-[466px] xl:min-h-[656px]\"\n    >\n        <div class=\"flex flex-col w-full md:9\/12 lg:w-7\/12\">\n            \n                <h1 class=\"heading-1\">\n       Egyszer\u0171 szegment\u00e1l\u00e1s a maxim\u00e1lis v\u00e1s\u00e1rl\u00f3i elk\u00f6telezetts\u00e9g\u00e9rt\n    <\/h1>\n            <div class=\"prose prose-invert text-primary text-lg\">\n                <p>Ne el\u00e9gedj meg puszt\u00e1n a jobb megnyit\u00e1si \u00e9s kattint\u00e1si ar\u00e1nyokkal \u2013 vidd egy szinttel feljebb marketinged! K\u00fcldj relev\u00e1ns \u00fczeneteket a megfelel\u0151 k\u00f6z\u00f6ns\u00e9gnek, \u00e9s alak\u00edtsd tudatosan strat\u00e9gi\u00e1dat a maxim\u00e1lis eredm\u00e9nyek \u00e9rdek\u00e9ben.<\/p>\n            <\/div>\n        <\/div>\n        <div class=\"flex flex-col md:flex-row w-full mt-4 gap-4\">\n                                                    <a href=\"https:\/\/maileon.com\/hu\/demo\/\" target=\"\" class=\"block btn btn-secondary\">\n        K\u00e9rj dem\u00f3t\n    <\/a>                                        <a href=\"https:\/\/maileon.com\/hu\/compare-marketing-automation-platforms\/\" target=\"\" class=\"block btn btn-primary-default\">\n        Hasonl\u00edtd \u00f6ssze a rendszereket\n    <\/a>                                    <\/div>\n            <\/div>\n<\/div>\n\n\n\n<div class=\"container py-8 px-0 xl:px-40\">\n    <div class=\"px-5 md:px-10 xl:px-40 pb-3 md:mr-24\">\n        <div class=\"prose \">\n            <h2>Keresd meg a megfelel\u0151 embereket<\/h2>\n<p>A szegment\u00e1l\u00e1s kulcsfontoss\u00e1g\u00fa a hat\u00e9kony \u00e9s c\u00e9lzott kommunik\u00e1ci\u00f3hoz. K\u00f6z\u00f6ns\u00e9ged kisebb, j\u00f3l meghat\u00e1rozott csoportokra bont\u00e1s\u00e1val \u2013 legyen sz\u00f3 demogr\u00e1fiai jellemz\u0151kr\u0151l, \u00e9rdekl\u0151d\u00e9si k\u00f6r\u00f6kr\u0151l vagy aktivit\u00e1sr\u00f3l \u2013 szem\u00e9lyre szabott \u00fczeneteket k\u00fcldhetsz. Ez nemcsak n\u00f6veli az elk\u00f6telez\u0151d\u00e9st, hanem jelent\u0151sen jav\u00edtja a konverzi\u00f3s ar\u00e1nyokat is.<\/p>\n<p>&nbsp;<\/p>\n        <\/div>\n    <\/div>\n<\/div>\n\n\n<div class=\"container px-0 lg:px-10 xl:px-40 py-4 lg:py-16\">\n    <div class=\"grid grid-cols-1 lg:grid-cols-2 lg:gap-24 mb-8 \">\n                <div class=\" pb-6 md:pt-6\">\n            <img loading=\"lazy\" decoding=\"async\" width=\"1024\" height=\"683\" src=\"https:\/\/maileon.com\/app\/uploads\/sites\/4\/2024\/09\/marksomay_20240902_1255_ZMS3426-1024x683.jpg\" class=\"md:rounded-3xl w-full\" alt=\"\" srcset=\"https:\/\/maileon.com\/app\/uploads\/sites\/4\/2024\/09\/marksomay_20240902_1255_ZMS3426-1024x683.jpg 1024w, https:\/\/maileon.com\/app\/uploads\/sites\/4\/2024\/09\/marksomay_20240902_1255_ZMS3426-300x200.jpg 300w, https:\/\/maileon.com\/app\/uploads\/sites\/4\/2024\/09\/marksomay_20240902_1255_ZMS3426-768x512.jpg 768w, https:\/\/maileon.com\/app\/uploads\/sites\/4\/2024\/09\/marksomay_20240902_1255_ZMS3426-1536x1024.jpg 1536w, https:\/\/maileon.com\/app\/uploads\/sites\/4\/2024\/09\/marksomay_20240902_1255_ZMS3426-2048x1365.jpg 2048w\" sizes=\"auto, (max-width: 1024px) 100vw, 1024px\" \/>        <\/div>\n        <div class=\"lg:py-4 px-5 lg:px-0 lg:order-first\">\n            <div class=\"space-y-4\">\n                                <p class=\"text-gray-800 text-sm mb-4 mt-2\">\n                                    <\/p>\n                    <h2 class=\"heading-3 text-black\">\n       Az inakt\u00edv el\u0151fizet\u0151k \u00fajb\u00f3li aktiviz\u00e1l\u00e1sa\n    <\/h2>                <div class=\"prose\">\n                    <p>\u00c9rd el \u00fajra inakt\u00edv feliratkoz\u00f3idat \u00e9s \u00fcgyfeleidet szem\u00e9lyre szabott aj\u00e1nlatokkal, exkluz\u00edv kedvezm\u00e9nyekkel vagy kreat\u00edv prom\u00f3ci\u00f3kkal! Haszn\u00e1lj interakt\u00edv e-maileket, kv\u00edzeket vagy nyerem\u00e9nyj\u00e1t\u00e9kokat, hogy \u00fajra bevond \u0151ket.<\/p>\n<p>Inspir\u00e1ld \u0151ket egy\u00e9rtelm\u0171, cselekv\u00e9sre \u00f6szt\u00f6nz\u0151 \u00e9s sz\u00f3rakoztat\u00f3 tartalmakkal, amelyek felkeltik az \u00e9rdekl\u0151d\u00e9s\u00fcket. A Maileon seg\u00edts\u00e9g\u00e9vel gyorsan, hat\u00e9konyan \u00e9s k\u00f6lts\u00e9gtakar\u00e9kosan aktiv\u00e1lhatod \u00fajra \u00e9rt\u00e9kes kapcsolataidat!<\/p>\n                <\/div>\n            <\/div>\n                    <\/div>\n    <\/div>\n<\/div>\n\n\n<div class=\"container px-0 lg:px-10 xl:px-40 py-4 lg:py-16\">\n    <div class=\"grid grid-cols-1 lg:grid-cols-2 lg:gap-24 mb-8 \">\n                <div class=\" pb-6 md:pt-6\">\n            <img loading=\"lazy\" decoding=\"async\" width=\"1024\" height=\"698\" src=\"https:\/\/maileon.com\/app\/uploads\/sites\/4\/2022\/12\/segmentatie.webp\" class=\"md:rounded-3xl w-full\" alt=\"maileon segmentation\" srcset=\"https:\/\/maileon.com\/app\/uploads\/sites\/4\/2022\/12\/segmentatie.webp 1024w, https:\/\/maileon.com\/app\/uploads\/sites\/4\/2022\/12\/segmentatie-300x204.webp 300w, https:\/\/maileon.com\/app\/uploads\/sites\/4\/2022\/12\/segmentatie-768x524.webp 768w\" sizes=\"auto, (max-width: 1024px) 100vw, 1024px\" \/>        <\/div>\n        <div class=\"lg:py-4 px-5 lg:px-0 \">\n            <div class=\"space-y-4\">\n                                <p class=\"text-gray-800 text-sm mb-4 mt-2\">\n                                    <\/p>\n                    <h2 class=\"heading-3 text-black\">\n       Komplex szegment\u00e1l\u00e1s egyszer\u0171en, a Maileonnal\n    <\/h2>                <div class=\"prose\">\n                    <p>A Maileon szoftverrel egyszer\u0171en \u00e9s felhaszn\u00e1l\u00f3bar\u00e1t m\u00f3don v\u00e9gezhetsz m\u00e9ly \u00e9s \u00f6sszetett szegment\u00e1l\u00e1st \u2013 SQL szak\u00e9rtelem n\u00e9lk\u00fcl. A marketingesek k\u00f6nnyed\u00e9n alkalmazhatnak egyedi adatb\u00e1zis-sz\u0171r\u0151ket, melyeket saj\u00e1t ig\u00e9nyeikhez igaz\u00edthatnak. A szegment\u00e1l\u00e1s nem csup\u00e1n e-mail c\u00edmzettlist\u00e1kra korl\u00e1toz\u00f3dik, hanem dinamikus tartalmak, szem\u00e9lyre szabott jelent\u00e9sek \u00e9s \u00f6sszehasonl\u00edt\u00f3 exportok eset\u00e9n is kiv\u00e1l\u00f3an m\u0171k\u00f6dik.<\/p>\n                <\/div>\n            <\/div>\n                            <div class=\"flex flex-col md:flex-row w-full mt-4 gap-4\">\n                                                                            <a href=\"https:\/\/maileon.com\/hu\/compare-marketing-automation-platforms\/\" target=\"\" class=\"block btn btn-secondary\">\n        Rendszerek \u00f6sszehasonl\u00edt\u00e1sa\n    <\/a>                                                            <\/div>\n                    <\/div>\n    <\/div>\n<\/div>\n\n\n<div class=\"container px-0 lg:px-10 xl:px-40 py-4 lg:py-16\">\n    <div class=\"grid grid-cols-1 lg:grid-cols-2 lg:gap-24 mb-8 \">\n                <div class=\" pb-6 md:pt-6\">\n            <img loading=\"lazy\" decoding=\"async\" width=\"1024\" height=\"683\" src=\"https:\/\/maileon.com\/app\/uploads\/sites\/4\/2024\/09\/marksomay_20240902_1316_ZMS3591-1024x683.jpg\" class=\"md:rounded-3xl w-full\" alt=\"\" srcset=\"https:\/\/maileon.com\/app\/uploads\/sites\/4\/2024\/09\/marksomay_20240902_1316_ZMS3591-1024x683.jpg 1024w, https:\/\/maileon.com\/app\/uploads\/sites\/4\/2024\/09\/marksomay_20240902_1316_ZMS3591-300x200.jpg 300w, https:\/\/maileon.com\/app\/uploads\/sites\/4\/2024\/09\/marksomay_20240902_1316_ZMS3591-768x512.jpg 768w, https:\/\/maileon.com\/app\/uploads\/sites\/4\/2024\/09\/marksomay_20240902_1316_ZMS3591-1536x1024.jpg 1536w, https:\/\/maileon.com\/app\/uploads\/sites\/4\/2024\/09\/marksomay_20240902_1316_ZMS3591-2048x1365.jpg 2048w\" sizes=\"auto, (max-width: 1024px) 100vw, 1024px\" \/>        <\/div>\n        <div class=\"lg:py-4 px-5 lg:px-0 lg:order-first\">\n            <div class=\"space-y-4\">\n                                <p class=\"text-gray-800 text-sm mb-4 mt-2\">\n                                    <\/p>\n                    <h2 class=\"heading-3 text-black\">\n       Jobb k\u00e9zbes\u00edthet\u0151s\u00e9g \u00e9s elk\u00f6telezetts\u00e9g\n    <\/h2>                <div class=\"prose\">\n                    <p>A szegment\u00e1l\u00e1s nemcsak a c\u00e9lzott kommunik\u00e1ci\u00f3t er\u0151s\u00edti, hanem a k\u00e9zbes\u00edthet\u0151s\u00e9g jav\u00edt\u00e1s\u00e1nak is kulcsfontoss\u00e1g\u00fa eszk\u00f6ze. Mivel a spamsz\u0171r\u0151k figyelembe veszik a feliratkoz\u00f3k elk\u00f6telezetts\u00e9g\u00e9t, a rendszeresen akt\u00edv felhaszn\u00e1l\u00f3k \u00e9s az esetleg inakt\u00edv c\u00edmzettek elk\u00fcl\u00f6n\u00edt\u00e9se jelent\u0151sen n\u00f6velheti az e-mailek be\u00e9rkez\u0151 mapp\u00e1ba jut\u00e1si ar\u00e1ny\u00e1t. A demogr\u00e1fiai adatok, v\u00e1s\u00e1rl\u00e1si szok\u00e1sok \u00e9s online aktivit\u00e1s szerinti szegment\u00e1l\u00e1s lehet\u0151v\u00e9 teszi, hogy relev\u00e1ns, szem\u00e9lyre szabott tartalmat k\u00fcldj \u2013 \u00edgy n\u00f6velve az elk\u00f6telez\u0151d\u00e9st \u00e9s a kamp\u00e1nyok hat\u00e9konys\u00e1g\u00e1t.<\/p>\n                <\/div>\n            <\/div>\n                    <\/div>\n    <\/div>\n<\/div>\n\n\n<div class=\"block-hero-top-curve-large bg-no-repeat bg-right-top bg-[length:auto_100%] relative overflow-hidden\">\n    <div class=\"relative lg:absolute lg:right-0 z-0 lg:w-1\/2 xl:w-3\/4 lg:mb-0 w-full\">\n        <img loading=\"lazy\" decoding=\"async\" width=\"1024\" height=\"683\" src=\"https:\/\/maileon.com\/app\/uploads\/sites\/4\/2024\/09\/marksomay_20240902_1315_ZMS3581-1024x683.jpg\" class=\"w-full min-w-[55vw] max-w-[100%]\" alt=\"\" srcset=\"https:\/\/maileon.com\/app\/uploads\/sites\/4\/2024\/09\/marksomay_20240902_1315_ZMS3581-1024x683.jpg 1024w, https:\/\/maileon.com\/app\/uploads\/sites\/4\/2024\/09\/marksomay_20240902_1315_ZMS3581-300x200.jpg 300w, https:\/\/maileon.com\/app\/uploads\/sites\/4\/2024\/09\/marksomay_20240902_1315_ZMS3581-768x512.jpg 768w, https:\/\/maileon.com\/app\/uploads\/sites\/4\/2024\/09\/marksomay_20240902_1315_ZMS3581-1536x1024.jpg 1536w, https:\/\/maileon.com\/app\/uploads\/sites\/4\/2024\/09\/marksomay_20240902_1315_ZMS3581-2048x1365.jpg 2048w\" sizes=\"auto, (max-width: 1024px) 100vw, 1024px\" \/>        <div class=\"absolute bottom-0 w-full block lg:hidden\">\n            <svg xmlns=\"http:\/\/www.w3.org\/2000\/svg\" viewBox=\"0 0 768 100\" class=\"fill-primary\">\n                <path\n                    d=\"M 1221,1000 H -63 c 0,0 6e-4,-745.425 0,-559.546 281.767,-44.575 673.208,42.792 843.517,65.08 170.308,22.288 359.343,4.457 440.483,-45.467 z\"\n                    id=\"path42\" clip-path=\"url(#clipPath289)\" transform=\"translate(0,-420.2691)\"\n                \/>\n            <\/svg>\n        <\/div>\n    <\/div>\n    <div class=\"shape-hero-cta bg-primary lg:bg-transparent bg-cover bg-left bg-no-repeat relative pb-20 md:pb-0 after:shape-hero-cta-bottom after:absolute after:top-0 after:bottom-0 after:bg-no-repeat after:bg-bottom after:bg-contain after:w-full after:pointer-events-none\">\n        <div class=\"container text-primary flex flex-col justify-center items-start px-5 md:px-10 xl:px-40 pt-8 lg:pt-20 pb-16 md:pb-32 lg:pb-20 lg:min-h-[429px] xl:min-h-[603px]\">\n            <div class=\"flex flex-col w-full lg:w-7\/12\">\n                \n                    <h2 class=\"heading-1\">\n       Fejleszten\u00e9d a v\u00e1llalkoz\u00e1sod?\n    <\/h2>\n                <div class=\"prose prose-invert text-primary text-lg\">\n                    <p>K\u00e9rj dem\u00f3t szakembereinkt\u0151l, hogy teljes k\u00e9pet kaphass a marketing automatiz\u00e1l\u00e1si platformunkr\u00f3l, amely megfelelhet az amb\u00edci\u00f3idnak.<\/p>\n                <\/div>\n            <\/div>\n            <div class=\"flex flex-col md:flex-row w-full mt-4 gap-4\">\n                                                                <a href=\"https:\/\/maileon.com\/hu\/demo\/\" target=\"\" class=\"block btn btn-secondary\">\n        K\u00e9rj rendszerbemutat\u00f3t\n    <\/a>                                                <a href=\"https:\/\/maileon.com\/hu\/contact\/\" target=\"_blank\" class=\"block btn btn-primary-default\">\n        \u00cdrj nek\u00fcnk\n    <\/a>                                                <\/div>\n                    <\/div>\n    <\/div>\n<\/div>\n","protected":false},"excerpt":{"rendered":"<p>Target your customer base through easy and smart segmentation. <\/p>\n","protected":false},"author":7,"featured_media":1448,"parent":1404,"menu_order":0,"comment_status":"closed","ping_status":"closed","template":"","meta":{"_acf_changed":false,"footnotes":""},"categories":[38],"class_list":["post-8355","page","type-page","status-publish","has-post-thumbnail","hentry","category-features-product"],"acf":[],"yoast_head":"<!-- This site is optimized with the Yoast SEO Premium plugin v26.3 (Yoast SEO v26.3) - https:\/\/yoast.com\/wordpress\/plugins\/seo\/ -->\n<title>Easy segmentation for optimal engagement | Maileon<\/title>\n<meta name=\"description\" content=\"K\u00fcldd el a megfelel\u0151 embereknek a megfelel\u0151 tartalmat, \u00e9s proakt\u00edvan optimaliz\u00e1ld a marketing eredm\u00e9nyeidet. Ismerd meg platformunkat \u00e9s funkci\u00f3inkat itt.\" \/>\n<meta name=\"robots\" content=\"index, follow, max-snippet:-1, max-image-preview:large, max-video-preview:-1\" \/>\n<link rel=\"canonical\" href=\"https:\/\/maileon.com\/hu\/platform\/features\/segmentation\/\" \/>\n<meta property=\"og:locale\" content=\"hu_HU\" \/>\n<meta property=\"og:type\" content=\"article\" \/>\n<meta property=\"og:title\" content=\"Szegment\u00e1l\u00e1s: a megfelel\u0151 emberek el\u00e9r\u00e9se\" \/>\n<meta property=\"og:description\" content=\"K\u00fcldd el a megfelel\u0151 embereknek a megfelel\u0151 tartalmat, \u00e9s proakt\u00edvan optimaliz\u00e1ld a marketing eredm\u00e9nyeidet. Ismerd meg platformunkat \u00e9s funkci\u00f3inkat itt.\" \/>\n<meta property=\"og:url\" content=\"https:\/\/maileon.com\/hu\/platform\/features\/segmentation\/\" \/>\n<meta property=\"og:site_name\" content=\"Maileon\" \/>\n<meta property=\"article:modified_time\" content=\"2025-03-06T10:22:38+00:00\" \/>\n<meta property=\"og:image\" content=\"https:\/\/maileon.com\/app\/uploads\/sites\/4\/2022\/09\/BEELD31_Maileon_20220728_007_WEB.jpg\" \/>\n\t<meta property=\"og:image:width\" content=\"2000\" \/>\n\t<meta property=\"og:image:height\" content=\"1335\" \/>\n\t<meta property=\"og:image:type\" content=\"image\/jpeg\" \/>\n<meta name=\"twitter:card\" content=\"summary_large_image\" \/>\n<meta name=\"twitter:label1\" content=\"Est. reading time\" \/>\n\t<meta name=\"twitter:data1\" content=\"3 perc\" \/>\n<script type=\"application\/ld+json\" class=\"yoast-schema-graph\">{\"@context\":\"https:\/\/schema.org\",\"@graph\":[{\"@type\":\"WebPage\",\"@id\":\"https:\/\/maileon.com\/hu\/platform\/features\/segmentation\/\",\"url\":\"https:\/\/maileon.com\/hu\/platform\/features\/segmentation\/\",\"name\":\"Easy segmentation for optimal engagement | Maileon\",\"isPartOf\":{\"@id\":\"https:\/\/maileon.com\/hu\/#website\"},\"primaryImageOfPage\":{\"@id\":\"https:\/\/maileon.com\/hu\/platform\/features\/segmentation\/#primaryimage\"},\"image\":{\"@id\":\"https:\/\/maileon.com\/hu\/platform\/features\/segmentation\/#primaryimage\"},\"thumbnailUrl\":\"https:\/\/maileon.com\/app\/uploads\/sites\/4\/2022\/09\/BEELD31_Maileon_20220728_007_WEB.jpg\",\"datePublished\":\"2022-12-06T14:22:00+00:00\",\"dateModified\":\"2025-03-06T10:22:38+00:00\",\"description\":\"K\u00fcldd el a megfelel\u0151 embereknek a megfelel\u0151 tartalmat, \u00e9s proakt\u00edvan optimaliz\u00e1ld a marketing eredm\u00e9nyeidet. Ismerd meg platformunkat \u00e9s funkci\u00f3inkat itt.\",\"breadcrumb\":{\"@id\":\"https:\/\/maileon.com\/hu\/platform\/features\/segmentation\/#breadcrumb\"},\"inLanguage\":\"hu\",\"potentialAction\":[{\"@type\":\"ReadAction\",\"target\":[\"https:\/\/maileon.com\/hu\/platform\/features\/segmentation\/\"]}]},{\"@type\":\"ImageObject\",\"inLanguage\":\"hu\",\"@id\":\"https:\/\/maileon.com\/hu\/platform\/features\/segmentation\/#primaryimage\",\"url\":\"https:\/\/maileon.com\/app\/uploads\/sites\/4\/2022\/09\/BEELD31_Maileon_20220728_007_WEB.jpg\",\"contentUrl\":\"https:\/\/maileon.com\/app\/uploads\/sites\/4\/2022\/09\/BEELD31_Maileon_20220728_007_WEB.jpg\",\"width\":2000,\"height\":1335},{\"@type\":\"BreadcrumbList\",\"@id\":\"https:\/\/maileon.com\/hu\/platform\/features\/segmentation\/#breadcrumb\",\"itemListElement\":[{\"@type\":\"ListItem\",\"position\":1,\"name\":\"Home\",\"item\":\"https:\/\/maileon.com\/hu\/\"},{\"@type\":\"ListItem\",\"position\":2,\"name\":\"A rendszer\",\"item\":\"https:\/\/maileon.com\/hu\/platform\/\"},{\"@type\":\"ListItem\",\"position\":3,\"name\":\"Funkci\u00f3k\",\"item\":\"https:\/\/maileon.com\/hu\/platform\/features\/\"},{\"@type\":\"ListItem\",\"position\":4,\"name\":\"Szegment\u00e1l\u00e1s: a megfelel\u0151 emberek el\u00e9r\u00e9se\"}]},{\"@type\":\"WebSite\",\"@id\":\"https:\/\/maileon.com\/hu\/#website\",\"url\":\"https:\/\/maileon.com\/hu\/\",\"name\":\"Maileon\",\"description\":\"\",\"publisher\":{\"@id\":\"https:\/\/maileon.com\/hu\/#organization\"},\"potentialAction\":[{\"@type\":\"SearchAction\",\"target\":{\"@type\":\"EntryPoint\",\"urlTemplate\":\"https:\/\/maileon.com\/hu\/?s={search_term_string}\"},\"query-input\":{\"@type\":\"PropertyValueSpecification\",\"valueRequired\":true,\"valueName\":\"search_term_string\"}}],\"inLanguage\":\"hu\"},{\"@type\":\"Organization\",\"@id\":\"https:\/\/maileon.com\/hu\/#organization\",\"name\":\"Maileon\",\"url\":\"https:\/\/maileon.com\/hu\/\",\"logo\":{\"@type\":\"ImageObject\",\"inLanguage\":\"hu\",\"@id\":\"https:\/\/maileon.com\/hu\/#\/schema\/logo\/image\/\",\"url\":\"https:\/\/maileon.com\/app\/uploads\/sites\/4\/2022\/08\/logo.png\",\"contentUrl\":\"https:\/\/maileon.com\/app\/uploads\/sites\/4\/2022\/08\/logo.png\",\"width\":168,\"height\":33,\"caption\":\"Maileon\"},\"image\":{\"@id\":\"https:\/\/maileon.com\/hu\/#\/schema\/logo\/image\/\"}}]}<\/script>\n<!-- \/ Yoast SEO Premium plugin. -->","yoast_head_json":{"title":"Easy segmentation for optimal engagement | Maileon","description":"K\u00fcldd el a megfelel\u0151 embereknek a megfelel\u0151 tartalmat, \u00e9s proakt\u00edvan optimaliz\u00e1ld a marketing eredm\u00e9nyeidet. Ismerd meg platformunkat \u00e9s funkci\u00f3inkat itt.","robots":{"index":"index","follow":"follow","max-snippet":"max-snippet:-1","max-image-preview":"max-image-preview:large","max-video-preview":"max-video-preview:-1"},"canonical":"https:\/\/maileon.com\/hu\/platform\/features\/segmentation\/","og_locale":"hu_HU","og_type":"article","og_title":"Szegment\u00e1l\u00e1s: a megfelel\u0151 emberek el\u00e9r\u00e9se","og_description":"K\u00fcldd el a megfelel\u0151 embereknek a megfelel\u0151 tartalmat, \u00e9s proakt\u00edvan optimaliz\u00e1ld a marketing eredm\u00e9nyeidet. Ismerd meg platformunkat \u00e9s funkci\u00f3inkat itt.","og_url":"https:\/\/maileon.com\/hu\/platform\/features\/segmentation\/","og_site_name":"Maileon","article_modified_time":"2025-03-06T10:22:38+00:00","og_image":[{"width":2000,"height":1335,"url":"https:\/\/maileon.com\/app\/uploads\/sites\/4\/2022\/09\/BEELD31_Maileon_20220728_007_WEB.jpg","type":"image\/jpeg"}],"twitter_card":"summary_large_image","twitter_misc":{"Est. reading time":"3 perc"},"schema":{"@context":"https:\/\/schema.org","@graph":[{"@type":"WebPage","@id":"https:\/\/maileon.com\/hu\/platform\/features\/segmentation\/","url":"https:\/\/maileon.com\/hu\/platform\/features\/segmentation\/","name":"Easy segmentation for optimal engagement | Maileon","isPartOf":{"@id":"https:\/\/maileon.com\/hu\/#website"},"primaryImageOfPage":{"@id":"https:\/\/maileon.com\/hu\/platform\/features\/segmentation\/#primaryimage"},"image":{"@id":"https:\/\/maileon.com\/hu\/platform\/features\/segmentation\/#primaryimage"},"thumbnailUrl":"https:\/\/maileon.com\/app\/uploads\/sites\/4\/2022\/09\/BEELD31_Maileon_20220728_007_WEB.jpg","datePublished":"2022-12-06T14:22:00+00:00","dateModified":"2025-03-06T10:22:38+00:00","description":"K\u00fcldd el a megfelel\u0151 embereknek a megfelel\u0151 tartalmat, \u00e9s proakt\u00edvan optimaliz\u00e1ld a marketing eredm\u00e9nyeidet. Ismerd meg platformunkat \u00e9s funkci\u00f3inkat itt.","breadcrumb":{"@id":"https:\/\/maileon.com\/hu\/platform\/features\/segmentation\/#breadcrumb"},"inLanguage":"hu","potentialAction":[{"@type":"ReadAction","target":["https:\/\/maileon.com\/hu\/platform\/features\/segmentation\/"]}]},{"@type":"ImageObject","inLanguage":"hu","@id":"https:\/\/maileon.com\/hu\/platform\/features\/segmentation\/#primaryimage","url":"https:\/\/maileon.com\/app\/uploads\/sites\/4\/2022\/09\/BEELD31_Maileon_20220728_007_WEB.jpg","contentUrl":"https:\/\/maileon.com\/app\/uploads\/sites\/4\/2022\/09\/BEELD31_Maileon_20220728_007_WEB.jpg","width":2000,"height":1335},{"@type":"BreadcrumbList","@id":"https:\/\/maileon.com\/hu\/platform\/features\/segmentation\/#breadcrumb","itemListElement":[{"@type":"ListItem","position":1,"name":"Home","item":"https:\/\/maileon.com\/hu\/"},{"@type":"ListItem","position":2,"name":"A rendszer","item":"https:\/\/maileon.com\/hu\/platform\/"},{"@type":"ListItem","position":3,"name":"Funkci\u00f3k","item":"https:\/\/maileon.com\/hu\/platform\/features\/"},{"@type":"ListItem","position":4,"name":"Szegment\u00e1l\u00e1s: a megfelel\u0151 emberek el\u00e9r\u00e9se"}]},{"@type":"WebSite","@id":"https:\/\/maileon.com\/hu\/#website","url":"https:\/\/maileon.com\/hu\/","name":"Maileon","description":"","publisher":{"@id":"https:\/\/maileon.com\/hu\/#organization"},"potentialAction":[{"@type":"SearchAction","target":{"@type":"EntryPoint","urlTemplate":"https:\/\/maileon.com\/hu\/?s={search_term_string}"},"query-input":{"@type":"PropertyValueSpecification","valueRequired":true,"valueName":"search_term_string"}}],"inLanguage":"hu"},{"@type":"Organization","@id":"https:\/\/maileon.com\/hu\/#organization","name":"Maileon","url":"https:\/\/maileon.com\/hu\/","logo":{"@type":"ImageObject","inLanguage":"hu","@id":"https:\/\/maileon.com\/hu\/#\/schema\/logo\/image\/","url":"https:\/\/maileon.com\/app\/uploads\/sites\/4\/2022\/08\/logo.png","contentUrl":"https:\/\/maileon.com\/app\/uploads\/sites\/4\/2022\/08\/logo.png","width":168,"height":33,"caption":"Maileon"},"image":{"@id":"https:\/\/maileon.com\/hu\/#\/schema\/logo\/image\/"}}]}},"_links":{"self":[{"href":"https:\/\/maileon.com\/hu\/wp-json\/wp\/v2\/pages\/8355","targetHints":{"allow":["GET"]}}],"collection":[{"href":"https:\/\/maileon.com\/hu\/wp-json\/wp\/v2\/pages"}],"about":[{"href":"https:\/\/maileon.com\/hu\/wp-json\/wp\/v2\/types\/page"}],"author":[{"embeddable":true,"href":"https:\/\/maileon.com\/hu\/wp-json\/wp\/v2\/users\/7"}],"replies":[{"embeddable":true,"href":"https:\/\/maileon.com\/hu\/wp-json\/wp\/v2\/comments?post=8355"}],"version-history":[{"count":9,"href":"https:\/\/maileon.com\/hu\/wp-json\/wp\/v2\/pages\/8355\/revisions"}],"predecessor-version":[{"id":11307,"href":"https:\/\/maileon.com\/hu\/wp-json\/wp\/v2\/pages\/8355\/revisions\/11307"}],"up":[{"embeddable":true,"href":"https:\/\/maileon.com\/hu\/wp-json\/wp\/v2\/pages\/1404"}],"wp:featuredmedia":[{"embeddable":true,"href":"https:\/\/maileon.com\/hu\/wp-json\/wp\/v2\/media\/1448"}],"wp:attachment":[{"href":"https:\/\/maileon.com\/hu\/wp-json\/wp\/v2\/media?parent=8355"}],"wp:term":[{"taxonomy":"category","embeddable":true,"href":"https:\/\/maileon.com\/hu\/wp-json\/wp\/v2\/categories?post=8355"}],"curies":[{"name":"wp","href":"https:\/\/api.w.org\/{rel}","templated":true}]}}