{"id":4303,"date":"2022-12-06T15:07:58","date_gmt":"2022-12-06T15:07:58","guid":{"rendered":"https:\/\/maileon.com\/?page_id=4303"},"modified":"2025-03-06T10:20:18","modified_gmt":"2025-03-06T10:20:18","slug":"marketing-automation-platform","status":"publish","type":"page","link":"https:\/\/maileon.com\/hu\/platform\/features\/marketing-automation-platform\/","title":{"rendered":"Marketing automatiz\u00e1l\u00e1s fels\u0151fokon"},"content":{"rendered":"\n<div class=\"relative shape-hero-main block-hero-top-curve-sm block-hero-bottom-curve bg-primary bg-no-repeat bg-right-top bg-contain mb-14\">\n    <div\n        class=\"container relative text-primary flex flex-col justify-center items-start px-5 md:px-10 xl:px-40 pt-44 md:pt-64 lg:pt-20 pb-24 lg:pb-20 min-h-[681px] md:min-h-[607px] lg:min-h-[466px] xl:min-h-[656px]\"\n    >\n        <div class=\"flex flex-col w-full md:9\/12 lg:w-7\/12\">\n            \n                <h1 class=\"heading-1\">\n       A Maileon marketing automatiz\u00e1l\u00e1si platformja\n    <\/h1>\n            <div class=\"prose prose-invert text-primary text-lg\">\n                <p><strong>Fokozd marketinged hat\u00e9konys\u00e1g\u00e1t a legjobb automatiz\u00e1l\u00e1si platformmal!<\/strong><\/p>\n<p>Takar\u00edts meg \u00e9rt\u00e9kes id\u0151t, mik\u00f6zben n\u00f6veled kamp\u00e1nyaid sikeress\u00e9g\u00e9t! Egy j\u00f3l kialak\u00edtott marketingautomatiz\u00e1ci\u00f3 nemcsak leegyszer\u0171s\u00edti a folyamatokat, hanem jelent\u0151s k\u00f6lts\u00e9g- \u00e9s er\u0151forr\u00e1s-megtakar\u00edt\u00e1st is eredm\u00e9nyez. Optimaliz\u00e1ld strat\u00e9gi\u00e1dat, \u00e9s \u00e9rj el jobb eredm\u00e9nyeket kevesebb r\u00e1ford\u00edt\u00e1ssal!<\/p>\n            <\/div>\n        <\/div>\n        <div class=\"flex flex-col md:flex-row w-full mt-4 gap-4\">\n                                                    <a href=\"https:\/\/maileon.com\/hu\/demo\/\" target=\"_blank\" class=\"block btn btn-secondary\">\n        K\u00e9rj dem\u00f3t\n    <\/a>                                        <a href=\"https:\/\/maileon.com\/hu\/contact\" target=\"_blank\" class=\"block btn btn-primary-default\">\n        Keress minket\n    <\/a>                                    <\/div>\n            <\/div>\n<\/div>\n\n\n<div class=\"container px-0 lg:px-10 xl:px-40 py-4 lg:py-16\">\n    <div class=\"grid grid-cols-1 lg:grid-cols-2 lg:gap-24 mb-8 \">\n                <div class=\" pb-6 md:pt-6\">\n            <img loading=\"lazy\" decoding=\"async\" width=\"1024\" height=\"684\" src=\"https:\/\/maileon.com\/app\/uploads\/sites\/4\/2022\/09\/BEELD31_Maileon_20220728_017_WEB-1024x684.jpg\" class=\"md:rounded-3xl w-full\" alt=\"analytics dashboarding maileon\" srcset=\"https:\/\/maileon.com\/app\/uploads\/sites\/4\/2022\/09\/BEELD31_Maileon_20220728_017_WEB-1024x684.jpg 1024w, https:\/\/maileon.com\/app\/uploads\/sites\/4\/2022\/09\/BEELD31_Maileon_20220728_017_WEB-300x200.jpg 300w, https:\/\/maileon.com\/app\/uploads\/sites\/4\/2022\/09\/BEELD31_Maileon_20220728_017_WEB-768x513.jpg 768w, https:\/\/maileon.com\/app\/uploads\/sites\/4\/2022\/09\/BEELD31_Maileon_20220728_017_WEB-1536x1025.jpg 1536w, https:\/\/maileon.com\/app\/uploads\/sites\/4\/2022\/09\/BEELD31_Maileon_20220728_017_WEB.jpg 2000w\" sizes=\"auto, (max-width: 1024px) 100vw, 1024px\" \/>        <\/div>\n        <div class=\"lg:py-4 px-5 lg:px-0 lg:order-first\">\n            <div class=\"space-y-4\">\n                                <p class=\"text-gray-800 text-sm mb-4 mt-2\">\n                                    <\/p>\n                    <h2 class=\"heading-3 text-black\">\n       A siker kulcsa\n    <\/h2>                <div class=\"prose\">\n                    <p><strong>Ind\u00edtsd el vagy fejleszd marketingautomatiz\u00e1ci\u00f3d \u2013 \u00e9s \u00e9rj el m\u00e9g jobb eredm\u00e9nyeket!<\/strong><\/p>\n<p>A marketingautomatiz\u00e1ci\u00f3 lehet\u0151v\u00e9 teszi, hogy <strong>pontosabban szegment\u00e1ld k\u00f6z\u00f6ns\u00e9gedet, jobban meg\u00e9rtsd \u00fcgyfeleid ig\u00e9nyeit<\/strong>, \u00e9s n\u00f6veld a konverzi\u00f3kat. C\u00e9lzott, szem\u00e9lyre szabott \u00fczenetekkel <strong>pont akkor \u00e9s ott \u00e9rheted el feliratkoz\u00f3idat, amikor a legnagyobb hat\u00e1st \u00e9rheted el<\/strong>. Ez a hiperrelev\u00e1ns megk\u00f6zel\u00edt\u00e9s k\u00f6zvetlen\u00fcl hozz\u00e1j\u00e1rul <strong>az \u00e9rt\u00e9kes\u00edt\u00e9s \u00e9s a bev\u00e9telek n\u00f6veked\u00e9s\u00e9hez<\/strong>.<\/p>\n<p><strong>Szeretn\u00e9d tudni, mit mondanak \u00fcgyfeleink a Maileon platformr\u00f3l?<\/strong> Fedezd fel sikert\u00f6rt\u00e9neteiket!<\/p>\n                <\/div>\n            <\/div>\n                            <div class=\"flex flex-col md:flex-row w-full mt-4 gap-4\">\n                                                                            <a href=\"https:\/\/maileon.com\/solutions\/cases\/\" target=\"_blank\" class=\"block btn btn-secondary\">\n        \u00dcgyfeleink esettanulm\u00e1nyai\n    <\/a>                                                            <\/div>\n                    <\/div>\n    <\/div>\n<\/div>\n\n\n<div class=\"container px-0 lg:px-10 xl:px-40 py-4 lg:py-16\">\n    <div class=\"grid grid-cols-1 lg:grid-cols-2 lg:gap-24 mb-8 \">\n                <div class=\" pb-6 md:pt-6\">\n            <img loading=\"lazy\" decoding=\"async\" width=\"1024\" height=\"682\" src=\"https:\/\/maileon.com\/app\/uploads\/sites\/4\/2022\/09\/BEELD31_Maileon_20220728_026_WEB-1024x682.jpg\" class=\"md:rounded-3xl w-full\" alt=\"\" srcset=\"https:\/\/maileon.com\/app\/uploads\/sites\/4\/2022\/09\/BEELD31_Maileon_20220728_026_WEB-1024x682.jpg 1024w, https:\/\/maileon.com\/app\/uploads\/sites\/4\/2022\/09\/BEELD31_Maileon_20220728_026_WEB-300x200.jpg 300w, https:\/\/maileon.com\/app\/uploads\/sites\/4\/2022\/09\/BEELD31_Maileon_20220728_026_WEB-768x512.jpg 768w, https:\/\/maileon.com\/app\/uploads\/sites\/4\/2022\/09\/BEELD31_Maileon_20220728_026_WEB-1536x1024.jpg 1536w, https:\/\/maileon.com\/app\/uploads\/sites\/4\/2022\/09\/BEELD31_Maileon_20220728_026_WEB.jpg 2000w\" sizes=\"auto, (max-width: 1024px) 100vw, 1024px\" \/>        <\/div>\n        <div class=\"lg:py-4 px-5 lg:px-0 \">\n            <div class=\"space-y-4\">\n                                <p class=\"text-gray-800 text-sm mb-4 mt-2\">\n                                    <\/p>\n                    <h2 class=\"heading-3 text-black\">\n       A megfelel\u0151 marketing automatiz\u00e1l\u00e1si platform\n    <\/h2>                <div class=\"prose\">\n                    <p><strong>A t\u00f6k\u00e9letes marketingautomatiz\u00e1ci\u00f3s platform \u2013 minden, amire sz\u00fcks\u00e9ged van!<\/strong><\/p>\n<p>A megfelel\u0151 rendszer nemcsak az alapfunkci\u00f3kat biztos\u00edtja, hanem <strong>egy\u00fctt fejl\u0151dik veled<\/strong>, \u00e9s minden sz\u00fcks\u00e9ges eszk\u00f6zt el\u00e9rhet\u0151v\u00e9 tesz:<\/p>\n<ul>\n<li>Sk\u00e1l\u00e1zhat\u00f3 &#8211; alkalmazkodik \u00fczleted n\u00f6veked\u00e9s\u00e9hez<\/li>\n<li>Biztons\u00e1gos &#8211; v\u00e9di (j\u00f6v\u0151beli) \u00fcgyfeleid adatait<\/li>\n<li>K\u00f6lts\u00e9ghat\u00e9kony &#8211; beilleszthet\u0151 a cash flow-ba<\/li>\n<\/ul>\n<p>A <strong>Maileon mindezt alapvet\u0151nek tekinti<\/strong> \u2013 marketingcsapatod \u00e9s v\u00e1llalkoz\u00e1sod sz\u00e1m\u00e1ra minden sz\u00fcks\u00e9ges funkci\u00f3t, t\u00e1mogat\u00e1st \u00e9s biztons\u00e1got garant\u00e1lunk.<\/p>\n<p><strong>K\u00edv\u00e1ncsi, hogyan teljes\u00edt\u00fcnk m\u00e1s platformokhoz k\u00e9pest?<\/strong> N\u00e9zd meg az \u00f6sszehasonl\u00edt\u00e1sokat!<\/p>\n                <\/div>\n            <\/div>\n                            <div class=\"flex flex-col md:flex-row w-full mt-4 gap-4\">\n                                                                            <a href=\"https:\/\/maileon.com\/hu\/compare-marketing-automation-platforms\/\" target=\"\" class=\"block btn btn-secondary\">\n        Maileon \u00f6sszehasonl\u00edt\u00e1sa k\u00fcl\u00f6nb\u00f6z\u0151 platformokkal\n    <\/a>                                                            <\/div>\n                    <\/div>\n    <\/div>\n<\/div>\n\n\n<div class=\"container px-0 lg:px-10 xl:px-40 py-4 lg:py-16\">\n    <div class=\"grid grid-cols-1 lg:grid-cols-2 lg:gap-24 mb-8 \">\n                <div class=\" pb-6 md:pt-6\">\n            <img loading=\"lazy\" decoding=\"async\" width=\"835\" height=\"715\" src=\"https:\/\/maileon.com\/app\/uploads\/sites\/4\/2022\/08\/Newsletter-Templates.png\" class=\"md:rounded-3xl w-full\" alt=\"email templates examples\" srcset=\"https:\/\/maileon.com\/app\/uploads\/sites\/4\/2022\/08\/Newsletter-Templates.png 835w, https:\/\/maileon.com\/app\/uploads\/sites\/4\/2022\/08\/Newsletter-Templates-300x257.png 300w, https:\/\/maileon.com\/app\/uploads\/sites\/4\/2022\/08\/Newsletter-Templates-768x658.png 768w\" sizes=\"auto, (max-width: 835px) 100vw, 835px\" \/>        <\/div>\n        <div class=\"lg:py-4 px-5 lg:px-0 \">\n            <div class=\"space-y-4\">\n                                <p class=\"text-gray-800 text-sm mb-4 mt-2\">\n                                    <\/p>\n                    <h2 class=\"heading-3 text-black\">\n       Intuit\u00edv drag &amp; drop editor\n    <\/h2>                <div class=\"prose\">\n                    <p><strong>Val\u00f3s\u00edtsd meg marketingv\u00edzi\u00f3dat k\u00f6nnyed\u00e9n!<\/strong><\/p>\n<p>A Maileon intuit\u00edv automatiz\u00e1l\u00e1si szerkeszt\u0151j\u00e9vel n\u00e9h\u00e1ny kattint\u00e1ssal l\u00e9trehozhatod \u00e9s testre szabhatod folyamataidat. A vizu\u00e1lis szerkeszt\u0151 \u00e1tl\u00e1that\u00f3 fel\u00fclete lehet\u0151v\u00e9 teszi, hogy egyszer\u0171en alak\u00edtsd kamp\u00e1nyaidat az ig\u00e9nyeid szerint.<\/p>\n<p>Ak\u00e1r az alapokat \u00e9p\u00edted, ak\u00e1r komplex automatiz\u00e1ci\u00f3kat hozol l\u00e9tre, minden eszk\u00f6z a rendelkez\u00e9sedre \u00e1ll. Elhagyott kosarak kezel\u00e9se, \u00fcdv\u00f6zl\u0151folyamatok, szezon\u00e1lis aj\u00e1nlatok \u2013 b\u00e1rmit is tervezel, a Maileon seg\u00edt, hogy hat\u00e9konyan megval\u00f3s\u00edtsd.<\/p>\n                <\/div>\n            <\/div>\n                            <div class=\"flex flex-col md:flex-row w-full mt-4 gap-4\">\n                                                                            <a href=\"https:\/\/maileon.com\/hu\/platform\/features\/\" target=\"\" class=\"block btn btn-secondary\">\n        M\u00e9g t\u00f6bb funkci\u00f3\n    <\/a>                                                            <\/div>\n                    <\/div>\n    <\/div>\n<\/div>\n\n\n\n<div class=\"container py-4 lg:py-14 px-0 \">\n    <div class=\" px-5 lg:px-10 xl:px-40 pb-3\">\n        <p class=\"text-gray-400 mx-0\">\n                    <\/p>\n        <div class=\"text-black mx-0 mb-8 lg:w-1\/2\">\n                    <\/div>\n        <div class=\"mb-10\">\n                    <\/div>\n        <div class=\"grid gap-4 xl:grid-cols-3\">\n                    <\/div>\n    <\/div>\n<\/div>\n\n\n\n\n<div class=\"block-hero-top-curve-large bg-no-repeat bg-right-top bg-[length:auto_100%] relative overflow-hidden\">\n    <div class=\"relative lg:absolute lg:right-0 z-0 lg:w-1\/2 xl:w-3\/4 lg:mb-0 w-full\">\n        <img loading=\"lazy\" decoding=\"async\" width=\"1024\" height=\"683\" src=\"https:\/\/maileon.com\/app\/uploads\/sites\/4\/2024\/09\/marksomay_20240902_1315_ZMS3581-1024x683.jpg\" class=\"w-full min-w-[55vw] max-w-[100%]\" alt=\"\" srcset=\"https:\/\/maileon.com\/app\/uploads\/sites\/4\/2024\/09\/marksomay_20240902_1315_ZMS3581-1024x683.jpg 1024w, https:\/\/maileon.com\/app\/uploads\/sites\/4\/2024\/09\/marksomay_20240902_1315_ZMS3581-300x200.jpg 300w, https:\/\/maileon.com\/app\/uploads\/sites\/4\/2024\/09\/marksomay_20240902_1315_ZMS3581-768x512.jpg 768w, https:\/\/maileon.com\/app\/uploads\/sites\/4\/2024\/09\/marksomay_20240902_1315_ZMS3581-1536x1024.jpg 1536w, https:\/\/maileon.com\/app\/uploads\/sites\/4\/2024\/09\/marksomay_20240902_1315_ZMS3581-2048x1365.jpg 2048w\" sizes=\"auto, (max-width: 1024px) 100vw, 1024px\" \/>        <div class=\"absolute bottom-0 w-full block lg:hidden\">\n            <svg xmlns=\"http:\/\/www.w3.org\/2000\/svg\" viewBox=\"0 0 768 100\" class=\"fill-primary\">\n                <path\n                    d=\"M 1221,1000 H -63 c 0,0 6e-4,-745.425 0,-559.546 281.767,-44.575 673.208,42.792 843.517,65.08 170.308,22.288 359.343,4.457 440.483,-45.467 z\"\n                    id=\"path42\" clip-path=\"url(#clipPath289)\" transform=\"translate(0,-420.2691)\"\n                \/>\n            <\/svg>\n        <\/div>\n    <\/div>\n    <div class=\"shape-hero-cta bg-primary lg:bg-transparent bg-cover bg-left bg-no-repeat relative pb-20 md:pb-0 after:shape-hero-cta-bottom after:absolute after:top-0 after:bottom-0 after:bg-no-repeat after:bg-bottom after:bg-contain after:w-full after:pointer-events-none\">\n        <div class=\"container text-primary flex flex-col justify-center items-start px-5 md:px-10 xl:px-40 pt-8 lg:pt-20 pb-16 md:pb-32 lg:pb-20 lg:min-h-[429px] xl:min-h-[603px]\">\n            <div class=\"flex flex-col w-full lg:w-7\/12\">\n                \n                    <h2 class=\"heading-1\">\n       Fejleszten\u00e9d a v\u00e1llalkoz\u00e1sod?\n    <\/h2>\n                <div class=\"prose prose-invert text-primary text-lg\">\n                    <p>K\u00e9rj dem\u00f3t szakembereinkt\u0151l, hogy teljes k\u00e9pet kaphass a marketing automatiz\u00e1l\u00e1si platformunkr\u00f3l, amely megfelelhet az amb\u00edci\u00f3idnak.<\/p>\n                <\/div>\n            <\/div>\n            <div class=\"flex flex-col md:flex-row w-full mt-4 gap-4\">\n                                                                <a href=\"https:\/\/maileon.com\/hu\/demo\/\" target=\"\" class=\"block btn btn-secondary\">\n        K\u00e9rj rendszerbemutat\u00f3t\n    <\/a>                                                <a href=\"https:\/\/maileon.com\/hu\/contact\/\" target=\"_blank\" class=\"block btn btn-primary-default\">\n        \u00cdrj nek\u00fcnk\n    <\/a>                                                <\/div>\n                    <\/div>\n    <\/div>\n<\/div>\n","protected":false},"excerpt":{"rendered":"<p>Discover how Maileon helps you realise marketing success. <\/p>\n","protected":false},"author":7,"featured_media":1467,"parent":1404,"menu_order":0,"comment_status":"closed","ping_status":"closed","template":"","meta":{"_acf_changed":false,"footnotes":""},"categories":[38],"class_list":["post-4303","page","type-page","status-publish","has-post-thumbnail","hentry","category-features-product"],"acf":[],"yoast_head":"<!-- This site is optimized with the Yoast SEO Premium plugin v26.3 (Yoast SEO v26.3) - https:\/\/yoast.com\/wordpress\/plugins\/seo\/ -->\n<title>Marketing automatiz\u00e1l\u00e1s fels\u0151fokon | Maileon<\/title>\n<meta name=\"description\" content=\"Szerezzen be mindent, amire sz\u00fcks\u00e9ged van ahhoz, hogy l\u00e9trehozd a tervezett kamp\u00e1nyokat. Fedezd fel marketing automatiz\u00e1l\u00e1si platformunkat itt.\" \/>\n<meta name=\"robots\" content=\"index, follow, max-snippet:-1, max-image-preview:large, max-video-preview:-1\" \/>\n<link rel=\"canonical\" href=\"https:\/\/maileon.com\/hu\/platform\/features\/marketing-automation-platform\/\" \/>\n<meta property=\"og:locale\" content=\"hu_HU\" \/>\n<meta property=\"og:type\" content=\"article\" \/>\n<meta property=\"og:title\" content=\"Marketing automatiz\u00e1l\u00e1s fels\u0151fokon\" \/>\n<meta property=\"og:description\" content=\"Szerezzen be mindent, amire sz\u00fcks\u00e9ged van ahhoz, hogy l\u00e9trehozd a tervezett kamp\u00e1nyokat. Fedezd fel marketing automatiz\u00e1l\u00e1si platformunkat itt.\" \/>\n<meta property=\"og:url\" content=\"https:\/\/maileon.com\/hu\/platform\/features\/marketing-automation-platform\/\" \/>\n<meta property=\"og:site_name\" content=\"Maileon\" \/>\n<meta property=\"article:modified_time\" content=\"2025-03-06T10:20:18+00:00\" \/>\n<meta property=\"og:image\" content=\"https:\/\/maileon.com\/app\/uploads\/sites\/4\/2022\/09\/BEELD31_Maileon_20220728_026_WEB.jpg\" \/>\n\t<meta property=\"og:image:width\" content=\"2000\" \/>\n\t<meta property=\"og:image:height\" content=\"1333\" \/>\n\t<meta property=\"og:image:type\" content=\"image\/jpeg\" \/>\n<meta name=\"twitter:card\" content=\"summary_large_image\" \/>\n<meta name=\"twitter:label1\" content=\"Est. reading time\" \/>\n\t<meta name=\"twitter:data1\" content=\"3 perc\" \/>\n<script type=\"application\/ld+json\" class=\"yoast-schema-graph\">{\"@context\":\"https:\/\/schema.org\",\"@graph\":[{\"@type\":\"WebPage\",\"@id\":\"https:\/\/maileon.com\/hu\/platform\/features\/marketing-automation-platform\/\",\"url\":\"https:\/\/maileon.com\/hu\/platform\/features\/marketing-automation-platform\/\",\"name\":\"Marketing automatiz\u00e1l\u00e1s fels\u0151fokon | Maileon\",\"isPartOf\":{\"@id\":\"https:\/\/maileon.com\/hu\/#website\"},\"primaryImageOfPage\":{\"@id\":\"https:\/\/maileon.com\/hu\/platform\/features\/marketing-automation-platform\/#primaryimage\"},\"image\":{\"@id\":\"https:\/\/maileon.com\/hu\/platform\/features\/marketing-automation-platform\/#primaryimage\"},\"thumbnailUrl\":\"https:\/\/maileon.com\/app\/uploads\/sites\/4\/2022\/09\/BEELD31_Maileon_20220728_026_WEB.jpg\",\"datePublished\":\"2022-12-06T15:07:58+00:00\",\"dateModified\":\"2025-03-06T10:20:18+00:00\",\"description\":\"Szerezzen be mindent, amire sz\u00fcks\u00e9ged van ahhoz, hogy l\u00e9trehozd a tervezett kamp\u00e1nyokat. Fedezd fel marketing automatiz\u00e1l\u00e1si platformunkat itt.\",\"breadcrumb\":{\"@id\":\"https:\/\/maileon.com\/hu\/platform\/features\/marketing-automation-platform\/#breadcrumb\"},\"inLanguage\":\"hu\",\"potentialAction\":[{\"@type\":\"ReadAction\",\"target\":[\"https:\/\/maileon.com\/hu\/platform\/features\/marketing-automation-platform\/\"]}]},{\"@type\":\"ImageObject\",\"inLanguage\":\"hu\",\"@id\":\"https:\/\/maileon.com\/hu\/platform\/features\/marketing-automation-platform\/#primaryimage\",\"url\":\"https:\/\/maileon.com\/app\/uploads\/sites\/4\/2022\/09\/BEELD31_Maileon_20220728_026_WEB.jpg\",\"contentUrl\":\"https:\/\/maileon.com\/app\/uploads\/sites\/4\/2022\/09\/BEELD31_Maileon_20220728_026_WEB.jpg\",\"width\":2000,\"height\":1333},{\"@type\":\"BreadcrumbList\",\"@id\":\"https:\/\/maileon.com\/hu\/platform\/features\/marketing-automation-platform\/#breadcrumb\",\"itemListElement\":[{\"@type\":\"ListItem\",\"position\":1,\"name\":\"Home\",\"item\":\"https:\/\/maileon.com\/hu\/\"},{\"@type\":\"ListItem\",\"position\":2,\"name\":\"A rendszer\",\"item\":\"https:\/\/maileon.com\/hu\/platform\/\"},{\"@type\":\"ListItem\",\"position\":3,\"name\":\"Funkci\u00f3k\",\"item\":\"https:\/\/maileon.com\/hu\/platform\/features\/\"},{\"@type\":\"ListItem\",\"position\":4,\"name\":\"Marketing automatiz\u00e1l\u00e1s fels\u0151fokon\"}]},{\"@type\":\"WebSite\",\"@id\":\"https:\/\/maileon.com\/hu\/#website\",\"url\":\"https:\/\/maileon.com\/hu\/\",\"name\":\"Maileon\",\"description\":\"\",\"publisher\":{\"@id\":\"https:\/\/maileon.com\/hu\/#organization\"},\"potentialAction\":[{\"@type\":\"SearchAction\",\"target\":{\"@type\":\"EntryPoint\",\"urlTemplate\":\"https:\/\/maileon.com\/hu\/?s={search_term_string}\"},\"query-input\":{\"@type\":\"PropertyValueSpecification\",\"valueRequired\":true,\"valueName\":\"search_term_string\"}}],\"inLanguage\":\"hu\"},{\"@type\":\"Organization\",\"@id\":\"https:\/\/maileon.com\/hu\/#organization\",\"name\":\"Maileon\",\"url\":\"https:\/\/maileon.com\/hu\/\",\"logo\":{\"@type\":\"ImageObject\",\"inLanguage\":\"hu\",\"@id\":\"https:\/\/maileon.com\/hu\/#\/schema\/logo\/image\/\",\"url\":\"https:\/\/maileon.com\/app\/uploads\/sites\/4\/2022\/08\/logo.png\",\"contentUrl\":\"https:\/\/maileon.com\/app\/uploads\/sites\/4\/2022\/08\/logo.png\",\"width\":168,\"height\":33,\"caption\":\"Maileon\"},\"image\":{\"@id\":\"https:\/\/maileon.com\/hu\/#\/schema\/logo\/image\/\"}}]}<\/script>\n<!-- \/ Yoast SEO Premium plugin. -->","yoast_head_json":{"title":"Marketing automatiz\u00e1l\u00e1s fels\u0151fokon | Maileon","description":"Szerezzen be mindent, amire sz\u00fcks\u00e9ged van ahhoz, hogy l\u00e9trehozd a tervezett kamp\u00e1nyokat. Fedezd fel marketing automatiz\u00e1l\u00e1si platformunkat itt.","robots":{"index":"index","follow":"follow","max-snippet":"max-snippet:-1","max-image-preview":"max-image-preview:large","max-video-preview":"max-video-preview:-1"},"canonical":"https:\/\/maileon.com\/hu\/platform\/features\/marketing-automation-platform\/","og_locale":"hu_HU","og_type":"article","og_title":"Marketing automatiz\u00e1l\u00e1s fels\u0151fokon","og_description":"Szerezzen be mindent, amire sz\u00fcks\u00e9ged van ahhoz, hogy l\u00e9trehozd a tervezett kamp\u00e1nyokat. Fedezd fel marketing automatiz\u00e1l\u00e1si platformunkat itt.","og_url":"https:\/\/maileon.com\/hu\/platform\/features\/marketing-automation-platform\/","og_site_name":"Maileon","article_modified_time":"2025-03-06T10:20:18+00:00","og_image":[{"width":2000,"height":1333,"url":"https:\/\/maileon.com\/app\/uploads\/sites\/4\/2022\/09\/BEELD31_Maileon_20220728_026_WEB.jpg","type":"image\/jpeg"}],"twitter_card":"summary_large_image","twitter_misc":{"Est. reading time":"3 perc"},"schema":{"@context":"https:\/\/schema.org","@graph":[{"@type":"WebPage","@id":"https:\/\/maileon.com\/hu\/platform\/features\/marketing-automation-platform\/","url":"https:\/\/maileon.com\/hu\/platform\/features\/marketing-automation-platform\/","name":"Marketing automatiz\u00e1l\u00e1s fels\u0151fokon | Maileon","isPartOf":{"@id":"https:\/\/maileon.com\/hu\/#website"},"primaryImageOfPage":{"@id":"https:\/\/maileon.com\/hu\/platform\/features\/marketing-automation-platform\/#primaryimage"},"image":{"@id":"https:\/\/maileon.com\/hu\/platform\/features\/marketing-automation-platform\/#primaryimage"},"thumbnailUrl":"https:\/\/maileon.com\/app\/uploads\/sites\/4\/2022\/09\/BEELD31_Maileon_20220728_026_WEB.jpg","datePublished":"2022-12-06T15:07:58+00:00","dateModified":"2025-03-06T10:20:18+00:00","description":"Szerezzen be mindent, amire sz\u00fcks\u00e9ged van ahhoz, hogy l\u00e9trehozd a tervezett kamp\u00e1nyokat. Fedezd fel marketing automatiz\u00e1l\u00e1si platformunkat itt.","breadcrumb":{"@id":"https:\/\/maileon.com\/hu\/platform\/features\/marketing-automation-platform\/#breadcrumb"},"inLanguage":"hu","potentialAction":[{"@type":"ReadAction","target":["https:\/\/maileon.com\/hu\/platform\/features\/marketing-automation-platform\/"]}]},{"@type":"ImageObject","inLanguage":"hu","@id":"https:\/\/maileon.com\/hu\/platform\/features\/marketing-automation-platform\/#primaryimage","url":"https:\/\/maileon.com\/app\/uploads\/sites\/4\/2022\/09\/BEELD31_Maileon_20220728_026_WEB.jpg","contentUrl":"https:\/\/maileon.com\/app\/uploads\/sites\/4\/2022\/09\/BEELD31_Maileon_20220728_026_WEB.jpg","width":2000,"height":1333},{"@type":"BreadcrumbList","@id":"https:\/\/maileon.com\/hu\/platform\/features\/marketing-automation-platform\/#breadcrumb","itemListElement":[{"@type":"ListItem","position":1,"name":"Home","item":"https:\/\/maileon.com\/hu\/"},{"@type":"ListItem","position":2,"name":"A rendszer","item":"https:\/\/maileon.com\/hu\/platform\/"},{"@type":"ListItem","position":3,"name":"Funkci\u00f3k","item":"https:\/\/maileon.com\/hu\/platform\/features\/"},{"@type":"ListItem","position":4,"name":"Marketing automatiz\u00e1l\u00e1s fels\u0151fokon"}]},{"@type":"WebSite","@id":"https:\/\/maileon.com\/hu\/#website","url":"https:\/\/maileon.com\/hu\/","name":"Maileon","description":"","publisher":{"@id":"https:\/\/maileon.com\/hu\/#organization"},"potentialAction":[{"@type":"SearchAction","target":{"@type":"EntryPoint","urlTemplate":"https:\/\/maileon.com\/hu\/?s={search_term_string}"},"query-input":{"@type":"PropertyValueSpecification","valueRequired":true,"valueName":"search_term_string"}}],"inLanguage":"hu"},{"@type":"Organization","@id":"https:\/\/maileon.com\/hu\/#organization","name":"Maileon","url":"https:\/\/maileon.com\/hu\/","logo":{"@type":"ImageObject","inLanguage":"hu","@id":"https:\/\/maileon.com\/hu\/#\/schema\/logo\/image\/","url":"https:\/\/maileon.com\/app\/uploads\/sites\/4\/2022\/08\/logo.png","contentUrl":"https:\/\/maileon.com\/app\/uploads\/sites\/4\/2022\/08\/logo.png","width":168,"height":33,"caption":"Maileon"},"image":{"@id":"https:\/\/maileon.com\/hu\/#\/schema\/logo\/image\/"}}]}},"_links":{"self":[{"href":"https:\/\/maileon.com\/hu\/wp-json\/wp\/v2\/pages\/4303","targetHints":{"allow":["GET"]}}],"collection":[{"href":"https:\/\/maileon.com\/hu\/wp-json\/wp\/v2\/pages"}],"about":[{"href":"https:\/\/maileon.com\/hu\/wp-json\/wp\/v2\/types\/page"}],"author":[{"embeddable":true,"href":"https:\/\/maileon.com\/hu\/wp-json\/wp\/v2\/users\/7"}],"replies":[{"embeddable":true,"href":"https:\/\/maileon.com\/hu\/wp-json\/wp\/v2\/comments?post=4303"}],"version-history":[{"count":9,"href":"https:\/\/maileon.com\/hu\/wp-json\/wp\/v2\/pages\/4303\/revisions"}],"predecessor-version":[{"id":11305,"href":"https:\/\/maileon.com\/hu\/wp-json\/wp\/v2\/pages\/4303\/revisions\/11305"}],"up":[{"embeddable":true,"href":"https:\/\/maileon.com\/hu\/wp-json\/wp\/v2\/pages\/1404"}],"wp:featuredmedia":[{"embeddable":true,"href":"https:\/\/maileon.com\/hu\/wp-json\/wp\/v2\/media\/1467"}],"wp:attachment":[{"href":"https:\/\/maileon.com\/hu\/wp-json\/wp\/v2\/media?parent=4303"}],"wp:term":[{"taxonomy":"category","embeddable":true,"href":"https:\/\/maileon.com\/hu\/wp-json\/wp\/v2\/categories?post=4303"}],"curies":[{"name":"wp","href":"https:\/\/api.w.org\/{rel}","templated":true}]}}