{"id":397,"date":"2022-08-25T09:19:44","date_gmt":"2022-08-25T09:19:44","guid":{"rendered":"https:\/\/maileon.com\/?page_id=397"},"modified":"2023-02-24T08:32:22","modified_gmt":"2023-02-24T08:32:22","slug":"platform","status":"publish","type":"page","link":"https:\/\/maileon.com\/hu\/platform\/","title":{"rendered":"A rendszer"},"content":{"rendered":"\n<div class=\"relative shape-hero-main block-hero-top-curve-sm block-hero-bottom-curve bg-primary bg-no-repeat bg-right-top bg-contain mb-14\">\n    <div\n        class=\"container relative text-primary flex flex-col justify-center items-start px-5 md:px-10 xl:px-40 pt-44 md:pt-64 lg:pt-20 pb-24 lg:pb-20 min-h-[681px] md:min-h-[607px] lg:min-h-[466px] xl:min-h-[656px]\"\n    >\n        <div class=\"flex flex-col w-full md:9\/12 lg:w-7\/12\">\n            \n                <h1 class=\"heading-1\">\n       Fedezd fel a Maileon k\u00edn\u00e1lta lehet\u0151s\u00e9geket\n    <\/h1>\n            <div class=\"prose prose-invert text-primary text-lg\">\n                <p>Tudj meg t\u00f6bbet funkci\u00f3inkr\u00f3l, integr\u00e1ci\u00f3inkr\u00f3l, \u00e9s hasonl\u00edtsd \u00f6ssze a versenyt\u00e1rsak platformjait.<\/p>\n            <\/div>\n        <\/div>\n        <div class=\"flex flex-col md:flex-row w-full mt-4 gap-4\">\n                                                    <a href=\"https:\/\/maileon.com\/demo\/\" target=\"_blank\" class=\"block btn btn-secondary\">\n        K\u00e9rj ingyenes bemutat\u00f3t\n    <\/a>                                        <a href=\"https:\/\/maileon.com\/contact\" target=\"_blank\" class=\"block btn btn-primary-default\">\n        \u00cdrj nek\u00fcnk\n    <\/a>                                    <\/div>\n            <\/div>\n<\/div>\n\n\n\n<div class=\"container py-8 px-0 xl:px-40\">\n    <div class=\"px-5 md:px-10 xl:px-40 pb-3 md:mr-24\">\n        <div class=\"prose \">\n            <h2>Sk\u00e1l\u00e1zhat\u00f3 marketing automatiz\u00e1l\u00e1si platform<\/h2>\n<p>Legy\u00fcnk \u0151szint\u00e9k&#8230; Manaps\u00e1g rengeteg technikai megold\u00e1s \u00e1ll rendelkez\u00e9sre, \u00e9s ez al\u00f3l az (e-mail) marketing automatiz\u00e1l\u00e1s sem kiv\u00e9tel. A kih\u00edv\u00e1s teh\u00e1t nem az, hogy tal\u00e1lj egy marketing automatiz\u00e1l\u00e1si platformot, hanem az, hogy megtal\u00e1ld azt, amelyik a legjobban megfelel neked \u00e9s a c\u00e9ljaidnak!<\/p>\n<p>A Maileon egy intelligens marketing automatiz\u00e1l\u00e1si platformot k\u00edn\u00e1l v\u00e1llalati szint\u0171 funkcionalit\u00e1ssal, de szem\u00e9lyes, testre szabott szolg\u00e1ltat\u00e1sokkal, el\u00e9rhet\u0151 \u00e1ron.<\/p>\n<p>Szoftver\u00fcnk elegend\u0151 teret k\u00edn\u00e1l a n\u00f6veked\u00e9shez, \u00edgy tov\u00e1bbra is haszn\u00e1lhatod, mik\u00f6zben az amb\u00edci\u00f3idnak megfelel\u0151en n\u00f6vekszik v\u00e1llalkoz\u00e1sod. Hozz\u00e1\u00e9rt\u0151 partnereink r\u00e9v\u00e9n mindig a legfrissebb, legjobb megold\u00e1sokhoz juthatsz hozz\u00e1, amelyek seg\u00edtik c\u00e9ljaid el\u00e9r\u00e9s\u00e9t!<\/p>\n<p>Szeretn\u00e9d tudni, hogy a Maileon megfelel-e a te kih\u00edv\u00e1saidnak \u00e9s c\u00e9ljaidnak? Fedezd fel legfontosabb funkci\u00f3inkat, tal\u00e1ld meg integr\u00e1ci\u00f3inkat m\u00e1r megl\u00e9v\u0151 eszk\u00f6zeiddel, \u00e9s hasonl\u00edtsd \u00f6ssze jelenlegi vagy potenci\u00e1lis platformodat a Maileonnal.<\/p>\n        <\/div>\n    <\/div>\n<\/div>\n\n\n\n<div class=\"container py-4 lg:py-14 px-0 \">\n    <div class=\" px-5 lg:px-10 xl:px-40 pb-3\">\n        <p class=\"text-gray-400 mx-0\">\n                    <\/p>\n        <div class=\"text-black mx-0 mb-8 lg:w-1\/2\">\n                <h2 class=\"heading-3\">\n       Fedezd fel a Maileont\n    <\/h2>        <\/div>\n        <div class=\"mb-10\">\n                    <\/div>\n        <div class=\"grid gap-4 xl:grid-cols-3\">\n                                    <a\n                class=\"group flex flex-col sm:flex-row xl:flex-col rounded-3xl border border-slate-900\/30 space-y-2 bg-primary relative overflow-hidden\"\n                href=\"https:\/\/maileon.com\/hu\/platform\/features\/\"\n                aria-label=\"Funkci\u00f3k\"\n                target=\"\"\n            >\n                <div class=\"relative basis-1\/3\">\n                    <img loading=\"lazy\" decoding=\"async\" width=\"2000\" height=\"1335\" src=\"https:\/\/maileon.com\/app\/uploads\/sites\/4\/2022\/09\/BEELD31_Maileon_20220728_017_WEB.jpg\" class=\"sm:h-36 xl:h-auto min-w-full min-h-full object-cover\" alt=\"analytics dashboarding maileon\" srcset=\"https:\/\/maileon.com\/app\/uploads\/sites\/4\/2022\/09\/BEELD31_Maileon_20220728_017_WEB.jpg 2000w, https:\/\/maileon.com\/app\/uploads\/sites\/4\/2022\/09\/BEELD31_Maileon_20220728_017_WEB-300x200.jpg 300w, https:\/\/maileon.com\/app\/uploads\/sites\/4\/2022\/09\/BEELD31_Maileon_20220728_017_WEB-1024x684.jpg 1024w, https:\/\/maileon.com\/app\/uploads\/sites\/4\/2022\/09\/BEELD31_Maileon_20220728_017_WEB-768x513.jpg 768w, https:\/\/maileon.com\/app\/uploads\/sites\/4\/2022\/09\/BEELD31_Maileon_20220728_017_WEB-1536x1025.jpg 1536w\" sizes=\"auto, (max-width: 2000px) 100vw, 2000px\" \/>                    <div class=\"absolute -bottom-px w-full block sm:hidden xl:block\">\n                        <svg xmlns=\"http:\/\/www.w3.org\/2000\/svg\" viewBox=\"0 0 368 16\" preserveAspectRatio=\"none\" class=\"fill-primary\" >\n                            <path\n                                d=\"M368 10.3979L368 16L0.0417487 16L0.0417483 6.62934C0.0417483 6.62934 -4.89728 2.1648 92.6487 0.212572C190.195 -1.73965 368 10.3979 368 10.3979Z\"\n                            \/>\n                        <\/svg>\n                    <\/div>\n                    <div class=\"absolute top-0 right-0 h-full hidden sm:block xl:hidden\">\n                        <svg xmlns=\"http:\/\/www.w3.org\/2000\/svg\" width=\"16\" viewBox=\"0 0 16 149\" preserveAspectRatio=\"none\" class=\"h-full fill-primary\" >\n                            <path\n                                d=\"M10.3979 149H16V0.0169067H6.62933C6.62933 0.0169067 2.16478 -1.98288 0.21256 37.5126C-1.73966 77.0082 10.3979 149 10.3979 149Z\"\n                            \/>\n                        <\/svg>\n                    <\/div>\n                <\/div>\n\n                <div class=\"basis-2\/3 flex flex-col px-10 py-6 space-y-2 text-primary\">\n                    <span class=\"heading-4\">\n                        Funkci\u00f3k                    <\/span>\n                    <p class=\"\">\n                        Minden olyan funkci\u00f3, amelyre sz\u00fcks\u00e9ged van a marketing kommunik\u00e1ci\u00f3 \u00e9s \u00fcgyf\u00e9l\u00e9lm\u00e9ny fejleszt\u00e9s\u00e9hez.                     <\/p>\n                    <div class=\"!mt-auto block text-right\">\n                            <svg \n        xmlns=\"http:\/\/www.w3.org\/2000\/svg\" class=\"h-5 ml-auto fill-secondary translate-x-0 group-hover:translate-x-2 transition-transform duration-500\" viewBox=\"0 0 20 20\"\n    >\n        <use xlink:href=\"#right-arrow\"><\/use>\n        <defs>\n            <path \n                id=\"right-arrow\" \n                fill-rule=\"evenodd\"\n                d=\"M10.293 3.293a1 1 0 011.414 0l6 6a1 1 0 010 1.414l-6 6a1 1 0 01-1.414-1.414L14.586 11H3a1 1 0 110-2h11.586l-4.293-4.293a1 1 0 010-1.414z\"\n                clip-rule=\"evenodd\" \n            \/>\n        <\/defs>\n    <\/svg>                    <\/div>\n                <\/div>\n            <\/a>\n                        <a\n                class=\"group flex flex-col sm:flex-row xl:flex-col rounded-3xl border border-slate-900\/30 space-y-2 bg-primary relative overflow-hidden\"\n                href=\"https:\/\/maileon.com\/hu\/integrations\/\"\n                aria-label=\"Integr\u00e1ci\u00f3k\"\n                target=\"\"\n            >\n                <div class=\"relative basis-1\/3\">\n                    <img loading=\"lazy\" decoding=\"async\" width=\"2000\" height=\"1333\" src=\"https:\/\/maileon.com\/app\/uploads\/sites\/4\/2022\/09\/BEELD31_Maileon_20220728_034_WEB.jpg\" class=\"sm:h-36 xl:h-auto min-w-full min-h-full object-cover\" alt=\"Brainstorming employee on white board\" srcset=\"https:\/\/maileon.com\/app\/uploads\/sites\/4\/2022\/09\/BEELD31_Maileon_20220728_034_WEB.jpg 2000w, https:\/\/maileon.com\/app\/uploads\/sites\/4\/2022\/09\/BEELD31_Maileon_20220728_034_WEB-300x200.jpg 300w, https:\/\/maileon.com\/app\/uploads\/sites\/4\/2022\/09\/BEELD31_Maileon_20220728_034_WEB-1024x682.jpg 1024w, https:\/\/maileon.com\/app\/uploads\/sites\/4\/2022\/09\/BEELD31_Maileon_20220728_034_WEB-768x512.jpg 768w, https:\/\/maileon.com\/app\/uploads\/sites\/4\/2022\/09\/BEELD31_Maileon_20220728_034_WEB-1536x1024.jpg 1536w\" sizes=\"auto, (max-width: 2000px) 100vw, 2000px\" \/>                    <div class=\"absolute -bottom-px w-full block sm:hidden xl:block\">\n                        <svg xmlns=\"http:\/\/www.w3.org\/2000\/svg\" viewBox=\"0 0 368 16\" preserveAspectRatio=\"none\" class=\"fill-primary\" >\n                            <path\n                                d=\"M368 10.3979L368 16L0.0417487 16L0.0417483 6.62934C0.0417483 6.62934 -4.89728 2.1648 92.6487 0.212572C190.195 -1.73965 368 10.3979 368 10.3979Z\"\n                            \/>\n                        <\/svg>\n                    <\/div>\n                    <div class=\"absolute top-0 right-0 h-full hidden sm:block xl:hidden\">\n                        <svg xmlns=\"http:\/\/www.w3.org\/2000\/svg\" width=\"16\" viewBox=\"0 0 16 149\" preserveAspectRatio=\"none\" class=\"h-full fill-primary\" >\n                            <path\n                                d=\"M10.3979 149H16V0.0169067H6.62933C6.62933 0.0169067 2.16478 -1.98288 0.21256 37.5126C-1.73966 77.0082 10.3979 149 10.3979 149Z\"\n                            \/>\n                        <\/svg>\n                    <\/div>\n                <\/div>\n\n                <div class=\"basis-2\/3 flex flex-col px-10 py-6 space-y-2 text-primary\">\n                    <span class=\"heading-4\">\n                        Integr\u00e1ci\u00f3k                    <\/span>\n                    <p class=\"\">\n                        Hozd l\u00e9tre \u00e1lmaid technol\u00f3giai eszk\u00f6zparkj\u00e1t hat\u00e9kony integr\u00e1ci\u00f3k seg\u00edts\u00e9g\u00e9vel.                    <\/p>\n                    <div class=\"!mt-auto block text-right\">\n                            <svg \n        xmlns=\"http:\/\/www.w3.org\/2000\/svg\" class=\"h-5 ml-auto fill-secondary translate-x-0 group-hover:translate-x-2 transition-transform duration-500\" viewBox=\"0 0 20 20\"\n    >\n        <use xlink:href=\"#right-arrow\"><\/use>\n        <defs>\n            <path \n                id=\"right-arrow\" \n                fill-rule=\"evenodd\"\n                d=\"M10.293 3.293a1 1 0 011.414 0l6 6a1 1 0 010 1.414l-6 6a1 1 0 01-1.414-1.414L14.586 11H3a1 1 0 110-2h11.586l-4.293-4.293a1 1 0 010-1.414z\"\n                clip-rule=\"evenodd\" \n            \/>\n        <\/defs>\n    <\/svg>                    <\/div>\n                <\/div>\n            <\/a>\n                        <a\n                class=\"group flex flex-col sm:flex-row xl:flex-col rounded-3xl border border-slate-900\/30 space-y-2 bg-primary relative overflow-hidden\"\n                href=\"https:\/\/maileon.com\/hu\/compare-marketing-automation-platforms\/\"\n                aria-label=\"Rendszerek \u00f6sszehasonl\u00edt\u00e1sa\"\n                target=\"\"\n            >\n                <div class=\"relative basis-1\/3\">\n                    <img loading=\"lazy\" decoding=\"async\" width=\"483\" height=\"322\" src=\"https:\/\/maileon.com\/app\/uploads\/sites\/4\/2022\/08\/pexels-kampus-production-7289736-1.png\" class=\"sm:h-36 xl:h-auto min-w-full min-h-full object-cover\" alt=\"Strategy board meeting brainstorming with sticky notes\" srcset=\"https:\/\/maileon.com\/app\/uploads\/sites\/4\/2022\/08\/pexels-kampus-production-7289736-1.png 483w, https:\/\/maileon.com\/app\/uploads\/sites\/4\/2022\/08\/pexels-kampus-production-7289736-1-300x200.png 300w\" sizes=\"auto, (max-width: 483px) 100vw, 483px\" \/>                    <div class=\"absolute -bottom-px w-full block sm:hidden xl:block\">\n                        <svg xmlns=\"http:\/\/www.w3.org\/2000\/svg\" viewBox=\"0 0 368 16\" preserveAspectRatio=\"none\" class=\"fill-primary\" >\n                            <path\n                                d=\"M368 10.3979L368 16L0.0417487 16L0.0417483 6.62934C0.0417483 6.62934 -4.89728 2.1648 92.6487 0.212572C190.195 -1.73965 368 10.3979 368 10.3979Z\"\n                            \/>\n                        <\/svg>\n                    <\/div>\n                    <div class=\"absolute top-0 right-0 h-full hidden sm:block xl:hidden\">\n                        <svg xmlns=\"http:\/\/www.w3.org\/2000\/svg\" width=\"16\" viewBox=\"0 0 16 149\" preserveAspectRatio=\"none\" class=\"h-full fill-primary\" >\n                            <path\n                                d=\"M10.3979 149H16V0.0169067H6.62933C6.62933 0.0169067 2.16478 -1.98288 0.21256 37.5126C-1.73966 77.0082 10.3979 149 10.3979 149Z\"\n                            \/>\n                        <\/svg>\n                    <\/div>\n                <\/div>\n\n                <div class=\"basis-2\/3 flex flex-col px-10 py-6 space-y-2 text-primary\">\n                    <span class=\"heading-4\">\n                        \u00d6sszehasonl\u00edt\u00e1s                    <\/span>\n                    <p class=\"\">\n                        Hasonl\u00edtsd \u00f6ssze a legn\u00e9pszer\u0171bb marketing automatiz\u00e1l\u00e1si platformokat.                    <\/p>\n                    <div class=\"!mt-auto block text-right\">\n                            <svg \n        xmlns=\"http:\/\/www.w3.org\/2000\/svg\" class=\"h-5 ml-auto fill-secondary translate-x-0 group-hover:translate-x-2 transition-transform duration-500\" viewBox=\"0 0 20 20\"\n    >\n        <use xlink:href=\"#right-arrow\"><\/use>\n        <defs>\n            <path \n                id=\"right-arrow\" \n                fill-rule=\"evenodd\"\n                d=\"M10.293 3.293a1 1 0 011.414 0l6 6a1 1 0 010 1.414l-6 6a1 1 0 01-1.414-1.414L14.586 11H3a1 1 0 110-2h11.586l-4.293-4.293a1 1 0 010-1.414z\"\n                clip-rule=\"evenodd\" \n            \/>\n        <\/defs>\n    <\/svg>                    <\/div>\n                <\/div>\n            <\/a>\n                                <\/div>\n    <\/div>\n<\/div>\n\n\n","protected":false},"excerpt":{"rendered":"<p>A rendszer<\/p>\n","protected":false},"author":5,"featured_media":0,"parent":0,"menu_order":0,"comment_status":"closed","ping_status":"closed","template":"","meta":{"_acf_changed":false,"footnotes":""},"categories":[],"class_list":["post-397","page","type-page","status-publish","hentry"],"acf":[],"yoast_head":"<!-- This site is optimized with the Yoast SEO Premium plugin v27.2 (Yoast SEO v27.4) - https:\/\/yoast.com\/product\/yoast-seo-premium-wordpress\/ -->\n<title>Discover our platform | Maileon<\/title>\n<meta name=\"description\" content=\"Tudj meg t\u00f6bbet a Maileon funkci\u00f3ir\u00f3l, integr\u00e1ci\u00f3kr\u00f3l, \u00e9s hasonl\u00edtsd \u00f6ssze a versenyt\u00e1rs platformokat. Fedezd fel platformunkat itt.\" \/>\n<meta name=\"robots\" content=\"index, follow, max-snippet:-1, max-image-preview:large, max-video-preview:-1\" \/>\n<link rel=\"canonical\" href=\"https:\/\/maileon.com\/hu\/platform\/\" \/>\n<meta property=\"og:locale\" content=\"hu_HU\" \/>\n<meta property=\"og:type\" content=\"article\" \/>\n<meta property=\"og:title\" content=\"A rendszer\" \/>\n<meta property=\"og:description\" content=\"Tudj meg t\u00f6bbet a Maileon funkci\u00f3ir\u00f3l, integr\u00e1ci\u00f3kr\u00f3l, \u00e9s hasonl\u00edtsd \u00f6ssze a versenyt\u00e1rs platformokat. Fedezd fel platformunkat itt.\" \/>\n<meta property=\"og:url\" content=\"https:\/\/maileon.com\/hu\/platform\/\" \/>\n<meta property=\"og:site_name\" content=\"Maileon\" \/>\n<meta property=\"article:modified_time\" content=\"2023-02-24T08:32:22+00:00\" \/>\n<meta name=\"twitter:card\" content=\"summary_large_image\" \/>\n<script type=\"application\/ld+json\" class=\"yoast-schema-graph\">{\"@context\":\"https:\\\/\\\/schema.org\",\"@graph\":[{\"@type\":\"WebPage\",\"@id\":\"https:\\\/\\\/maileon.com\\\/hu\\\/platform\\\/\",\"url\":\"https:\\\/\\\/maileon.com\\\/hu\\\/platform\\\/\",\"name\":\"Discover our platform | Maileon\",\"isPartOf\":{\"@id\":\"https:\\\/\\\/maileon.com\\\/hu\\\/#website\"},\"datePublished\":\"2022-08-25T09:19:44+00:00\",\"dateModified\":\"2023-02-24T08:32:22+00:00\",\"description\":\"Tudj meg t\u00f6bbet a Maileon funkci\u00f3ir\u00f3l, integr\u00e1ci\u00f3kr\u00f3l, \u00e9s hasonl\u00edtsd \u00f6ssze a versenyt\u00e1rs platformokat. Fedezd fel platformunkat itt.\",\"breadcrumb\":{\"@id\":\"https:\\\/\\\/maileon.com\\\/hu\\\/platform\\\/#breadcrumb\"},\"inLanguage\":\"hu\",\"potentialAction\":[{\"@type\":\"ReadAction\",\"target\":[\"https:\\\/\\\/maileon.com\\\/hu\\\/platform\\\/\"]}]},{\"@type\":\"BreadcrumbList\",\"@id\":\"https:\\\/\\\/maileon.com\\\/hu\\\/platform\\\/#breadcrumb\",\"itemListElement\":[{\"@type\":\"ListItem\",\"position\":1,\"name\":\"Home\",\"item\":\"https:\\\/\\\/maileon.com\\\/hu\\\/\"},{\"@type\":\"ListItem\",\"position\":2,\"name\":\"A rendszer\"}]},{\"@type\":\"WebSite\",\"@id\":\"https:\\\/\\\/maileon.com\\\/hu\\\/#website\",\"url\":\"https:\\\/\\\/maileon.com\\\/hu\\\/\",\"name\":\"Maileon\",\"description\":\"\",\"publisher\":{\"@id\":\"https:\\\/\\\/maileon.com\\\/hu\\\/#organization\"},\"potentialAction\":[{\"@type\":\"SearchAction\",\"target\":{\"@type\":\"EntryPoint\",\"urlTemplate\":\"https:\\\/\\\/maileon.com\\\/hu\\\/?s={search_term_string}\"},\"query-input\":{\"@type\":\"PropertyValueSpecification\",\"valueRequired\":true,\"valueName\":\"search_term_string\"}}],\"inLanguage\":\"hu\"},{\"@type\":\"Organization\",\"@id\":\"https:\\\/\\\/maileon.com\\\/hu\\\/#organization\",\"name\":\"Maileon\",\"url\":\"https:\\\/\\\/maileon.com\\\/hu\\\/\",\"logo\":{\"@type\":\"ImageObject\",\"inLanguage\":\"hu\",\"@id\":\"https:\\\/\\\/maileon.com\\\/hu\\\/#\\\/schema\\\/logo\\\/image\\\/\",\"url\":\"https:\\\/\\\/maileon.com\\\/app\\\/uploads\\\/sites\\\/4\\\/2022\\\/08\\\/logo.png\",\"contentUrl\":\"https:\\\/\\\/maileon.com\\\/app\\\/uploads\\\/sites\\\/4\\\/2022\\\/08\\\/logo.png\",\"width\":168,\"height\":33,\"caption\":\"Maileon\"},\"image\":{\"@id\":\"https:\\\/\\\/maileon.com\\\/hu\\\/#\\\/schema\\\/logo\\\/image\\\/\"}}]}<\/script>\n<!-- \/ Yoast SEO Premium plugin. -->","yoast_head_json":{"title":"Discover our platform | Maileon","description":"Tudj meg t\u00f6bbet a Maileon funkci\u00f3ir\u00f3l, integr\u00e1ci\u00f3kr\u00f3l, \u00e9s hasonl\u00edtsd \u00f6ssze a versenyt\u00e1rs platformokat. Fedezd fel platformunkat itt.","robots":{"index":"index","follow":"follow","max-snippet":"max-snippet:-1","max-image-preview":"max-image-preview:large","max-video-preview":"max-video-preview:-1"},"canonical":"https:\/\/maileon.com\/hu\/platform\/","og_locale":"hu_HU","og_type":"article","og_title":"A rendszer","og_description":"Tudj meg t\u00f6bbet a Maileon funkci\u00f3ir\u00f3l, integr\u00e1ci\u00f3kr\u00f3l, \u00e9s hasonl\u00edtsd \u00f6ssze a versenyt\u00e1rs platformokat. Fedezd fel platformunkat itt.","og_url":"https:\/\/maileon.com\/hu\/platform\/","og_site_name":"Maileon","article_modified_time":"2023-02-24T08:32:22+00:00","twitter_card":"summary_large_image","schema":{"@context":"https:\/\/schema.org","@graph":[{"@type":"WebPage","@id":"https:\/\/maileon.com\/hu\/platform\/","url":"https:\/\/maileon.com\/hu\/platform\/","name":"Discover our platform | Maileon","isPartOf":{"@id":"https:\/\/maileon.com\/hu\/#website"},"datePublished":"2022-08-25T09:19:44+00:00","dateModified":"2023-02-24T08:32:22+00:00","description":"Tudj meg t\u00f6bbet a Maileon funkci\u00f3ir\u00f3l, integr\u00e1ci\u00f3kr\u00f3l, \u00e9s hasonl\u00edtsd \u00f6ssze a versenyt\u00e1rs platformokat. Fedezd fel platformunkat itt.","breadcrumb":{"@id":"https:\/\/maileon.com\/hu\/platform\/#breadcrumb"},"inLanguage":"hu","potentialAction":[{"@type":"ReadAction","target":["https:\/\/maileon.com\/hu\/platform\/"]}]},{"@type":"BreadcrumbList","@id":"https:\/\/maileon.com\/hu\/platform\/#breadcrumb","itemListElement":[{"@type":"ListItem","position":1,"name":"Home","item":"https:\/\/maileon.com\/hu\/"},{"@type":"ListItem","position":2,"name":"A rendszer"}]},{"@type":"WebSite","@id":"https:\/\/maileon.com\/hu\/#website","url":"https:\/\/maileon.com\/hu\/","name":"Maileon","description":"","publisher":{"@id":"https:\/\/maileon.com\/hu\/#organization"},"potentialAction":[{"@type":"SearchAction","target":{"@type":"EntryPoint","urlTemplate":"https:\/\/maileon.com\/hu\/?s={search_term_string}"},"query-input":{"@type":"PropertyValueSpecification","valueRequired":true,"valueName":"search_term_string"}}],"inLanguage":"hu"},{"@type":"Organization","@id":"https:\/\/maileon.com\/hu\/#organization","name":"Maileon","url":"https:\/\/maileon.com\/hu\/","logo":{"@type":"ImageObject","inLanguage":"hu","@id":"https:\/\/maileon.com\/hu\/#\/schema\/logo\/image\/","url":"https:\/\/maileon.com\/app\/uploads\/sites\/4\/2022\/08\/logo.png","contentUrl":"https:\/\/maileon.com\/app\/uploads\/sites\/4\/2022\/08\/logo.png","width":168,"height":33,"caption":"Maileon"},"image":{"@id":"https:\/\/maileon.com\/hu\/#\/schema\/logo\/image\/"}}]}},"_links":{"self":[{"href":"https:\/\/maileon.com\/hu\/wp-json\/wp\/v2\/pages\/397","targetHints":{"allow":["GET"]}}],"collection":[{"href":"https:\/\/maileon.com\/hu\/wp-json\/wp\/v2\/pages"}],"about":[{"href":"https:\/\/maileon.com\/hu\/wp-json\/wp\/v2\/types\/page"}],"author":[{"embeddable":true,"href":"https:\/\/maileon.com\/hu\/wp-json\/wp\/v2\/users\/5"}],"replies":[{"embeddable":true,"href":"https:\/\/maileon.com\/hu\/wp-json\/wp\/v2\/comments?post=397"}],"version-history":[{"count":11,"href":"https:\/\/maileon.com\/hu\/wp-json\/wp\/v2\/pages\/397\/revisions"}],"predecessor-version":[{"id":10739,"href":"https:\/\/maileon.com\/hu\/wp-json\/wp\/v2\/pages\/397\/revisions\/10739"}],"wp:attachment":[{"href":"https:\/\/maileon.com\/hu\/wp-json\/wp\/v2\/media?parent=397"}],"wp:term":[{"taxonomy":"category","embeddable":true,"href":"https:\/\/maileon.com\/hu\/wp-json\/wp\/v2\/categories?post=397"}],"curies":[{"name":"wp","href":"https:\/\/api.w.org\/{rel}","templated":true}]}}