{"id":2614,"date":"2022-10-19T10:54:48","date_gmt":"2022-10-19T10:54:48","guid":{"rendered":"https:\/\/maileon.com\/?page_id=2614"},"modified":"2024-09-25T07:07:31","modified_gmt":"2024-09-25T07:07:31","slug":"more-maileon","status":"publish","type":"page","link":"https:\/\/maileon.com\/hu\/more-maileon\/","title":{"rendered":"A Maileon szakmai h\u00e1ttere"},"content":{"rendered":"\n<div class=\"bg-no-repeat bg-right-top bg-[length:auto_100%] relative overflow-hidden block-hero-sub-bottom-curve mb-14\">\n    <div class=\"relative lg:absolute lg:right-0 z-0 lg:w-1\/2 xl:w-3\/4 lg:mb-0 w-full\">\n        <img loading=\"lazy\" decoding=\"async\" width=\"1024\" height=\"683\" src=\"https:\/\/maileon.com\/app\/uploads\/sites\/4\/2024\/09\/marksomay_20240902_1333_ZMS3695-1024x683.jpg\" class=\"w-full min-w-[55vw] max-w-[100%]\" alt=\"\" srcset=\"https:\/\/maileon.com\/app\/uploads\/sites\/4\/2024\/09\/marksomay_20240902_1333_ZMS3695-1024x683.jpg 1024w, https:\/\/maileon.com\/app\/uploads\/sites\/4\/2024\/09\/marksomay_20240902_1333_ZMS3695-300x200.jpg 300w, https:\/\/maileon.com\/app\/uploads\/sites\/4\/2024\/09\/marksomay_20240902_1333_ZMS3695-768x512.jpg 768w, https:\/\/maileon.com\/app\/uploads\/sites\/4\/2024\/09\/marksomay_20240902_1333_ZMS3695-1536x1024.jpg 1536w, https:\/\/maileon.com\/app\/uploads\/sites\/4\/2024\/09\/marksomay_20240902_1333_ZMS3695-2048x1365.jpg 2048w\" sizes=\"auto, (max-width: 1024px) 100vw, 1024px\" \/>        <div class=\"absolute bottom-0 w-full block lg:hidden\">\n            <svg xmlns=\"http:\/\/www.w3.org\/2000\/svg\" viewBox=\"0 0 768 100\" class=\"fill-primary\">\n                <path\n                    d=\"M 1221,1000 H -63 c 0,0 6e-4,-745.425 0,-559.546 281.767,-44.575 673.208,42.792 843.517,65.08 170.308,22.288 359.343,4.457 440.483,-45.467 z\"\n                    id=\"path42\" clip-path=\"url(#clipPath289)\" transform=\"translate(0,-420.2691)\"\n                \/>\n            <\/svg>\n        <\/div>\n    <\/div>\n    <div class=\"shape-hero-sub bg-primary lg:bg-transparent bg-cover bg-left bg-no-repeat relative pb-20 md:pb-0 after:shape-hero-sub-bottom after:absolute after:top-0 after:bottom-0 after:bg-no-repeat after:bg-bottom after:bg-contain after:w-full after:pointer-events-none\">\n        <div class=\"container text-primary flex flex-col justify-center items-start px-5 md:px-10 xl:px-40 pt-14 lg:pt-20 pb-24 lg:pb-20 lg:min-h-[429px] xl:min-h-[603px]\">\n            <div class=\"flex flex-col w-full lg:w-7\/12\">\n                \n                    <h1 class=\"heading-1\">\n       A Maileon k\u00f6z\u00f6ss\u00e9g\n    <\/h1>\n                <div class=\"prose prose-invert text-primary text-lg\">\n                    <p>Koll\u00e9g\u00e1inkb\u00f3l, partnereinkb\u0151l, szak\u00e9rt\u0151inkb\u0151l \u00e9s \u00fcgyfeleinkb\u0151l \u00e1ll\u00f3, \u00f6sszetart\u00f3 nemzetk\u00f6zi k\u00f6z\u00f6ss\u00e9g. Ismerj meg minket jobban, m\u00e9lyedj el t\u00f6rt\u00e9net\u00fcnkben!<\/p>\n                <\/div>\n            <\/div>\n            <div class=\"flex flex-col md:flex-row w-full mt-4 gap-4\">\n                                                                                                            <\/div>\n                    <\/div>\n    <\/div>\n<\/div>\n\n\n\n<div class=\"container py-8 px-0 xl:px-40\">\n    <div class=\"px-5 md:px-10 xl:px-40 pb-3 md:mr-24\">\n        <div class=\"prose \">\n            <h2><strong>\u00d6r\u00fcl\u00fcnk, hogy itt vagy&#8230;<\/strong><\/h2>\n<p>Mi vagyunk a Maileon: egy emberk\u00f6zpont\u00fa csapat, amely intelligens szoftvereket \u00e9s val\u00f3di kapcsolatokat \u00e9p\u00edt. Seg\u00edt\u00fcnk a marketingeseknek, menedzsereknek, d\u00f6nt\u00e9shoz\u00f3knak mindenhol, hogy a viselked\u00e9s alap\u00fa komplex adatokat, valamint a marketing adatb\u00e1zisokat eredm\u00e9nyorient\u00e1lt kamp\u00e1nyokk\u00e1 alak\u00edthass\u00e1k!<\/p>\n<p>Marketingautomatiz\u00e1l\u00e1si platformunkon kereszt\u00fcl h\u00e1zon bel\u00fcli csapatokat \u00e9s \u00fcgyn\u00f6ks\u00e9geket kapcsolunk \u00f6ssze a vil\u00e1g minden t\u00e1j\u00e1n, technikai partnereink seg\u00edts\u00e9g\u00e9vel pedig gondoskodunk arr\u00f3l, hogy az \u00f6sszes megl\u00e9v\u0151 rendszered z\u00f6kken\u0151mentesen integr\u00e1ljuk.<\/p>\n<p>&nbsp;<\/p>\n        <\/div>\n    <\/div>\n<\/div>\n\n\n\n<div class=\"container py-4 lg:py-14 px-0 \">\n    <div class=\" px-5 lg:px-10 xl:px-40 pb-3\">\n        <p class=\"text-gray-400 mx-0\">\n                    <\/p>\n        <div class=\"text-black mx-0 mb-8 lg:w-1\/2\">\n                <h2 class=\"heading-3\">\n       Besz\u00e9lj\u00fcnk!\n    <\/h2>        <\/div>\n        <div class=\"mb-10\">\n                    <\/div>\n        <div class=\"grid gap-4 xl:grid-cols-3\">\n                                    <a\n                class=\"group flex flex-col sm:flex-row xl:flex-col rounded-3xl border border-slate-900\/30 space-y-2 bg-primary relative overflow-hidden\"\n                href=\"https:\/\/maileon.com\/more-maileon\/about-us\"\n                aria-label=\"More Maileon: About us\"\n                target=\"\"\n            >\n                <div class=\"relative basis-1\/3\">\n                    <img loading=\"lazy\" decoding=\"async\" width=\"2560\" height=\"1707\" src=\"https:\/\/maileon.com\/app\/uploads\/sites\/4\/2024\/09\/marksomay_20240902_1259_ZMS3498-scaled.jpg\" class=\"sm:h-36 xl:h-auto min-w-full min-h-full object-cover\" alt=\"\" srcset=\"https:\/\/maileon.com\/app\/uploads\/sites\/4\/2024\/09\/marksomay_20240902_1259_ZMS3498-scaled.jpg 2560w, https:\/\/maileon.com\/app\/uploads\/sites\/4\/2024\/09\/marksomay_20240902_1259_ZMS3498-300x200.jpg 300w, https:\/\/maileon.com\/app\/uploads\/sites\/4\/2024\/09\/marksomay_20240902_1259_ZMS3498-1024x683.jpg 1024w, https:\/\/maileon.com\/app\/uploads\/sites\/4\/2024\/09\/marksomay_20240902_1259_ZMS3498-768x512.jpg 768w, https:\/\/maileon.com\/app\/uploads\/sites\/4\/2024\/09\/marksomay_20240902_1259_ZMS3498-1536x1024.jpg 1536w, https:\/\/maileon.com\/app\/uploads\/sites\/4\/2024\/09\/marksomay_20240902_1259_ZMS3498-2048x1365.jpg 2048w\" sizes=\"auto, (max-width: 2560px) 100vw, 2560px\" \/>                    <div class=\"absolute -bottom-px w-full block sm:hidden xl:block\">\n                        <svg xmlns=\"http:\/\/www.w3.org\/2000\/svg\" viewBox=\"0 0 368 16\" preserveAspectRatio=\"none\" class=\"fill-primary\" >\n                            <path\n                                d=\"M368 10.3979L368 16L0.0417487 16L0.0417483 6.62934C0.0417483 6.62934 -4.89728 2.1648 92.6487 0.212572C190.195 -1.73965 368 10.3979 368 10.3979Z\"\n                            \/>\n                        <\/svg>\n                    <\/div>\n                    <div class=\"absolute top-0 right-0 h-full hidden sm:block xl:hidden\">\n                        <svg xmlns=\"http:\/\/www.w3.org\/2000\/svg\" width=\"16\" viewBox=\"0 0 16 149\" preserveAspectRatio=\"none\" class=\"h-full fill-primary\" >\n                            <path\n                                d=\"M10.3979 149H16V0.0169067H6.62933C6.62933 0.0169067 2.16478 -1.98288 0.21256 37.5126C-1.73966 77.0082 10.3979 149 10.3979 149Z\"\n                            \/>\n                        <\/svg>\n                    <\/div>\n                <\/div>\n\n                <div class=\"basis-2\/3 flex flex-col px-10 py-6 space-y-2 text-primary\">\n                    <span class=\"heading-4\">\n                        R\u00f3lunk                    <\/span>\n                    <p class=\"\">\n                        Read more about us and our way of working.                    <\/p>\n                    <div class=\"!mt-auto block text-right\">\n                            <svg \n        xmlns=\"http:\/\/www.w3.org\/2000\/svg\" class=\"h-5 ml-auto fill-secondary translate-x-0 group-hover:translate-x-2 transition-transform duration-500\" viewBox=\"0 0 20 20\"\n    >\n        <use xlink:href=\"#right-arrow\"><\/use>\n        <defs>\n            <path \n                id=\"right-arrow\" \n                fill-rule=\"evenodd\"\n                d=\"M10.293 3.293a1 1 0 011.414 0l6 6a1 1 0 010 1.414l-6 6a1 1 0 01-1.414-1.414L14.586 11H3a1 1 0 110-2h11.586l-4.293-4.293a1 1 0 010-1.414z\"\n                clip-rule=\"evenodd\" \n            \/>\n        <\/defs>\n    <\/svg>                    <\/div>\n                <\/div>\n            <\/a>\n                        <a\n                class=\"group flex flex-col sm:flex-row xl:flex-col rounded-3xl border border-slate-900\/30 space-y-2 bg-primary relative overflow-hidden\"\n                href=\"https:\/\/maileon.com\/more-maileon\/careers\"\n                aria-label=\"More Maileon: Career Overview\"\n                target=\"\"\n            >\n                <div class=\"relative basis-1\/3\">\n                    <img loading=\"lazy\" decoding=\"async\" width=\"2560\" height=\"1707\" src=\"https:\/\/maileon.com\/app\/uploads\/sites\/4\/2024\/09\/marksomay_20240902_1317_ZMS3633-scaled.jpg\" class=\"sm:h-36 xl:h-auto min-w-full min-h-full object-cover\" alt=\"\" srcset=\"https:\/\/maileon.com\/app\/uploads\/sites\/4\/2024\/09\/marksomay_20240902_1317_ZMS3633-scaled.jpg 2560w, https:\/\/maileon.com\/app\/uploads\/sites\/4\/2024\/09\/marksomay_20240902_1317_ZMS3633-300x200.jpg 300w, https:\/\/maileon.com\/app\/uploads\/sites\/4\/2024\/09\/marksomay_20240902_1317_ZMS3633-1024x683.jpg 1024w, https:\/\/maileon.com\/app\/uploads\/sites\/4\/2024\/09\/marksomay_20240902_1317_ZMS3633-768x512.jpg 768w, https:\/\/maileon.com\/app\/uploads\/sites\/4\/2024\/09\/marksomay_20240902_1317_ZMS3633-1536x1024.jpg 1536w, https:\/\/maileon.com\/app\/uploads\/sites\/4\/2024\/09\/marksomay_20240902_1317_ZMS3633-2048x1365.jpg 2048w\" sizes=\"auto, (max-width: 2560px) 100vw, 2560px\" \/>                    <div class=\"absolute -bottom-px w-full block sm:hidden xl:block\">\n                        <svg xmlns=\"http:\/\/www.w3.org\/2000\/svg\" viewBox=\"0 0 368 16\" preserveAspectRatio=\"none\" class=\"fill-primary\" >\n                            <path\n                                d=\"M368 10.3979L368 16L0.0417487 16L0.0417483 6.62934C0.0417483 6.62934 -4.89728 2.1648 92.6487 0.212572C190.195 -1.73965 368 10.3979 368 10.3979Z\"\n                            \/>\n                        <\/svg>\n                    <\/div>\n                    <div class=\"absolute top-0 right-0 h-full hidden sm:block xl:hidden\">\n                        <svg xmlns=\"http:\/\/www.w3.org\/2000\/svg\" width=\"16\" viewBox=\"0 0 16 149\" preserveAspectRatio=\"none\" class=\"h-full fill-primary\" >\n                            <path\n                                d=\"M10.3979 149H16V0.0169067H6.62933C6.62933 0.0169067 2.16478 -1.98288 0.21256 37.5126C-1.73966 77.0082 10.3979 149 10.3979 149Z\"\n                            \/>\n                        <\/svg>\n                    <\/div>\n                <\/div>\n\n                <div class=\"basis-2\/3 flex flex-col px-10 py-6 space-y-2 text-primary\">\n                    <span class=\"heading-4\">\n                        Karrier                    <\/span>\n                    <p class=\"\">\n                        Join the team. Come work with us!                     <\/p>\n                    <div class=\"!mt-auto block text-right\">\n                            <svg \n        xmlns=\"http:\/\/www.w3.org\/2000\/svg\" class=\"h-5 ml-auto fill-secondary translate-x-0 group-hover:translate-x-2 transition-transform duration-500\" viewBox=\"0 0 20 20\"\n    >\n        <use xlink:href=\"#right-arrow\"><\/use>\n        <defs>\n            <path \n                id=\"right-arrow\" \n                fill-rule=\"evenodd\"\n                d=\"M10.293 3.293a1 1 0 011.414 0l6 6a1 1 0 010 1.414l-6 6a1 1 0 01-1.414-1.414L14.586 11H3a1 1 0 110-2h11.586l-4.293-4.293a1 1 0 010-1.414z\"\n                clip-rule=\"evenodd\" \n            \/>\n        <\/defs>\n    <\/svg>                    <\/div>\n                <\/div>\n            <\/a>\n                        <a\n                class=\"group flex flex-col sm:flex-row xl:flex-col rounded-3xl border border-slate-900\/30 space-y-2 bg-primary relative overflow-hidden\"\n                href=\"https:\/\/maileon.com\/contact\"\n                aria-label=\"Conversion: Contact\"\n                target=\"\"\n            >\n                <div class=\"relative basis-1\/3\">\n                    <img loading=\"lazy\" decoding=\"async\" width=\"2560\" height=\"1707\" src=\"https:\/\/maileon.com\/app\/uploads\/sites\/4\/2024\/09\/marksomay_20240902_1301_ZMS3538-scaled.jpg\" class=\"sm:h-36 xl:h-auto min-w-full min-h-full object-cover\" alt=\"\" srcset=\"https:\/\/maileon.com\/app\/uploads\/sites\/4\/2024\/09\/marksomay_20240902_1301_ZMS3538-scaled.jpg 2560w, https:\/\/maileon.com\/app\/uploads\/sites\/4\/2024\/09\/marksomay_20240902_1301_ZMS3538-300x200.jpg 300w, https:\/\/maileon.com\/app\/uploads\/sites\/4\/2024\/09\/marksomay_20240902_1301_ZMS3538-1024x683.jpg 1024w, https:\/\/maileon.com\/app\/uploads\/sites\/4\/2024\/09\/marksomay_20240902_1301_ZMS3538-768x512.jpg 768w, https:\/\/maileon.com\/app\/uploads\/sites\/4\/2024\/09\/marksomay_20240902_1301_ZMS3538-1536x1024.jpg 1536w, https:\/\/maileon.com\/app\/uploads\/sites\/4\/2024\/09\/marksomay_20240902_1301_ZMS3538-2048x1365.jpg 2048w\" sizes=\"auto, (max-width: 2560px) 100vw, 2560px\" \/>                    <div class=\"absolute -bottom-px w-full block sm:hidden xl:block\">\n                        <svg xmlns=\"http:\/\/www.w3.org\/2000\/svg\" viewBox=\"0 0 368 16\" preserveAspectRatio=\"none\" class=\"fill-primary\" >\n                            <path\n                                d=\"M368 10.3979L368 16L0.0417487 16L0.0417483 6.62934C0.0417483 6.62934 -4.89728 2.1648 92.6487 0.212572C190.195 -1.73965 368 10.3979 368 10.3979Z\"\n                            \/>\n                        <\/svg>\n                    <\/div>\n                    <div class=\"absolute top-0 right-0 h-full hidden sm:block xl:hidden\">\n                        <svg xmlns=\"http:\/\/www.w3.org\/2000\/svg\" width=\"16\" viewBox=\"0 0 16 149\" preserveAspectRatio=\"none\" class=\"h-full fill-primary\" >\n                            <path\n                                d=\"M10.3979 149H16V0.0169067H6.62933C6.62933 0.0169067 2.16478 -1.98288 0.21256 37.5126C-1.73966 77.0082 10.3979 149 10.3979 149Z\"\n                            \/>\n                        <\/svg>\n                    <\/div>\n                <\/div>\n\n                <div class=\"basis-2\/3 flex flex-col px-10 py-6 space-y-2 text-primary\">\n                    <span class=\"heading-4\">\n                        Besz\u00e9lj\u00fcnk                    <\/span>\n                    <p class=\"\">\n                        We&#8217;d love to hear from you. Send us a message to get in touch.                     <\/p>\n                    <div class=\"!mt-auto block text-right\">\n                            <svg \n        xmlns=\"http:\/\/www.w3.org\/2000\/svg\" class=\"h-5 ml-auto fill-secondary translate-x-0 group-hover:translate-x-2 transition-transform duration-500\" viewBox=\"0 0 20 20\"\n    >\n        <use xlink:href=\"#right-arrow\"><\/use>\n        <defs>\n            <path \n                id=\"right-arrow\" \n                fill-rule=\"evenodd\"\n                d=\"M10.293 3.293a1 1 0 011.414 0l6 6a1 1 0 010 1.414l-6 6a1 1 0 01-1.414-1.414L14.586 11H3a1 1 0 110-2h11.586l-4.293-4.293a1 1 0 010-1.414z\"\n                clip-rule=\"evenodd\" \n            \/>\n        <\/defs>\n    <\/svg>                    <\/div>\n                <\/div>\n            <\/a>\n                                <\/div>\n    <\/div>\n<\/div>\n\n\n","protected":false},"excerpt":{"rendered":"<p>A Maileon szakmai h\u00e1ttere<\/p>\n","protected":false},"author":7,"featured_media":0,"parent":0,"menu_order":0,"comment_status":"closed","ping_status":"closed","template":"","meta":{"_acf_changed":false,"footnotes":""},"categories":[],"class_list":["post-2614","page","type-page","status-publish","hentry"],"acf":[],"yoast_head":"<!-- This site is optimized with the Yoast SEO Premium plugin v26.3 (Yoast SEO v26.3) - https:\/\/yoast.com\/wordpress\/plugins\/seo\/ -->\n<title>More Maileon | Maileon<\/title>\n<meta name=\"description\" content=\"A tight-knit international club existing out of our colleagues, partners, experts, and customers. Discover our story here.\" \/>\n<meta name=\"robots\" content=\"index, follow, max-snippet:-1, max-image-preview:large, max-video-preview:-1\" \/>\n<link rel=\"canonical\" href=\"https:\/\/maileon.com\/hu\/more-maileon\/\" \/>\n<meta property=\"og:locale\" content=\"hu_HU\" \/>\n<meta property=\"og:type\" content=\"article\" \/>\n<meta property=\"og:title\" content=\"A Maileon szakmai h\u00e1ttere\" \/>\n<meta property=\"og:description\" content=\"A tight-knit international club existing out of our colleagues, partners, experts, and customers. Discover our story here.\" \/>\n<meta property=\"og:url\" content=\"https:\/\/maileon.com\/hu\/more-maileon\/\" \/>\n<meta property=\"og:site_name\" content=\"Maileon\" \/>\n<meta property=\"article:modified_time\" content=\"2024-09-25T07:07:31+00:00\" \/>\n<meta name=\"twitter:card\" content=\"summary_large_image\" \/>\n<meta name=\"twitter:label1\" content=\"Est. reading time\" \/>\n\t<meta name=\"twitter:data1\" content=\"2 perc\" \/>\n<script type=\"application\/ld+json\" class=\"yoast-schema-graph\">{\"@context\":\"https:\/\/schema.org\",\"@graph\":[{\"@type\":\"WebPage\",\"@id\":\"https:\/\/maileon.com\/hu\/more-maileon\/\",\"url\":\"https:\/\/maileon.com\/hu\/more-maileon\/\",\"name\":\"More Maileon | Maileon\",\"isPartOf\":{\"@id\":\"https:\/\/maileon.com\/hu\/#website\"},\"datePublished\":\"2022-10-19T10:54:48+00:00\",\"dateModified\":\"2024-09-25T07:07:31+00:00\",\"description\":\"A tight-knit international club existing out of our colleagues, partners, experts, and customers. Discover our story here.\",\"breadcrumb\":{\"@id\":\"https:\/\/maileon.com\/hu\/more-maileon\/#breadcrumb\"},\"inLanguage\":\"hu\",\"potentialAction\":[{\"@type\":\"ReadAction\",\"target\":[\"https:\/\/maileon.com\/hu\/more-maileon\/\"]}]},{\"@type\":\"BreadcrumbList\",\"@id\":\"https:\/\/maileon.com\/hu\/more-maileon\/#breadcrumb\",\"itemListElement\":[{\"@type\":\"ListItem\",\"position\":1,\"name\":\"Home\",\"item\":\"https:\/\/maileon.com\/hu\/\"},{\"@type\":\"ListItem\",\"position\":2,\"name\":\"A Maileon szakmai h\u00e1ttere\"}]},{\"@type\":\"WebSite\",\"@id\":\"https:\/\/maileon.com\/hu\/#website\",\"url\":\"https:\/\/maileon.com\/hu\/\",\"name\":\"Maileon\",\"description\":\"\",\"publisher\":{\"@id\":\"https:\/\/maileon.com\/hu\/#organization\"},\"potentialAction\":[{\"@type\":\"SearchAction\",\"target\":{\"@type\":\"EntryPoint\",\"urlTemplate\":\"https:\/\/maileon.com\/hu\/?s={search_term_string}\"},\"query-input\":{\"@type\":\"PropertyValueSpecification\",\"valueRequired\":true,\"valueName\":\"search_term_string\"}}],\"inLanguage\":\"hu\"},{\"@type\":\"Organization\",\"@id\":\"https:\/\/maileon.com\/hu\/#organization\",\"name\":\"Maileon\",\"url\":\"https:\/\/maileon.com\/hu\/\",\"logo\":{\"@type\":\"ImageObject\",\"inLanguage\":\"hu\",\"@id\":\"https:\/\/maileon.com\/hu\/#\/schema\/logo\/image\/\",\"url\":\"https:\/\/maileon.com\/app\/uploads\/sites\/4\/2022\/08\/logo.png\",\"contentUrl\":\"https:\/\/maileon.com\/app\/uploads\/sites\/4\/2022\/08\/logo.png\",\"width\":168,\"height\":33,\"caption\":\"Maileon\"},\"image\":{\"@id\":\"https:\/\/maileon.com\/hu\/#\/schema\/logo\/image\/\"}}]}<\/script>\n<!-- \/ Yoast SEO Premium plugin. -->","yoast_head_json":{"title":"More Maileon | Maileon","description":"A tight-knit international club existing out of our colleagues, partners, experts, and customers. Discover our story here.","robots":{"index":"index","follow":"follow","max-snippet":"max-snippet:-1","max-image-preview":"max-image-preview:large","max-video-preview":"max-video-preview:-1"},"canonical":"https:\/\/maileon.com\/hu\/more-maileon\/","og_locale":"hu_HU","og_type":"article","og_title":"A Maileon szakmai h\u00e1ttere","og_description":"A tight-knit international club existing out of our colleagues, partners, experts, and customers. Discover our story here.","og_url":"https:\/\/maileon.com\/hu\/more-maileon\/","og_site_name":"Maileon","article_modified_time":"2024-09-25T07:07:31+00:00","twitter_card":"summary_large_image","twitter_misc":{"Est. reading time":"2 perc"},"schema":{"@context":"https:\/\/schema.org","@graph":[{"@type":"WebPage","@id":"https:\/\/maileon.com\/hu\/more-maileon\/","url":"https:\/\/maileon.com\/hu\/more-maileon\/","name":"More Maileon | Maileon","isPartOf":{"@id":"https:\/\/maileon.com\/hu\/#website"},"datePublished":"2022-10-19T10:54:48+00:00","dateModified":"2024-09-25T07:07:31+00:00","description":"A tight-knit international club existing out of our colleagues, partners, experts, and customers. Discover our story here.","breadcrumb":{"@id":"https:\/\/maileon.com\/hu\/more-maileon\/#breadcrumb"},"inLanguage":"hu","potentialAction":[{"@type":"ReadAction","target":["https:\/\/maileon.com\/hu\/more-maileon\/"]}]},{"@type":"BreadcrumbList","@id":"https:\/\/maileon.com\/hu\/more-maileon\/#breadcrumb","itemListElement":[{"@type":"ListItem","position":1,"name":"Home","item":"https:\/\/maileon.com\/hu\/"},{"@type":"ListItem","position":2,"name":"A Maileon szakmai h\u00e1ttere"}]},{"@type":"WebSite","@id":"https:\/\/maileon.com\/hu\/#website","url":"https:\/\/maileon.com\/hu\/","name":"Maileon","description":"","publisher":{"@id":"https:\/\/maileon.com\/hu\/#organization"},"potentialAction":[{"@type":"SearchAction","target":{"@type":"EntryPoint","urlTemplate":"https:\/\/maileon.com\/hu\/?s={search_term_string}"},"query-input":{"@type":"PropertyValueSpecification","valueRequired":true,"valueName":"search_term_string"}}],"inLanguage":"hu"},{"@type":"Organization","@id":"https:\/\/maileon.com\/hu\/#organization","name":"Maileon","url":"https:\/\/maileon.com\/hu\/","logo":{"@type":"ImageObject","inLanguage":"hu","@id":"https:\/\/maileon.com\/hu\/#\/schema\/logo\/image\/","url":"https:\/\/maileon.com\/app\/uploads\/sites\/4\/2022\/08\/logo.png","contentUrl":"https:\/\/maileon.com\/app\/uploads\/sites\/4\/2022\/08\/logo.png","width":168,"height":33,"caption":"Maileon"},"image":{"@id":"https:\/\/maileon.com\/hu\/#\/schema\/logo\/image\/"}}]}},"_links":{"self":[{"href":"https:\/\/maileon.com\/hu\/wp-json\/wp\/v2\/pages\/2614","targetHints":{"allow":["GET"]}}],"collection":[{"href":"https:\/\/maileon.com\/hu\/wp-json\/wp\/v2\/pages"}],"about":[{"href":"https:\/\/maileon.com\/hu\/wp-json\/wp\/v2\/types\/page"}],"author":[{"embeddable":true,"href":"https:\/\/maileon.com\/hu\/wp-json\/wp\/v2\/users\/7"}],"replies":[{"embeddable":true,"href":"https:\/\/maileon.com\/hu\/wp-json\/wp\/v2\/comments?post=2614"}],"version-history":[{"count":15,"href":"https:\/\/maileon.com\/hu\/wp-json\/wp\/v2\/pages\/2614\/revisions"}],"predecessor-version":[{"id":11115,"href":"https:\/\/maileon.com\/hu\/wp-json\/wp\/v2\/pages\/2614\/revisions\/11115"}],"wp:attachment":[{"href":"https:\/\/maileon.com\/hu\/wp-json\/wp\/v2\/media?parent=2614"}],"wp:term":[{"taxonomy":"category","embeddable":true,"href":"https:\/\/maileon.com\/hu\/wp-json\/wp\/v2\/categories?post=2614"}],"curies":[{"name":"wp","href":"https:\/\/api.w.org\/{rel}","templated":true}]}}