{"id":2607,"date":"2022-10-20T08:05:11","date_gmt":"2022-10-20T08:05:11","guid":{"rendered":"https:\/\/maileon.com\/?page_id=2607"},"modified":"2025-03-18T11:14:49","modified_gmt":"2025-03-18T11:14:49","slug":"expert","status":"publish","type":"page","link":"https:\/\/maileon.com\/hu\/partnerships\/expert\/","title":{"rendered":"Szak\u00e9rt\u0151knek"},"content":{"rendered":"<div\n    class=\"shape-hero-white block-hero-top-curve-sm bg-[length:auto_100%] bg-white bg-right-top lg:bg-right-top bg-no-repeat relative mb-14\">\n    <div class=\"container text-black flex flex-col justify-center items-start px-5 md:px-10 xl:px-40 pt-20\">\n        <div class=\"flex flex-col w-full md:w-2\/3 lg:w-1\/2\">\n            <div class=\"flex flex-col w-full\">\n                \n                    <h1 class=\"heading-1\">\n       Fejleszd v\u00e1llalkoz\u00e1sodat a legmagasabb szakmai szinten.\n    <\/h1>\n                <div class=\"prose text-lg\">\n                    <p>Fejleszd marketingautomatiz\u00e1l\u00e1si tud\u00e1sodat \u00e9s emeld szakmai ismereteidet \u00faj szintre! Dolgozzunk egy\u00fctt, hogy mindig egy l\u00e9p\u00e9ssel a versenyt\u00e1rsaid el\u0151tt j\u00e1rj, \u00e9s a lehet\u0151 legt\u00f6bbet hozd ki marketingfolyamataidb\u00f3l!<\/p>\n                <\/div>\n            <\/div>\n        <\/div>\n                    <div class=\"flex flex-col md:flex-row w-full mt-4 gap-4\">\n                                        <a href=\"https:\/\/maileon.com\/hu\/contact\" target=\"\" class=\"block btn btn-secondary\">\n        Legy\u00e9l a partner\u00fcnk\n    <\/a>                                        <a href=\"https:\/\/maileon.com\/hu\/demo\" target=\"\" class=\"block btn btn-dark\">\n        K\u00e9rj bemutat\u00f3t\n    <\/a>                            <\/div>\n                    <\/div>\n<\/div>\n\n\n<div class=\"container px-0 lg:px-10 xl:px-40 py-4 lg:py-16\">\n    <div class=\"grid grid-cols-1 lg:grid-cols-2 lg:gap-24 mb-8 \">\n                <div class=\" pb-6 md:pt-6\">\n            <img loading=\"lazy\" decoding=\"async\" width=\"1024\" height=\"683\" src=\"https:\/\/maileon.com\/app\/uploads\/sites\/4\/2024\/09\/marksomay_20240902_1253_ZMS3408-1024x683.jpg\" class=\"md:rounded-3xl w-full\" alt=\"\" srcset=\"https:\/\/maileon.com\/app\/uploads\/sites\/4\/2024\/09\/marksomay_20240902_1253_ZMS3408-1024x683.jpg 1024w, https:\/\/maileon.com\/app\/uploads\/sites\/4\/2024\/09\/marksomay_20240902_1253_ZMS3408-300x200.jpg 300w, https:\/\/maileon.com\/app\/uploads\/sites\/4\/2024\/09\/marksomay_20240902_1253_ZMS3408-768x512.jpg 768w, https:\/\/maileon.com\/app\/uploads\/sites\/4\/2024\/09\/marksomay_20240902_1253_ZMS3408-1536x1024.jpg 1536w, https:\/\/maileon.com\/app\/uploads\/sites\/4\/2024\/09\/marksomay_20240902_1253_ZMS3408-2048x1365.jpg 2048w\" sizes=\"auto, (max-width: 1024px) 100vw, 1024px\" \/>        <\/div>\n        <div class=\"lg:py-4 px-5 lg:px-0 lg:order-first\">\n            <div class=\"space-y-4\">\n                                <p class=\"text-gray-800 text-sm mb-4 mt-2\">\n                    Maileon szak\u00e9rt\u0151i partnerkapcsolat                <\/p>\n                    <h2 class=\"heading-3 text-black\">\n       Fogjunk \u00f6ssze: b\u0151v\u00edts\u00fck szakmai tapasztalatunkat\n    <\/h2>                <div class=\"prose\">\n                    <p>Folyamatosan naprak\u00e9sz szakmai trendeket, megold\u00e1sokat \u00e9s t\u00e1mogat\u00e1st ny\u00fajthatsz \u00fcgyfeleidnek egy sk\u00e1l\u00e1zhat\u00f3, megfizethet\u0151 platform seg\u00edts\u00e9g\u00e9vel. Ezzel nemcsak szakmai kompetenci\u00e1idat fejlesztheted, hanem \u00fcgyf\u00e9lk\u00f6r\u00f6det is tov\u00e1bb b\u0151v\u00edtheted. \u00c9rdekel? \u00d6r\u00f6mmel meghallgatn\u00e1nk, \u00e9s megbesz\u00e9ln\u00e9nk az egy\u00fcttm\u0171k\u00f6d\u00e9s lehet\u0151s\u00e9geit!<\/p>\n                <\/div>\n            <\/div>\n                            <div class=\"flex flex-col md:flex-row w-full mt-4 gap-4\">\n                                                                            <a href=\"https:\/\/maileon.com\/hu\/contact\/\" target=\"\" class=\"block btn btn-secondary\">\n        Besz\u00e9lj\u00fcnk\n    <\/a>                                                            <\/div>\n                    <\/div>\n    <\/div>\n<\/div>\n\n\n<div class=\"container px-0 lg:px-10 xl:px-40 py-4 lg:py-16\">\n    <div class=\"grid grid-cols-1 lg:grid-cols-2 lg:gap-24 mb-8 \">\n                <div class=\" pb-6 md:pt-6\">\n            <img loading=\"lazy\" decoding=\"async\" width=\"1024\" height=\"684\" src=\"https:\/\/maileon.com\/app\/uploads\/sites\/4\/2022\/09\/BEELD31_Maileon_20220728_030_WEB-1024x684.jpg\" class=\"md:rounded-3xl w-full\" alt=\"Maileon automation software shown on laptop\" srcset=\"https:\/\/maileon.com\/app\/uploads\/sites\/4\/2022\/09\/BEELD31_Maileon_20220728_030_WEB-1024x684.jpg 1024w, https:\/\/maileon.com\/app\/uploads\/sites\/4\/2022\/09\/BEELD31_Maileon_20220728_030_WEB-300x200.jpg 300w, https:\/\/maileon.com\/app\/uploads\/sites\/4\/2022\/09\/BEELD31_Maileon_20220728_030_WEB-768x513.jpg 768w, https:\/\/maileon.com\/app\/uploads\/sites\/4\/2022\/09\/BEELD31_Maileon_20220728_030_WEB-1536x1025.jpg 1536w, https:\/\/maileon.com\/app\/uploads\/sites\/4\/2022\/09\/BEELD31_Maileon_20220728_030_WEB.jpg 2000w\" sizes=\"auto, (max-width: 1024px) 100vw, 1024px\" \/>        <\/div>\n        <div class=\"lg:py-4 px-5 lg:px-0 \">\n            <div class=\"space-y-4\">\n                                <p class=\"text-gray-800 text-sm mb-4 mt-2\">\n                    Maileon szak\u00e9rt\u0151i partnerkapcsolat                <\/p>\n                    <h2 class=\"heading-3 text-black\">\n       Egy olyan platform, amely a felhaszn\u00e1l\u00f3k sz\u00e9les k\u00f6re sz\u00e1m\u00e1ra ny\u00fajt \u00faj lehet\u0151s\u00e9geket.\n    <\/h2>                <div class=\"prose\">\n                    <p>A vel\u00fcnk val\u00f3 partners\u00e9g lehet\u0151s\u00e9get ad arra, hogy m\u00e9g sz\u00e9lesebb \u00fcgyf\u00e9lk\u00f6rt \u00e9rj el. Platformunk rugalmasan alkalmazkodik k\u00fcl\u00f6nb\u00f6z\u0151 ipar\u00e1gakhoz, v\u00e1llalatm\u00e9retekhez \u00e9s a digit\u00e1lis marketing \u00e9retts\u00e9g elt\u00e9r\u0151 szintjeihez, \u00edgy minden \u00fcgyfeled sz\u00e1m\u00e1ra hat\u00e9kony megold\u00e1st k\u00edn\u00e1lhat. K\u00edv\u00e1ncsi vagy, hogyan m\u0171k\u00f6dik? Ismerd meg a Maileont!<\/p>\n                <\/div>\n            <\/div>\n                            <div class=\"flex flex-col md:flex-row w-full mt-4 gap-4\">\n                                                                            <a href=\"https:\/\/maileon.com\/hu\/platform\/features\/\" target=\"\" class=\"block btn btn-secondary\">\n        Fedezd fel a Maileont\n    <\/a>                                                            <\/div>\n                    <\/div>\n    <\/div>\n<\/div>\n\n\n\n<div class=\"container py-8 px-0 xl:px-40\">\n    <div class=\"px-5 md:px-10 xl:px-40 pb-3 md:mr-24\">\n        <div class=\"prose \">\n            <h2>Rugalmass\u00e1g, hogy az amb\u00edci\u00f3id val\u00f3ra v\u00e1lhassanak<\/h2>\n<p>Szak\u00e9rt\u0151k\u00e9nt az a c\u00e9lod, hogy tud\u00e1sodat, tan\u00e1csaidat \u00e9s t\u00e1mogat\u00e1sodat megoszd a vil\u00e1ggal \u2013 ez azonban kih\u00edv\u00e1sokkal j\u00e1r. \u00dcgyfeleid sz\u00e1m\u00e1ra nemcsak naprak\u00e9sz \u00e9s megb\u00edzhat\u00f3 inform\u00e1ci\u00f3kat kell biztos\u00edtanod, hanem olyan eszk\u00f6z\u00f6ket is, amelyek seg\u00edtik \u0151ket marketingc\u00e9ljaik el\u00e9r\u00e9s\u00e9ben.<\/p>\n<p>A vel\u00fcnk val\u00f3 partners\u00e9g r\u00e9v\u00e9n egy sk\u00e1l\u00e1zhat\u00f3 \u00e9s rugalmas platform szak\u00e9rt\u0151j\u00e9v\u00e9 v\u00e1lhatsz, amelyet k\u00fcl\u00f6nb\u00f6z\u0151 m\u00e9ret\u0171 \u00e9s \u00e9retts\u00e9g\u0171 v\u00e1llalatok is hat\u00e9konyan haszn\u00e1lhatnak. \u00cdgy biztos lehetsz benne, hogy \u00fcgyfeleid a legjobb megold\u00e1sokat kapj\u00e1k \u2013 \u00e9s te is mindig egy l\u00e9p\u00e9ssel el\u0151r\u00e9bb j\u00e1rsz.<\/p>\n        <\/div>\n    <\/div>\n<\/div>\n\n\n\n<div class=\"container px-5 lg:px-10 xl:px-40 py-14 text-primary-500\">\n    <div class=\"text-center\">\n            <h2 class=\"heading-4\">\n       Csatlakozz partnereink sor\u00e1ba\n    <\/h2>    <\/div>\n\n        <div class=\"\">\n        <div class=\"swiper\" x-ref=\"container\" x-data=\"{swiper: null}\" x-init=\"swiper = new Swiper($refs.container, {\n                    modules: [Pagination],\n                    pagination: {\n                        el: '.swiper-pagination',\n                        clickable: true\n                    },\n                    slidesPerView: 1,\n                    slidesOffsetBefore: 0,\n                    slidesOffsetAfter: 0,\n                    spaceBetween: 24,\n\n                    breakpoints: {\n                        420: {\n                          slidesPerView: 2,\n                          slidesPerGroup: 2,\n                          spaceBetween: 24,\n                        },\n                        640: {\n                          slidesPerView: 3,\n                          slidesPerGroup: 3,\n                          spaceBetween: 24,\n                        },\n                        768: {\n                          slidesPerView: 4,\n                          slidesPerGroup: 4,\n                          spaceBetween: 43,\n                        },\n                        1024: {\n                          slidesPerView: 5,\n                          slidesPerGroup: 5,\n                          spaceBetween: 84,\n                        },\n                    },\n                })\">\n            <div class=\"swiper-wrapper mt-5 mb-12\">\n                                <div class=\"swiper-slide px-4 md:px-0 py-4\" >\n                    <div class=\"h-20 md:m-0 bg-contain bg-center bg-no-repeat\"\n                        style=\"background-image: url('https:\/\/maileon.com\/app\/uploads\/sites\/4\/2023\/02\/logo_havas_group.jpg')\">\n                    <\/div>\n                <\/div>\n                                <div class=\"swiper-slide px-4 md:px-0 py-4\" >\n                    <div class=\"h-20 md:m-0 bg-contain bg-center bg-no-repeat\"\n                        style=\"background-image: url('https:\/\/maileon.com\/app\/uploads\/sites\/4\/2023\/02\/images.jpg')\">\n                    <\/div>\n                <\/div>\n                                <div class=\"swiper-slide px-4 md:px-0 py-4\" >\n                    <div class=\"h-20 md:m-0 bg-contain bg-center bg-no-repeat\"\n                        style=\"background-image: url('https:\/\/maileon.com\/app\/uploads\/sites\/4\/2023\/02\/images.png')\">\n                    <\/div>\n                <\/div>\n                                <div class=\"swiper-slide px-4 md:px-0 py-4\" >\n                    <div class=\"h-20 md:m-0 bg-contain bg-center bg-no-repeat\"\n                        style=\"background-image: url('https:\/\/maileon.com\/app\/uploads\/sites\/4\/2023\/02\/27654551_1610649429030015_445202868076616531_n.png')\">\n                    <\/div>\n                <\/div>\n                                <div class=\"swiper-slide px-4 md:px-0 py-4\" >\n                    <div class=\"h-20 md:m-0 bg-contain bg-center bg-no-repeat\"\n                        style=\"background-image: url('https:\/\/maileon.com\/app\/uploads\/sites\/4\/2022\/11\/100EMAIL_Tekst_Zwart_DEF-1024x284.png')\">\n                    <\/div>\n                <\/div>\n                                <div class=\"swiper-slide px-4 md:px-0 py-4\" >\n                    <div class=\"h-20 md:m-0 bg-contain bg-center bg-no-repeat\"\n                        style=\"background-image: url('https:\/\/maileon.com\/app\/uploads\/sites\/4\/2022\/11\/hh-woordmerk-rgb-blue-met-discriptor1666785216logo-1024x472.png')\">\n                    <\/div>\n                <\/div>\n                                <div class=\"swiper-slide px-4 md:px-0 py-4\" >\n                    <div class=\"h-20 md:m-0 bg-contain bg-center bg-no-repeat\"\n                        style=\"background-image: url('https:\/\/maileon.com\/app\/uploads\/sites\/4\/2022\/11\/Ematters_grijs_high_res_1200-1024x535.png')\">\n                    <\/div>\n                <\/div>\n                                <div class=\"swiper-slide px-4 md:px-0 py-4\" >\n                    <div class=\"h-20 md:m-0 bg-contain bg-center bg-no-repeat\"\n                        style=\"background-image: url('https:\/\/maileon.com\/app\/uploads\/sites\/4\/2022\/11\/d732de82-8c01-444b-bfe6-648a0d746718_Megawatt_Advertising_Logo_614x185.png')\">\n                    <\/div>\n                <\/div>\n                                <div class=\"swiper-slide px-4 md:px-0 py-4\" >\n                    <div class=\"h-20 md:m-0 bg-contain bg-center bg-no-repeat\"\n                        style=\"background-image: url('https:\/\/maileon.com\/app\/uploads\/sites\/4\/2022\/11\/Bikkelhart_logo.png')\">\n                    <\/div>\n                <\/div>\n                                <div class=\"swiper-slide px-4 md:px-0 py-4\" >\n                    <div class=\"h-20 md:m-0 bg-contain bg-center bg-no-repeat\"\n                        style=\"background-image: url('https:\/\/maileon.com\/app\/uploads\/sites\/4\/2022\/11\/SportAlliance-logo-1024x275.png')\">\n                    <\/div>\n                <\/div>\n                            <\/div>\n            <div class=\"swiper-pagination\"><\/div>\n        <\/div>\n    <\/div>\n    <\/div>\n\n\n<div class=\"block-hero-top-curve-large bg-no-repeat bg-right-top bg-[length:auto_100%] relative overflow-hidden\">\n    <div class=\"relative lg:absolute lg:right-0 z-0 lg:w-1\/2 xl:w-3\/4 lg:mb-0 w-full\">\n        <img loading=\"lazy\" decoding=\"async\" width=\"1024\" height=\"683\" src=\"https:\/\/maileon.com\/app\/uploads\/sites\/4\/2024\/09\/marksomay_20240902_1333_ZMS3695-1024x683.jpg\" class=\"w-full min-w-[55vw] max-w-[100%]\" alt=\"\" srcset=\"https:\/\/maileon.com\/app\/uploads\/sites\/4\/2024\/09\/marksomay_20240902_1333_ZMS3695-1024x683.jpg 1024w, https:\/\/maileon.com\/app\/uploads\/sites\/4\/2024\/09\/marksomay_20240902_1333_ZMS3695-300x200.jpg 300w, https:\/\/maileon.com\/app\/uploads\/sites\/4\/2024\/09\/marksomay_20240902_1333_ZMS3695-768x512.jpg 768w, https:\/\/maileon.com\/app\/uploads\/sites\/4\/2024\/09\/marksomay_20240902_1333_ZMS3695-1536x1024.jpg 1536w, https:\/\/maileon.com\/app\/uploads\/sites\/4\/2024\/09\/marksomay_20240902_1333_ZMS3695-2048x1365.jpg 2048w\" sizes=\"auto, (max-width: 1024px) 100vw, 1024px\" \/>        <div class=\"absolute bottom-0 w-full block lg:hidden\">\n            <svg xmlns=\"http:\/\/www.w3.org\/2000\/svg\" viewBox=\"0 0 768 100\" class=\"fill-primary\">\n                <path\n                    d=\"M 1221,1000 H -63 c 0,0 6e-4,-745.425 0,-559.546 281.767,-44.575 673.208,42.792 843.517,65.08 170.308,22.288 359.343,4.457 440.483,-45.467 z\"\n                    id=\"path42\" clip-path=\"url(#clipPath289)\" transform=\"translate(0,-420.2691)\"\n                \/>\n            <\/svg>\n        <\/div>\n    <\/div>\n    <div class=\"shape-hero-cta bg-primary lg:bg-transparent bg-cover bg-left bg-no-repeat relative pb-20 md:pb-0 after:shape-hero-cta-bottom after:absolute after:top-0 after:bottom-0 after:bg-no-repeat after:bg-bottom after:bg-contain after:w-full after:pointer-events-none\">\n        <div class=\"container text-primary flex flex-col justify-center items-start px-5 md:px-10 xl:px-40 pt-8 lg:pt-20 pb-16 md:pb-32 lg:pb-20 lg:min-h-[429px] xl:min-h-[603px]\">\n            <div class=\"flex flex-col w-full lg:w-7\/12\">\n                \n                    <h2 class=\"heading-1\">\n       V\u00e1gjunk bele, \u00e9s fedezd fel a lehet\u0151s\u00e9geket!\n    <\/h2>\n                <div class=\"prose prose-invert text-primary text-lg\">\n                    <p>Szeretn\u00e9d szolg\u00e1ltat\u00e1saidat sz\u00e9lesebb k\u00f6z\u00f6ns\u00e9gre kiterjeszteni, \u00e9s a megfelel\u0151 marketing eszk\u00f6z\u00f6ket keresed, amelyek sikereket hoznak neked \u00e9s \u00fcgyfeleidnek? Sz\u00edvesen megismern\u00e9nk t\u00e9ged, \u00fagyhogy kezdj\u00fck el a besz\u00e9lget\u00e9st!<\/p>\n                <\/div>\n            <\/div>\n            <div class=\"flex flex-col md:flex-row w-full mt-4 gap-4\">\n                                                                <a href=\"https:\/\/maileon.com\/hu\/contact\" target=\"\" class=\"block btn btn-secondary\">\n        Keress minket\n    <\/a>                                                <\/div>\n                    <\/div>\n    <\/div>\n<\/div>\n","protected":false},"excerpt":{"rendered":"<p>Szak\u00e9rt\u0151knek<\/p>\n","protected":false},"author":7,"featured_media":0,"parent":2641,"menu_order":0,"comment_status":"closed","ping_status":"closed","template":"","meta":{"_acf_changed":false,"footnotes":""},"categories":[],"class_list":["post-2607","page","type-page","status-publish","hentry"],"acf":[],"yoast_head":"<!-- This site is optimized with the Yoast SEO Premium plugin v26.3 (Yoast SEO v26.3) - https:\/\/yoast.com\/wordpress\/plugins\/seo\/ -->\n<title>Expert Partnerships | Maileon<\/title>\n<meta name=\"description\" content=\"Power up your marketing automation expertise by expanding your software knowledge. Read more about partnering up with us here.\" \/>\n<meta name=\"robots\" content=\"index, follow, max-snippet:-1, max-image-preview:large, max-video-preview:-1\" \/>\n<link rel=\"canonical\" href=\"https:\/\/maileon.com\/hu\/partnerships\/expert\/\" \/>\n<meta property=\"og:locale\" content=\"hu_HU\" \/>\n<meta property=\"og:type\" content=\"article\" \/>\n<meta property=\"og:title\" content=\"Szak\u00e9rt\u0151knek\" \/>\n<meta property=\"og:description\" content=\"Power up your marketing automation expertise by expanding your software knowledge. Read more about partnering up with us here.\" \/>\n<meta property=\"og:url\" content=\"https:\/\/maileon.com\/hu\/partnerships\/expert\/\" \/>\n<meta property=\"og:site_name\" content=\"Maileon\" \/>\n<meta property=\"article:modified_time\" content=\"2025-03-18T11:14:49+00:00\" \/>\n<meta name=\"twitter:card\" content=\"summary_large_image\" \/>\n<meta name=\"twitter:label1\" content=\"Est. reading time\" \/>\n\t<meta name=\"twitter:data1\" content=\"4 perc\" \/>\n<script type=\"application\/ld+json\" class=\"yoast-schema-graph\">{\"@context\":\"https:\/\/schema.org\",\"@graph\":[{\"@type\":\"WebPage\",\"@id\":\"https:\/\/maileon.com\/hu\/partnerships\/expert\/\",\"url\":\"https:\/\/maileon.com\/hu\/partnerships\/expert\/\",\"name\":\"Expert Partnerships | Maileon\",\"isPartOf\":{\"@id\":\"https:\/\/maileon.com\/hu\/#website\"},\"datePublished\":\"2022-10-20T08:05:11+00:00\",\"dateModified\":\"2025-03-18T11:14:49+00:00\",\"description\":\"Power up your marketing automation expertise by expanding your software knowledge. Read more about partnering up with us here.\",\"breadcrumb\":{\"@id\":\"https:\/\/maileon.com\/hu\/partnerships\/expert\/#breadcrumb\"},\"inLanguage\":\"hu\",\"potentialAction\":[{\"@type\":\"ReadAction\",\"target\":[\"https:\/\/maileon.com\/hu\/partnerships\/expert\/\"]}]},{\"@type\":\"BreadcrumbList\",\"@id\":\"https:\/\/maileon.com\/hu\/partnerships\/expert\/#breadcrumb\",\"itemListElement\":[{\"@type\":\"ListItem\",\"position\":1,\"name\":\"Home\",\"item\":\"https:\/\/maileon.com\/hu\/\"},{\"@type\":\"ListItem\",\"position\":2,\"name\":\"Partnerkapcsolatok\",\"item\":\"https:\/\/maileon.com\/hu\/partnerships\/\"},{\"@type\":\"ListItem\",\"position\":3,\"name\":\"Szak\u00e9rt\u0151knek\"}]},{\"@type\":\"WebSite\",\"@id\":\"https:\/\/maileon.com\/hu\/#website\",\"url\":\"https:\/\/maileon.com\/hu\/\",\"name\":\"Maileon\",\"description\":\"\",\"publisher\":{\"@id\":\"https:\/\/maileon.com\/hu\/#organization\"},\"potentialAction\":[{\"@type\":\"SearchAction\",\"target\":{\"@type\":\"EntryPoint\",\"urlTemplate\":\"https:\/\/maileon.com\/hu\/?s={search_term_string}\"},\"query-input\":{\"@type\":\"PropertyValueSpecification\",\"valueRequired\":true,\"valueName\":\"search_term_string\"}}],\"inLanguage\":\"hu\"},{\"@type\":\"Organization\",\"@id\":\"https:\/\/maileon.com\/hu\/#organization\",\"name\":\"Maileon\",\"url\":\"https:\/\/maileon.com\/hu\/\",\"logo\":{\"@type\":\"ImageObject\",\"inLanguage\":\"hu\",\"@id\":\"https:\/\/maileon.com\/hu\/#\/schema\/logo\/image\/\",\"url\":\"https:\/\/maileon.com\/app\/uploads\/sites\/4\/2022\/08\/logo.png\",\"contentUrl\":\"https:\/\/maileon.com\/app\/uploads\/sites\/4\/2022\/08\/logo.png\",\"width\":168,\"height\":33,\"caption\":\"Maileon\"},\"image\":{\"@id\":\"https:\/\/maileon.com\/hu\/#\/schema\/logo\/image\/\"}}]}<\/script>\n<!-- \/ Yoast SEO Premium plugin. -->","yoast_head_json":{"title":"Expert Partnerships | Maileon","description":"Power up your marketing automation expertise by expanding your software knowledge. Read more about partnering up with us here.","robots":{"index":"index","follow":"follow","max-snippet":"max-snippet:-1","max-image-preview":"max-image-preview:large","max-video-preview":"max-video-preview:-1"},"canonical":"https:\/\/maileon.com\/hu\/partnerships\/expert\/","og_locale":"hu_HU","og_type":"article","og_title":"Szak\u00e9rt\u0151knek","og_description":"Power up your marketing automation expertise by expanding your software knowledge. Read more about partnering up with us here.","og_url":"https:\/\/maileon.com\/hu\/partnerships\/expert\/","og_site_name":"Maileon","article_modified_time":"2025-03-18T11:14:49+00:00","twitter_card":"summary_large_image","twitter_misc":{"Est. reading time":"4 perc"},"schema":{"@context":"https:\/\/schema.org","@graph":[{"@type":"WebPage","@id":"https:\/\/maileon.com\/hu\/partnerships\/expert\/","url":"https:\/\/maileon.com\/hu\/partnerships\/expert\/","name":"Expert Partnerships | Maileon","isPartOf":{"@id":"https:\/\/maileon.com\/hu\/#website"},"datePublished":"2022-10-20T08:05:11+00:00","dateModified":"2025-03-18T11:14:49+00:00","description":"Power up your marketing automation expertise by expanding your software knowledge. Read more about partnering up with us here.","breadcrumb":{"@id":"https:\/\/maileon.com\/hu\/partnerships\/expert\/#breadcrumb"},"inLanguage":"hu","potentialAction":[{"@type":"ReadAction","target":["https:\/\/maileon.com\/hu\/partnerships\/expert\/"]}]},{"@type":"BreadcrumbList","@id":"https:\/\/maileon.com\/hu\/partnerships\/expert\/#breadcrumb","itemListElement":[{"@type":"ListItem","position":1,"name":"Home","item":"https:\/\/maileon.com\/hu\/"},{"@type":"ListItem","position":2,"name":"Partnerkapcsolatok","item":"https:\/\/maileon.com\/hu\/partnerships\/"},{"@type":"ListItem","position":3,"name":"Szak\u00e9rt\u0151knek"}]},{"@type":"WebSite","@id":"https:\/\/maileon.com\/hu\/#website","url":"https:\/\/maileon.com\/hu\/","name":"Maileon","description":"","publisher":{"@id":"https:\/\/maileon.com\/hu\/#organization"},"potentialAction":[{"@type":"SearchAction","target":{"@type":"EntryPoint","urlTemplate":"https:\/\/maileon.com\/hu\/?s={search_term_string}"},"query-input":{"@type":"PropertyValueSpecification","valueRequired":true,"valueName":"search_term_string"}}],"inLanguage":"hu"},{"@type":"Organization","@id":"https:\/\/maileon.com\/hu\/#organization","name":"Maileon","url":"https:\/\/maileon.com\/hu\/","logo":{"@type":"ImageObject","inLanguage":"hu","@id":"https:\/\/maileon.com\/hu\/#\/schema\/logo\/image\/","url":"https:\/\/maileon.com\/app\/uploads\/sites\/4\/2022\/08\/logo.png","contentUrl":"https:\/\/maileon.com\/app\/uploads\/sites\/4\/2022\/08\/logo.png","width":168,"height":33,"caption":"Maileon"},"image":{"@id":"https:\/\/maileon.com\/hu\/#\/schema\/logo\/image\/"}}]}},"_links":{"self":[{"href":"https:\/\/maileon.com\/hu\/wp-json\/wp\/v2\/pages\/2607","targetHints":{"allow":["GET"]}}],"collection":[{"href":"https:\/\/maileon.com\/hu\/wp-json\/wp\/v2\/pages"}],"about":[{"href":"https:\/\/maileon.com\/hu\/wp-json\/wp\/v2\/types\/page"}],"author":[{"embeddable":true,"href":"https:\/\/maileon.com\/hu\/wp-json\/wp\/v2\/users\/7"}],"replies":[{"embeddable":true,"href":"https:\/\/maileon.com\/hu\/wp-json\/wp\/v2\/comments?post=2607"}],"version-history":[{"count":14,"href":"https:\/\/maileon.com\/hu\/wp-json\/wp\/v2\/pages\/2607\/revisions"}],"predecessor-version":[{"id":11343,"href":"https:\/\/maileon.com\/hu\/wp-json\/wp\/v2\/pages\/2607\/revisions\/11343"}],"up":[{"embeddable":true,"href":"https:\/\/maileon.com\/hu\/wp-json\/wp\/v2\/pages\/2641"}],"wp:attachment":[{"href":"https:\/\/maileon.com\/hu\/wp-json\/wp\/v2\/media?parent=2607"}],"wp:term":[{"taxonomy":"category","embeddable":true,"href":"https:\/\/maileon.com\/hu\/wp-json\/wp\/v2\/categories?post=2607"}],"curies":[{"name":"wp","href":"https:\/\/api.w.org\/{rel}","templated":true}]}}