{"id":2588,"date":"2022-10-19T10:43:09","date_gmt":"2022-10-19T10:43:09","guid":{"rendered":"https:\/\/maileon.com\/?page_id=2588"},"modified":"2025-03-18T11:07:01","modified_gmt":"2025-03-18T11:07:01","slug":"agency","status":"publish","type":"page","link":"https:\/\/maileon.com\/hu\/partnerships\/agency\/","title":{"rendered":"\u00dcgyn\u00f6ks\u00e9geknek"},"content":{"rendered":"<div\n    class=\"shape-hero-white block-hero-top-curve-sm bg-[length:auto_100%] bg-white bg-right-top lg:bg-right-top bg-no-repeat relative mb-14\">\n    <div class=\"container text-black flex flex-col justify-center items-start px-5 md:px-10 xl:px-40 pt-20\">\n        <div class=\"flex flex-col w-full md:w-2\/3 lg:w-1\/2\">\n            <div class=\"flex flex-col w-full\">\n                \n                    <h1 class=\"heading-1\">\n       Maileon: \u00fcgyn\u00f6ks\u00e9gek sz\u00e1m\u00e1ra tervezve.\n    <\/h1>\n                <div class=\"prose text-lg\">\n                    <p>Engedd szabadj\u00e1ra a kreativit\u00e1sodat, \u00e9s emeld \u00faj szintre digit\u00e1lis \u00fcgyn\u00f6ks\u00e9gedet! Szerezz t\u00f6bb min\u0151s\u00e9gi leadet, \u00e9s biztos\u00edts \u00fcgyfeleid sz\u00e1m\u00e1ra egy hat\u00e9kony marketingautomatiz\u00e1l\u00e1si platformot, amely m\u00e9rhet\u0151 eredm\u00e9nyeket hoz. Megold\u00e1sunk minden jogi el\u0151\u00edr\u00e1snak megfelel, \u00e9s az egyszer\u0171 fi\u00f3kkezel\u00e9snek, valamint \u00e1tl\u00e1that\u00f3 riportoknak k\u00f6sz\u00f6nhet\u0151en k\u00f6nnyed\u00e9n illeszthet\u0151 a p\u00e9nz\u00fcgyi \u00e9s \u00fczleti folyamataidba.<\/p>\n                <\/div>\n            <\/div>\n        <\/div>\n                    <div class=\"flex flex-col md:flex-row w-full mt-4 gap-4\">\n                                        <a href=\"https:\/\/maileon.com\/hu\/contact\" target=\"\" class=\"block btn btn-secondary\">\n        Legy\u00e9l a partner\u00fcnk\n    <\/a>                                        <a href=\"https:\/\/maileon.com\/hu\/demo\" target=\"\" class=\"block btn btn-dark\">\n        K\u00e9rj bemutat\u00f3t\n    <\/a>                            <\/div>\n                    <\/div>\n<\/div>\n\n\n<div class=\"container px-0 lg:px-10 xl:px-40 py-4 lg:py-16\">\n    <div class=\"grid grid-cols-1 lg:grid-cols-2 lg:gap-24 mb-8 \">\n                <div class=\" pb-6 md:pt-6\">\n            <img loading=\"lazy\" decoding=\"async\" width=\"1024\" height=\"684\" src=\"https:\/\/maileon.com\/app\/uploads\/sites\/4\/2022\/09\/BEELD31_Maileon_20220728_009_WEB-1024x684.jpg\" class=\"md:rounded-3xl w-full\" alt=\"\" srcset=\"https:\/\/maileon.com\/app\/uploads\/sites\/4\/2022\/09\/BEELD31_Maileon_20220728_009_WEB-1024x684.jpg 1024w, https:\/\/maileon.com\/app\/uploads\/sites\/4\/2022\/09\/BEELD31_Maileon_20220728_009_WEB-300x200.jpg 300w, https:\/\/maileon.com\/app\/uploads\/sites\/4\/2022\/09\/BEELD31_Maileon_20220728_009_WEB-768x513.jpg 768w, https:\/\/maileon.com\/app\/uploads\/sites\/4\/2022\/09\/BEELD31_Maileon_20220728_009_WEB-1536x1025.jpg 1536w, https:\/\/maileon.com\/app\/uploads\/sites\/4\/2022\/09\/BEELD31_Maileon_20220728_009_WEB.jpg 2000w\" sizes=\"auto, (max-width: 1024px) 100vw, 1024px\" \/>        <\/div>\n        <div class=\"lg:py-4 px-5 lg:px-0 \">\n            <div class=\"space-y-4\">\n                                <p class=\"text-gray-800 text-sm mb-4 mt-2\">\n                    Maileon \u00fcgyn\u00f6ks\u00e9gi partners\u00e9g                <\/p>\n                    <h2 class=\"heading-3 text-black\">\n       \u00daj \u00fczleti modellek \u00e9s t\u00f6bb, folyamatos bev\u00e9teli lehet\u0151s\u00e9g fel\u00e9p\u00edt\u00e9se.\n    <\/h2>                <div class=\"prose\">\n                    <p>Egy \u00fcgyn\u00f6ks\u00e9g munk\u00e1ja soha nem \u00e1ll meg \u2013 ezt mi is j\u00f3l tudjuk. De abban seg\u00edthet\u00fcnk, hogy a csapatod kevesebb id\u0151t t\u00f6lts\u00f6n a technol\u00f3giai h\u00e1tt\u00e9rrel, \u00e9s t\u00f6bbet azzal, ami igaz\u00e1n sz\u00e1m\u00edt: az \u00fcgyfelek el\u00e9gedetts\u00e9g\u00e9vel. Hat\u00e9kony \u00e9s felhaszn\u00e1l\u00f3bar\u00e1t megold\u00e1sainkkal egyszer\u0171s\u00edtj\u00fck a folyamatokat, \u00edgy t\u00f6bb id\u0151 marad a kreat\u00edv \u00e9s strat\u00e9giai munk\u00e1ra.<\/p>\n                <\/div>\n            <\/div>\n                            <div class=\"flex flex-col md:flex-row w-full mt-4 gap-4\">\n                                                                            <a href=\"https:\/\/maileon.com\/hu\/contact\" target=\"\" class=\"block btn btn-secondary\">\n        Keress minket\n    <\/a>                                                            <\/div>\n                    <\/div>\n    <\/div>\n<\/div>\n\n\n<div class=\"container px-0 lg:px-10 xl:px-40 py-4 lg:py-16\">\n    <div class=\"grid grid-cols-1 lg:grid-cols-2 lg:gap-24 mb-8 \">\n                <div class=\" pb-6 md:pt-6\">\n            <img loading=\"lazy\" decoding=\"async\" width=\"1024\" height=\"684\" src=\"https:\/\/maileon.com\/app\/uploads\/sites\/4\/2022\/09\/BEELD31_Maileon_20220728_017_WEB-1024x684.jpg\" class=\"md:rounded-3xl w-full\" alt=\"analytics dashboarding maileon\" srcset=\"https:\/\/maileon.com\/app\/uploads\/sites\/4\/2022\/09\/BEELD31_Maileon_20220728_017_WEB-1024x684.jpg 1024w, https:\/\/maileon.com\/app\/uploads\/sites\/4\/2022\/09\/BEELD31_Maileon_20220728_017_WEB-300x200.jpg 300w, https:\/\/maileon.com\/app\/uploads\/sites\/4\/2022\/09\/BEELD31_Maileon_20220728_017_WEB-768x513.jpg 768w, https:\/\/maileon.com\/app\/uploads\/sites\/4\/2022\/09\/BEELD31_Maileon_20220728_017_WEB-1536x1025.jpg 1536w, https:\/\/maileon.com\/app\/uploads\/sites\/4\/2022\/09\/BEELD31_Maileon_20220728_017_WEB.jpg 2000w\" sizes=\"auto, (max-width: 1024px) 100vw, 1024px\" \/>        <\/div>\n        <div class=\"lg:py-4 px-5 lg:px-0 lg:order-first\">\n            <div class=\"space-y-4\">\n                                <p class=\"text-gray-800 text-sm mb-4 mt-2\">\n                    Maileon \u00fcgyn\u00f6ks\u00e9gi partners\u00e9g program                <\/p>\n                    <h2 class=\"heading-3 text-black\">\n       T\u00e1rsulj: v\u00e1laszd meg, hogyan dolgozol az \u00fcgyfeleiddel\n    <\/h2>                <div class=\"prose\">\n                    <p>Ir\u00e1ny\u00edtsd rugalmasan \u00fcgyf\u00e9lkapcsolataidat! Az \u00fcgyn\u00f6ks\u00e9gi port\u00e1lunk lehet\u0151v\u00e9 teszi, hogy egy helyen kezeld \u00fcgyfeleidet, val\u00f3s id\u0151ben hozz\u00e1f\u00e9rj a sz\u00fcks\u00e9ges inform\u00e1ci\u00f3khoz \u00e9s kimutat\u00e1sokhoz. A partners\u00e9g r\u00e9v\u00e9n saj\u00e1t csomagokat alak\u00edthatsz ki, egyedi \u00e1raz\u00e1st hat\u00e1rozhatsz meg, \u00e9s m\u00e9g t\u00f6bb lehet\u0151s\u00e9get k\u00edn\u00e1lhatsz \u00fcgyfeleid sz\u00e1m\u00e1ra.<\/p>\n                <\/div>\n            <\/div>\n                            <div class=\"flex flex-col md:flex-row w-full mt-4 gap-4\">\n                                                                            <a href=\"https:\/\/maileon.com\/hu\/platform\/features\/\" target=\"\" class=\"block btn btn-secondary\">\n        Fedezd fel a Maileont\n    <\/a>                                                            <\/div>\n                    <\/div>\n    <\/div>\n<\/div>\n\n\n\n<div class=\"container py-8 px-0 xl:px-40\">\n    <div class=\"px-5 md:px-10 xl:px-40 pb-3 md:mr-24\">\n        <div class=\"prose \">\n            <h2><strong>Igazi partners\u00e9g, amelyben a Ti\u00e9d az ir\u00e1ny\u00edt\u00e1s<\/strong><\/h2>\n<p>N\u00e9lk\u00fcled nem tudjuk, \u00e9s nem is akarjuk megval\u00f3s\u00edtani.<\/p>\n<p>Te vagy a szak\u00e9rt\u0151 a tan\u00e1csad\u00e1sban \u00e9s konzult\u00e1ci\u00f3ban, mi pedig a szoftverben, amely t\u00e1mogatja a munk\u00e1dat. Partners\u00e9g\u00fcnk lehet\u0151v\u00e9 teszi, hogy teljes m\u00e9rt\u00e9kben az \u00fcgyfeleidre koncentr\u00e1lj \u2013 pontosan \u00fagy, ahogyan szeretn\u00e9d.<\/p>\n<p>A Maileon teljesen white-label m\u00f3don haszn\u00e1lhat\u00f3, \u00edgy saj\u00e1t log\u00f3ddal \u00e9s arculatoddal alak\u00edthatod ki az \u00fcgyf\u00e9lkezel\u0151 dashboardot. Korl\u00e1tlan sz\u00e1m\u00fa \u00fcgyf\u00e9lsz\u00e1ml\u00e1t hozhatsz l\u00e9tre, mik\u00f6zben \u00fcgyfeleid biztons\u00e1gosan kezelhetik fi\u00f3kjaikat. Ha sz\u00fcks\u00e9ges, tov\u00e1bbi szakmai szolg\u00e1ltat\u00e1sokat is biztos\u00edthatsz sz\u00e1mukra.<\/p>\n<p>A partners\u00e9g t\u00f6bbr\u0151l sz\u00f3l, mint egy rendszer. Szem\u00e9lyes megk\u00f6zel\u00edt\u00e9ssel olyan egy\u00fcttm\u0171k\u00f6d\u00e9st \u00e9p\u00edt\u00fcnk, amely gyors \u00e9s m\u00e9rhet\u0151 eredm\u00e9nyeket hoz. Nem csup\u00e1n egy apr\u00f3 szeletet k\u00edn\u00e1lunk a lehet\u0151s\u00e9gekb\u0151l, hanem hossz\u00fa t\u00e1v\u00fa, fenntarthat\u00f3 n\u00f6veked\u00e9st \u00e9s stabil bev\u00e9teli forr\u00e1st.<\/p>\n<p>tort\u00e1b\u00f3l, hanem val\u00f3di, hossz\u00fa t\u00e1v\u00fa egy\u00fcttm\u0171k\u00f6d\u00e9st, amely fenntarthat\u00f3 bev\u00e9teln\u00f6veked\u00e9st eredm\u00e9nyez.<\/p>\n        <\/div>\n    <\/div>\n<\/div>\n\n\n\n<div class=\"container px-5 lg:px-10 xl:px-40 py-14 text-primary-500\">\n    <div class=\"text-center\">\n            <h2 class=\"heading-4\">\n       Csatlakozz megl\u00e9v\u0151 partnereink t\u00e1bor\u00e1hoz.\n    <\/h2>    <\/div>\n\n        <div class=\"\">\n        <div class=\"swiper\" x-ref=\"container\" x-data=\"{swiper: null}\" x-init=\"swiper = new Swiper($refs.container, {\n                    modules: [Pagination],\n                    pagination: {\n                        el: '.swiper-pagination',\n                        clickable: true\n                    },\n                    slidesPerView: 1,\n                    slidesOffsetBefore: 0,\n                    slidesOffsetAfter: 0,\n                    spaceBetween: 24,\n\n                    breakpoints: {\n                        420: {\n                          slidesPerView: 2,\n                          slidesPerGroup: 2,\n                          spaceBetween: 24,\n                        },\n                        640: {\n                          slidesPerView: 3,\n                          slidesPerGroup: 3,\n                          spaceBetween: 24,\n                        },\n                        768: {\n                          slidesPerView: 4,\n                          slidesPerGroup: 4,\n                          spaceBetween: 43,\n                        },\n                        1024: {\n                          slidesPerView: 5,\n                          slidesPerGroup: 5,\n                          spaceBetween: 84,\n                        },\n                    },\n                })\">\n            <div class=\"swiper-wrapper mt-5 mb-12\">\n                                <div class=\"swiper-slide px-4 md:px-0 py-4\" >\n                    <div class=\"h-20 md:m-0 bg-contain bg-center bg-no-repeat\"\n                        style=\"background-image: url('https:\/\/maileon.com\/app\/uploads\/sites\/4\/2023\/02\/logo_havas_group.jpg')\">\n                    <\/div>\n                <\/div>\n                                <div class=\"swiper-slide px-4 md:px-0 py-4\" >\n                    <div class=\"h-20 md:m-0 bg-contain bg-center bg-no-repeat\"\n                        style=\"background-image: url('https:\/\/maileon.com\/app\/uploads\/sites\/4\/2023\/02\/27654551_1610649429030015_445202868076616531_n.png')\">\n                    <\/div>\n                <\/div>\n                                <div class=\"swiper-slide px-4 md:px-0 py-4\" >\n                    <div class=\"h-20 md:m-0 bg-contain bg-center bg-no-repeat\"\n                        style=\"background-image: url('https:\/\/maileon.com\/app\/uploads\/sites\/4\/2023\/02\/images.png')\">\n                    <\/div>\n                <\/div>\n                                <div class=\"swiper-slide px-4 md:px-0 py-4\" >\n                    <div class=\"h-20 md:m-0 bg-contain bg-center bg-no-repeat\"\n                        style=\"background-image: url('https:\/\/maileon.com\/app\/uploads\/sites\/4\/2023\/02\/images.jpg')\">\n                    <\/div>\n                <\/div>\n                                <div class=\"swiper-slide px-4 md:px-0 py-4\" >\n                    <div class=\"h-20 md:m-0 bg-contain bg-center bg-no-repeat\"\n                        style=\"background-image: url('https:\/\/maileon.com\/app\/uploads\/sites\/4\/2022\/11\/Bikkelhart_logo.png')\">\n                    <\/div>\n                <\/div>\n                                <div class=\"swiper-slide px-4 md:px-0 py-4\" >\n                    <div class=\"h-20 md:m-0 bg-contain bg-center bg-no-repeat\"\n                        style=\"background-image: url('https:\/\/maileon.com\/app\/uploads\/sites\/4\/2022\/11\/Ematters_grijs_high_res_1200-1024x535.png')\">\n                    <\/div>\n                <\/div>\n                                <div class=\"swiper-slide px-4 md:px-0 py-4\" >\n                    <div class=\"h-20 md:m-0 bg-contain bg-center bg-no-repeat\"\n                        style=\"background-image: url('https:\/\/maileon.com\/app\/uploads\/sites\/4\/2022\/11\/d732de82-8c01-444b-bfe6-648a0d746718_Megawatt_Advertising_Logo_614x185.png')\">\n                    <\/div>\n                <\/div>\n                                <div class=\"swiper-slide px-4 md:px-0 py-4\" >\n                    <div class=\"h-20 md:m-0 bg-contain bg-center bg-no-repeat\"\n                        style=\"background-image: url('https:\/\/maileon.com\/app\/uploads\/sites\/4\/2022\/11\/100EMAIL_Tekst_Zwart_DEF-1024x284.png')\">\n                    <\/div>\n                <\/div>\n                                <div class=\"swiper-slide px-4 md:px-0 py-4\" >\n                    <div class=\"h-20 md:m-0 bg-contain bg-center bg-no-repeat\"\n                        style=\"background-image: url('https:\/\/maileon.com\/app\/uploads\/sites\/4\/2022\/11\/hh-woordmerk-rgb-blue-met-discriptor1666785216logo-1024x472.png')\">\n                    <\/div>\n                <\/div>\n                                <div class=\"swiper-slide px-4 md:px-0 py-4\" >\n                    <div class=\"h-20 md:m-0 bg-contain bg-center bg-no-repeat\"\n                        style=\"background-image: url('https:\/\/maileon.com\/app\/uploads\/sites\/4\/2022\/11\/SportAlliance-logo-1024x275.png')\">\n                    <\/div>\n                <\/div>\n                            <\/div>\n            <div class=\"swiper-pagination\"><\/div>\n        <\/div>\n    <\/div>\n    <\/div>\n\n\n<div class=\"block-hero-top-curve-large bg-no-repeat bg-right-top bg-[length:auto_100%] relative overflow-hidden\">\n    <div class=\"relative lg:absolute lg:right-0 z-0 lg:w-1\/2 xl:w-3\/4 lg:mb-0 w-full\">\n        <img loading=\"lazy\" decoding=\"async\" width=\"1024\" height=\"682\" src=\"https:\/\/maileon.com\/app\/uploads\/sites\/4\/2022\/09\/BEELD31_Maileon_20220728_023_WEB-1024x682.jpg\" class=\"w-full min-w-[55vw] max-w-[100%]\" alt=\"\" srcset=\"https:\/\/maileon.com\/app\/uploads\/sites\/4\/2022\/09\/BEELD31_Maileon_20220728_023_WEB-1024x682.jpg 1024w, https:\/\/maileon.com\/app\/uploads\/sites\/4\/2022\/09\/BEELD31_Maileon_20220728_023_WEB-300x200.jpg 300w, https:\/\/maileon.com\/app\/uploads\/sites\/4\/2022\/09\/BEELD31_Maileon_20220728_023_WEB-768x512.jpg 768w, https:\/\/maileon.com\/app\/uploads\/sites\/4\/2022\/09\/BEELD31_Maileon_20220728_023_WEB-1536x1024.jpg 1536w, https:\/\/maileon.com\/app\/uploads\/sites\/4\/2022\/09\/BEELD31_Maileon_20220728_023_WEB.jpg 2000w\" sizes=\"auto, (max-width: 1024px) 100vw, 1024px\" \/>        <div class=\"absolute bottom-0 w-full block lg:hidden\">\n            <svg xmlns=\"http:\/\/www.w3.org\/2000\/svg\" viewBox=\"0 0 768 100\" class=\"fill-primary\">\n                <path\n                    d=\"M 1221,1000 H -63 c 0,0 6e-4,-745.425 0,-559.546 281.767,-44.575 673.208,42.792 843.517,65.08 170.308,22.288 359.343,4.457 440.483,-45.467 z\"\n                    id=\"path42\" clip-path=\"url(#clipPath289)\" transform=\"translate(0,-420.2691)\"\n                \/>\n            <\/svg>\n        <\/div>\n    <\/div>\n    <div class=\"shape-hero-cta bg-primary lg:bg-transparent bg-cover bg-left bg-no-repeat relative pb-20 md:pb-0 after:shape-hero-cta-bottom after:absolute after:top-0 after:bottom-0 after:bg-no-repeat after:bg-bottom after:bg-contain after:w-full after:pointer-events-none\">\n        <div class=\"container text-primary flex flex-col justify-center items-start px-5 md:px-10 xl:px-40 pt-8 lg:pt-20 pb-16 md:pb-32 lg:pb-20 lg:min-h-[429px] xl:min-h-[603px]\">\n            <div class=\"flex flex-col w-full lg:w-7\/12\">\n                \n                    <h2 class=\"heading-1\">\n       V\u00e1gjunk bele!\n    <\/h2>\n                <div class=\"prose prose-invert text-primary text-lg\">\n                    <p>Ti\u00e9d az ir\u00e1ny\u00edt\u00e1s, mi pedig alig v\u00e1rjuk, hogy egy\u00fctt v\u00e1gjunk bele ebbe a kalandba! Szeretn\u00e9d megbesz\u00e9lni a partners\u00e9gr\u0151l alkotott elk\u00e9pzel\u00e9sedet, \u00e9s megn\u00e9zni, hogy esetleg \u00f6sszeill\u00fcnk-e? Csak egy szavadba ker\u00fcl!<\/p>\n                <\/div>\n            <\/div>\n            <div class=\"flex flex-col md:flex-row w-full mt-4 gap-4\">\n                                                                <a href=\"https:\/\/maileon.com\/hu\/contact\" target=\"\" class=\"block btn btn-secondary\">\n        Keress minket\n    <\/a>                                                <\/div>\n                    <\/div>\n    <\/div>\n<\/div>\n","protected":false},"excerpt":{"rendered":"<p>\u00dcgyn\u00f6ks\u00e9geknek<\/p>\n","protected":false},"author":7,"featured_media":0,"parent":2641,"menu_order":0,"comment_status":"closed","ping_status":"closed","template":"","meta":{"_acf_changed":false,"footnotes":""},"categories":[],"class_list":["post-2588","page","type-page","status-publish","hentry"],"acf":[],"yoast_head":"<!-- This site is optimized with the Yoast SEO Premium plugin v26.3 (Yoast SEO v26.3) - https:\/\/yoast.com\/wordpress\/plugins\/seo\/ -->\n<title>Agency Partnerships | Maileon<\/title>\n<meta name=\"description\" content=\"Offer your customers a great marketing automation platform through an agency partnership that keeps you in control. Read more here.\" \/>\n<meta name=\"robots\" content=\"index, follow, max-snippet:-1, max-image-preview:large, max-video-preview:-1\" \/>\n<link rel=\"canonical\" href=\"https:\/\/maileon.com\/hu\/partnerships\/agency\/\" \/>\n<meta property=\"og:locale\" content=\"hu_HU\" \/>\n<meta property=\"og:type\" content=\"article\" \/>\n<meta property=\"og:title\" content=\"\u00dcgyn\u00f6ks\u00e9geknek\" \/>\n<meta property=\"og:description\" content=\"Offer your customers a great marketing automation platform through an agency partnership that keeps you in control. Read more here.\" \/>\n<meta property=\"og:url\" content=\"https:\/\/maileon.com\/hu\/partnerships\/agency\/\" \/>\n<meta property=\"og:site_name\" content=\"Maileon\" \/>\n<meta property=\"article:modified_time\" content=\"2025-03-18T11:07:01+00:00\" \/>\n<meta name=\"twitter:card\" content=\"summary_large_image\" \/>\n<meta name=\"twitter:label1\" content=\"Est. reading time\" \/>\n\t<meta name=\"twitter:data1\" content=\"5 perc\" \/>\n<script type=\"application\/ld+json\" class=\"yoast-schema-graph\">{\"@context\":\"https:\/\/schema.org\",\"@graph\":[{\"@type\":\"WebPage\",\"@id\":\"https:\/\/maileon.com\/hu\/partnerships\/agency\/\",\"url\":\"https:\/\/maileon.com\/hu\/partnerships\/agency\/\",\"name\":\"Agency Partnerships | Maileon\",\"isPartOf\":{\"@id\":\"https:\/\/maileon.com\/hu\/#website\"},\"datePublished\":\"2022-10-19T10:43:09+00:00\",\"dateModified\":\"2025-03-18T11:07:01+00:00\",\"description\":\"Offer your customers a great marketing automation platform through an agency partnership that keeps you in control. Read more here.\",\"breadcrumb\":{\"@id\":\"https:\/\/maileon.com\/hu\/partnerships\/agency\/#breadcrumb\"},\"inLanguage\":\"hu\",\"potentialAction\":[{\"@type\":\"ReadAction\",\"target\":[\"https:\/\/maileon.com\/hu\/partnerships\/agency\/\"]}]},{\"@type\":\"BreadcrumbList\",\"@id\":\"https:\/\/maileon.com\/hu\/partnerships\/agency\/#breadcrumb\",\"itemListElement\":[{\"@type\":\"ListItem\",\"position\":1,\"name\":\"Home\",\"item\":\"https:\/\/maileon.com\/hu\/\"},{\"@type\":\"ListItem\",\"position\":2,\"name\":\"Partnerkapcsolatok\",\"item\":\"https:\/\/maileon.com\/hu\/partnerships\/\"},{\"@type\":\"ListItem\",\"position\":3,\"name\":\"\u00dcgyn\u00f6ks\u00e9geknek\"}]},{\"@type\":\"WebSite\",\"@id\":\"https:\/\/maileon.com\/hu\/#website\",\"url\":\"https:\/\/maileon.com\/hu\/\",\"name\":\"Maileon\",\"description\":\"\",\"publisher\":{\"@id\":\"https:\/\/maileon.com\/hu\/#organization\"},\"potentialAction\":[{\"@type\":\"SearchAction\",\"target\":{\"@type\":\"EntryPoint\",\"urlTemplate\":\"https:\/\/maileon.com\/hu\/?s={search_term_string}\"},\"query-input\":{\"@type\":\"PropertyValueSpecification\",\"valueRequired\":true,\"valueName\":\"search_term_string\"}}],\"inLanguage\":\"hu\"},{\"@type\":\"Organization\",\"@id\":\"https:\/\/maileon.com\/hu\/#organization\",\"name\":\"Maileon\",\"url\":\"https:\/\/maileon.com\/hu\/\",\"logo\":{\"@type\":\"ImageObject\",\"inLanguage\":\"hu\",\"@id\":\"https:\/\/maileon.com\/hu\/#\/schema\/logo\/image\/\",\"url\":\"https:\/\/maileon.com\/app\/uploads\/sites\/4\/2022\/08\/logo.png\",\"contentUrl\":\"https:\/\/maileon.com\/app\/uploads\/sites\/4\/2022\/08\/logo.png\",\"width\":168,\"height\":33,\"caption\":\"Maileon\"},\"image\":{\"@id\":\"https:\/\/maileon.com\/hu\/#\/schema\/logo\/image\/\"}}]}<\/script>\n<!-- \/ Yoast SEO Premium plugin. -->","yoast_head_json":{"title":"Agency Partnerships | Maileon","description":"Offer your customers a great marketing automation platform through an agency partnership that keeps you in control. Read more here.","robots":{"index":"index","follow":"follow","max-snippet":"max-snippet:-1","max-image-preview":"max-image-preview:large","max-video-preview":"max-video-preview:-1"},"canonical":"https:\/\/maileon.com\/hu\/partnerships\/agency\/","og_locale":"hu_HU","og_type":"article","og_title":"\u00dcgyn\u00f6ks\u00e9geknek","og_description":"Offer your customers a great marketing automation platform through an agency partnership that keeps you in control. Read more here.","og_url":"https:\/\/maileon.com\/hu\/partnerships\/agency\/","og_site_name":"Maileon","article_modified_time":"2025-03-18T11:07:01+00:00","twitter_card":"summary_large_image","twitter_misc":{"Est. reading time":"5 perc"},"schema":{"@context":"https:\/\/schema.org","@graph":[{"@type":"WebPage","@id":"https:\/\/maileon.com\/hu\/partnerships\/agency\/","url":"https:\/\/maileon.com\/hu\/partnerships\/agency\/","name":"Agency Partnerships | Maileon","isPartOf":{"@id":"https:\/\/maileon.com\/hu\/#website"},"datePublished":"2022-10-19T10:43:09+00:00","dateModified":"2025-03-18T11:07:01+00:00","description":"Offer your customers a great marketing automation platform through an agency partnership that keeps you in control. Read more here.","breadcrumb":{"@id":"https:\/\/maileon.com\/hu\/partnerships\/agency\/#breadcrumb"},"inLanguage":"hu","potentialAction":[{"@type":"ReadAction","target":["https:\/\/maileon.com\/hu\/partnerships\/agency\/"]}]},{"@type":"BreadcrumbList","@id":"https:\/\/maileon.com\/hu\/partnerships\/agency\/#breadcrumb","itemListElement":[{"@type":"ListItem","position":1,"name":"Home","item":"https:\/\/maileon.com\/hu\/"},{"@type":"ListItem","position":2,"name":"Partnerkapcsolatok","item":"https:\/\/maileon.com\/hu\/partnerships\/"},{"@type":"ListItem","position":3,"name":"\u00dcgyn\u00f6ks\u00e9geknek"}]},{"@type":"WebSite","@id":"https:\/\/maileon.com\/hu\/#website","url":"https:\/\/maileon.com\/hu\/","name":"Maileon","description":"","publisher":{"@id":"https:\/\/maileon.com\/hu\/#organization"},"potentialAction":[{"@type":"SearchAction","target":{"@type":"EntryPoint","urlTemplate":"https:\/\/maileon.com\/hu\/?s={search_term_string}"},"query-input":{"@type":"PropertyValueSpecification","valueRequired":true,"valueName":"search_term_string"}}],"inLanguage":"hu"},{"@type":"Organization","@id":"https:\/\/maileon.com\/hu\/#organization","name":"Maileon","url":"https:\/\/maileon.com\/hu\/","logo":{"@type":"ImageObject","inLanguage":"hu","@id":"https:\/\/maileon.com\/hu\/#\/schema\/logo\/image\/","url":"https:\/\/maileon.com\/app\/uploads\/sites\/4\/2022\/08\/logo.png","contentUrl":"https:\/\/maileon.com\/app\/uploads\/sites\/4\/2022\/08\/logo.png","width":168,"height":33,"caption":"Maileon"},"image":{"@id":"https:\/\/maileon.com\/hu\/#\/schema\/logo\/image\/"}}]}},"_links":{"self":[{"href":"https:\/\/maileon.com\/hu\/wp-json\/wp\/v2\/pages\/2588","targetHints":{"allow":["GET"]}}],"collection":[{"href":"https:\/\/maileon.com\/hu\/wp-json\/wp\/v2\/pages"}],"about":[{"href":"https:\/\/maileon.com\/hu\/wp-json\/wp\/v2\/types\/page"}],"author":[{"embeddable":true,"href":"https:\/\/maileon.com\/hu\/wp-json\/wp\/v2\/users\/7"}],"replies":[{"embeddable":true,"href":"https:\/\/maileon.com\/hu\/wp-json\/wp\/v2\/comments?post=2588"}],"version-history":[{"count":25,"href":"https:\/\/maileon.com\/hu\/wp-json\/wp\/v2\/pages\/2588\/revisions"}],"predecessor-version":[{"id":11340,"href":"https:\/\/maileon.com\/hu\/wp-json\/wp\/v2\/pages\/2588\/revisions\/11340"}],"up":[{"embeddable":true,"href":"https:\/\/maileon.com\/hu\/wp-json\/wp\/v2\/pages\/2641"}],"wp:attachment":[{"href":"https:\/\/maileon.com\/hu\/wp-json\/wp\/v2\/media?parent=2588"}],"wp:term":[{"taxonomy":"category","embeddable":true,"href":"https:\/\/maileon.com\/hu\/wp-json\/wp\/v2\/categories?post=2588"}],"curies":[{"name":"wp","href":"https:\/\/api.w.org\/{rel}","templated":true}]}}