{"id":2567,"date":"2022-10-19T10:29:59","date_gmt":"2022-10-19T10:29:59","guid":{"rendered":"https:\/\/maileon.com\/?page_id=2567"},"modified":"2025-03-18T11:11:07","modified_gmt":"2025-03-18T11:11:07","slug":"tech","status":"publish","type":"page","link":"https:\/\/maileon.com\/hu\/partnerships\/tech\/","title":{"rendered":"Technol\u00f3giai partnerkapcsolatok"},"content":{"rendered":"<div\n    class=\"shape-hero-white block-hero-top-curve-sm bg-[length:auto_100%] bg-white bg-right-top lg:bg-right-top bg-no-repeat relative mb-14\">\n    <div class=\"container text-black flex flex-col justify-center items-start px-5 md:px-10 xl:px-40 pt-20\">\n        <div class=\"flex flex-col w-full md:w-2\/3 lg:w-1\/2\">\n            <div class=\"flex flex-col w-full\">\n                \n                    <h1 class=\"heading-1\">\n       Technol\u00f3giai partners\u00e9g a siker\u00e9rt\n    <\/h1>\n                <div class=\"prose text-lg\">\n                    <p>Hozzuk \u00f6ssze a legokosabb megold\u00e1sokat z\u00f6kken\u0151mentesen, jelenlegi \u00e9s j\u00f6v\u0151beli felhaszn\u00e1l\u00f3ink sz\u00e1m\u00e1ra.<\/p>\n                <\/div>\n            <\/div>\n        <\/div>\n                    <div class=\"flex flex-col md:flex-row w-full mt-4 gap-4\">\n                                        <a href=\"https:\/\/maileon.com\/hu\/contact\" target=\"\" class=\"block btn btn-secondary\">\n        Legy\u00e9l a partner\u00fcnk!\n    <\/a>                                        <a href=\"https:\/\/maileon.com\/hu\/demo\" target=\"\" class=\"block btn btn-dark\">\n        K\u00e9rj rendszerbemutat\u00f3t!\n    <\/a>                            <\/div>\n                    <\/div>\n<\/div>\n\n\n<div class=\"container px-0 lg:px-10 xl:px-40 py-4 lg:py-16\">\n    <div class=\"grid grid-cols-1 lg:grid-cols-2 lg:gap-24 mb-8 \">\n                <div class=\" pb-6 md:pt-6\">\n            <img loading=\"lazy\" decoding=\"async\" width=\"1024\" height=\"684\" src=\"https:\/\/maileon.com\/app\/uploads\/sites\/4\/2022\/09\/BEELD31_Maileon_20220728_030_WEB-1024x684.jpg\" class=\"md:rounded-3xl w-full\" alt=\"Maileon automation software shown on laptop\" srcset=\"https:\/\/maileon.com\/app\/uploads\/sites\/4\/2022\/09\/BEELD31_Maileon_20220728_030_WEB-1024x684.jpg 1024w, https:\/\/maileon.com\/app\/uploads\/sites\/4\/2022\/09\/BEELD31_Maileon_20220728_030_WEB-300x200.jpg 300w, https:\/\/maileon.com\/app\/uploads\/sites\/4\/2022\/09\/BEELD31_Maileon_20220728_030_WEB-768x513.jpg 768w, https:\/\/maileon.com\/app\/uploads\/sites\/4\/2022\/09\/BEELD31_Maileon_20220728_030_WEB-1536x1025.jpg 1536w, https:\/\/maileon.com\/app\/uploads\/sites\/4\/2022\/09\/BEELD31_Maileon_20220728_030_WEB.jpg 2000w\" sizes=\"auto, (max-width: 1024px) 100vw, 1024px\" \/>        <\/div>\n        <div class=\"lg:py-4 px-5 lg:px-0 lg:order-first\">\n            <div class=\"space-y-4\">\n                                <p class=\"text-gray-800 text-sm mb-4 mt-2\">\n                    Technol\u00f3giai partnerkapcsolat                <\/p>\n                    <h2 class=\"heading-3 text-black\">\n       Intelligens kapcsolatok, k\u00f6z\u00f6s er\u0151forr\u00e1sokkal\n    <\/h2>                <div class=\"prose\">\n                    <p>Fantasztikus \u00e9rz\u00e9s, amikor \u00fcgyfeleid pontosan azt a technol\u00f3giai megold\u00e1st kapj\u00e1k, amelyre sz\u00fcks\u00e9g\u00fck van. Ezt az er\u0151s, megb\u00edzhat\u00f3 technol\u00f3giai partners\u00e9gek teszik lehet\u0151v\u00e9. \u00c9ppen ez\u00e9rt elk\u00f6telezettek vagyunk a val\u00f3di kapcsolatok \u00e9s a z\u00f6kken\u0151mentes integr\u00e1ci\u00f3k kialak\u00edt\u00e1sa mellett, hogy a lehet\u0151 legjobb \u00e9lm\u00e9nyt ny\u00fajthassuk \u00fcgyfeleidnek.<\/p>\n                <\/div>\n            <\/div>\n                            <div class=\"flex flex-col md:flex-row w-full mt-4 gap-4\">\n                                                                            <a href=\"https:\/\/maileon.com\/hu\/platform\/features\/\" target=\"\" class=\"block btn btn-secondary\">\n        Ismerd meg platformunkat!\n    <\/a>                                                            <\/div>\n                    <\/div>\n    <\/div>\n<\/div>\n\n\n<div class=\"container px-0 lg:px-10 xl:px-40 py-4 lg:py-16\">\n    <div class=\"grid grid-cols-1 lg:grid-cols-2 lg:gap-24 mb-8 \">\n                <div class=\" pb-6 md:pt-6\">\n            <img loading=\"lazy\" decoding=\"async\" width=\"1024\" height=\"682\" src=\"https:\/\/maileon.com\/app\/uploads\/sites\/4\/2022\/09\/BEELD31_Maileon_20220728_019_WEB-1024x682.jpg\" class=\"md:rounded-3xl w-full\" alt=\"customer support\" srcset=\"https:\/\/maileon.com\/app\/uploads\/sites\/4\/2022\/09\/BEELD31_Maileon_20220728_019_WEB-1024x682.jpg 1024w, https:\/\/maileon.com\/app\/uploads\/sites\/4\/2022\/09\/BEELD31_Maileon_20220728_019_WEB-300x200.jpg 300w, https:\/\/maileon.com\/app\/uploads\/sites\/4\/2022\/09\/BEELD31_Maileon_20220728_019_WEB-768x512.jpg 768w, https:\/\/maileon.com\/app\/uploads\/sites\/4\/2022\/09\/BEELD31_Maileon_20220728_019_WEB-1536x1024.jpg 1536w, https:\/\/maileon.com\/app\/uploads\/sites\/4\/2022\/09\/BEELD31_Maileon_20220728_019_WEB.jpg 2000w\" sizes=\"auto, (max-width: 1024px) 100vw, 1024px\" \/>        <\/div>\n        <div class=\"lg:py-4 px-5 lg:px-0 \">\n            <div class=\"space-y-4\">\n                                <p class=\"text-gray-800 text-sm mb-4 mt-2\">\n                    Technol\u00f3giai partnerkapcsolat                <\/p>\n                    <h2 class=\"heading-3 text-black\">\n       Dolgozzunk egy\u00fctt &#8211;  b\u0151v\u00edtsd vel\u00fcnk technol\u00f3giai eszk\u00f6zt\u00e1rad \u00e9s \u00fcgyf\u00e9lk\u00f6r\u00f6det!\n    <\/h2>                <div class=\"prose\">\n                    <p>A partners\u00e9g az er\u0151forr\u00e1sok \u00f6sszehangol\u00e1s\u00e1r\u00f3l sz\u00f3l \u2013 nemcsak most, hanem a j\u00f6v\u0151ben is. \u00cdgy nemcsak a legjobb \u00e9lm\u00e9nyt biztos\u00edthatjuk k\u00f6z\u00f6s \u00fcgyfeleinknek, hanem \u00faj lehet\u0151s\u00e9geket is teremthet\u00fcnk, hogy m\u00e9g sz\u00e9lesebb k\u00f6rben \u00e9rj\u00fck el a potenci\u00e1lis felhaszn\u00e1l\u00f3kat. \u00d6r\u00f6mmel besz\u00e9lget\u00fcnk arr\u00f3l, hogyan \u00e9p\u00edthet\u00fcnk egy\u00fctt sikeres egy\u00fcttm\u0171k\u00f6d\u00e9st!<\/p>\n                <\/div>\n            <\/div>\n                            <div class=\"flex flex-col md:flex-row w-full mt-4 gap-4\">\n                                                                            <a href=\"https:\/\/maileon.com\/hu\/contact\" target=\"\" class=\"block btn btn-secondary\">\n        Besz\u00e9lgess\u00fcnk!\n    <\/a>                                                            <\/div>\n                    <\/div>\n    <\/div>\n<\/div>\n\n\n\n<div class=\"container py-8 px-0 xl:px-40\">\n    <div class=\"px-5 md:px-10 xl:px-40 pb-3 md:mr-24\">\n        <div class=\"prose \">\n            <h2>Az integr\u00e1ci\u00f3n t\u00falmutat\u00f3 technol\u00f3giai partners\u00e9g<\/h2>\n<p>A technol\u00f3giai partners\u00e9g a legjobb megold\u00e1sok z\u00f6kken\u0151mentes \u00f6sszekapcsol\u00e1s\u00e1val kezd\u0151dik. C\u00e9lunk, hogy szoftvereink t\u00f6k\u00e9letes \u00f6sszhangban m\u0171k\u00f6djenek, \u00e9s hat\u00e9konyan t\u00e1mogass\u00e1k k\u00f6z\u00f6s felhaszn\u00e1l\u00f3ink c\u00e9ljait \u00e9s ig\u00e9nyeit, ezzel kiemelked\u0151 felhaszn\u00e1l\u00f3i \u00e9lm\u00e9nyt teremtve.<\/p>\n<p>De a partners\u00e9g enn\u00e9l t\u00f6bbet jelent. Nem csup\u00e1n k\u00e9t platform erej\u00e9t \u00f6tv\u00f6zz\u00fck, hanem k\u00e9t csapat szak\u00e9rtelm\u00e9t is, lehet\u0151s\u00e9get teremtve a k\u00f6lcs\u00f6n\u00f6s fejl\u0151d\u00e9sre \u00e9s sikerre. Sz\u00e1munkra az egy\u00fcttm\u0171k\u00f6d\u00e9s nem \u00e9r v\u00e9get az integr\u00e1ci\u00f3n\u00e1l \u2013 ez csup\u00e1n a kezdet. Hossz\u00fa t\u00e1von \u00e9p\u00edt\u00fcnk kapcsolatokat, megosztjuk a tud\u00e1st, \u00e9s akt\u00edvan t\u00e1mogatjuk egym\u00e1s n\u00f6veked\u00e9s\u00e9t.<\/p>\n        <\/div>\n    <\/div>\n<\/div>\n\n\n\n<div class=\"container px-5 lg:px-10 xl:px-40 py-14 text-primary-500\">\n    <div class=\"text-center\">\n            <h2 class=\"heading-4\">\n       Csatlakozz partnereinkhez\n    <\/h2>    <\/div>\n\n        <div class=\"\">\n        <div class=\"swiper\" x-ref=\"container\" x-data=\"{swiper: null}\" x-init=\"swiper = new Swiper($refs.container, {\n                    modules: [Pagination],\n                    pagination: {\n                        el: '.swiper-pagination',\n                        clickable: true\n                    },\n                    slidesPerView: 1,\n                    slidesOffsetBefore: 0,\n                    slidesOffsetAfter: 0,\n                    spaceBetween: 24,\n\n                    breakpoints: {\n                        420: {\n                          slidesPerView: 2,\n                          slidesPerGroup: 2,\n                          spaceBetween: 24,\n                        },\n                        640: {\n                          slidesPerView: 3,\n                          slidesPerGroup: 3,\n                          spaceBetween: 24,\n                        },\n                        768: {\n                          slidesPerView: 4,\n                          slidesPerGroup: 4,\n                          spaceBetween: 43,\n                        },\n                        1024: {\n                          slidesPerView: 5,\n                          slidesPerGroup: 5,\n                          spaceBetween: 84,\n                        },\n                    },\n                })\">\n            <div class=\"swiper-wrapper mt-5 mb-12\">\n                                <div class=\"swiper-slide px-4 md:px-0 py-4\" >\n                    <div class=\"h-20 md:m-0 bg-contain bg-center bg-no-repeat\"\n                        style=\"background-image: url('https:\/\/maileon.com\/app\/uploads\/sites\/4\/2022\/12\/logos-for-integration-5-1024x683.png')\">\n                    <\/div>\n                <\/div>\n                                <div class=\"swiper-slide px-4 md:px-0 py-4\" >\n                    <div class=\"h-20 md:m-0 bg-contain bg-center bg-no-repeat\"\n                        style=\"background-image: url('https:\/\/maileon.com\/app\/uploads\/sites\/4\/2022\/11\/SportAlliance-logo-1024x275.png')\">\n                    <\/div>\n                <\/div>\n                                <div class=\"swiper-slide px-4 md:px-0 py-4\" >\n                    <div class=\"h-20 md:m-0 bg-contain bg-center bg-no-repeat\"\n                        style=\"background-image: url('https:\/\/maileon.com\/app\/uploads\/sites\/4\/2022\/12\/adpage2.png')\">\n                    <\/div>\n                <\/div>\n                                <div class=\"swiper-slide px-4 md:px-0 py-4\" >\n                    <div class=\"h-20 md:m-0 bg-contain bg-center bg-no-repeat\"\n                        style=\"background-image: url('https:\/\/maileon.com\/app\/uploads\/sites\/4\/2022\/12\/Sparque-1.png')\">\n                    <\/div>\n                <\/div>\n                                <div class=\"swiper-slide px-4 md:px-0 py-4\" >\n                    <div class=\"h-20 md:m-0 bg-contain bg-center bg-no-repeat\"\n                        style=\"background-image: url('https:\/\/maileon.com\/app\/uploads\/sites\/4\/2022\/12\/logos-for-integration-4-1024x683.png')\">\n                    <\/div>\n                <\/div>\n                                <div class=\"swiper-slide px-4 md:px-0 py-4\" >\n                    <div class=\"h-20 md:m-0 bg-contain bg-center bg-no-repeat\"\n                        style=\"background-image: url('https:\/\/maileon.com\/app\/uploads\/sites\/4\/2022\/12\/logos-for-integration-3-1024x683.png')\">\n                    <\/div>\n                <\/div>\n                            <\/div>\n            <div class=\"swiper-pagination\"><\/div>\n        <\/div>\n    <\/div>\n    <\/div>\n\n\n<div class=\"block-hero-top-curve-large bg-no-repeat bg-right-top bg-[length:auto_100%] relative overflow-hidden\">\n    <div class=\"relative lg:absolute lg:right-0 z-0 lg:w-1\/2 xl:w-3\/4 lg:mb-0 w-full\">\n        <img loading=\"lazy\" decoding=\"async\" width=\"1024\" height=\"682\" src=\"https:\/\/maileon.com\/app\/uploads\/sites\/4\/2022\/09\/BEELD31_Maileon_20220728_023_WEB-1024x682.jpg\" class=\"w-full min-w-[55vw] max-w-[100%]\" alt=\"\" srcset=\"https:\/\/maileon.com\/app\/uploads\/sites\/4\/2022\/09\/BEELD31_Maileon_20220728_023_WEB-1024x682.jpg 1024w, https:\/\/maileon.com\/app\/uploads\/sites\/4\/2022\/09\/BEELD31_Maileon_20220728_023_WEB-300x200.jpg 300w, https:\/\/maileon.com\/app\/uploads\/sites\/4\/2022\/09\/BEELD31_Maileon_20220728_023_WEB-768x512.jpg 768w, https:\/\/maileon.com\/app\/uploads\/sites\/4\/2022\/09\/BEELD31_Maileon_20220728_023_WEB-1536x1024.jpg 1536w, https:\/\/maileon.com\/app\/uploads\/sites\/4\/2022\/09\/BEELD31_Maileon_20220728_023_WEB.jpg 2000w\" sizes=\"auto, (max-width: 1024px) 100vw, 1024px\" \/>        <div class=\"absolute bottom-0 w-full block lg:hidden\">\n            <svg xmlns=\"http:\/\/www.w3.org\/2000\/svg\" viewBox=\"0 0 768 100\" class=\"fill-primary\">\n                <path\n                    d=\"M 1221,1000 H -63 c 0,0 6e-4,-745.425 0,-559.546 281.767,-44.575 673.208,42.792 843.517,65.08 170.308,22.288 359.343,4.457 440.483,-45.467 z\"\n                    id=\"path42\" clip-path=\"url(#clipPath289)\" transform=\"translate(0,-420.2691)\"\n                \/>\n            <\/svg>\n        <\/div>\n    <\/div>\n    <div class=\"shape-hero-cta bg-primary lg:bg-transparent bg-cover bg-left bg-no-repeat relative pb-20 md:pb-0 after:shape-hero-cta-bottom after:absolute after:top-0 after:bottom-0 after:bg-no-repeat after:bg-bottom after:bg-contain after:w-full after:pointer-events-none\">\n        <div class=\"container text-primary flex flex-col justify-center items-start px-5 md:px-10 xl:px-40 pt-8 lg:pt-20 pb-16 md:pb-32 lg:pb-20 lg:min-h-[429px] xl:min-h-[603px]\">\n            <div class=\"flex flex-col w-full lg:w-7\/12\">\n                \n                    <h2 class=\"heading-1\">\n       Szeret\u00fcnk egy\u00fctt dolgozni\n    <\/h2>\n                <div class=\"prose prose-invert text-primary text-lg\">\n                    <p>Ak\u00e1r partneri kapcsolatot keres, ak\u00e1r csak er\u0151s integr\u00e1ci\u00f3kat szeretne ki\u00e9p\u00edteni: v\u00e1rjuk a jelentkez\u00e9sed!<\/p>\n                <\/div>\n            <\/div>\n            <div class=\"flex flex-col md:flex-row w-full mt-4 gap-4\">\n                                                                <a href=\"https:\/\/maileon.com\/hu\/contact\" target=\"\" class=\"block btn btn-secondary\">\n        Kapcsolat\n    <\/a>                                                <\/div>\n                    <\/div>\n    <\/div>\n<\/div>\n","protected":false},"excerpt":{"rendered":"<p>Technol\u00f3giai partnerkapcsolatok<\/p>\n","protected":false},"author":7,"featured_media":0,"parent":2641,"menu_order":0,"comment_status":"closed","ping_status":"closed","template":"","meta":{"_acf_changed":false,"footnotes":""},"categories":[],"class_list":["post-2567","page","type-page","status-publish","hentry"],"acf":[],"yoast_head":"<!-- This site is optimized with the Yoast SEO Premium plugin v26.3 (Yoast SEO v26.3) - https:\/\/yoast.com\/wordpress\/plugins\/seo\/ -->\n<title>Tech Partnerships | Maileon<\/title>\n<meta name=\"description\" content=\"Let\u2019s bring the smartest solutions seamlessly together. For our current and future users. Read more about partnering up with Maileon here.\" \/>\n<meta name=\"robots\" content=\"index, follow, max-snippet:-1, max-image-preview:large, max-video-preview:-1\" \/>\n<link rel=\"canonical\" href=\"https:\/\/maileon.com\/hu\/partnerships\/tech\/\" \/>\n<meta property=\"og:locale\" content=\"hu_HU\" \/>\n<meta property=\"og:type\" content=\"article\" \/>\n<meta property=\"og:title\" content=\"Technol\u00f3giai partnerkapcsolatok\" \/>\n<meta property=\"og:description\" content=\"Let\u2019s bring the smartest solutions seamlessly together. For our current and future users. Read more about partnering up with Maileon here.\" \/>\n<meta property=\"og:url\" content=\"https:\/\/maileon.com\/hu\/partnerships\/tech\/\" \/>\n<meta property=\"og:site_name\" content=\"Maileon\" \/>\n<meta property=\"article:modified_time\" content=\"2025-03-18T11:11:07+00:00\" \/>\n<meta name=\"twitter:card\" content=\"summary_large_image\" \/>\n<meta name=\"twitter:label1\" content=\"Est. reading time\" \/>\n\t<meta name=\"twitter:data1\" content=\"4 perc\" \/>\n<script type=\"application\/ld+json\" class=\"yoast-schema-graph\">{\"@context\":\"https:\/\/schema.org\",\"@graph\":[{\"@type\":\"WebPage\",\"@id\":\"https:\/\/maileon.com\/hu\/partnerships\/tech\/\",\"url\":\"https:\/\/maileon.com\/hu\/partnerships\/tech\/\",\"name\":\"Tech Partnerships | Maileon\",\"isPartOf\":{\"@id\":\"https:\/\/maileon.com\/hu\/#website\"},\"datePublished\":\"2022-10-19T10:29:59+00:00\",\"dateModified\":\"2025-03-18T11:11:07+00:00\",\"description\":\"Let\u2019s bring the smartest solutions seamlessly together. For our current and future users. Read more about partnering up with Maileon here.\",\"breadcrumb\":{\"@id\":\"https:\/\/maileon.com\/hu\/partnerships\/tech\/#breadcrumb\"},\"inLanguage\":\"hu\",\"potentialAction\":[{\"@type\":\"ReadAction\",\"target\":[\"https:\/\/maileon.com\/hu\/partnerships\/tech\/\"]}]},{\"@type\":\"BreadcrumbList\",\"@id\":\"https:\/\/maileon.com\/hu\/partnerships\/tech\/#breadcrumb\",\"itemListElement\":[{\"@type\":\"ListItem\",\"position\":1,\"name\":\"Home\",\"item\":\"https:\/\/maileon.com\/hu\/\"},{\"@type\":\"ListItem\",\"position\":2,\"name\":\"Partnerkapcsolatok\",\"item\":\"https:\/\/maileon.com\/hu\/partnerships\/\"},{\"@type\":\"ListItem\",\"position\":3,\"name\":\"Technol\u00f3giai partnerkapcsolatok\"}]},{\"@type\":\"WebSite\",\"@id\":\"https:\/\/maileon.com\/hu\/#website\",\"url\":\"https:\/\/maileon.com\/hu\/\",\"name\":\"Maileon\",\"description\":\"\",\"publisher\":{\"@id\":\"https:\/\/maileon.com\/hu\/#organization\"},\"potentialAction\":[{\"@type\":\"SearchAction\",\"target\":{\"@type\":\"EntryPoint\",\"urlTemplate\":\"https:\/\/maileon.com\/hu\/?s={search_term_string}\"},\"query-input\":{\"@type\":\"PropertyValueSpecification\",\"valueRequired\":true,\"valueName\":\"search_term_string\"}}],\"inLanguage\":\"hu\"},{\"@type\":\"Organization\",\"@id\":\"https:\/\/maileon.com\/hu\/#organization\",\"name\":\"Maileon\",\"url\":\"https:\/\/maileon.com\/hu\/\",\"logo\":{\"@type\":\"ImageObject\",\"inLanguage\":\"hu\",\"@id\":\"https:\/\/maileon.com\/hu\/#\/schema\/logo\/image\/\",\"url\":\"https:\/\/maileon.com\/app\/uploads\/sites\/4\/2022\/08\/logo.png\",\"contentUrl\":\"https:\/\/maileon.com\/app\/uploads\/sites\/4\/2022\/08\/logo.png\",\"width\":168,\"height\":33,\"caption\":\"Maileon\"},\"image\":{\"@id\":\"https:\/\/maileon.com\/hu\/#\/schema\/logo\/image\/\"}}]}<\/script>\n<!-- \/ Yoast SEO Premium plugin. -->","yoast_head_json":{"title":"Tech Partnerships | Maileon","description":"Let\u2019s bring the smartest solutions seamlessly together. For our current and future users. Read more about partnering up with Maileon here.","robots":{"index":"index","follow":"follow","max-snippet":"max-snippet:-1","max-image-preview":"max-image-preview:large","max-video-preview":"max-video-preview:-1"},"canonical":"https:\/\/maileon.com\/hu\/partnerships\/tech\/","og_locale":"hu_HU","og_type":"article","og_title":"Technol\u00f3giai partnerkapcsolatok","og_description":"Let\u2019s bring the smartest solutions seamlessly together. For our current and future users. Read more about partnering up with Maileon here.","og_url":"https:\/\/maileon.com\/hu\/partnerships\/tech\/","og_site_name":"Maileon","article_modified_time":"2025-03-18T11:11:07+00:00","twitter_card":"summary_large_image","twitter_misc":{"Est. reading time":"4 perc"},"schema":{"@context":"https:\/\/schema.org","@graph":[{"@type":"WebPage","@id":"https:\/\/maileon.com\/hu\/partnerships\/tech\/","url":"https:\/\/maileon.com\/hu\/partnerships\/tech\/","name":"Tech Partnerships | Maileon","isPartOf":{"@id":"https:\/\/maileon.com\/hu\/#website"},"datePublished":"2022-10-19T10:29:59+00:00","dateModified":"2025-03-18T11:11:07+00:00","description":"Let\u2019s bring the smartest solutions seamlessly together. For our current and future users. Read more about partnering up with Maileon here.","breadcrumb":{"@id":"https:\/\/maileon.com\/hu\/partnerships\/tech\/#breadcrumb"},"inLanguage":"hu","potentialAction":[{"@type":"ReadAction","target":["https:\/\/maileon.com\/hu\/partnerships\/tech\/"]}]},{"@type":"BreadcrumbList","@id":"https:\/\/maileon.com\/hu\/partnerships\/tech\/#breadcrumb","itemListElement":[{"@type":"ListItem","position":1,"name":"Home","item":"https:\/\/maileon.com\/hu\/"},{"@type":"ListItem","position":2,"name":"Partnerkapcsolatok","item":"https:\/\/maileon.com\/hu\/partnerships\/"},{"@type":"ListItem","position":3,"name":"Technol\u00f3giai partnerkapcsolatok"}]},{"@type":"WebSite","@id":"https:\/\/maileon.com\/hu\/#website","url":"https:\/\/maileon.com\/hu\/","name":"Maileon","description":"","publisher":{"@id":"https:\/\/maileon.com\/hu\/#organization"},"potentialAction":[{"@type":"SearchAction","target":{"@type":"EntryPoint","urlTemplate":"https:\/\/maileon.com\/hu\/?s={search_term_string}"},"query-input":{"@type":"PropertyValueSpecification","valueRequired":true,"valueName":"search_term_string"}}],"inLanguage":"hu"},{"@type":"Organization","@id":"https:\/\/maileon.com\/hu\/#organization","name":"Maileon","url":"https:\/\/maileon.com\/hu\/","logo":{"@type":"ImageObject","inLanguage":"hu","@id":"https:\/\/maileon.com\/hu\/#\/schema\/logo\/image\/","url":"https:\/\/maileon.com\/app\/uploads\/sites\/4\/2022\/08\/logo.png","contentUrl":"https:\/\/maileon.com\/app\/uploads\/sites\/4\/2022\/08\/logo.png","width":168,"height":33,"caption":"Maileon"},"image":{"@id":"https:\/\/maileon.com\/hu\/#\/schema\/logo\/image\/"}}]}},"_links":{"self":[{"href":"https:\/\/maileon.com\/hu\/wp-json\/wp\/v2\/pages\/2567","targetHints":{"allow":["GET"]}}],"collection":[{"href":"https:\/\/maileon.com\/hu\/wp-json\/wp\/v2\/pages"}],"about":[{"href":"https:\/\/maileon.com\/hu\/wp-json\/wp\/v2\/types\/page"}],"author":[{"embeddable":true,"href":"https:\/\/maileon.com\/hu\/wp-json\/wp\/v2\/users\/7"}],"replies":[{"embeddable":true,"href":"https:\/\/maileon.com\/hu\/wp-json\/wp\/v2\/comments?post=2567"}],"version-history":[{"count":6,"href":"https:\/\/maileon.com\/hu\/wp-json\/wp\/v2\/pages\/2567\/revisions"}],"predecessor-version":[{"id":11341,"href":"https:\/\/maileon.com\/hu\/wp-json\/wp\/v2\/pages\/2567\/revisions\/11341"}],"up":[{"embeddable":true,"href":"https:\/\/maileon.com\/hu\/wp-json\/wp\/v2\/pages\/2641"}],"wp:attachment":[{"href":"https:\/\/maileon.com\/hu\/wp-json\/wp\/v2\/media?parent=2567"}],"wp:term":[{"taxonomy":"category","embeddable":true,"href":"https:\/\/maileon.com\/hu\/wp-json\/wp\/v2\/categories?post=2567"}],"curies":[{"name":"wp","href":"https:\/\/api.w.org\/{rel}","templated":true}]}}