{"id":2436,"date":"2022-10-18T14:11:44","date_gmt":"2022-10-18T14:11:44","guid":{"rendered":"https:\/\/maileon.com\/?page_id=2436"},"modified":"2023-02-17T09:44:42","modified_gmt":"2023-02-17T09:44:42","slug":"personalised-dynamic-content","status":"publish","type":"page","link":"https:\/\/maileon.com\/hu\/platform\/features\/personalised-dynamic-content\/","title":{"rendered":"Perszonaliz\u00e1ci\u00f3 \u00e9s dinamikus tartalmak"},"content":{"rendered":"\n<div class=\"relative shape-hero-main block-hero-top-curve-sm block-hero-bottom-curve bg-primary bg-no-repeat bg-right-top bg-contain mb-14\">\n    <div\n        class=\"container relative text-primary flex flex-col justify-center items-start px-5 md:px-10 xl:px-40 pt-44 md:pt-64 lg:pt-20 pb-24 lg:pb-20 min-h-[681px] md:min-h-[607px] lg:min-h-[466px] xl:min-h-[656px]\"\n    >\n        <div class=\"flex flex-col w-full md:9\/12 lg:w-7\/12\">\n            \n                <h1 class=\"heading-1\">\n       Szem\u00e9lyre szabott \u00e9s dinamikus tartalom a hat\u00e9kony kamp\u00e1nyokhoz\n    <\/h1>\n            <div class=\"prose prose-invert text-primary text-lg\">\n                <p>Jav\u00edtsd a megnyit\u00e1si ar\u00e1nyt, \u00e9rd el \u00fcgyfeleidet szem\u00e9lyre szabott tartalmakkal a Maileonban!<\/p>\n            <\/div>\n        <\/div>\n        <div class=\"flex flex-col md:flex-row w-full mt-4 gap-4\">\n                                                    <a href=\"https:\/\/maileon.com\/demo\" target=\"\" class=\"block btn btn-secondary\">\n        K\u00e9rj dem\u00f3t\n    <\/a>                                        <a href=\"https:\/\/maileon.com\/competitors\" target=\"\" class=\"block btn btn-primary-default\">\n        Hasonl\u00edtsd \u00f6ssze a rendszereket\n    <\/a>                                    <\/div>\n            <\/div>\n<\/div>\n\n\n\n<div class=\"container py-8 px-0 xl:px-40\">\n    <div class=\"px-5 md:px-10 xl:px-40 pb-3 md:mr-24\">\n        <div class=\"prose \">\n            <h3>N\u00f6veld a megnyit\u00e1si ar\u00e1nyt szem\u00e9lyre szabott tartalommal<\/h3>\n<p>Ugord \u00e1t a k\u00f6z\u00f6ns\u00e9ged postal\u00e1d\u00e1j\u00e1nak z\u0171rzavar\u00e1t relev\u00e1ns, szem\u00e9lyre szabott mondanival\u00f3val.<\/p>\n<p>Az e-mail marketing kamp\u00e1nyok szem\u00e9lyre szab\u00e1s\u00e1val a k\u00f6z\u00f6ns\u00e9g \u00e9rdekl\u0151d\u00e9si k\u00f6r\u00e9nek megfelel\u0151en n\u00f6velheted a megnyit\u00e1si ar\u00e1nyt \u00e9s a bev\u00e9teleket. A szem\u00e9lyre szab\u00e1ssal a c\u00edmzettek olyan relev\u00e1ns leveleket kapnak, amelyek k\u00f6zvetlen\u00fcl \u0151ket c\u00e9lozz\u00e1k meg, \u00e9s sz\u00e1mukra fontos vagy hasznos inform\u00e1ci\u00f3kat tartalmaznak, \u00edgy nagyobb a val\u00f3sz\u00edn\u0171s\u00e9ge annak, hogy az \u00fczeneteket megnyitj\u00e1k \u00e9s id\u0151t sz\u00e1nnak r\u00e1.<\/p>\n        <\/div>\n    <\/div>\n<\/div>\n\n\n<div class=\"container px-0 lg:px-10 xl:px-40 py-4 lg:py-16\">\n    <div class=\"grid grid-cols-1 lg:grid-cols-2 lg:gap-24 mb-8 \">\n                <div class=\" pb-6 md:pt-6\">\n            <img loading=\"lazy\" decoding=\"async\" width=\"1024\" height=\"684\" src=\"https:\/\/maileon.com\/app\/uploads\/sites\/4\/2022\/09\/BEELD31_Maileon_20220728_028_WEB-1024x684.jpg\" class=\"md:rounded-3xl w-full\" alt=\"\" srcset=\"https:\/\/maileon.com\/app\/uploads\/sites\/4\/2022\/09\/BEELD31_Maileon_20220728_028_WEB-1024x684.jpg 1024w, https:\/\/maileon.com\/app\/uploads\/sites\/4\/2022\/09\/BEELD31_Maileon_20220728_028_WEB-300x200.jpg 300w, https:\/\/maileon.com\/app\/uploads\/sites\/4\/2022\/09\/BEELD31_Maileon_20220728_028_WEB-768x513.jpg 768w, https:\/\/maileon.com\/app\/uploads\/sites\/4\/2022\/09\/BEELD31_Maileon_20220728_028_WEB-1536x1025.jpg 1536w, https:\/\/maileon.com\/app\/uploads\/sites\/4\/2022\/09\/BEELD31_Maileon_20220728_028_WEB.jpg 2000w\" sizes=\"auto, (max-width: 1024px) 100vw, 1024px\" \/>        <\/div>\n        <div class=\"lg:py-4 px-5 lg:px-0 \">\n            <div class=\"space-y-4\">\n                                <p class=\"text-gray-800 text-sm mb-4 mt-2\">\n                                    <\/p>\n                    <h2 class=\"heading-3 text-black\">\n       A kulcs a szem\u00e9lyre szabhat\u00f3s\u00e1g\n    <\/h2>                <div class=\"prose\">\n                    <p>Az e-mailek szem\u00e9lyre szab\u00e1s\u00e1nak k\u00fcl\u00f6nb\u00f6z\u0151 m\u00f3djai vannak, \u00e9s ezek \u00f6sszetetts\u00e9ge is elt\u00e9r\u0151 lehet. A feliratkoz\u00f3 nev\u00e9nek a t\u00e1rgysorba val\u00f3 beilleszt\u00e9s\u00e9t\u0151l kezdve a c\u00edmzett nem\u00e9n, tart\u00f3zkod\u00e1si hely\u00e9n, v\u00e1s\u00e1rl\u00f3i magatart\u00e1s\u00e1n vagy \u00e9pp a m\u00e1rk\u00e1val val\u00f3 kapcsolattart\u00e1son alapul\u00f3 dinamikus tartalomig hatalmas a lehet\u0151s\u00e9gek t\u00e1rh\u00e1za!<\/p>\n<p>Alapvet\u0151 fontoss\u00e1g\u00fa, hogy id\u0151t sz\u00e1nj arra, hogy kital\u00e1ld, mi m\u0171k\u00f6dik a te v\u00e1llalkoz\u00e1sod sz\u00e1m\u00e1ra: a fogyaszt\u00f3kkal kommunik\u00e1l\u00f3 kiskeresked\u0151knek eg\u00e9szen m\u00e1s ig\u00e9nyeik vannak, mint az ugyanezt v\u00e9gz\u0151 biztos\u00edt\u00f3t\u00e1rsas\u00e1goknak. A szem\u00e9lyre szab\u00e1s azonban mindk\u00e9t c\u00e9lcsoport eset\u00e9ben el\u0151seg\u00edtheti az \u00fczenet c\u00e9lba \u00e9r\u00e9s\u00e9t, \u00e9s a k\u00edv\u00e1nt elk\u00f6telezetts\u00e9get \u00e9s cselekv\u00e9st eredm\u00e9nyezheti.<\/p>\n                <\/div>\n            <\/div>\n                    <\/div>\n    <\/div>\n<\/div>\n\n\n<div class=\"container px-0 lg:px-10 xl:px-40 py-4 lg:py-16\">\n    <div class=\"grid grid-cols-1 lg:grid-cols-2 lg:gap-24 mb-8 \">\n                <div class=\" pb-6 md:pt-6\">\n            <img loading=\"lazy\" decoding=\"async\" width=\"1000\" height=\"1000\" src=\"https:\/\/maileon.com\/app\/uploads\/sites\/4\/2022\/11\/Vorlagen-Templates-T.png\" class=\"md:rounded-3xl w-full\" alt=\"\" srcset=\"https:\/\/maileon.com\/app\/uploads\/sites\/4\/2022\/11\/Vorlagen-Templates-T.png 1000w, https:\/\/maileon.com\/app\/uploads\/sites\/4\/2022\/11\/Vorlagen-Templates-T-300x300.png 300w, https:\/\/maileon.com\/app\/uploads\/sites\/4\/2022\/11\/Vorlagen-Templates-T-150x150.png 150w, https:\/\/maileon.com\/app\/uploads\/sites\/4\/2022\/11\/Vorlagen-Templates-T-768x768.png 768w\" sizes=\"auto, (max-width: 1000px) 100vw, 1000px\" \/>        <\/div>\n        <div class=\"lg:py-4 px-5 lg:px-0 lg:order-first\">\n            <div class=\"space-y-4\">\n                                <p class=\"text-gray-800 text-sm mb-4 mt-2\">\n                                    <\/p>\n                    <h2 class=\"heading-3 text-black\">\n       N\u00f6veld a relevanci\u00e1t dinamikus tartalommal\n    <\/h2>                <div class=\"prose\">\n                    <p>A szem\u00e9lyre szab\u00e1snak nem kell meg\u00e1llnia az e-mail vagy a t\u00e1rgysor egy kis r\u00e9szlet\u00e9n\u00e9l! A Maileon seg\u00edts\u00e9g\u00e9vel teljes elemeket vagy ak\u00e1r eg\u00e9sz e-maileket alak\u00edthatsz teljesen dinamikuss\u00e1.<\/p>\n<p>A dinamikus tartalom \u00e9s elemek haszn\u00e1lat\u00e1val teljes aj\u00e1nlatokat, \u00fczeneteket, egyedi k\u00f3dokat \u00e9s egyebeket k\u00fcldhetsz a c\u00edmzettre szabottan, \u00edgy a sz\u00e1mukra legink\u00e1bb relev\u00e1ns \u00e9s vonz\u00f3 tartalom jelenik meg, ami jelent\u0151sen n\u00f6veli a konverzi\u00f3s r\u00e1t\u00e1t.<\/p>\n                <\/div>\n            <\/div>\n                            <div class=\"flex flex-col md:flex-row w-full mt-4 gap-4\">\n                                                                            <a href=\"https:\/\/maileon.com\/comparisonpage\/\" target=\"\" class=\"block btn btn-secondary\">\n        Rendszerek \u00f6sszehasonl\u00edt\u00e1sa\n    <\/a>                                                            <\/div>\n                    <\/div>\n    <\/div>\n<\/div>\n\n\n<div class=\"container px-0 lg:px-10 xl:px-40 py-4 lg:py-16\">\n    <div class=\"grid grid-cols-1 lg:grid-cols-2 lg:gap-24 mb-8 \">\n                <div class=\" pb-6 md:pt-6\">\n            <img loading=\"lazy\" decoding=\"async\" width=\"1024\" height=\"693\" src=\"https:\/\/maileon.com\/app\/uploads\/sites\/4\/2022\/11\/Kampagnen-Reporting-1024x693.png\" class=\"md:rounded-3xl w-full\" alt=\"\" srcset=\"https:\/\/maileon.com\/app\/uploads\/sites\/4\/2022\/11\/Kampagnen-Reporting-1024x693.png 1024w, https:\/\/maileon.com\/app\/uploads\/sites\/4\/2022\/11\/Kampagnen-Reporting-300x203.png 300w, https:\/\/maileon.com\/app\/uploads\/sites\/4\/2022\/11\/Kampagnen-Reporting-768x520.png 768w, https:\/\/maileon.com\/app\/uploads\/sites\/4\/2022\/11\/Kampagnen-Reporting-1536x1039.png 1536w, https:\/\/maileon.com\/app\/uploads\/sites\/4\/2022\/11\/Kampagnen-Reporting-2048x1386.png 2048w\" sizes=\"auto, (max-width: 1024px) 100vw, 1024px\" \/>        <\/div>\n        <div class=\"lg:py-4 px-5 lg:px-0 \">\n            <div class=\"space-y-4\">\n                                <p class=\"text-gray-800 text-sm mb-4 mt-2\">\n                                    <\/p>\n                    <h2 class=\"heading-3 text-black\">\n       Szabadalmaztatott technol\u00f3gia\n    <\/h2>                <div class=\"prose\">\n                    <p>A Maileonban t\u00f6bbf\u00e9le szem\u00e9lyre szab\u00e1si lehet\u0151s\u00e9g van: ilyen p\u00e9ld\u00e1ul a dinamikus sz\u00f6veg (p\u00e9ld\u00e1ul a t\u00e1rgysor), a tartalom a kontextus szintj\u00e9n (p\u00e9ld\u00e1ul a leiratkoz\u00e1s linkj\u00e9nek nem megjelen\u00edt\u00e9se, ha a k\u00f6z\u00f6ss\u00e9gi m\u00e9di\u00e1ban megosztj\u00e1k), az egyar\u00e1nt szem\u00e9lyre szabott k\u00e9pek vagy a k\u00fcld\u00e9si id\u0151! A dinamikus tartalom a szabadalmaztatott technol\u00f3gi\u00e1nak k\u00f6sz\u00f6nhet\u0151en sk\u00e1l\u00e1zhat\u00f3, \u00e9s a kor\u00e1bbi megnyit\u00e1si, kattint\u00e1si \u00e9s konverzi\u00f3s adatokon alapul. Lehet\u0151v\u00e9 teszi, hogy hat\u00e9konyabban \u00e9r el a c\u00e9lk\u00f6z\u00f6ns\u00e9ged \u00e9s ezzel marketing c\u00e9lkit\u0171z\u00e9seid!<\/p>\n                <\/div>\n            <\/div>\n                    <\/div>\n    <\/div>\n<\/div>\n\n\n<div class=\"block-hero-top-curve-large bg-no-repeat bg-right-top bg-[length:auto_100%] relative overflow-hidden\">\n    <div class=\"relative lg:absolute lg:right-0 z-0 lg:w-1\/2 xl:w-3\/4 lg:mb-0 w-full\">\n        <img loading=\"lazy\" decoding=\"async\" width=\"1024\" height=\"682\" src=\"https:\/\/maileon.com\/app\/uploads\/sites\/4\/2022\/09\/BEELD31_Maileon_20220728_016_WEB-1024x682.jpg\" class=\"w-full min-w-[55vw] max-w-[100%]\" alt=\"\" srcset=\"https:\/\/maileon.com\/app\/uploads\/sites\/4\/2022\/09\/BEELD31_Maileon_20220728_016_WEB-1024x682.jpg 1024w, https:\/\/maileon.com\/app\/uploads\/sites\/4\/2022\/09\/BEELD31_Maileon_20220728_016_WEB-300x200.jpg 300w, https:\/\/maileon.com\/app\/uploads\/sites\/4\/2022\/09\/BEELD31_Maileon_20220728_016_WEB-768x512.jpg 768w, https:\/\/maileon.com\/app\/uploads\/sites\/4\/2022\/09\/BEELD31_Maileon_20220728_016_WEB-1536x1024.jpg 1536w, https:\/\/maileon.com\/app\/uploads\/sites\/4\/2022\/09\/BEELD31_Maileon_20220728_016_WEB.jpg 2000w\" sizes=\"auto, (max-width: 1024px) 100vw, 1024px\" \/>        <div class=\"absolute bottom-0 w-full block lg:hidden\">\n            <svg xmlns=\"http:\/\/www.w3.org\/2000\/svg\" viewBox=\"0 0 768 100\" class=\"fill-primary\">\n                <path\n                    d=\"M 1221,1000 H -63 c 0,0 6e-4,-745.425 0,-559.546 281.767,-44.575 673.208,42.792 843.517,65.08 170.308,22.288 359.343,4.457 440.483,-45.467 z\"\n                    id=\"path42\" clip-path=\"url(#clipPath289)\" transform=\"translate(0,-420.2691)\"\n                \/>\n            <\/svg>\n        <\/div>\n    <\/div>\n    <div class=\"shape-hero-cta bg-primary lg:bg-transparent bg-cover bg-left bg-no-repeat relative pb-20 md:pb-0 after:shape-hero-cta-bottom after:absolute after:top-0 after:bottom-0 after:bg-no-repeat after:bg-bottom after:bg-contain after:w-full after:pointer-events-none\">\n        <div class=\"container text-primary flex flex-col justify-center items-start px-5 md:px-10 xl:px-40 pt-8 lg:pt-20 pb-16 md:pb-32 lg:pb-20 lg:min-h-[429px] xl:min-h-[603px]\">\n            <div class=\"flex flex-col w-full lg:w-7\/12\">\n                \n                    <h3 class=\"heading-1\">\n       K\u00e9rj egy dem\u00f3t \u00e9s n\u00f6veld v\u00e1llalkoz\u00e1sodat\n    <\/h3>\n                <div class=\"prose prose-invert text-primary text-lg\">\n                    <p>K\u00e9rj dem\u00f3t szakembereinkkel, hogy teljes k\u00e9pet kapj amb\u00edci\u00f3inak megfelel\u0151 marketing automatiz\u00e1l\u00e1si platformunkr\u00f3l.<\/p>\n                <\/div>\n            <\/div>\n            <div class=\"flex flex-col md:flex-row w-full mt-4 gap-4\">\n                                                                <a href=\"https:\/\/maileon.com\/demo\" target=\"\" class=\"block btn btn-secondary\">\n        K\u00e9rj dem\u00f3t\n    <\/a>                                                <a href=\"https:\/\/maileon.com\/contact\" target=\"\" class=\"block btn btn-primary-default\">\n        Keress minket \u00fczenetben\n    <\/a>                                                <\/div>\n                    <\/div>\n    <\/div>\n<\/div>\n","protected":false},"excerpt":{"rendered":"<p>Improve open rates with personalised content.<\/p>\n","protected":false},"author":9,"featured_media":1469,"parent":1404,"menu_order":0,"comment_status":"closed","ping_status":"closed","template":"","meta":{"_acf_changed":false,"footnotes":""},"categories":[38],"class_list":["post-2436","page","type-page","status-publish","has-post-thumbnail","hentry","category-features-product"],"acf":[],"yoast_head":"<!-- This site is optimized with the Yoast SEO Premium plugin v26.3 (Yoast SEO v26.3) - https:\/\/yoast.com\/wordpress\/plugins\/seo\/ -->\n<title>Personalised &amp; Dynamic content | Maileon<\/title>\n<meta name=\"description\" content=\"Jav\u00edtsd a megnyit\u00e1si ar\u00e1nyt, \u00e9s \u00e9rd el \u00fcgyfeleidet szem\u00e9lyre szabott tartalommal a Maileonban. Fedezd fel platformunkat \u00e9s funkci\u00f3inkat itt.\" \/>\n<meta name=\"robots\" content=\"index, follow, max-snippet:-1, max-image-preview:large, max-video-preview:-1\" \/>\n<link rel=\"canonical\" href=\"https:\/\/maileon.com\/hu\/platform\/features\/personalised-dynamic-content\/\" \/>\n<meta property=\"og:locale\" content=\"hu_HU\" \/>\n<meta property=\"og:type\" content=\"article\" \/>\n<meta property=\"og:title\" content=\"Perszonaliz\u00e1ci\u00f3 \u00e9s dinamikus tartalmak\" \/>\n<meta property=\"og:description\" content=\"Jav\u00edtsd a megnyit\u00e1si ar\u00e1nyt, \u00e9s \u00e9rd el \u00fcgyfeleidet szem\u00e9lyre szabott tartalommal a Maileonban. Fedezd fel platformunkat \u00e9s funkci\u00f3inkat itt.\" \/>\n<meta property=\"og:url\" content=\"https:\/\/maileon.com\/hu\/platform\/features\/personalised-dynamic-content\/\" \/>\n<meta property=\"og:site_name\" content=\"Maileon\" \/>\n<meta property=\"article:modified_time\" content=\"2023-02-17T09:44:42+00:00\" \/>\n<meta property=\"og:image\" content=\"https:\/\/maileon.com\/app\/uploads\/sites\/4\/2022\/09\/BEELD31_Maileon_20220728_028_WEB.jpg\" \/>\n\t<meta property=\"og:image:width\" content=\"2000\" \/>\n\t<meta property=\"og:image:height\" content=\"1335\" \/>\n\t<meta property=\"og:image:type\" content=\"image\/jpeg\" \/>\n<meta name=\"twitter:card\" content=\"summary_large_image\" \/>\n<script type=\"application\/ld+json\" class=\"yoast-schema-graph\">{\"@context\":\"https:\/\/schema.org\",\"@graph\":[{\"@type\":\"WebPage\",\"@id\":\"https:\/\/maileon.com\/hu\/platform\/features\/personalised-dynamic-content\/\",\"url\":\"https:\/\/maileon.com\/hu\/platform\/features\/personalised-dynamic-content\/\",\"name\":\"Personalised & Dynamic content | Maileon\",\"isPartOf\":{\"@id\":\"https:\/\/maileon.com\/hu\/#website\"},\"primaryImageOfPage\":{\"@id\":\"https:\/\/maileon.com\/hu\/platform\/features\/personalised-dynamic-content\/#primaryimage\"},\"image\":{\"@id\":\"https:\/\/maileon.com\/hu\/platform\/features\/personalised-dynamic-content\/#primaryimage\"},\"thumbnailUrl\":\"https:\/\/maileon.com\/app\/uploads\/sites\/4\/2022\/09\/BEELD31_Maileon_20220728_028_WEB.jpg\",\"datePublished\":\"2022-10-18T14:11:44+00:00\",\"dateModified\":\"2023-02-17T09:44:42+00:00\",\"description\":\"Jav\u00edtsd a megnyit\u00e1si ar\u00e1nyt, \u00e9s \u00e9rd el \u00fcgyfeleidet szem\u00e9lyre szabott tartalommal a Maileonban. Fedezd fel platformunkat \u00e9s funkci\u00f3inkat itt.\",\"breadcrumb\":{\"@id\":\"https:\/\/maileon.com\/hu\/platform\/features\/personalised-dynamic-content\/#breadcrumb\"},\"inLanguage\":\"hu\",\"potentialAction\":[{\"@type\":\"ReadAction\",\"target\":[\"https:\/\/maileon.com\/hu\/platform\/features\/personalised-dynamic-content\/\"]}]},{\"@type\":\"ImageObject\",\"inLanguage\":\"hu\",\"@id\":\"https:\/\/maileon.com\/hu\/platform\/features\/personalised-dynamic-content\/#primaryimage\",\"url\":\"https:\/\/maileon.com\/app\/uploads\/sites\/4\/2022\/09\/BEELD31_Maileon_20220728_028_WEB.jpg\",\"contentUrl\":\"https:\/\/maileon.com\/app\/uploads\/sites\/4\/2022\/09\/BEELD31_Maileon_20220728_028_WEB.jpg\",\"width\":2000,\"height\":1335},{\"@type\":\"BreadcrumbList\",\"@id\":\"https:\/\/maileon.com\/hu\/platform\/features\/personalised-dynamic-content\/#breadcrumb\",\"itemListElement\":[{\"@type\":\"ListItem\",\"position\":1,\"name\":\"Home\",\"item\":\"https:\/\/maileon.com\/hu\/\"},{\"@type\":\"ListItem\",\"position\":2,\"name\":\"A rendszer\",\"item\":\"https:\/\/maileon.com\/hu\/platform\/\"},{\"@type\":\"ListItem\",\"position\":3,\"name\":\"Funkci\u00f3k\",\"item\":\"https:\/\/maileon.com\/hu\/platform\/features\/\"},{\"@type\":\"ListItem\",\"position\":4,\"name\":\"Perszonaliz\u00e1ci\u00f3 \u00e9s dinamikus tartalmak\"}]},{\"@type\":\"WebSite\",\"@id\":\"https:\/\/maileon.com\/hu\/#website\",\"url\":\"https:\/\/maileon.com\/hu\/\",\"name\":\"Maileon\",\"description\":\"\",\"publisher\":{\"@id\":\"https:\/\/maileon.com\/hu\/#organization\"},\"potentialAction\":[{\"@type\":\"SearchAction\",\"target\":{\"@type\":\"EntryPoint\",\"urlTemplate\":\"https:\/\/maileon.com\/hu\/?s={search_term_string}\"},\"query-input\":{\"@type\":\"PropertyValueSpecification\",\"valueRequired\":true,\"valueName\":\"search_term_string\"}}],\"inLanguage\":\"hu\"},{\"@type\":\"Organization\",\"@id\":\"https:\/\/maileon.com\/hu\/#organization\",\"name\":\"Maileon\",\"url\":\"https:\/\/maileon.com\/hu\/\",\"logo\":{\"@type\":\"ImageObject\",\"inLanguage\":\"hu\",\"@id\":\"https:\/\/maileon.com\/hu\/#\/schema\/logo\/image\/\",\"url\":\"https:\/\/maileon.com\/app\/uploads\/sites\/4\/2022\/08\/logo.png\",\"contentUrl\":\"https:\/\/maileon.com\/app\/uploads\/sites\/4\/2022\/08\/logo.png\",\"width\":168,\"height\":33,\"caption\":\"Maileon\"},\"image\":{\"@id\":\"https:\/\/maileon.com\/hu\/#\/schema\/logo\/image\/\"}}]}<\/script>\n<!-- \/ Yoast SEO Premium plugin. -->","yoast_head_json":{"title":"Personalised & Dynamic content | Maileon","description":"Jav\u00edtsd a megnyit\u00e1si ar\u00e1nyt, \u00e9s \u00e9rd el \u00fcgyfeleidet szem\u00e9lyre szabott tartalommal a Maileonban. Fedezd fel platformunkat \u00e9s funkci\u00f3inkat itt.","robots":{"index":"index","follow":"follow","max-snippet":"max-snippet:-1","max-image-preview":"max-image-preview:large","max-video-preview":"max-video-preview:-1"},"canonical":"https:\/\/maileon.com\/hu\/platform\/features\/personalised-dynamic-content\/","og_locale":"hu_HU","og_type":"article","og_title":"Perszonaliz\u00e1ci\u00f3 \u00e9s dinamikus tartalmak","og_description":"Jav\u00edtsd a megnyit\u00e1si ar\u00e1nyt, \u00e9s \u00e9rd el \u00fcgyfeleidet szem\u00e9lyre szabott tartalommal a Maileonban. Fedezd fel platformunkat \u00e9s funkci\u00f3inkat itt.","og_url":"https:\/\/maileon.com\/hu\/platform\/features\/personalised-dynamic-content\/","og_site_name":"Maileon","article_modified_time":"2023-02-17T09:44:42+00:00","og_image":[{"width":2000,"height":1335,"url":"https:\/\/maileon.com\/app\/uploads\/sites\/4\/2022\/09\/BEELD31_Maileon_20220728_028_WEB.jpg","type":"image\/jpeg"}],"twitter_card":"summary_large_image","schema":{"@context":"https:\/\/schema.org","@graph":[{"@type":"WebPage","@id":"https:\/\/maileon.com\/hu\/platform\/features\/personalised-dynamic-content\/","url":"https:\/\/maileon.com\/hu\/platform\/features\/personalised-dynamic-content\/","name":"Personalised & Dynamic content | Maileon","isPartOf":{"@id":"https:\/\/maileon.com\/hu\/#website"},"primaryImageOfPage":{"@id":"https:\/\/maileon.com\/hu\/platform\/features\/personalised-dynamic-content\/#primaryimage"},"image":{"@id":"https:\/\/maileon.com\/hu\/platform\/features\/personalised-dynamic-content\/#primaryimage"},"thumbnailUrl":"https:\/\/maileon.com\/app\/uploads\/sites\/4\/2022\/09\/BEELD31_Maileon_20220728_028_WEB.jpg","datePublished":"2022-10-18T14:11:44+00:00","dateModified":"2023-02-17T09:44:42+00:00","description":"Jav\u00edtsd a megnyit\u00e1si ar\u00e1nyt, \u00e9s \u00e9rd el \u00fcgyfeleidet szem\u00e9lyre szabott tartalommal a Maileonban. Fedezd fel platformunkat \u00e9s funkci\u00f3inkat itt.","breadcrumb":{"@id":"https:\/\/maileon.com\/hu\/platform\/features\/personalised-dynamic-content\/#breadcrumb"},"inLanguage":"hu","potentialAction":[{"@type":"ReadAction","target":["https:\/\/maileon.com\/hu\/platform\/features\/personalised-dynamic-content\/"]}]},{"@type":"ImageObject","inLanguage":"hu","@id":"https:\/\/maileon.com\/hu\/platform\/features\/personalised-dynamic-content\/#primaryimage","url":"https:\/\/maileon.com\/app\/uploads\/sites\/4\/2022\/09\/BEELD31_Maileon_20220728_028_WEB.jpg","contentUrl":"https:\/\/maileon.com\/app\/uploads\/sites\/4\/2022\/09\/BEELD31_Maileon_20220728_028_WEB.jpg","width":2000,"height":1335},{"@type":"BreadcrumbList","@id":"https:\/\/maileon.com\/hu\/platform\/features\/personalised-dynamic-content\/#breadcrumb","itemListElement":[{"@type":"ListItem","position":1,"name":"Home","item":"https:\/\/maileon.com\/hu\/"},{"@type":"ListItem","position":2,"name":"A rendszer","item":"https:\/\/maileon.com\/hu\/platform\/"},{"@type":"ListItem","position":3,"name":"Funkci\u00f3k","item":"https:\/\/maileon.com\/hu\/platform\/features\/"},{"@type":"ListItem","position":4,"name":"Perszonaliz\u00e1ci\u00f3 \u00e9s dinamikus tartalmak"}]},{"@type":"WebSite","@id":"https:\/\/maileon.com\/hu\/#website","url":"https:\/\/maileon.com\/hu\/","name":"Maileon","description":"","publisher":{"@id":"https:\/\/maileon.com\/hu\/#organization"},"potentialAction":[{"@type":"SearchAction","target":{"@type":"EntryPoint","urlTemplate":"https:\/\/maileon.com\/hu\/?s={search_term_string}"},"query-input":{"@type":"PropertyValueSpecification","valueRequired":true,"valueName":"search_term_string"}}],"inLanguage":"hu"},{"@type":"Organization","@id":"https:\/\/maileon.com\/hu\/#organization","name":"Maileon","url":"https:\/\/maileon.com\/hu\/","logo":{"@type":"ImageObject","inLanguage":"hu","@id":"https:\/\/maileon.com\/hu\/#\/schema\/logo\/image\/","url":"https:\/\/maileon.com\/app\/uploads\/sites\/4\/2022\/08\/logo.png","contentUrl":"https:\/\/maileon.com\/app\/uploads\/sites\/4\/2022\/08\/logo.png","width":168,"height":33,"caption":"Maileon"},"image":{"@id":"https:\/\/maileon.com\/hu\/#\/schema\/logo\/image\/"}}]}},"_links":{"self":[{"href":"https:\/\/maileon.com\/hu\/wp-json\/wp\/v2\/pages\/2436","targetHints":{"allow":["GET"]}}],"collection":[{"href":"https:\/\/maileon.com\/hu\/wp-json\/wp\/v2\/pages"}],"about":[{"href":"https:\/\/maileon.com\/hu\/wp-json\/wp\/v2\/types\/page"}],"author":[{"embeddable":true,"href":"https:\/\/maileon.com\/hu\/wp-json\/wp\/v2\/users\/9"}],"replies":[{"embeddable":true,"href":"https:\/\/maileon.com\/hu\/wp-json\/wp\/v2\/comments?post=2436"}],"version-history":[{"count":7,"href":"https:\/\/maileon.com\/hu\/wp-json\/wp\/v2\/pages\/2436\/revisions"}],"predecessor-version":[{"id":10643,"href":"https:\/\/maileon.com\/hu\/wp-json\/wp\/v2\/pages\/2436\/revisions\/10643"}],"up":[{"embeddable":true,"href":"https:\/\/maileon.com\/hu\/wp-json\/wp\/v2\/pages\/1404"}],"wp:featuredmedia":[{"embeddable":true,"href":"https:\/\/maileon.com\/hu\/wp-json\/wp\/v2\/media\/1469"}],"wp:attachment":[{"href":"https:\/\/maileon.com\/hu\/wp-json\/wp\/v2\/media?parent=2436"}],"wp:term":[{"taxonomy":"category","embeddable":true,"href":"https:\/\/maileon.com\/hu\/wp-json\/wp\/v2\/categories?post=2436"}],"curies":[{"name":"wp","href":"https:\/\/api.w.org\/{rel}","templated":true}]}}