{"id":2428,"date":"2022-10-18T14:02:06","date_gmt":"2022-10-18T14:02:06","guid":{"rendered":"https:\/\/maileon.com\/?page_id=2428"},"modified":"2025-03-06T10:28:54","modified_gmt":"2025-03-06T10:28:54","slug":"email-address-checker","status":"publish","type":"page","link":"https:\/\/maileon.com\/hu\/platform\/features\/email-address-checker\/","title":{"rendered":"Email c\u00edm ellen\u0151rz\u00e9s"},"content":{"rendered":"\n<div class=\"relative shape-hero-main block-hero-top-curve-sm block-hero-bottom-curve bg-primary bg-no-repeat bg-right-top bg-contain mb-14\">\n    <div\n        class=\"container relative text-primary flex flex-col justify-center items-start px-5 md:px-10 xl:px-40 pt-44 md:pt-64 lg:pt-20 pb-24 lg:pb-20 min-h-[681px] md:min-h-[607px] lg:min-h-[466px] xl:min-h-[656px]\"\n    >\n        <div class=\"flex flex-col w-full md:9\/12 lg:w-7\/12\">\n            \n                <h1 class=\"heading-1\">\n       E-mail c\u00edm ellen\u0151rz\u00e9se: Jav\u00edtsd az adatb\u00e1zis min\u0151s\u00e9g\u00e9t\n    <\/h1>\n            <div class=\"prose prose-invert text-primary text-lg\">\n                <p>Biztos\u00edtsd, hogy list\u00e1id mindig naprak\u00e9szek \u00e9s hibamentesek a Maileon Email AddressCheck seg\u00edts\u00e9g\u00e9vel!<\/p>\n            <\/div>\n        <\/div>\n        <div class=\"flex flex-col md:flex-row w-full mt-4 gap-4\">\n                                                    <a href=\"https:\/\/maileon.com\/hu\/demo\" target=\"\" class=\"block btn btn-secondary\">\n        K\u00e9rj bemutat\u00f3t\n    <\/a>                                        <a href=\"https:\/\/maileon.com\/hu\/compare-marketing-automation-platforms\/\" target=\"\" class=\"block btn btn-primary-default\">\n        Hasonl\u00edtsd \u00f6ssze a rendszereket\n    <\/a>                                    <\/div>\n            <\/div>\n<\/div>\n\n\n\n<div class=\"container py-8 px-0 xl:px-40\">\n    <div class=\"px-5 md:px-10 xl:px-40 pb-3 md:mr-24\">\n        <div class=\"prose \">\n            <h3>Az e-mail valid\u00e1ci\u00f3 fontoss\u00e1ga<\/h3>\n<p>A hossz\u00fa t\u00e1v\u00fa \u00e9s sikeres \u00fcgyf\u00e9lkapcsolatok alapja, hogy biztosan el\u00e9rd a c\u00e9lk\u00f6z\u00f6ns\u00e9gedet. Be\u00e9p\u00edtett e-mail c\u00edmellen\u0151rz\u0151nk seg\u00edt a c\u00edmek valid\u00e1l\u00e1s\u00e1ban, \u00edgy jav\u00edtja a k\u00e9zbes\u00edthet\u0151s\u00e9get, er\u0151s\u00edti a k\u00fcld\u00e9si reput\u00e1ci\u00f3t \u00e9s n\u00f6veli az \u00fcgyfelek el\u00e9r\u00e9s\u00e9nek hat\u00e9konys\u00e1g\u00e1t.<\/p>\n<p>Az intelligens e-mail c\u00edmellen\u0151rz\u0151 seg\u00edts\u00e9g\u00e9vel kisz\u0171rheted a botokat, a spameket \u00e9s a rosszindulat\u00fa c\u00edmeket a feliratkoz\u00f3i list\u00e1db\u00f3l. Emellett nemcsak az adatb\u00e1zisod tisztas\u00e1g\u00e1t biztos\u00edtja, hanem lehet\u0151s\u00e9get ad a t\u00e9vesen blokkolt vagy feketelist\u00e1ra ker\u00fclt \u00fcgyfelek visszanyer\u00e9s\u00e9re is.<\/p>\n<p>&nbsp;<\/p>\n        <\/div>\n    <\/div>\n<\/div>\n\n\n<div class=\"container px-0 lg:px-10 xl:px-40 py-4 lg:py-16\">\n    <div class=\"grid grid-cols-1 lg:grid-cols-2 lg:gap-24 mb-8 \">\n                <div class=\" pb-6 md:pt-6\">\n            <img loading=\"lazy\" decoding=\"async\" width=\"1024\" height=\"682\" src=\"https:\/\/maileon.com\/app\/uploads\/sites\/4\/2022\/09\/BEELD31_Maileon_20220728_020_WEB-1024x682.jpg\" class=\"md:rounded-3xl w-full\" alt=\"\" srcset=\"https:\/\/maileon.com\/app\/uploads\/sites\/4\/2022\/09\/BEELD31_Maileon_20220728_020_WEB-1024x682.jpg 1024w, https:\/\/maileon.com\/app\/uploads\/sites\/4\/2022\/09\/BEELD31_Maileon_20220728_020_WEB-300x200.jpg 300w, https:\/\/maileon.com\/app\/uploads\/sites\/4\/2022\/09\/BEELD31_Maileon_20220728_020_WEB-768x512.jpg 768w, https:\/\/maileon.com\/app\/uploads\/sites\/4\/2022\/09\/BEELD31_Maileon_20220728_020_WEB-1536x1024.jpg 1536w, https:\/\/maileon.com\/app\/uploads\/sites\/4\/2022\/09\/BEELD31_Maileon_20220728_020_WEB.jpg 2000w\" sizes=\"auto, (max-width: 1024px) 100vw, 1024px\" \/>        <\/div>\n        <div class=\"lg:py-4 px-5 lg:px-0 lg:order-first\">\n            <div class=\"space-y-4\">\n                                <p class=\"text-gray-800 text-sm mb-4 mt-2\">\n                                    <\/p>\n                    <h2 class=\"heading-3 text-black\">\n       Jav\u00edtsd hat\u00e9konys\u00e1god az e-mail c\u00edmek ellen\u0151rz\u00e9s\u00e9vel\n    <\/h2>                <div class=\"prose\">\n                    <p><strong>Hogyan m\u0171k\u00f6dik az ellen\u0151rz\u00e9s?<\/strong><\/p>\n<p>A Maileon AddressCheck funkci\u00f3ja egy \u00e1tfog\u00f3 tesztet futtat, amely ellen\u0151rzi az e-mail c\u00edm form\u00e1tum\u00e1nak helyess\u00e9g\u00e9t, a domain n\u00e9v \u00e9rv\u00e9nyess\u00e9g\u00e9t, valamint azt is, hogy az adott c\u00edm eldobhat\u00f3-e. Ezt k\u00f6vet\u0151en csatlakozik az e-mail szerverhez, \u00e9s szimul\u00e1l egy \u00fczenetk\u00fcld\u00e9st annak \u00e9rdek\u00e9ben, hogy meger\u0151s\u00edtse: a postafi\u00f3k val\u00f3ban l\u00e9tezik.<\/p>\n<p>Ez a folyamat hozz\u00e1j\u00e1rul a spam- \u00e9s visszapattan\u00e1si ar\u00e1ny cs\u00f6kken\u00e9s\u00e9hez, mik\u00f6zben jav\u00edtja a k\u00fcld\u0151i reput\u00e1ci\u00f3t, n\u00f6veli a k\u00e9zbes\u00edthet\u0151s\u00e9get \u00e9s t\u00e1mogatja a konverzi\u00f3k emelked\u00e9s\u00e9t.<\/p>\n                <\/div>\n            <\/div>\n                            <div class=\"flex flex-col md:flex-row w-full mt-4 gap-4\">\n                                                                            <a href=\"https:\/\/maileon.com\/hu\/compare-marketing-automation-platforms\/\" target=\"\" class=\"block btn btn-secondary\">\n        Rendszerek \u00f6sszehasonl\u00edt\u00e1sa\n    <\/a>                                                            <\/div>\n                    <\/div>\n    <\/div>\n<\/div>\n\n\n<div class=\"container px-0 lg:px-10 xl:px-40 py-4 lg:py-16\">\n    <div class=\"grid grid-cols-1 lg:grid-cols-2 lg:gap-24 mb-8 \">\n                <div class=\" pb-6 md:pt-6\">\n            <img loading=\"lazy\" decoding=\"async\" width=\"1024\" height=\"692\" src=\"https:\/\/maileon.com\/app\/uploads\/sites\/4\/2022\/11\/Custom-Reportings-1024x692.png\" class=\"md:rounded-3xl w-full\" alt=\"email marketing software\" srcset=\"https:\/\/maileon.com\/app\/uploads\/sites\/4\/2022\/11\/Custom-Reportings-1024x692.png 1024w, https:\/\/maileon.com\/app\/uploads\/sites\/4\/2022\/11\/Custom-Reportings-300x203.png 300w, https:\/\/maileon.com\/app\/uploads\/sites\/4\/2022\/11\/Custom-Reportings-768x519.png 768w, https:\/\/maileon.com\/app\/uploads\/sites\/4\/2022\/11\/Custom-Reportings-1536x1038.png 1536w, https:\/\/maileon.com\/app\/uploads\/sites\/4\/2022\/11\/Custom-Reportings-2048x1383.png 2048w\" sizes=\"auto, (max-width: 1024px) 100vw, 1024px\" \/>        <\/div>\n        <div class=\"lg:py-4 px-5 lg:px-0 \">\n            <div class=\"space-y-4\">\n                                <p class=\"text-gray-800 text-sm mb-4 mt-2\">\n                                    <\/p>\n                    <h2 class=\"heading-3 text-black\">\n       Dupla opt-in az elk\u00f6telezett k\u00f6z\u00f6ns\u00e9g sz\u00e1m\u00e1ra\n    <\/h2>                <div class=\"prose\">\n                    <p>Az e-mail marketing hat\u00e9kony eszk\u00f6z v\u00e1llalkoz\u00e1sod n\u00f6veked\u00e9s\u00e9nek t\u00e1mogat\u00e1s\u00e1ra, de ak\u00e1r \u00faj, ak\u00e1r megl\u00e9v\u0151 \u00fcgyfeleket c\u00e9lzol meg, elengedhetetlen, hogy k\u00f6z\u00f6ns\u00e9ged val\u00f3ban szeretn\u00e9 megkapni az \u00fczeneteidet. Ez nem csup\u00e1n egy elm\u00e9leti szempont, hanem alapvet\u0151 szakmai k\u00f6vetelm\u00e9ny is!<\/p>\n<p>A legt\u00f6bb orsz\u00e1gban \u2013 \u00edgy Magyarorsz\u00e1gon is \u2013 jogszab\u00e1lyi el\u0151\u00edr\u00e1s, hogy marketing\u00fczenetek k\u00fcld\u00e9s\u00e9hez a c\u00edmzettek el\u0151zetes, kifejezett hozz\u00e1j\u00e1rul\u00e1sa sz\u00fcks\u00e9ges. Ennek legbiztosabb m\u00f3dja a dupla opt-in alkalmaz\u00e1sa a feliratkoz\u00e1si folyamatban. \u00cdgy garant\u00e1lhatod, hogy az \u00faj feliratkoz\u00f3k val\u00f3s szem\u00e9lyek, az e-mail c\u00edm\u00fck helyes, \u00e9s val\u00f3ban \u00e9rdekl\u0151dnek az \u00fczeneteid ir\u00e1nt, miel\u0151tt beker\u00fcln\u00e9nek az adatb\u00e1zisodba.<\/p>\n                <\/div>\n            <\/div>\n                    <\/div>\n    <\/div>\n<\/div>\n\n\n<div class=\"container px-0 lg:px-10 xl:px-40 py-4 lg:py-16\">\n    <div class=\"grid grid-cols-1 lg:grid-cols-2 lg:gap-24 mb-8 \">\n                <div class=\" pb-6 md:pt-6\">\n            <img loading=\"lazy\" decoding=\"async\" width=\"1024\" height=\"684\" src=\"https:\/\/maileon.com\/app\/uploads\/sites\/4\/2022\/09\/BEELD31_Maileon_20220728_017_WEB-1024x684.jpg\" class=\"md:rounded-3xl w-full\" alt=\"analytics dashboarding maileon\" srcset=\"https:\/\/maileon.com\/app\/uploads\/sites\/4\/2022\/09\/BEELD31_Maileon_20220728_017_WEB-1024x684.jpg 1024w, https:\/\/maileon.com\/app\/uploads\/sites\/4\/2022\/09\/BEELD31_Maileon_20220728_017_WEB-300x200.jpg 300w, https:\/\/maileon.com\/app\/uploads\/sites\/4\/2022\/09\/BEELD31_Maileon_20220728_017_WEB-768x513.jpg 768w, https:\/\/maileon.com\/app\/uploads\/sites\/4\/2022\/09\/BEELD31_Maileon_20220728_017_WEB-1536x1025.jpg 1536w, https:\/\/maileon.com\/app\/uploads\/sites\/4\/2022\/09\/BEELD31_Maileon_20220728_017_WEB.jpg 2000w\" sizes=\"auto, (max-width: 1024px) 100vw, 1024px\" \/>        <\/div>\n        <div class=\"lg:py-4 px-5 lg:px-0 lg:order-first\">\n            <div class=\"space-y-4\">\n                                <p class=\"text-gray-800 text-sm mb-4 mt-2\">\n                                    <\/p>\n                    <h2 class=\"heading-3 text-black\">\n       \u00c1tfog\u00f3 ellen\u0151rz\u00e9si eszk\u00f6z\n    <\/h2>                <div class=\"prose\">\n                    <p>A Maileon e-mail c\u00edmellen\u0151rz\u0151 eszk\u00f6ze val\u00f3s id\u0151ben vizsg\u00e1lja a megadott c\u00edmeket \u2013 legyen sz\u00f3 webes \u0171rlapokr\u00f3l vagy t\u00f6meges adatb\u00e1zis-ellen\u0151rz\u00e9sr\u0151l.<\/p>\n<p>Ez a funkci\u00f3 a Maileonban \u00f6n\u00e1ll\u00f3an is el\u00e9rhet\u0151. Az ellen\u0151rz\u00e9sekhez haszn\u00e1lt adatb\u00e1zisokat \u2013 p\u00e9ld\u00e1ul a spamcsapd\u00e1k \u00e9s botc\u00edmek list\u00e1j\u00e1t \u2013 mi \u00e9s besz\u00e1ll\u00edt\u00f3ink bizalmasan kezelj\u00fck. Ez az egyed\u00fcl\u00e1ll\u00f3 megold\u00e1s biztos\u00edtja a c\u00edmek magas min\u0151s\u00e9g\u00e9t, valamint a marketing\u00fczenetek jobb k\u00e9zbes\u00edthet\u0151s\u00e9g\u00e9t a c\u00e9lk\u00f6z\u00f6ns\u00e9ged sz\u00e1m\u00e1ra.<\/p>\n                <\/div>\n            <\/div>\n                    <\/div>\n    <\/div>\n<\/div>\n\n\n<div class=\"block-hero-top-curve-large bg-no-repeat bg-right-top bg-[length:auto_100%] relative overflow-hidden\">\n    <div class=\"relative lg:absolute lg:right-0 z-0 lg:w-1\/2 xl:w-3\/4 lg:mb-0 w-full\">\n        <img loading=\"lazy\" decoding=\"async\" width=\"1024\" height=\"682\" src=\"https:\/\/maileon.com\/app\/uploads\/sites\/4\/2022\/09\/BEELD31_Maileon_20220728_016_WEB-1024x682.jpg\" class=\"w-full min-w-[55vw] max-w-[100%]\" alt=\"\" srcset=\"https:\/\/maileon.com\/app\/uploads\/sites\/4\/2022\/09\/BEELD31_Maileon_20220728_016_WEB-1024x682.jpg 1024w, https:\/\/maileon.com\/app\/uploads\/sites\/4\/2022\/09\/BEELD31_Maileon_20220728_016_WEB-300x200.jpg 300w, https:\/\/maileon.com\/app\/uploads\/sites\/4\/2022\/09\/BEELD31_Maileon_20220728_016_WEB-768x512.jpg 768w, https:\/\/maileon.com\/app\/uploads\/sites\/4\/2022\/09\/BEELD31_Maileon_20220728_016_WEB-1536x1024.jpg 1536w, https:\/\/maileon.com\/app\/uploads\/sites\/4\/2022\/09\/BEELD31_Maileon_20220728_016_WEB.jpg 2000w\" sizes=\"auto, (max-width: 1024px) 100vw, 1024px\" \/>        <div class=\"absolute bottom-0 w-full block lg:hidden\">\n            <svg xmlns=\"http:\/\/www.w3.org\/2000\/svg\" viewBox=\"0 0 768 100\" class=\"fill-primary\">\n                <path\n                    d=\"M 1221,1000 H -63 c 0,0 6e-4,-745.425 0,-559.546 281.767,-44.575 673.208,42.792 843.517,65.08 170.308,22.288 359.343,4.457 440.483,-45.467 z\"\n                    id=\"path42\" clip-path=\"url(#clipPath289)\" transform=\"translate(0,-420.2691)\"\n                \/>\n            <\/svg>\n        <\/div>\n    <\/div>\n    <div class=\"shape-hero-cta bg-primary lg:bg-transparent bg-cover bg-left bg-no-repeat relative pb-20 md:pb-0 after:shape-hero-cta-bottom after:absolute after:top-0 after:bottom-0 after:bg-no-repeat after:bg-bottom after:bg-contain after:w-full after:pointer-events-none\">\n        <div class=\"container text-primary flex flex-col justify-center items-start px-5 md:px-10 xl:px-40 pt-8 lg:pt-20 pb-16 md:pb-32 lg:pb-20 lg:min-h-[429px] xl:min-h-[603px]\">\n            <div class=\"flex flex-col w-full lg:w-7\/12\">\n                \n                    <h2 class=\"heading-1\">\n       K\u00e9rjen bemutat\u00f3t \u00e9s b\u0151v\u00edtsd v\u00e1llalkoz\u00e1sodat\n    <\/h2>\n                <div class=\"prose prose-invert text-primary text-lg\">\n                    <p>Szervezz dem\u00f3t szakembereinkkel, hogy teljes k\u00e9pet kaphass a marketing automatiz\u00e1l\u00e1si platformunkr\u00f3l, amely megfelelhet az amb\u00edci\u00f3idnak.<\/p>\n<p>&nbsp;<\/p>\n                <\/div>\n            <\/div>\n            <div class=\"flex flex-col md:flex-row w-full mt-4 gap-4\">\n                                                                <a href=\"https:\/\/maileon.com\/hu\/demo\" target=\"\" class=\"block btn btn-secondary\">\n        K\u00e9rj bemutat\u00f3t\n    <\/a>                                                <a href=\"https:\/\/maileon.com\/hu\/contact\" target=\"\" class=\"block btn btn-primary-default\">\n        Keress minket \u00fczenetben\n    <\/a>                                                <\/div>\n                    <\/div>\n    <\/div>\n<\/div>\n","protected":false},"excerpt":{"rendered":"<p>Gy\u0151z\u0151dj meg r\u00f3la, hogy list\u00e1id mindig naprak\u00e9szek \u00e9s teljesen tiszt\u00e1k, a Maileon e-mail AddressCheck seg\u00edts\u00e9g\u00e9vel. Tudj meg t\u00f6bbet itt.<\/p>\n","protected":false},"author":9,"featured_media":1461,"parent":1404,"menu_order":0,"comment_status":"closed","ping_status":"closed","template":"","meta":{"_acf_changed":false,"footnotes":""},"categories":[38],"class_list":["post-2428","page","type-page","status-publish","has-post-thumbnail","hentry","category-features-product"],"acf":[],"yoast_head":"<!-- This site is optimized with the Yoast SEO Premium plugin v26.3 (Yoast SEO v26.3) - https:\/\/yoast.com\/wordpress\/plugins\/seo\/ -->\n<title>E-mail c\u00edm ellen\u0151rz\u00e9s - jav\u00edtsd adatb\u00e1zosod min\u0151s\u00e9g\u00e9t!<\/title>\n<meta name=\"description\" content=\"Gy\u0151z\u0151dj meg r\u00f3la, hogy list\u00e1id mindig naprak\u00e9szek \u00e9s teljesen tiszt\u00e1k, a Maileon e-mail AddressCheck seg\u00edts\u00e9g\u00e9vel. Tudj meg t\u00f6bbet itt.\" \/>\n<meta name=\"robots\" content=\"index, follow, max-snippet:-1, max-image-preview:large, max-video-preview:-1\" \/>\n<link rel=\"canonical\" href=\"https:\/\/maileon.com\/hu\/platform\/features\/email-address-checker\/\" \/>\n<meta property=\"og:locale\" content=\"hu_HU\" \/>\n<meta property=\"og:type\" content=\"article\" \/>\n<meta property=\"og:title\" content=\"Email c\u00edm ellen\u0151rz\u00e9s\" \/>\n<meta property=\"og:description\" content=\"Gy\u0151z\u0151dj meg r\u00f3la, hogy list\u00e1id mindig naprak\u00e9szek \u00e9s teljesen tiszt\u00e1k, a Maileon e-mail AddressCheck seg\u00edts\u00e9g\u00e9vel. Tudj meg t\u00f6bbet itt.\" \/>\n<meta property=\"og:url\" content=\"https:\/\/maileon.com\/hu\/platform\/features\/email-address-checker\/\" \/>\n<meta property=\"og:site_name\" content=\"Maileon\" \/>\n<meta property=\"article:modified_time\" content=\"2025-03-06T10:28:54+00:00\" \/>\n<meta property=\"og:image\" content=\"https:\/\/maileon.com\/app\/uploads\/sites\/4\/2022\/09\/BEELD31_Maileon_20220728_020_WEB.jpg\" \/>\n\t<meta property=\"og:image:width\" content=\"2000\" \/>\n\t<meta property=\"og:image:height\" content=\"1333\" \/>\n\t<meta property=\"og:image:type\" content=\"image\/jpeg\" \/>\n<meta name=\"twitter:card\" content=\"summary_large_image\" \/>\n<meta name=\"twitter:label1\" content=\"Est. reading time\" \/>\n\t<meta name=\"twitter:data1\" content=\"3 perc\" \/>\n<script type=\"application\/ld+json\" class=\"yoast-schema-graph\">{\"@context\":\"https:\/\/schema.org\",\"@graph\":[{\"@type\":\"WebPage\",\"@id\":\"https:\/\/maileon.com\/hu\/platform\/features\/email-address-checker\/\",\"url\":\"https:\/\/maileon.com\/hu\/platform\/features\/email-address-checker\/\",\"name\":\"E-mail c\u00edm ellen\u0151rz\u00e9s - jav\u00edtsd adatb\u00e1zosod min\u0151s\u00e9g\u00e9t!\",\"isPartOf\":{\"@id\":\"https:\/\/maileon.com\/hu\/#website\"},\"primaryImageOfPage\":{\"@id\":\"https:\/\/maileon.com\/hu\/platform\/features\/email-address-checker\/#primaryimage\"},\"image\":{\"@id\":\"https:\/\/maileon.com\/hu\/platform\/features\/email-address-checker\/#primaryimage\"},\"thumbnailUrl\":\"https:\/\/maileon.com\/app\/uploads\/sites\/4\/2022\/09\/BEELD31_Maileon_20220728_020_WEB.jpg\",\"datePublished\":\"2022-10-18T14:02:06+00:00\",\"dateModified\":\"2025-03-06T10:28:54+00:00\",\"description\":\"Gy\u0151z\u0151dj meg r\u00f3la, hogy list\u00e1id mindig naprak\u00e9szek \u00e9s teljesen tiszt\u00e1k, a Maileon e-mail AddressCheck seg\u00edts\u00e9g\u00e9vel. Tudj meg t\u00f6bbet itt.\",\"breadcrumb\":{\"@id\":\"https:\/\/maileon.com\/hu\/platform\/features\/email-address-checker\/#breadcrumb\"},\"inLanguage\":\"hu\",\"potentialAction\":[{\"@type\":\"ReadAction\",\"target\":[\"https:\/\/maileon.com\/hu\/platform\/features\/email-address-checker\/\"]}]},{\"@type\":\"ImageObject\",\"inLanguage\":\"hu\",\"@id\":\"https:\/\/maileon.com\/hu\/platform\/features\/email-address-checker\/#primaryimage\",\"url\":\"https:\/\/maileon.com\/app\/uploads\/sites\/4\/2022\/09\/BEELD31_Maileon_20220728_020_WEB.jpg\",\"contentUrl\":\"https:\/\/maileon.com\/app\/uploads\/sites\/4\/2022\/09\/BEELD31_Maileon_20220728_020_WEB.jpg\",\"width\":2000,\"height\":1333},{\"@type\":\"BreadcrumbList\",\"@id\":\"https:\/\/maileon.com\/hu\/platform\/features\/email-address-checker\/#breadcrumb\",\"itemListElement\":[{\"@type\":\"ListItem\",\"position\":1,\"name\":\"Home\",\"item\":\"https:\/\/maileon.com\/hu\/\"},{\"@type\":\"ListItem\",\"position\":2,\"name\":\"A rendszer\",\"item\":\"https:\/\/maileon.com\/hu\/platform\/\"},{\"@type\":\"ListItem\",\"position\":3,\"name\":\"Funkci\u00f3k\",\"item\":\"https:\/\/maileon.com\/hu\/platform\/features\/\"},{\"@type\":\"ListItem\",\"position\":4,\"name\":\"Email c\u00edm ellen\u0151rz\u00e9s\"}]},{\"@type\":\"WebSite\",\"@id\":\"https:\/\/maileon.com\/hu\/#website\",\"url\":\"https:\/\/maileon.com\/hu\/\",\"name\":\"Maileon\",\"description\":\"\",\"publisher\":{\"@id\":\"https:\/\/maileon.com\/hu\/#organization\"},\"potentialAction\":[{\"@type\":\"SearchAction\",\"target\":{\"@type\":\"EntryPoint\",\"urlTemplate\":\"https:\/\/maileon.com\/hu\/?s={search_term_string}\"},\"query-input\":{\"@type\":\"PropertyValueSpecification\",\"valueRequired\":true,\"valueName\":\"search_term_string\"}}],\"inLanguage\":\"hu\"},{\"@type\":\"Organization\",\"@id\":\"https:\/\/maileon.com\/hu\/#organization\",\"name\":\"Maileon\",\"url\":\"https:\/\/maileon.com\/hu\/\",\"logo\":{\"@type\":\"ImageObject\",\"inLanguage\":\"hu\",\"@id\":\"https:\/\/maileon.com\/hu\/#\/schema\/logo\/image\/\",\"url\":\"https:\/\/maileon.com\/app\/uploads\/sites\/4\/2022\/08\/logo.png\",\"contentUrl\":\"https:\/\/maileon.com\/app\/uploads\/sites\/4\/2022\/08\/logo.png\",\"width\":168,\"height\":33,\"caption\":\"Maileon\"},\"image\":{\"@id\":\"https:\/\/maileon.com\/hu\/#\/schema\/logo\/image\/\"}}]}<\/script>\n<!-- \/ Yoast SEO Premium plugin. -->","yoast_head_json":{"title":"E-mail c\u00edm ellen\u0151rz\u00e9s - jav\u00edtsd adatb\u00e1zosod min\u0151s\u00e9g\u00e9t!","description":"Gy\u0151z\u0151dj meg r\u00f3la, hogy list\u00e1id mindig naprak\u00e9szek \u00e9s teljesen tiszt\u00e1k, a Maileon e-mail AddressCheck seg\u00edts\u00e9g\u00e9vel. Tudj meg t\u00f6bbet itt.","robots":{"index":"index","follow":"follow","max-snippet":"max-snippet:-1","max-image-preview":"max-image-preview:large","max-video-preview":"max-video-preview:-1"},"canonical":"https:\/\/maileon.com\/hu\/platform\/features\/email-address-checker\/","og_locale":"hu_HU","og_type":"article","og_title":"Email c\u00edm ellen\u0151rz\u00e9s","og_description":"Gy\u0151z\u0151dj meg r\u00f3la, hogy list\u00e1id mindig naprak\u00e9szek \u00e9s teljesen tiszt\u00e1k, a Maileon e-mail AddressCheck seg\u00edts\u00e9g\u00e9vel. Tudj meg t\u00f6bbet itt.","og_url":"https:\/\/maileon.com\/hu\/platform\/features\/email-address-checker\/","og_site_name":"Maileon","article_modified_time":"2025-03-06T10:28:54+00:00","og_image":[{"width":2000,"height":1333,"url":"https:\/\/maileon.com\/app\/uploads\/sites\/4\/2022\/09\/BEELD31_Maileon_20220728_020_WEB.jpg","type":"image\/jpeg"}],"twitter_card":"summary_large_image","twitter_misc":{"Est. reading time":"3 perc"},"schema":{"@context":"https:\/\/schema.org","@graph":[{"@type":"WebPage","@id":"https:\/\/maileon.com\/hu\/platform\/features\/email-address-checker\/","url":"https:\/\/maileon.com\/hu\/platform\/features\/email-address-checker\/","name":"E-mail c\u00edm ellen\u0151rz\u00e9s - jav\u00edtsd adatb\u00e1zosod min\u0151s\u00e9g\u00e9t!","isPartOf":{"@id":"https:\/\/maileon.com\/hu\/#website"},"primaryImageOfPage":{"@id":"https:\/\/maileon.com\/hu\/platform\/features\/email-address-checker\/#primaryimage"},"image":{"@id":"https:\/\/maileon.com\/hu\/platform\/features\/email-address-checker\/#primaryimage"},"thumbnailUrl":"https:\/\/maileon.com\/app\/uploads\/sites\/4\/2022\/09\/BEELD31_Maileon_20220728_020_WEB.jpg","datePublished":"2022-10-18T14:02:06+00:00","dateModified":"2025-03-06T10:28:54+00:00","description":"Gy\u0151z\u0151dj meg r\u00f3la, hogy list\u00e1id mindig naprak\u00e9szek \u00e9s teljesen tiszt\u00e1k, a Maileon e-mail AddressCheck seg\u00edts\u00e9g\u00e9vel. Tudj meg t\u00f6bbet itt.","breadcrumb":{"@id":"https:\/\/maileon.com\/hu\/platform\/features\/email-address-checker\/#breadcrumb"},"inLanguage":"hu","potentialAction":[{"@type":"ReadAction","target":["https:\/\/maileon.com\/hu\/platform\/features\/email-address-checker\/"]}]},{"@type":"ImageObject","inLanguage":"hu","@id":"https:\/\/maileon.com\/hu\/platform\/features\/email-address-checker\/#primaryimage","url":"https:\/\/maileon.com\/app\/uploads\/sites\/4\/2022\/09\/BEELD31_Maileon_20220728_020_WEB.jpg","contentUrl":"https:\/\/maileon.com\/app\/uploads\/sites\/4\/2022\/09\/BEELD31_Maileon_20220728_020_WEB.jpg","width":2000,"height":1333},{"@type":"BreadcrumbList","@id":"https:\/\/maileon.com\/hu\/platform\/features\/email-address-checker\/#breadcrumb","itemListElement":[{"@type":"ListItem","position":1,"name":"Home","item":"https:\/\/maileon.com\/hu\/"},{"@type":"ListItem","position":2,"name":"A rendszer","item":"https:\/\/maileon.com\/hu\/platform\/"},{"@type":"ListItem","position":3,"name":"Funkci\u00f3k","item":"https:\/\/maileon.com\/hu\/platform\/features\/"},{"@type":"ListItem","position":4,"name":"Email c\u00edm ellen\u0151rz\u00e9s"}]},{"@type":"WebSite","@id":"https:\/\/maileon.com\/hu\/#website","url":"https:\/\/maileon.com\/hu\/","name":"Maileon","description":"","publisher":{"@id":"https:\/\/maileon.com\/hu\/#organization"},"potentialAction":[{"@type":"SearchAction","target":{"@type":"EntryPoint","urlTemplate":"https:\/\/maileon.com\/hu\/?s={search_term_string}"},"query-input":{"@type":"PropertyValueSpecification","valueRequired":true,"valueName":"search_term_string"}}],"inLanguage":"hu"},{"@type":"Organization","@id":"https:\/\/maileon.com\/hu\/#organization","name":"Maileon","url":"https:\/\/maileon.com\/hu\/","logo":{"@type":"ImageObject","inLanguage":"hu","@id":"https:\/\/maileon.com\/hu\/#\/schema\/logo\/image\/","url":"https:\/\/maileon.com\/app\/uploads\/sites\/4\/2022\/08\/logo.png","contentUrl":"https:\/\/maileon.com\/app\/uploads\/sites\/4\/2022\/08\/logo.png","width":168,"height":33,"caption":"Maileon"},"image":{"@id":"https:\/\/maileon.com\/hu\/#\/schema\/logo\/image\/"}}]}},"_links":{"self":[{"href":"https:\/\/maileon.com\/hu\/wp-json\/wp\/v2\/pages\/2428","targetHints":{"allow":["GET"]}}],"collection":[{"href":"https:\/\/maileon.com\/hu\/wp-json\/wp\/v2\/pages"}],"about":[{"href":"https:\/\/maileon.com\/hu\/wp-json\/wp\/v2\/types\/page"}],"author":[{"embeddable":true,"href":"https:\/\/maileon.com\/hu\/wp-json\/wp\/v2\/users\/9"}],"replies":[{"embeddable":true,"href":"https:\/\/maileon.com\/hu\/wp-json\/wp\/v2\/comments?post=2428"}],"version-history":[{"count":7,"href":"https:\/\/maileon.com\/hu\/wp-json\/wp\/v2\/pages\/2428\/revisions"}],"predecessor-version":[{"id":11311,"href":"https:\/\/maileon.com\/hu\/wp-json\/wp\/v2\/pages\/2428\/revisions\/11311"}],"up":[{"embeddable":true,"href":"https:\/\/maileon.com\/hu\/wp-json\/wp\/v2\/pages\/1404"}],"wp:featuredmedia":[{"embeddable":true,"href":"https:\/\/maileon.com\/hu\/wp-json\/wp\/v2\/media\/1461"}],"wp:attachment":[{"href":"https:\/\/maileon.com\/hu\/wp-json\/wp\/v2\/media?parent=2428"}],"wp:term":[{"taxonomy":"category","embeddable":true,"href":"https:\/\/maileon.com\/hu\/wp-json\/wp\/v2\/categories?post=2428"}],"curies":[{"name":"wp","href":"https:\/\/api.w.org\/{rel}","templated":true}]}}