{"id":2406,"date":"2022-10-18T13:40:31","date_gmt":"2022-10-18T13:40:31","guid":{"rendered":"https:\/\/maileon.com\/?page_id=2406"},"modified":"2025-03-06T09:03:07","modified_gmt":"2025-03-06T09:03:07","slug":"ab-testing","status":"publish","type":"page","link":"https:\/\/maileon.com\/hu\/platform\/features\/ab-testing\/","title":{"rendered":"A\/B tesztel\u00e9s: csak el\u0151re \u00e9s felfel\u00e9"},"content":{"rendered":"\n<div class=\"relative shape-hero-main block-hero-top-curve-sm block-hero-bottom-curve bg-primary bg-no-repeat bg-right-top bg-contain mb-14\">\n    <div\n        class=\"container relative text-primary flex flex-col justify-center items-start px-5 md:px-10 xl:px-40 pt-44 md:pt-64 lg:pt-20 pb-24 lg:pb-20 min-h-[681px] md:min-h-[607px] lg:min-h-[466px] xl:min-h-[656px]\"\n    >\n        <div class=\"flex flex-col w-full md:9\/12 lg:w-7\/12\">\n            \n                <h1 class=\"heading-1\">\n       A\/B tesztel\u00e9s: eredm\u00e9nyek optimaliz\u00e1l\u00e1sa a Maileonnal\n    <\/h1>\n            <div class=\"prose prose-invert text-primary text-lg\">\n                <p>Az A\/B tesztel\u00e9ssel hat\u00e9konyan n\u00f6velheted a megnyit\u00e1si, az \u00e1tkattint\u00e1si \u00e9s konverzi\u00f3s ar\u00e1nyt!<\/p>\n            <\/div>\n        <\/div>\n        <div class=\"flex flex-col md:flex-row w-full mt-4 gap-4\">\n                                                    <a href=\"https:\/\/maileon.com\/hu\/demo\/\" target=\"\" class=\"block btn btn-secondary\">\n        K\u00e9rj ingyenes rendszerbemutat\u00f3t\n    <\/a>                                        <a href=\"https:\/\/maileon.com\/hu\/compare-marketing-automation-platforms\/\" target=\"\" class=\"block btn btn-primary-default\">\n        Hasonl\u00edtsd \u00f6ssze m\u00e1s rendszerekkel\n    <\/a>                                    <\/div>\n            <\/div>\n<\/div>\n\n\n\n<div class=\"container py-8 px-0 xl:px-40\">\n    <div class=\"px-5 md:px-10 xl:px-40 pb-3 md:mr-24\">\n        <div class=\"prose \">\n            <h3><strong>Jav\u00edtsd az \u00e1tkattint\u00e1si \u00e9s megnyit\u00e1si ar\u00e1nyokat A\/B tesztel\u00e9ssel<\/strong><\/h3>\n<p>Az A\/B tesztel\u00e9s az egyik leghat\u00e9konyabb m\u00f3dszer e-mail marketinged folyamatos fejleszt\u00e9s\u00e9re. Szeretn\u00e9d pontosan m\u00e9rni \u00e9s finomhangolni a strat\u00e9gi\u00e1dat? A sikeres kamp\u00e1nyok alapja az A\/B tesztel\u00e9s!<\/p>\n<p>De mit is jelent ez pontosan? Az A\/B tesztel\u00e9s sor\u00e1n egy e-mail egy adott elem\u00e9nek legal\u00e1bb k\u00e9t v\u00e1ltozat\u00e1t k\u00fcld\u00f6d el a c\u00e9lk\u00f6z\u00f6ns\u00e9ged egy-egy r\u00e9sz\u00e9nek, hogy kider\u00edtsd, melyik teljes\u00edt jobban. A tesztcsoportokat v\u00e9letlenszer\u0171en osztjuk fel, \u00edgy objekt\u00edv visszajelz\u00e9st kaphatsz arr\u00f3l, melyik verzi\u00f3 n\u00f6veli jobban a megnyit\u00e1si ar\u00e1nyt, az \u00e1tkattint\u00e1sokat \u00e9s v\u00e9gs\u0151 soron a konverzi\u00f3t.<\/p>\n        <\/div>\n    <\/div>\n<\/div>\n\n\n<div class=\"container px-0 lg:px-10 xl:px-40 py-4 lg:py-16\">\n    <div class=\"grid grid-cols-1 lg:grid-cols-2 lg:gap-24 mb-8 \">\n                <div class=\" pb-6 md:pt-6\">\n            <img loading=\"lazy\" decoding=\"async\" width=\"1024\" height=\"683\" src=\"https:\/\/maileon.com\/app\/uploads\/sites\/4\/2024\/09\/marksomay_20240902_1300_ZMS3507-1024x683.jpg\" class=\"md:rounded-3xl w-full\" alt=\"\" srcset=\"https:\/\/maileon.com\/app\/uploads\/sites\/4\/2024\/09\/marksomay_20240902_1300_ZMS3507-1024x683.jpg 1024w, https:\/\/maileon.com\/app\/uploads\/sites\/4\/2024\/09\/marksomay_20240902_1300_ZMS3507-300x200.jpg 300w, https:\/\/maileon.com\/app\/uploads\/sites\/4\/2024\/09\/marksomay_20240902_1300_ZMS3507-768x512.jpg 768w, https:\/\/maileon.com\/app\/uploads\/sites\/4\/2024\/09\/marksomay_20240902_1300_ZMS3507-1536x1024.jpg 1536w, https:\/\/maileon.com\/app\/uploads\/sites\/4\/2024\/09\/marksomay_20240902_1300_ZMS3507-2048x1365.jpg 2048w\" sizes=\"auto, (max-width: 1024px) 100vw, 1024px\" \/>        <\/div>\n        <div class=\"lg:py-4 px-5 lg:px-0 lg:order-first\">\n            <div class=\"space-y-4\">\n                                <p class=\"text-gray-800 text-sm mb-4 mt-2\">\n                                    <\/p>\n                    <h2 class=\"heading-3 text-black\">\n       A\/B teszt be\u00e1ll\u00edt\u00e1sa\n    <\/h2>                <div class=\"prose\">\n                    <p>Az A\/B tesztel\u00e9s elind\u00edt\u00e1s\u00e1hoz sz\u00fcks\u00e9ged lesz egy megfelel\u0151 e-mail marketing eszk\u00f6zre \u00e9s egy tesztcsoportra, amelynek elk\u00fcldheted a k\u00fcl\u00f6nb\u00f6z\u0151 verzi\u00f3kat.<\/p>\n<p>Ez a m\u00f3dszer lehet\u0151s\u00e9get ad arra, hogy pontosan meg\u00e9rtsd, mi m\u0171k\u00f6dik a legjobban a k\u00f6z\u00f6ns\u00e9ged sz\u00e1m\u00e1ra. P\u00e9ld\u00e1ul a t\u00e1rgysorok tesztel\u00e9s\u00e9vel kider\u00edtheted, melyik v\u00e1ltozat \u00f6szt\u00f6nzi jobban a megnyit\u00e1sokat. De nemcsak a t\u00e1rgymez\u0151 sz\u00e1m\u00edt! Az e-mail felad\u00f3ja, az el\u0151n\u00e9zeti sz\u00f6veg, a tartalom, a prom\u00f3ci\u00f3k, a k\u00fcld\u00e9si id\u0151 vagy ak\u00e1r a szem\u00e9lyre szab\u00e1s is jelent\u0151sen befoly\u00e1solhatja az eredm\u00e9nyeket. Az apr\u00f3 v\u00e1ltoztat\u00e1sok is nagy hat\u00e1ssal lehetnek a kamp\u00e1ny siker\u00e9re!<\/p>\n                <\/div>\n            <\/div>\n                    <\/div>\n    <\/div>\n<\/div>\n\n\n<div class=\"container px-0 lg:px-10 xl:px-40 py-4 lg:py-16\">\n    <div class=\"grid grid-cols-1 lg:grid-cols-2 lg:gap-24 mb-8 \">\n                <div class=\" pb-6 md:pt-6\">\n            <img loading=\"lazy\" decoding=\"async\" width=\"1024\" height=\"693\" src=\"https:\/\/maileon.com\/app\/uploads\/sites\/4\/2022\/11\/Kampagnen-Reporting-1024x693.png\" class=\"md:rounded-3xl w-full\" alt=\"\" srcset=\"https:\/\/maileon.com\/app\/uploads\/sites\/4\/2022\/11\/Kampagnen-Reporting-1024x693.png 1024w, https:\/\/maileon.com\/app\/uploads\/sites\/4\/2022\/11\/Kampagnen-Reporting-300x203.png 300w, https:\/\/maileon.com\/app\/uploads\/sites\/4\/2022\/11\/Kampagnen-Reporting-768x520.png 768w, https:\/\/maileon.com\/app\/uploads\/sites\/4\/2022\/11\/Kampagnen-Reporting-1536x1039.png 1536w, https:\/\/maileon.com\/app\/uploads\/sites\/4\/2022\/11\/Kampagnen-Reporting-2048x1386.png 2048w\" sizes=\"auto, (max-width: 1024px) 100vw, 1024px\" \/>        <\/div>\n        <div class=\"lg:py-4 px-5 lg:px-0 \">\n            <div class=\"space-y-4\">\n                                <p class=\"text-gray-800 text-sm mb-4 mt-2\">\n                                    <\/p>\n                    <h2 class=\"heading-3 text-black\">\n       A vil\u00e1gos c\u00e9lkit\u0171z\u00e9sek \u00e9rthet\u0151 eredm\u00e9nyekhez vezetnek\n    <\/h2>                <div class=\"prose\">\n                    <p>Miel\u0151tt elind\u00edtan\u00e1d az A\/B tesztel\u00e9st, hat\u00e1rozd meg a c\u00e9ljaidat \u00e9s az el\u00e9rni k\u00edv\u00e1nt eredm\u00e9nyeket \u2013 p\u00e9ld\u00e1ul a megnyit\u00e1si ar\u00e1ny vagy az \u00e1tkattint\u00e1sok n\u00f6vel\u00e9s\u00e9t. D\u00f6ntsd el el\u0151re, milyen krit\u00e9riumok alapj\u00e1n v\u00e1lasztod ki a \u201egy\u0151ztes\u201d verzi\u00f3t!<\/p>\n<p>Fontos k\u00e9rd\u00e9s: az a c\u00e9lod, hogy az olvas\u00f3k egy adott gombra kattintsanak, vagy ink\u00e1bb az, hogy v\u00e9gigolvass\u00e1k az e-mail tartalm\u00e1t? B\u00e1r a k\u00eds\u00e9rletez\u00e9s elengedhetetlen, \u00fcgyelj arra, hogy egyszerre mindig csak egy v\u00e1ltoz\u00f3t m\u00f3dos\u00edts. \u00cdgy pontosan kider\u00edtheted, mi befoly\u00e1solta a kamp\u00e1nyod siker\u00e9t \u2013 \u00e9s mi az, amit a k\u00f6vetkez\u0151 teszt sor\u00e1n tov\u00e1bb fejleszthetsz!<\/p>\n                <\/div>\n            <\/div>\n                    <\/div>\n    <\/div>\n<\/div>\n\n\n<div class=\"container px-0 lg:px-10 xl:px-40 py-4 lg:py-16\">\n    <div class=\"grid grid-cols-1 lg:grid-cols-2 lg:gap-24 mb-8 \">\n                <div class=\" pb-6 md:pt-6\">\n            <img loading=\"lazy\" decoding=\"async\" width=\"1024\" height=\"684\" src=\"https:\/\/maileon.com\/app\/uploads\/sites\/4\/2022\/09\/BEELD31_Maileon_20220728_017_WEB-1024x684.jpg\" class=\"md:rounded-3xl w-full\" alt=\"analytics dashboarding maileon\" srcset=\"https:\/\/maileon.com\/app\/uploads\/sites\/4\/2022\/09\/BEELD31_Maileon_20220728_017_WEB-1024x684.jpg 1024w, https:\/\/maileon.com\/app\/uploads\/sites\/4\/2022\/09\/BEELD31_Maileon_20220728_017_WEB-300x200.jpg 300w, https:\/\/maileon.com\/app\/uploads\/sites\/4\/2022\/09\/BEELD31_Maileon_20220728_017_WEB-768x513.jpg 768w, https:\/\/maileon.com\/app\/uploads\/sites\/4\/2022\/09\/BEELD31_Maileon_20220728_017_WEB-1536x1025.jpg 1536w, https:\/\/maileon.com\/app\/uploads\/sites\/4\/2022\/09\/BEELD31_Maileon_20220728_017_WEB.jpg 2000w\" sizes=\"auto, (max-width: 1024px) 100vw, 1024px\" \/>        <\/div>\n        <div class=\"lg:py-4 px-5 lg:px-0 lg:order-first\">\n            <div class=\"space-y-4\">\n                                <p class=\"text-gray-800 text-sm mb-4 mt-2\">\n                                    <\/p>\n                    <h2 class=\"heading-3 text-black\">\n       \u00dat a sikerhez\n    <\/h2>                <div class=\"prose\">\n                    <p>A megfelel\u0151 eszk\u00f6zzel az A\/B tesztel\u00e9s egyszer\u0171 \u00e9s hat\u00e9kony lehet. A <strong>Maileon<\/strong> fejlett funkci\u00f3kat k\u00edn\u00e1l, amelyekkel k\u00f6nnyed\u00e9n tesztelheted e-mail kamp\u00e1nyaid k\u00fcl\u00f6nb\u00f6z\u0151 elemeit \u2013 legyen sz\u00f3 t\u00e1rgysorr\u00f3l, felad\u00f3r\u00f3l, tartalomr\u00f3l, kreat\u00edvokr\u00f3l vagy ak\u00e1r a k\u00fcld\u00e9si id\u0151 optimaliz\u00e1l\u00e1s\u00e1r\u00f3l.<\/p>\n<p>A rendszer lehet\u0151s\u00e9get biztos\u00edt ak\u00e1r <strong>10 k\u00fcl\u00f6nb\u00f6z\u0151 verzi\u00f3<\/strong> kipr\u00f3b\u00e1l\u00e1s\u00e1ra, \u00edgy pontosan meghat\u00e1rozhatod, mi m\u0171k\u00f6dik a legjobban a k\u00f6z\u00f6ns\u00e9gedn\u00e9l. R\u00e1ad\u00e1sul nemcsak alkalmi e-maileket, hanem <strong>automatiz\u00e1lt kamp\u00e1nyokat<\/strong> is A\/B tesztelhetsz, hogy hossz\u00fa t\u00e1von is n\u00f6veld a hat\u00e9konys\u00e1got. Az eredm\u00e9nyek alapj\u00e1n pedig <strong>automatikus nyomon k\u00f6vet\u00e9st<\/strong> \u00e1ll\u00edthatsz be, \u00edgy mindig a legeredm\u00e9nyesebb verzi\u00f3 \u00e9rheti el a feliratkoz\u00f3idat.<\/p>\n                <\/div>\n            <\/div>\n                            <div class=\"flex flex-col md:flex-row w-full mt-4 gap-4\">\n                                                                            <a href=\"https:\/\/maileon.com\/hu\/compare-marketing-automation-platforms\/\" target=\"\" class=\"block btn btn-dark\">\n        Hasonl\u00edtsd \u00f6ssze a rendszereket\n    <\/a>                                                            <\/div>\n                    <\/div>\n    <\/div>\n<\/div>\n\n\n<div class=\"block-hero-top-curve-large bg-no-repeat bg-right-top bg-[length:auto_100%] relative overflow-hidden\">\n    <div class=\"relative lg:absolute lg:right-0 z-0 lg:w-1\/2 xl:w-3\/4 lg:mb-0 w-full\">\n        <img loading=\"lazy\" decoding=\"async\" width=\"1024\" height=\"683\" src=\"https:\/\/maileon.com\/app\/uploads\/sites\/4\/2024\/09\/marksomay_20240902_1314_ZMS3564-1024x683.jpg\" class=\"w-full min-w-[55vw] max-w-[100%]\" alt=\"\" srcset=\"https:\/\/maileon.com\/app\/uploads\/sites\/4\/2024\/09\/marksomay_20240902_1314_ZMS3564-1024x683.jpg 1024w, https:\/\/maileon.com\/app\/uploads\/sites\/4\/2024\/09\/marksomay_20240902_1314_ZMS3564-300x200.jpg 300w, https:\/\/maileon.com\/app\/uploads\/sites\/4\/2024\/09\/marksomay_20240902_1314_ZMS3564-768x512.jpg 768w, https:\/\/maileon.com\/app\/uploads\/sites\/4\/2024\/09\/marksomay_20240902_1314_ZMS3564-1536x1024.jpg 1536w, https:\/\/maileon.com\/app\/uploads\/sites\/4\/2024\/09\/marksomay_20240902_1314_ZMS3564-2048x1365.jpg 2048w\" sizes=\"auto, (max-width: 1024px) 100vw, 1024px\" \/>        <div class=\"absolute bottom-0 w-full block lg:hidden\">\n            <svg xmlns=\"http:\/\/www.w3.org\/2000\/svg\" viewBox=\"0 0 768 100\" class=\"fill-primary\">\n                <path\n                    d=\"M 1221,1000 H -63 c 0,0 6e-4,-745.425 0,-559.546 281.767,-44.575 673.208,42.792 843.517,65.08 170.308,22.288 359.343,4.457 440.483,-45.467 z\"\n                    id=\"path42\" clip-path=\"url(#clipPath289)\" transform=\"translate(0,-420.2691)\"\n                \/>\n            <\/svg>\n        <\/div>\n    <\/div>\n    <div class=\"shape-hero-cta bg-primary lg:bg-transparent bg-cover bg-left bg-no-repeat relative pb-20 md:pb-0 after:shape-hero-cta-bottom after:absolute after:top-0 after:bottom-0 after:bg-no-repeat after:bg-bottom after:bg-contain after:w-full after:pointer-events-none\">\n        <div class=\"container text-primary flex flex-col justify-center items-start px-5 md:px-10 xl:px-40 pt-8 lg:pt-20 pb-16 md:pb-32 lg:pb-20 lg:min-h-[429px] xl:min-h-[603px]\">\n            <div class=\"flex flex-col w-full lg:w-7\/12\">\n                \n                    <h2 class=\"heading-1\">\n       K\u00e9rj bemutat\u00f3t \u00e9s n\u00f6veld v\u00e1llalkoz\u00e1sodat\n    <\/h2>\n                <div class=\"prose prose-invert text-primary text-lg\">\n                    <p>Foglalj dem\u00f3t szakembereinkkel, hogy teljes k\u00e9pet kaphass a marketing automatiz\u00e1l\u00e1si platformr\u00f3l, amely megfelelhet az amb\u00edci\u00f3idnak.<\/p>\n                <\/div>\n            <\/div>\n            <div class=\"flex flex-col md:flex-row w-full mt-4 gap-4\">\n                                                                <a href=\"https:\/\/maileon.com\/hu\/demo\/\" target=\"\" class=\"block btn btn-secondary\">\n        K\u00e9rj ingyenes term\u00e9kbemutat\u00f3t\n    <\/a>                                                <a href=\"https:\/\/maileon.com\/hu\/contact\/\" target=\"\" class=\"block btn btn-primary-default\">\n        Keress minket\n    <\/a>                                                <\/div>\n                    <\/div>\n    <\/div>\n<\/div>\n","protected":false},"excerpt":{"rendered":"<p>Improve click-through rates and open rated with A\/B testing.<\/p>\n","protected":false},"author":9,"featured_media":1457,"parent":1404,"menu_order":0,"comment_status":"closed","ping_status":"closed","template":"","meta":{"_acf_changed":false,"footnotes":""},"categories":[38],"class_list":["post-2406","page","type-page","status-publish","has-post-thumbnail","hentry","category-features-product"],"acf":[],"yoast_head":"<!-- This site is optimized with the Yoast SEO Premium plugin v26.3 (Yoast SEO v26.3) - https:\/\/yoast.com\/wordpress\/plugins\/seo\/ -->\n<title>A\/B testing for success | Maileon<\/title>\n<meta name=\"description\" content=\"Az A\/B tesztel\u00e9ssel jav\u00edthatod az \u00e1tkattint\u00e1si ar\u00e1nyt a konverzi\u00f3t \u00e9s a megnyit\u00e1si ar\u00e1nyt. Ismerd meg a Maileon platformot \u00e9s a k\u00fcl\u00f6nb\u00f6z\u0151 funkci\u00f3kat itt.\" \/>\n<meta name=\"robots\" content=\"index, follow, max-snippet:-1, max-image-preview:large, max-video-preview:-1\" \/>\n<link rel=\"canonical\" href=\"https:\/\/maileon.com\/hu\/platform\/features\/ab-testing\/\" \/>\n<meta property=\"og:locale\" content=\"hu_HU\" \/>\n<meta property=\"og:type\" content=\"article\" \/>\n<meta property=\"og:title\" content=\"A\/B tesztel\u00e9s: csak el\u0151re \u00e9s felfel\u00e9\" \/>\n<meta property=\"og:description\" content=\"Az A\/B tesztel\u00e9ssel jav\u00edthatod az \u00e1tkattint\u00e1si ar\u00e1nyt a konverzi\u00f3t \u00e9s a megnyit\u00e1si ar\u00e1nyt. Ismerd meg a Maileon platformot \u00e9s a k\u00fcl\u00f6nb\u00f6z\u0151 funkci\u00f3kat itt.\" \/>\n<meta property=\"og:url\" content=\"https:\/\/maileon.com\/hu\/platform\/features\/ab-testing\/\" \/>\n<meta property=\"og:site_name\" content=\"Maileon\" \/>\n<meta property=\"article:modified_time\" content=\"2025-03-06T09:03:07+00:00\" \/>\n<meta property=\"og:image\" content=\"https:\/\/maileon.com\/app\/uploads\/sites\/4\/2022\/09\/BEELD31_Maileon_20220728_016_WEB.jpg\" \/>\n\t<meta property=\"og:image:width\" content=\"2000\" \/>\n\t<meta property=\"og:image:height\" content=\"1333\" \/>\n\t<meta property=\"og:image:type\" content=\"image\/jpeg\" \/>\n<meta name=\"twitter:card\" content=\"summary_large_image\" \/>\n<meta name=\"twitter:label1\" content=\"Est. reading time\" \/>\n\t<meta name=\"twitter:data1\" content=\"4 perc\" \/>\n<script type=\"application\/ld+json\" class=\"yoast-schema-graph\">{\"@context\":\"https:\/\/schema.org\",\"@graph\":[{\"@type\":\"WebPage\",\"@id\":\"https:\/\/maileon.com\/hu\/platform\/features\/ab-testing\/\",\"url\":\"https:\/\/maileon.com\/hu\/platform\/features\/ab-testing\/\",\"name\":\"A\/B testing for success | Maileon\",\"isPartOf\":{\"@id\":\"https:\/\/maileon.com\/hu\/#website\"},\"primaryImageOfPage\":{\"@id\":\"https:\/\/maileon.com\/hu\/platform\/features\/ab-testing\/#primaryimage\"},\"image\":{\"@id\":\"https:\/\/maileon.com\/hu\/platform\/features\/ab-testing\/#primaryimage\"},\"thumbnailUrl\":\"https:\/\/maileon.com\/app\/uploads\/sites\/4\/2022\/09\/BEELD31_Maileon_20220728_016_WEB.jpg\",\"datePublished\":\"2022-10-18T13:40:31+00:00\",\"dateModified\":\"2025-03-06T09:03:07+00:00\",\"description\":\"Az A\/B tesztel\u00e9ssel jav\u00edthatod az \u00e1tkattint\u00e1si ar\u00e1nyt a konverzi\u00f3t \u00e9s a megnyit\u00e1si ar\u00e1nyt. Ismerd meg a Maileon platformot \u00e9s a k\u00fcl\u00f6nb\u00f6z\u0151 funkci\u00f3kat itt.\",\"breadcrumb\":{\"@id\":\"https:\/\/maileon.com\/hu\/platform\/features\/ab-testing\/#breadcrumb\"},\"inLanguage\":\"hu\",\"potentialAction\":[{\"@type\":\"ReadAction\",\"target\":[\"https:\/\/maileon.com\/hu\/platform\/features\/ab-testing\/\"]}]},{\"@type\":\"ImageObject\",\"inLanguage\":\"hu\",\"@id\":\"https:\/\/maileon.com\/hu\/platform\/features\/ab-testing\/#primaryimage\",\"url\":\"https:\/\/maileon.com\/app\/uploads\/sites\/4\/2022\/09\/BEELD31_Maileon_20220728_016_WEB.jpg\",\"contentUrl\":\"https:\/\/maileon.com\/app\/uploads\/sites\/4\/2022\/09\/BEELD31_Maileon_20220728_016_WEB.jpg\",\"width\":2000,\"height\":1333},{\"@type\":\"BreadcrumbList\",\"@id\":\"https:\/\/maileon.com\/hu\/platform\/features\/ab-testing\/#breadcrumb\",\"itemListElement\":[{\"@type\":\"ListItem\",\"position\":1,\"name\":\"Home\",\"item\":\"https:\/\/maileon.com\/hu\/\"},{\"@type\":\"ListItem\",\"position\":2,\"name\":\"A rendszer\",\"item\":\"https:\/\/maileon.com\/hu\/platform\/\"},{\"@type\":\"ListItem\",\"position\":3,\"name\":\"Funkci\u00f3k\",\"item\":\"https:\/\/maileon.com\/hu\/platform\/features\/\"},{\"@type\":\"ListItem\",\"position\":4,\"name\":\"A\/B tesztel\u00e9s: csak el\u0151re \u00e9s felfel\u00e9\"}]},{\"@type\":\"WebSite\",\"@id\":\"https:\/\/maileon.com\/hu\/#website\",\"url\":\"https:\/\/maileon.com\/hu\/\",\"name\":\"Maileon\",\"description\":\"\",\"publisher\":{\"@id\":\"https:\/\/maileon.com\/hu\/#organization\"},\"potentialAction\":[{\"@type\":\"SearchAction\",\"target\":{\"@type\":\"EntryPoint\",\"urlTemplate\":\"https:\/\/maileon.com\/hu\/?s={search_term_string}\"},\"query-input\":{\"@type\":\"PropertyValueSpecification\",\"valueRequired\":true,\"valueName\":\"search_term_string\"}}],\"inLanguage\":\"hu\"},{\"@type\":\"Organization\",\"@id\":\"https:\/\/maileon.com\/hu\/#organization\",\"name\":\"Maileon\",\"url\":\"https:\/\/maileon.com\/hu\/\",\"logo\":{\"@type\":\"ImageObject\",\"inLanguage\":\"hu\",\"@id\":\"https:\/\/maileon.com\/hu\/#\/schema\/logo\/image\/\",\"url\":\"https:\/\/maileon.com\/app\/uploads\/sites\/4\/2022\/08\/logo.png\",\"contentUrl\":\"https:\/\/maileon.com\/app\/uploads\/sites\/4\/2022\/08\/logo.png\",\"width\":168,\"height\":33,\"caption\":\"Maileon\"},\"image\":{\"@id\":\"https:\/\/maileon.com\/hu\/#\/schema\/logo\/image\/\"}}]}<\/script>\n<!-- \/ Yoast SEO Premium plugin. -->","yoast_head_json":{"title":"A\/B testing for success | Maileon","description":"Az A\/B tesztel\u00e9ssel jav\u00edthatod az \u00e1tkattint\u00e1si ar\u00e1nyt a konverzi\u00f3t \u00e9s a megnyit\u00e1si ar\u00e1nyt. Ismerd meg a Maileon platformot \u00e9s a k\u00fcl\u00f6nb\u00f6z\u0151 funkci\u00f3kat itt.","robots":{"index":"index","follow":"follow","max-snippet":"max-snippet:-1","max-image-preview":"max-image-preview:large","max-video-preview":"max-video-preview:-1"},"canonical":"https:\/\/maileon.com\/hu\/platform\/features\/ab-testing\/","og_locale":"hu_HU","og_type":"article","og_title":"A\/B tesztel\u00e9s: csak el\u0151re \u00e9s felfel\u00e9","og_description":"Az A\/B tesztel\u00e9ssel jav\u00edthatod az \u00e1tkattint\u00e1si ar\u00e1nyt a konverzi\u00f3t \u00e9s a megnyit\u00e1si ar\u00e1nyt. Ismerd meg a Maileon platformot \u00e9s a k\u00fcl\u00f6nb\u00f6z\u0151 funkci\u00f3kat itt.","og_url":"https:\/\/maileon.com\/hu\/platform\/features\/ab-testing\/","og_site_name":"Maileon","article_modified_time":"2025-03-06T09:03:07+00:00","og_image":[{"width":2000,"height":1333,"url":"https:\/\/maileon.com\/app\/uploads\/sites\/4\/2022\/09\/BEELD31_Maileon_20220728_016_WEB.jpg","type":"image\/jpeg"}],"twitter_card":"summary_large_image","twitter_misc":{"Est. reading time":"4 perc"},"schema":{"@context":"https:\/\/schema.org","@graph":[{"@type":"WebPage","@id":"https:\/\/maileon.com\/hu\/platform\/features\/ab-testing\/","url":"https:\/\/maileon.com\/hu\/platform\/features\/ab-testing\/","name":"A\/B testing for success | Maileon","isPartOf":{"@id":"https:\/\/maileon.com\/hu\/#website"},"primaryImageOfPage":{"@id":"https:\/\/maileon.com\/hu\/platform\/features\/ab-testing\/#primaryimage"},"image":{"@id":"https:\/\/maileon.com\/hu\/platform\/features\/ab-testing\/#primaryimage"},"thumbnailUrl":"https:\/\/maileon.com\/app\/uploads\/sites\/4\/2022\/09\/BEELD31_Maileon_20220728_016_WEB.jpg","datePublished":"2022-10-18T13:40:31+00:00","dateModified":"2025-03-06T09:03:07+00:00","description":"Az A\/B tesztel\u00e9ssel jav\u00edthatod az \u00e1tkattint\u00e1si ar\u00e1nyt a konverzi\u00f3t \u00e9s a megnyit\u00e1si ar\u00e1nyt. Ismerd meg a Maileon platformot \u00e9s a k\u00fcl\u00f6nb\u00f6z\u0151 funkci\u00f3kat itt.","breadcrumb":{"@id":"https:\/\/maileon.com\/hu\/platform\/features\/ab-testing\/#breadcrumb"},"inLanguage":"hu","potentialAction":[{"@type":"ReadAction","target":["https:\/\/maileon.com\/hu\/platform\/features\/ab-testing\/"]}]},{"@type":"ImageObject","inLanguage":"hu","@id":"https:\/\/maileon.com\/hu\/platform\/features\/ab-testing\/#primaryimage","url":"https:\/\/maileon.com\/app\/uploads\/sites\/4\/2022\/09\/BEELD31_Maileon_20220728_016_WEB.jpg","contentUrl":"https:\/\/maileon.com\/app\/uploads\/sites\/4\/2022\/09\/BEELD31_Maileon_20220728_016_WEB.jpg","width":2000,"height":1333},{"@type":"BreadcrumbList","@id":"https:\/\/maileon.com\/hu\/platform\/features\/ab-testing\/#breadcrumb","itemListElement":[{"@type":"ListItem","position":1,"name":"Home","item":"https:\/\/maileon.com\/hu\/"},{"@type":"ListItem","position":2,"name":"A rendszer","item":"https:\/\/maileon.com\/hu\/platform\/"},{"@type":"ListItem","position":3,"name":"Funkci\u00f3k","item":"https:\/\/maileon.com\/hu\/platform\/features\/"},{"@type":"ListItem","position":4,"name":"A\/B tesztel\u00e9s: csak el\u0151re \u00e9s felfel\u00e9"}]},{"@type":"WebSite","@id":"https:\/\/maileon.com\/hu\/#website","url":"https:\/\/maileon.com\/hu\/","name":"Maileon","description":"","publisher":{"@id":"https:\/\/maileon.com\/hu\/#organization"},"potentialAction":[{"@type":"SearchAction","target":{"@type":"EntryPoint","urlTemplate":"https:\/\/maileon.com\/hu\/?s={search_term_string}"},"query-input":{"@type":"PropertyValueSpecification","valueRequired":true,"valueName":"search_term_string"}}],"inLanguage":"hu"},{"@type":"Organization","@id":"https:\/\/maileon.com\/hu\/#organization","name":"Maileon","url":"https:\/\/maileon.com\/hu\/","logo":{"@type":"ImageObject","inLanguage":"hu","@id":"https:\/\/maileon.com\/hu\/#\/schema\/logo\/image\/","url":"https:\/\/maileon.com\/app\/uploads\/sites\/4\/2022\/08\/logo.png","contentUrl":"https:\/\/maileon.com\/app\/uploads\/sites\/4\/2022\/08\/logo.png","width":168,"height":33,"caption":"Maileon"},"image":{"@id":"https:\/\/maileon.com\/hu\/#\/schema\/logo\/image\/"}}]}},"_links":{"self":[{"href":"https:\/\/maileon.com\/hu\/wp-json\/wp\/v2\/pages\/2406","targetHints":{"allow":["GET"]}}],"collection":[{"href":"https:\/\/maileon.com\/hu\/wp-json\/wp\/v2\/pages"}],"about":[{"href":"https:\/\/maileon.com\/hu\/wp-json\/wp\/v2\/types\/page"}],"author":[{"embeddable":true,"href":"https:\/\/maileon.com\/hu\/wp-json\/wp\/v2\/users\/9"}],"replies":[{"embeddable":true,"href":"https:\/\/maileon.com\/hu\/wp-json\/wp\/v2\/comments?post=2406"}],"version-history":[{"count":10,"href":"https:\/\/maileon.com\/hu\/wp-json\/wp\/v2\/pages\/2406\/revisions"}],"predecessor-version":[{"id":11301,"href":"https:\/\/maileon.com\/hu\/wp-json\/wp\/v2\/pages\/2406\/revisions\/11301"}],"up":[{"embeddable":true,"href":"https:\/\/maileon.com\/hu\/wp-json\/wp\/v2\/pages\/1404"}],"wp:featuredmedia":[{"embeddable":true,"href":"https:\/\/maileon.com\/hu\/wp-json\/wp\/v2\/media\/1457"}],"wp:attachment":[{"href":"https:\/\/maileon.com\/hu\/wp-json\/wp\/v2\/media?parent=2406"}],"wp:term":[{"taxonomy":"category","embeddable":true,"href":"https:\/\/maileon.com\/hu\/wp-json\/wp\/v2\/categories?post=2406"}],"curies":[{"name":"wp","href":"https:\/\/api.w.org\/{rel}","templated":true}]}}