{"id":1739,"date":"2022-09-28T12:01:14","date_gmt":"2022-09-28T12:01:14","guid":{"rendered":"https:\/\/maileon.com\/?page_id=1739"},"modified":"2025-03-18T10:26:34","modified_gmt":"2025-03-18T10:26:34","slug":"sport-leisure","status":"publish","type":"page","link":"https:\/\/maileon.com\/hu\/solutions\/industries\/sport-leisure\/","title":{"rendered":"Sport \u00e9s szabadid\u0151"},"content":{"rendered":"\n<div class=\"relative shape-hero-main block-hero-top-curve-sm block-hero-bottom-curve bg-primary bg-no-repeat bg-right-top bg-contain mb-14\">\n    <div\n        class=\"container relative text-primary flex flex-col justify-center items-start px-5 md:px-10 xl:px-40 pt-44 md:pt-64 lg:pt-20 pb-24 lg:pb-20 min-h-[681px] md:min-h-[607px] lg:min-h-[466px] xl:min-h-[656px]\"\n    >\n        <div class=\"flex flex-col w-full md:9\/12 lg:w-7\/12\">\n            \n                <h1 class=\"heading-1\">\n       Sport \u00e9s szabadid\u0151: \u00e9p\u00edtsd \u00e9s aktiviz\u00e1ld a k\u00f6z\u00f6ss\u00e9ged!\n    <\/h1>\n            <div class=\"prose prose-invert text-primary text-lg\">\n                <p>\u00c9rd el megl\u00e9v\u0151 k\u00f6z\u00f6ss\u00e9ged \u00e9s szerezz \u00faj \u00fcgyfeleket!<\/p>\n            <\/div>\n        <\/div>\n        <div class=\"flex flex-col md:flex-row w-full mt-4 gap-4\">\n                                                    <a href=\"https:\/\/maileon.com\/hu\/contact\/\" target=\"_blank\" class=\"block btn btn-secondary\">\n        \u00cdrj nek\u00fcnk\n    <\/a>                                        <a href=\"https:\/\/maileon.com\/hu\/compare-marketing-automation-platforms\/\" target=\"\" class=\"block btn btn-primary-default\">\n        Rendszerek \u00f6sszehasonl\u00edt\u00e1sa\n    <\/a>                                    <\/div>\n            <\/div>\n<\/div>\n\n\n\n<div class=\"container py-8 px-0 xl:px-40\">\n    <div class=\"px-5 md:px-10 xl:px-40 pb-3 md:mr-24\">\n        <div class=\"prose \">\n            <h2>Marketing automatiz\u00e1l\u00e1s a sport- \u00e9s szabadid\u0151ipar sz\u00e1m\u00e1ra<\/h2>\n<p>Ahogy egy sport- vagy szabadid\u0151s v\u00e1llalkoz\u00e1s n\u00f6vekszik, az egyre nagyobb mennyis\u00e9g\u0171 adat kezel\u00e9se komoly kih\u00edv\u00e1st jelenthet. A c\u00e9lk\u00f6z\u00f6ns\u00e9ged minden tagja egyedi, saj\u00e1tos ig\u00e9nyekkel \u00e9s elv\u00e1r\u00e1sokkal rendelkezik \u2013 ez\u00e9rt kulcsfontoss\u00e1g\u00fa, hogy minden \u00e9lm\u00e9ny szem\u00e9lyre szabott legyen, mik\u00f6zben fenntartod a r\u00e9sztvev\u0151k elk\u00f6telez\u0151d\u00e9s\u00e9t.<\/p>\n<p>Platformunk minden eszk\u00f6zt biztos\u00edt, amire sz\u00fcks\u00e9ged lehet ebben a verseng\u0151 ipar\u00e1gban: a k\u00f6z\u00f6ns\u00e9g bevon\u00e1s\u00e1t\u00f3l kezdve a szegment\u00e1l\u00e1son \u00e9s automatiz\u00e1l\u00e1son \u00e1t a fejlett szem\u00e9lyre szab\u00e1sig. Seg\u00edt\u00fcnk abban, hogy hat\u00e9konyabban kommunik\u00e1lj, n\u00f6veld az \u00fcgyf\u00e9l-el\u00e9gedetts\u00e9get \u00e9s fenntarthat\u00f3 m\u00f3don fejleszd v\u00e1llalkoz\u00e1sodat!<\/p>\n        <\/div>\n    <\/div>\n<\/div>\n\n\n<div class=\"container px-0 lg:px-10 xl:px-40 py-4 lg:py-16\">\n    <div class=\"grid grid-cols-1 lg:grid-cols-2 lg:gap-24 mb-8 \">\n                <div class=\" pb-6 md:pt-6\">\n            <img loading=\"lazy\" decoding=\"async\" width=\"1024\" height=\"684\" src=\"https:\/\/maileon.com\/app\/uploads\/sites\/4\/2022\/09\/BEELD31_Maileon_20220728_009_WEB-1024x684.jpg\" class=\"md:rounded-3xl w-full\" alt=\"\" srcset=\"https:\/\/maileon.com\/app\/uploads\/sites\/4\/2022\/09\/BEELD31_Maileon_20220728_009_WEB-1024x684.jpg 1024w, https:\/\/maileon.com\/app\/uploads\/sites\/4\/2022\/09\/BEELD31_Maileon_20220728_009_WEB-300x200.jpg 300w, https:\/\/maileon.com\/app\/uploads\/sites\/4\/2022\/09\/BEELD31_Maileon_20220728_009_WEB-768x513.jpg 768w, https:\/\/maileon.com\/app\/uploads\/sites\/4\/2022\/09\/BEELD31_Maileon_20220728_009_WEB-1536x1025.jpg 1536w, https:\/\/maileon.com\/app\/uploads\/sites\/4\/2022\/09\/BEELD31_Maileon_20220728_009_WEB.jpg 2000w\" sizes=\"auto, (max-width: 1024px) 100vw, 1024px\" \/>        <\/div>\n        <div class=\"lg:py-4 px-5 lg:px-0 \">\n            <div class=\"space-y-4\">\n                                <p class=\"text-gray-800 text-sm mb-4 mt-2\">\n                                    <\/p>\n                    <h2 class=\"heading-3 text-black\">\n       T\u00e1mogasd \u00fcgyfeleidet az \u00fczleti \u00e9letciklusuk sor\u00e1n\n    <\/h2>                <div class=\"prose\">\n                    <p>K\u00edn\u00e1lj c\u00e9lzott aj\u00e1nlatokat a kedvenc tev\u00e9kenys\u00e9gekhez, \u00e9s k\u00fcldj eml\u00e9keztet\u0151ket azoknak az \u00fcgyfeleknek, akik egy ideje nem j\u00e1rtak n\u00e1lad! Ez els\u0151re id\u0151ig\u00e9nyes feladatnak t\u0171nhet, k\u00fcl\u00f6n\u00f6sen, ha minden \u00fcgyf\u00e9l \u00fatj\u00e1t egyes\u00e9vel kellene nyomon k\u00f6vetned \u2013 de nem kell, hogy bonyolult legyen!<\/p>\n<p>A megfelel\u0151 marketing automatiz\u00e1l\u00e1si platform seg\u00edts\u00e9g\u00e9vel minden egyes l\u00e9p\u00e9sn\u00e9l hat\u00e9konyan kommunik\u00e1lhatsz, mik\u00f6zben biztos lehetsz abban, hogy nem maradsz le a fontos \u00fcgyf\u00e9linterakci\u00f3kr\u00f3l. \u00cdgy n\u00f6velheted az elk\u00f6telez\u0151d\u00e9st, fokozhatod a visszat\u00e9r\u00e9si ar\u00e1nyt, \u00e9s szem\u00e9lyre szabott \u00e9lm\u00e9nyt k\u00edn\u00e1lhatsz minden egyes \u00fcgyf\u00e9lnek!<\/p>\n                <\/div>\n            <\/div>\n                            <div class=\"flex flex-col md:flex-row w-full mt-4 gap-4\">\n                                                                            <a href=\"https:\/\/maileon.com\/hu\/platform\/\" target=\"_blank\" class=\"block btn btn-secondary\">\n        Fedezd fel a Maileont\n    <\/a>                                                            <\/div>\n                    <\/div>\n    <\/div>\n<\/div>\n\n\n<div class=\"container px-0 lg:px-10 xl:px-40 py-4 lg:py-16\">\n    <div class=\"grid grid-cols-1 lg:grid-cols-2 lg:gap-24 mb-8 \">\n                <div class=\" pb-6 md:pt-6\">\n            <img loading=\"lazy\" decoding=\"async\" width=\"835\" height=\"715\" src=\"https:\/\/maileon.com\/app\/uploads\/sites\/4\/2022\/08\/Newsletter-Templates.png\" class=\"md:rounded-3xl w-full\" alt=\"email templates examples\" srcset=\"https:\/\/maileon.com\/app\/uploads\/sites\/4\/2022\/08\/Newsletter-Templates.png 835w, https:\/\/maileon.com\/app\/uploads\/sites\/4\/2022\/08\/Newsletter-Templates-300x257.png 300w, https:\/\/maileon.com\/app\/uploads\/sites\/4\/2022\/08\/Newsletter-Templates-768x658.png 768w\" sizes=\"auto, (max-width: 835px) 100vw, 835px\" \/>        <\/div>\n        <div class=\"lg:py-4 px-5 lg:px-0 lg:order-first\">\n            <div class=\"space-y-4\">\n                                <p class=\"text-gray-800 text-sm mb-4 mt-2\">\n                                    <\/p>\n                    <h2 class=\"heading-3 text-black\">\n       Folyamatos aktiviz\u00e1l\u00e1s a szegment\u00e1l\u00e1s r\u00e9v\u00e9n\n    <\/h2>                <div class=\"prose\">\n                    <p>A sport- \u00e9s szabadid\u0151s v\u00e1llalkoz\u00e1sok k\u00f6z\u00f6ns\u00e9ge az egyik legakt\u00edvabb, amit valaha l\u00e1ttunk \u2013 \u00e9s hallani akarnak r\u00f3lad! Minden \u00fcgyf\u00e9l egyedi, \u00e9s k\u00fcl\u00f6nleges figyelmet \u00e9rdemel. Mi seg\u00edt\u00fcnk abban, hogy ezt k\u00f6nnyed\u00e9n megval\u00f3s\u00edtsd!<\/p>\n<p>A szegment\u00e1l\u00e1s \u00e9s a viselked\u00e9s alap\u00fa dinamikus sz\u0171r\u0151k seg\u00edts\u00e9g\u00e9vel teljes m\u00e9rt\u00e9kben kiakn\u00e1zhatod marketing adatb\u00e1zisod lehet\u0151s\u00e9geit, \u00e9s mindig a megfelel\u0151 \u00fczenetet k\u00fcldheted el a megfelel\u0151 pillanatban.<\/p>\n<p>R\u00e1ad\u00e1sul, ha integr\u00e1lod a Maileont az \u00f6sszes alapvet\u0151 rendszereddel, akkor a szegment\u00e1l\u00e1s el\u0151nyeit nemcsak az e-mail marketingben, hanem m\u00e1s csatorn\u00e1kon is kihaszn\u00e1lhatod, \u00edgy biztos\u00edtva az egys\u00e9ges \u00e9s hat\u00e9kony kommunik\u00e1ci\u00f3t!<\/p>\n                <\/div>\n            <\/div>\n                            <div class=\"flex flex-col md:flex-row w-full mt-4 gap-4\">\n                                                                            <a href=\"https:\/\/maileon.com\/hu\/integrations\/\" target=\"_blank\" class=\"block btn btn-secondary\">\n        Integr\u00e1ci\u00f3s lehet\u0151s\u00e9gek\n    <\/a>                                                            <\/div>\n                    <\/div>\n    <\/div>\n<\/div>\n\n\n<div class=\"container px-0 lg:px-10 xl:px-40 py-4 lg:py-16\">\n    <div class=\"grid grid-cols-1 lg:grid-cols-2 lg:gap-24 mb-8 \">\n                <div class=\" pb-6 md:pt-6\">\n            <img loading=\"lazy\" decoding=\"async\" width=\"1024\" height=\"683\" src=\"https:\/\/maileon.com\/app\/uploads\/sites\/4\/2022\/10\/marilia-castelli-jX_7oDSo9_w-unsplash-1-1024x683.jpg\" class=\"md:rounded-3xl w-full\" alt=\"\" srcset=\"https:\/\/maileon.com\/app\/uploads\/sites\/4\/2022\/10\/marilia-castelli-jX_7oDSo9_w-unsplash-1-1024x683.jpg 1024w, https:\/\/maileon.com\/app\/uploads\/sites\/4\/2022\/10\/marilia-castelli-jX_7oDSo9_w-unsplash-1-300x200.jpg 300w, https:\/\/maileon.com\/app\/uploads\/sites\/4\/2022\/10\/marilia-castelli-jX_7oDSo9_w-unsplash-1-768x512.jpg 768w, https:\/\/maileon.com\/app\/uploads\/sites\/4\/2022\/10\/marilia-castelli-jX_7oDSo9_w-unsplash-1-1536x1024.jpg 1536w, https:\/\/maileon.com\/app\/uploads\/sites\/4\/2022\/10\/marilia-castelli-jX_7oDSo9_w-unsplash-1.jpg 1920w\" sizes=\"auto, (max-width: 1024px) 100vw, 1024px\" \/>        <\/div>\n        <div class=\"lg:py-4 px-5 lg:px-0 \">\n            <div class=\"space-y-4\">\n                                <p class=\"text-gray-800 text-sm mb-4 mt-2\">\n                                    <\/p>\n                    <h2 class=\"heading-3 text-black\">\n       Alacsony k\u00f6lts\u00e9g gyors megt\u00e9r\u00fcl\u00e9s\n    <\/h2>                <div class=\"prose\">\n                    <p>Az e-mail a legjobb m\u00f3dja annak, hogy k\u00f6zvetlen\u00fcl el\u00e9rd a k\u00f6z\u00f6ns\u00e9ged \u2013 \u00e9s mi szenved\u00e9lyesen hisz\u00fcnk az e-mail marketing erej\u00e9ben!<\/p>\n<p>Elk\u00f6telezettek vagyunk amellett, hogy teljes k\u00f6r\u0171 megold\u00e1st k\u00edn\u00e1ljunk, m\u00e9ghozz\u00e1 borsos \u00e1rc\u00e9dula n\u00e9lk\u00fcl. <strong>Nincsenek rejtett d\u00edjak, nincsenek extra k\u00f6lts\u00e9gek minden apr\u00f3 funkci\u00f3\u00e9rt, \u00e9s nincsenek v\u00e1ratlan kiad\u00e1sok<\/strong>, amelyeket nem tudsz beilleszteni a b\u00fcdzs\u00e9dbe.<\/p>\n<p>Csak egy hat\u00e9kony, megb\u00edzhat\u00f3 \u00e9s sk\u00e1l\u00e1zhat\u00f3 platform \u2013 <strong>m\u00e9lt\u00e1nyos \u00e1ron<\/strong>!<\/p>\n                <\/div>\n            <\/div>\n                            <div class=\"flex flex-col md:flex-row w-full mt-4 gap-4\">\n                                                                            <a href=\"https:\/\/maileon.com\/hu\/pricing\/\" target=\"\" class=\"block btn btn-secondary\">\n        K\u00e9rj aj\u00e1nlatot\n    <\/a>                                                            <\/div>\n                    <\/div>\n    <\/div>\n<\/div>\n\n\n\n<div class=\"container py-4 lg:py-14 px-0 \">\n    <div class=\" px-5 lg:px-10 xl:px-40 pb-3\">\n        <p class=\"text-gray-400 mx-0\">\n                    <\/p>\n        <div class=\"text-black mx-0 mb-8 lg:w-1\/2\">\n                    <\/div>\n        <div class=\"mb-10\">\n                    <\/div>\n        <div class=\"grid gap-4 xl:grid-cols-3\">\n                    <\/div>\n    <\/div>\n<\/div>\n\n\n<div class=\"block-hero-top-curve-large bg-no-repeat bg-right-top bg-[length:auto_100%] relative overflow-hidden\">\n    <div class=\"relative lg:absolute lg:right-0 z-0 lg:w-1\/2 xl:w-3\/4 lg:mb-0 w-full\">\n        <img loading=\"lazy\" decoding=\"async\" width=\"1024\" height=\"684\" src=\"https:\/\/maileon.com\/app\/uploads\/sites\/4\/2022\/09\/BEELD31_Maileon_20220728_011_WEB-1024x684.jpg\" class=\"w-full min-w-[55vw] max-w-[100%]\" alt=\"Get in contact\" srcset=\"https:\/\/maileon.com\/app\/uploads\/sites\/4\/2022\/09\/BEELD31_Maileon_20220728_011_WEB-1024x684.jpg 1024w, https:\/\/maileon.com\/app\/uploads\/sites\/4\/2022\/09\/BEELD31_Maileon_20220728_011_WEB-300x200.jpg 300w, https:\/\/maileon.com\/app\/uploads\/sites\/4\/2022\/09\/BEELD31_Maileon_20220728_011_WEB-768x513.jpg 768w, https:\/\/maileon.com\/app\/uploads\/sites\/4\/2022\/09\/BEELD31_Maileon_20220728_011_WEB-1536x1025.jpg 1536w, https:\/\/maileon.com\/app\/uploads\/sites\/4\/2022\/09\/BEELD31_Maileon_20220728_011_WEB.jpg 2000w\" sizes=\"auto, (max-width: 1024px) 100vw, 1024px\" \/>        <div class=\"absolute bottom-0 w-full block lg:hidden\">\n            <svg xmlns=\"http:\/\/www.w3.org\/2000\/svg\" viewBox=\"0 0 768 100\" class=\"fill-primary\">\n                <path\n                    d=\"M 1221,1000 H -63 c 0,0 6e-4,-745.425 0,-559.546 281.767,-44.575 673.208,42.792 843.517,65.08 170.308,22.288 359.343,4.457 440.483,-45.467 z\"\n                    id=\"path42\" clip-path=\"url(#clipPath289)\" transform=\"translate(0,-420.2691)\"\n                \/>\n            <\/svg>\n        <\/div>\n    <\/div>\n    <div class=\"shape-hero-cta bg-primary lg:bg-transparent bg-cover bg-left bg-no-repeat relative pb-20 md:pb-0 after:shape-hero-cta-bottom after:absolute after:top-0 after:bottom-0 after:bg-no-repeat after:bg-bottom after:bg-contain after:w-full after:pointer-events-none\">\n        <div class=\"container text-primary flex flex-col justify-center items-start px-5 md:px-10 xl:px-40 pt-8 lg:pt-20 pb-16 md:pb-32 lg:pb-20 lg:min-h-[429px] xl:min-h-[603px]\">\n            <div class=\"flex flex-col w-full lg:w-7\/12\">\n                \n                    <h3 class=\"heading-1\">\n       Besz\u00e9lj\u00fcnk!\n    <\/h3>\n                <div class=\"prose prose-invert text-primary text-lg\">\n                    <p>Ak\u00e1r \u00faj platformot, ak\u00e1r partners\u00e9get szeretn\u00e9l, ak\u00e1r csak egy cs\u00e9sze k\u00e1v\u00e9ra \u00e9s egy besz\u00e9lget\u00e9sre v\u00e1gysz: sz\u00edvesen hallan\u00e1nk r\u00f3lad.<\/p>\n                <\/div>\n            <\/div>\n            <div class=\"flex flex-col md:flex-row w-full mt-4 gap-4\">\n                                                                <a href=\"https:\/\/maileon.com\/hu\/contact\/\" target=\"\" class=\"block btn btn-secondary\">\n        \u00cdrj nek\u00fcnk\n    <\/a>                                                <\/div>\n                    <\/div>\n    <\/div>\n<\/div>\n","protected":false},"excerpt":{"rendered":"<p>Reach your existing community and build new audiences.<\/p>\n","protected":false},"author":9,"featured_media":1524,"parent":7485,"menu_order":0,"comment_status":"closed","ping_status":"closed","template":"","meta":{"_acf_changed":false,"footnotes":""},"categories":[17],"class_list":["post-1739","page","type-page","status-publish","has-post-thumbnail","hentry","category-industry"],"acf":[],"yoast_head":"<!-- This site is optimized with the Yoast SEO Premium plugin v26.3 (Yoast SEO v26.3) - https:\/\/yoast.com\/wordpress\/plugins\/seo\/ -->\n<title>Sport \u00e9s szabadid\u0151 | Maileon<\/title>\n<meta name=\"description\" content=\"\u00c9rd el megl\u00e9v\u0151 k\u00f6z\u00f6ss\u00e9gedet \u00e9s \u00e9p\u00edts \u00faj k\u00f6z\u00f6ns\u00e9get. Fedezd fel a marketing automatiz\u00e1l\u00e1st a sport- \u00e9s szabadid\u0151s v\u00e1llalkoz\u00e1sok sz\u00e1m\u00e1ra.\" \/>\n<meta name=\"robots\" content=\"index, follow, max-snippet:-1, max-image-preview:large, max-video-preview:-1\" \/>\n<link rel=\"canonical\" href=\"https:\/\/maileon.com\/hu\/solutions\/industries\/sport-leisure\/\" \/>\n<meta property=\"og:locale\" content=\"hu_HU\" \/>\n<meta property=\"og:type\" content=\"article\" \/>\n<meta property=\"og:title\" content=\"Sport \u00e9s szabadid\u0151\" \/>\n<meta property=\"og:description\" content=\"\u00c9rd el megl\u00e9v\u0151 k\u00f6z\u00f6ss\u00e9gedet \u00e9s \u00e9p\u00edts \u00faj k\u00f6z\u00f6ns\u00e9get. Fedezd fel a marketing automatiz\u00e1l\u00e1st a sport- \u00e9s szabadid\u0151s v\u00e1llalkoz\u00e1sok sz\u00e1m\u00e1ra.\" \/>\n<meta property=\"og:url\" content=\"https:\/\/maileon.com\/hu\/solutions\/industries\/sport-leisure\/\" \/>\n<meta property=\"og:site_name\" content=\"Maileon\" \/>\n<meta property=\"article:modified_time\" content=\"2025-03-18T10:26:34+00:00\" \/>\n<meta property=\"og:image\" content=\"https:\/\/maileon.com\/app\/uploads\/sites\/4\/2022\/09\/connor-coyne-OgqWLzWRSaI-unsplash-scaled-e1669909712701.jpg\" \/>\n\t<meta property=\"og:image:width\" content=\"1920\" \/>\n\t<meta property=\"og:image:height\" content=\"2560\" \/>\n\t<meta property=\"og:image:type\" content=\"image\/jpeg\" \/>\n<meta name=\"twitter:card\" content=\"summary_large_image\" \/>\n<meta name=\"twitter:label1\" content=\"Est. reading time\" \/>\n\t<meta name=\"twitter:data1\" content=\"3 perc\" \/>\n<script type=\"application\/ld+json\" class=\"yoast-schema-graph\">{\"@context\":\"https:\/\/schema.org\",\"@graph\":[{\"@type\":\"WebPage\",\"@id\":\"https:\/\/maileon.com\/hu\/solutions\/industries\/sport-leisure\/\",\"url\":\"https:\/\/maileon.com\/hu\/solutions\/industries\/sport-leisure\/\",\"name\":\"Sport \u00e9s szabadid\u0151 | Maileon\",\"isPartOf\":{\"@id\":\"https:\/\/maileon.com\/hu\/#website\"},\"primaryImageOfPage\":{\"@id\":\"https:\/\/maileon.com\/hu\/solutions\/industries\/sport-leisure\/#primaryimage\"},\"image\":{\"@id\":\"https:\/\/maileon.com\/hu\/solutions\/industries\/sport-leisure\/#primaryimage\"},\"thumbnailUrl\":\"https:\/\/maileon.com\/app\/uploads\/sites\/4\/2022\/09\/connor-coyne-OgqWLzWRSaI-unsplash-scaled-e1669909712701.jpg\",\"datePublished\":\"2022-09-28T12:01:14+00:00\",\"dateModified\":\"2025-03-18T10:26:34+00:00\",\"description\":\"\u00c9rd el megl\u00e9v\u0151 k\u00f6z\u00f6ss\u00e9gedet \u00e9s \u00e9p\u00edts \u00faj k\u00f6z\u00f6ns\u00e9get. Fedezd fel a marketing automatiz\u00e1l\u00e1st a sport- \u00e9s szabadid\u0151s v\u00e1llalkoz\u00e1sok sz\u00e1m\u00e1ra.\",\"breadcrumb\":{\"@id\":\"https:\/\/maileon.com\/hu\/solutions\/industries\/sport-leisure\/#breadcrumb\"},\"inLanguage\":\"hu\",\"potentialAction\":[{\"@type\":\"ReadAction\",\"target\":[\"https:\/\/maileon.com\/hu\/solutions\/industries\/sport-leisure\/\"]}]},{\"@type\":\"ImageObject\",\"inLanguage\":\"hu\",\"@id\":\"https:\/\/maileon.com\/hu\/solutions\/industries\/sport-leisure\/#primaryimage\",\"url\":\"https:\/\/maileon.com\/app\/uploads\/sites\/4\/2022\/09\/connor-coyne-OgqWLzWRSaI-unsplash-scaled-e1669909712701.jpg\",\"contentUrl\":\"https:\/\/maileon.com\/app\/uploads\/sites\/4\/2022\/09\/connor-coyne-OgqWLzWRSaI-unsplash-scaled-e1669909712701.jpg\",\"width\":1920,\"height\":2560},{\"@type\":\"BreadcrumbList\",\"@id\":\"https:\/\/maileon.com\/hu\/solutions\/industries\/sport-leisure\/#breadcrumb\",\"itemListElement\":[{\"@type\":\"ListItem\",\"position\":1,\"name\":\"Home\",\"item\":\"https:\/\/maileon.com\/hu\/\"},{\"@type\":\"ListItem\",\"position\":2,\"name\":\"Ipar\u00e1gi megold\u00e1saink\",\"item\":\"https:\/\/maileon.com\/hu\/solutions\/\"},{\"@type\":\"ListItem\",\"position\":3,\"name\":\"Ipar\u00e1gak\",\"item\":\"https:\/\/maileon.com\/hu\/solutions\/industries\/\"},{\"@type\":\"ListItem\",\"position\":4,\"name\":\"Sport \u00e9s szabadid\u0151\"}]},{\"@type\":\"WebSite\",\"@id\":\"https:\/\/maileon.com\/hu\/#website\",\"url\":\"https:\/\/maileon.com\/hu\/\",\"name\":\"Maileon\",\"description\":\"\",\"publisher\":{\"@id\":\"https:\/\/maileon.com\/hu\/#organization\"},\"potentialAction\":[{\"@type\":\"SearchAction\",\"target\":{\"@type\":\"EntryPoint\",\"urlTemplate\":\"https:\/\/maileon.com\/hu\/?s={search_term_string}\"},\"query-input\":{\"@type\":\"PropertyValueSpecification\",\"valueRequired\":true,\"valueName\":\"search_term_string\"}}],\"inLanguage\":\"hu\"},{\"@type\":\"Organization\",\"@id\":\"https:\/\/maileon.com\/hu\/#organization\",\"name\":\"Maileon\",\"url\":\"https:\/\/maileon.com\/hu\/\",\"logo\":{\"@type\":\"ImageObject\",\"inLanguage\":\"hu\",\"@id\":\"https:\/\/maileon.com\/hu\/#\/schema\/logo\/image\/\",\"url\":\"https:\/\/maileon.com\/app\/uploads\/sites\/4\/2022\/08\/logo.png\",\"contentUrl\":\"https:\/\/maileon.com\/app\/uploads\/sites\/4\/2022\/08\/logo.png\",\"width\":168,\"height\":33,\"caption\":\"Maileon\"},\"image\":{\"@id\":\"https:\/\/maileon.com\/hu\/#\/schema\/logo\/image\/\"}}]}<\/script>\n<!-- \/ Yoast SEO Premium plugin. -->","yoast_head_json":{"title":"Sport \u00e9s szabadid\u0151 | Maileon","description":"\u00c9rd el megl\u00e9v\u0151 k\u00f6z\u00f6ss\u00e9gedet \u00e9s \u00e9p\u00edts \u00faj k\u00f6z\u00f6ns\u00e9get. Fedezd fel a marketing automatiz\u00e1l\u00e1st a sport- \u00e9s szabadid\u0151s v\u00e1llalkoz\u00e1sok sz\u00e1m\u00e1ra.","robots":{"index":"index","follow":"follow","max-snippet":"max-snippet:-1","max-image-preview":"max-image-preview:large","max-video-preview":"max-video-preview:-1"},"canonical":"https:\/\/maileon.com\/hu\/solutions\/industries\/sport-leisure\/","og_locale":"hu_HU","og_type":"article","og_title":"Sport \u00e9s szabadid\u0151","og_description":"\u00c9rd el megl\u00e9v\u0151 k\u00f6z\u00f6ss\u00e9gedet \u00e9s \u00e9p\u00edts \u00faj k\u00f6z\u00f6ns\u00e9get. Fedezd fel a marketing automatiz\u00e1l\u00e1st a sport- \u00e9s szabadid\u0151s v\u00e1llalkoz\u00e1sok sz\u00e1m\u00e1ra.","og_url":"https:\/\/maileon.com\/hu\/solutions\/industries\/sport-leisure\/","og_site_name":"Maileon","article_modified_time":"2025-03-18T10:26:34+00:00","og_image":[{"width":1920,"height":2560,"url":"https:\/\/maileon.com\/app\/uploads\/sites\/4\/2022\/09\/connor-coyne-OgqWLzWRSaI-unsplash-scaled-e1669909712701.jpg","type":"image\/jpeg"}],"twitter_card":"summary_large_image","twitter_misc":{"Est. reading time":"3 perc"},"schema":{"@context":"https:\/\/schema.org","@graph":[{"@type":"WebPage","@id":"https:\/\/maileon.com\/hu\/solutions\/industries\/sport-leisure\/","url":"https:\/\/maileon.com\/hu\/solutions\/industries\/sport-leisure\/","name":"Sport \u00e9s szabadid\u0151 | Maileon","isPartOf":{"@id":"https:\/\/maileon.com\/hu\/#website"},"primaryImageOfPage":{"@id":"https:\/\/maileon.com\/hu\/solutions\/industries\/sport-leisure\/#primaryimage"},"image":{"@id":"https:\/\/maileon.com\/hu\/solutions\/industries\/sport-leisure\/#primaryimage"},"thumbnailUrl":"https:\/\/maileon.com\/app\/uploads\/sites\/4\/2022\/09\/connor-coyne-OgqWLzWRSaI-unsplash-scaled-e1669909712701.jpg","datePublished":"2022-09-28T12:01:14+00:00","dateModified":"2025-03-18T10:26:34+00:00","description":"\u00c9rd el megl\u00e9v\u0151 k\u00f6z\u00f6ss\u00e9gedet \u00e9s \u00e9p\u00edts \u00faj k\u00f6z\u00f6ns\u00e9get. Fedezd fel a marketing automatiz\u00e1l\u00e1st a sport- \u00e9s szabadid\u0151s v\u00e1llalkoz\u00e1sok sz\u00e1m\u00e1ra.","breadcrumb":{"@id":"https:\/\/maileon.com\/hu\/solutions\/industries\/sport-leisure\/#breadcrumb"},"inLanguage":"hu","potentialAction":[{"@type":"ReadAction","target":["https:\/\/maileon.com\/hu\/solutions\/industries\/sport-leisure\/"]}]},{"@type":"ImageObject","inLanguage":"hu","@id":"https:\/\/maileon.com\/hu\/solutions\/industries\/sport-leisure\/#primaryimage","url":"https:\/\/maileon.com\/app\/uploads\/sites\/4\/2022\/09\/connor-coyne-OgqWLzWRSaI-unsplash-scaled-e1669909712701.jpg","contentUrl":"https:\/\/maileon.com\/app\/uploads\/sites\/4\/2022\/09\/connor-coyne-OgqWLzWRSaI-unsplash-scaled-e1669909712701.jpg","width":1920,"height":2560},{"@type":"BreadcrumbList","@id":"https:\/\/maileon.com\/hu\/solutions\/industries\/sport-leisure\/#breadcrumb","itemListElement":[{"@type":"ListItem","position":1,"name":"Home","item":"https:\/\/maileon.com\/hu\/"},{"@type":"ListItem","position":2,"name":"Ipar\u00e1gi megold\u00e1saink","item":"https:\/\/maileon.com\/hu\/solutions\/"},{"@type":"ListItem","position":3,"name":"Ipar\u00e1gak","item":"https:\/\/maileon.com\/hu\/solutions\/industries\/"},{"@type":"ListItem","position":4,"name":"Sport \u00e9s szabadid\u0151"}]},{"@type":"WebSite","@id":"https:\/\/maileon.com\/hu\/#website","url":"https:\/\/maileon.com\/hu\/","name":"Maileon","description":"","publisher":{"@id":"https:\/\/maileon.com\/hu\/#organization"},"potentialAction":[{"@type":"SearchAction","target":{"@type":"EntryPoint","urlTemplate":"https:\/\/maileon.com\/hu\/?s={search_term_string}"},"query-input":{"@type":"PropertyValueSpecification","valueRequired":true,"valueName":"search_term_string"}}],"inLanguage":"hu"},{"@type":"Organization","@id":"https:\/\/maileon.com\/hu\/#organization","name":"Maileon","url":"https:\/\/maileon.com\/hu\/","logo":{"@type":"ImageObject","inLanguage":"hu","@id":"https:\/\/maileon.com\/hu\/#\/schema\/logo\/image\/","url":"https:\/\/maileon.com\/app\/uploads\/sites\/4\/2022\/08\/logo.png","contentUrl":"https:\/\/maileon.com\/app\/uploads\/sites\/4\/2022\/08\/logo.png","width":168,"height":33,"caption":"Maileon"},"image":{"@id":"https:\/\/maileon.com\/hu\/#\/schema\/logo\/image\/"}}]}},"_links":{"self":[{"href":"https:\/\/maileon.com\/hu\/wp-json\/wp\/v2\/pages\/1739","targetHints":{"allow":["GET"]}}],"collection":[{"href":"https:\/\/maileon.com\/hu\/wp-json\/wp\/v2\/pages"}],"about":[{"href":"https:\/\/maileon.com\/hu\/wp-json\/wp\/v2\/types\/page"}],"author":[{"embeddable":true,"href":"https:\/\/maileon.com\/hu\/wp-json\/wp\/v2\/users\/9"}],"replies":[{"embeddable":true,"href":"https:\/\/maileon.com\/hu\/wp-json\/wp\/v2\/comments?post=1739"}],"version-history":[{"count":10,"href":"https:\/\/maileon.com\/hu\/wp-json\/wp\/v2\/pages\/1739\/revisions"}],"predecessor-version":[{"id":11332,"href":"https:\/\/maileon.com\/hu\/wp-json\/wp\/v2\/pages\/1739\/revisions\/11332"}],"up":[{"embeddable":true,"href":"https:\/\/maileon.com\/hu\/wp-json\/wp\/v2\/pages\/7485"}],"wp:featuredmedia":[{"embeddable":true,"href":"https:\/\/maileon.com\/hu\/wp-json\/wp\/v2\/media\/1524"}],"wp:attachment":[{"href":"https:\/\/maileon.com\/hu\/wp-json\/wp\/v2\/media?parent=1739"}],"wp:term":[{"taxonomy":"category","embeddable":true,"href":"https:\/\/maileon.com\/hu\/wp-json\/wp\/v2\/categories?post=1739"}],"curies":[{"name":"wp","href":"https:\/\/api.w.org\/{rel}","templated":true}]}}