{"id":10857,"date":"2023-05-16T13:39:12","date_gmt":"2023-05-16T13:39:12","guid":{"rendered":"https:\/\/maileon.com\/hu\/?page_id=10857"},"modified":"2025-12-01T09:45:57","modified_gmt":"2025-12-01T09:45:57","slug":"aktualis-pre-paid-arlista","status":"publish","type":"page","link":"https:\/\/maileon.com\/hu\/dokumentumok\/aktualis-pre-paid-arlista\/","title":{"rendered":"Aktu\u00e1lis Pre-Paid \u00e1rlista"},"content":{"rendered":"\n<div class=\"wp-block-columns alignfull has-text-color has-background is-layout-flex wp-container-core-columns-is-layout-9d6595d7 wp-block-columns-is-layout-flex\" style=\"color:#000000;background-color:#ffffff\">\n<div class=\"wp-block-column is-layout-flow wp-block-column-is-layout-flow\">\n<h3 class=\"wp-block-heading has-text-align-center\" id=\"h-az-aktualis-pre-paid-arlistat-ide-kattintva-ered-el\" style=\"font-size:24px;line-height:1.3\"><strong><a href=\"https:\/\/maileon.com\/app\/uploads\/sites\/4\/2025\/12\/Pre-paid-2026.pdf\" target=\"_blank\" rel=\"noreferrer noopener\">Az aktu\u00e1lis Pre-Paid \u00e1rlist\u00e1t ide kattintva \u00e9red el<\/a><\/strong><\/h3>\n\n\n\n<p><\/p>\n<\/div>\n<\/div>\n","protected":false},"excerpt":{"rendered":"<p>Aktu\u00e1lis Pre-Paid \u00e1rlista<\/p>\n","protected":false},"author":19,"featured_media":0,"parent":10816,"menu_order":0,"comment_status":"closed","ping_status":"closed","template":"","meta":{"_acf_changed":false,"footnotes":""},"categories":[],"class_list":["post-10857","page","type-page","status-publish","hentry"],"acf":[],"yoast_head":"<!-- This site is optimized with the Yoast SEO Premium plugin v26.3 (Yoast SEO v26.3) - https:\/\/yoast.com\/wordpress\/plugins\/seo\/ -->\n<title>Aktu\u00e1lis Pre-Paid \u00e1rlista<\/title>\n<meta name=\"robots\" content=\"index, follow, max-snippet:-1, max-image-preview:large, max-video-preview:-1\" \/>\n<link rel=\"canonical\" href=\"https:\/\/maileon.com\/hu\/dokumentumok\/aktualis-pre-paid-arlista\/\" \/>\n<meta property=\"og:locale\" content=\"hu_HU\" \/>\n<meta property=\"og:type\" content=\"article\" \/>\n<meta property=\"og:title\" content=\"Aktu\u00e1lis Pre-Paid \u00e1rlista\" \/>\n<meta property=\"og:description\" content=\"Aktu\u00e1lis Pre-Paid \u00e1rlista\" \/>\n<meta property=\"og:url\" content=\"https:\/\/maileon.com\/hu\/dokumentumok\/aktualis-pre-paid-arlista\/\" \/>\n<meta property=\"og:site_name\" content=\"Maileon\" \/>\n<meta property=\"article:modified_time\" content=\"2025-12-01T09:45:57+00:00\" \/>\n<meta name=\"twitter:card\" content=\"summary_large_image\" \/>\n<meta name=\"twitter:label1\" content=\"Est. reading time\" \/>\n\t<meta name=\"twitter:data1\" content=\"1 perc\" \/>\n<script type=\"application\/ld+json\" class=\"yoast-schema-graph\">{\"@context\":\"https:\/\/schema.org\",\"@graph\":[{\"@type\":\"WebPage\",\"@id\":\"https:\/\/maileon.com\/hu\/dokumentumok\/aktualis-pre-paid-arlista\/\",\"url\":\"https:\/\/maileon.com\/hu\/dokumentumok\/aktualis-pre-paid-arlista\/\",\"name\":\"Aktu\u00e1lis Pre-Paid \u00e1rlista\",\"isPartOf\":{\"@id\":\"https:\/\/maileon.com\/hu\/#website\"},\"datePublished\":\"2023-05-16T13:39:12+00:00\",\"dateModified\":\"2025-12-01T09:45:57+00:00\",\"breadcrumb\":{\"@id\":\"https:\/\/maileon.com\/hu\/dokumentumok\/aktualis-pre-paid-arlista\/#breadcrumb\"},\"inLanguage\":\"hu\",\"potentialAction\":[{\"@type\":\"ReadAction\",\"target\":[\"https:\/\/maileon.com\/hu\/dokumentumok\/aktualis-pre-paid-arlista\/\"]}]},{\"@type\":\"BreadcrumbList\",\"@id\":\"https:\/\/maileon.com\/hu\/dokumentumok\/aktualis-pre-paid-arlista\/#breadcrumb\",\"itemListElement\":[{\"@type\":\"ListItem\",\"position\":1,\"name\":\"Home\",\"item\":\"https:\/\/maileon.com\/hu\/\"},{\"@type\":\"ListItem\",\"position\":2,\"name\":\"Dokumentumok\",\"item\":\"https:\/\/maileon.com\/hu\/dokumentumok\/\"},{\"@type\":\"ListItem\",\"position\":3,\"name\":\"Aktu\u00e1lis Pre-Paid \u00e1rlista\"}]},{\"@type\":\"WebSite\",\"@id\":\"https:\/\/maileon.com\/hu\/#website\",\"url\":\"https:\/\/maileon.com\/hu\/\",\"name\":\"Maileon\",\"description\":\"\",\"publisher\":{\"@id\":\"https:\/\/maileon.com\/hu\/#organization\"},\"potentialAction\":[{\"@type\":\"SearchAction\",\"target\":{\"@type\":\"EntryPoint\",\"urlTemplate\":\"https:\/\/maileon.com\/hu\/?s={search_term_string}\"},\"query-input\":{\"@type\":\"PropertyValueSpecification\",\"valueRequired\":true,\"valueName\":\"search_term_string\"}}],\"inLanguage\":\"hu\"},{\"@type\":\"Organization\",\"@id\":\"https:\/\/maileon.com\/hu\/#organization\",\"name\":\"Maileon\",\"url\":\"https:\/\/maileon.com\/hu\/\",\"logo\":{\"@type\":\"ImageObject\",\"inLanguage\":\"hu\",\"@id\":\"https:\/\/maileon.com\/hu\/#\/schema\/logo\/image\/\",\"url\":\"https:\/\/maileon.com\/app\/uploads\/sites\/4\/2022\/08\/logo.png\",\"contentUrl\":\"https:\/\/maileon.com\/app\/uploads\/sites\/4\/2022\/08\/logo.png\",\"width\":168,\"height\":33,\"caption\":\"Maileon\"},\"image\":{\"@id\":\"https:\/\/maileon.com\/hu\/#\/schema\/logo\/image\/\"}}]}<\/script>\n<!-- \/ Yoast SEO Premium plugin. -->","yoast_head_json":{"title":"Aktu\u00e1lis Pre-Paid \u00e1rlista","robots":{"index":"index","follow":"follow","max-snippet":"max-snippet:-1","max-image-preview":"max-image-preview:large","max-video-preview":"max-video-preview:-1"},"canonical":"https:\/\/maileon.com\/hu\/dokumentumok\/aktualis-pre-paid-arlista\/","og_locale":"hu_HU","og_type":"article","og_title":"Aktu\u00e1lis Pre-Paid \u00e1rlista","og_description":"Aktu\u00e1lis Pre-Paid \u00e1rlista","og_url":"https:\/\/maileon.com\/hu\/dokumentumok\/aktualis-pre-paid-arlista\/","og_site_name":"Maileon","article_modified_time":"2025-12-01T09:45:57+00:00","twitter_card":"summary_large_image","twitter_misc":{"Est. reading time":"1 perc"},"schema":{"@context":"https:\/\/schema.org","@graph":[{"@type":"WebPage","@id":"https:\/\/maileon.com\/hu\/dokumentumok\/aktualis-pre-paid-arlista\/","url":"https:\/\/maileon.com\/hu\/dokumentumok\/aktualis-pre-paid-arlista\/","name":"Aktu\u00e1lis Pre-Paid \u00e1rlista","isPartOf":{"@id":"https:\/\/maileon.com\/hu\/#website"},"datePublished":"2023-05-16T13:39:12+00:00","dateModified":"2025-12-01T09:45:57+00:00","breadcrumb":{"@id":"https:\/\/maileon.com\/hu\/dokumentumok\/aktualis-pre-paid-arlista\/#breadcrumb"},"inLanguage":"hu","potentialAction":[{"@type":"ReadAction","target":["https:\/\/maileon.com\/hu\/dokumentumok\/aktualis-pre-paid-arlista\/"]}]},{"@type":"BreadcrumbList","@id":"https:\/\/maileon.com\/hu\/dokumentumok\/aktualis-pre-paid-arlista\/#breadcrumb","itemListElement":[{"@type":"ListItem","position":1,"name":"Home","item":"https:\/\/maileon.com\/hu\/"},{"@type":"ListItem","position":2,"name":"Dokumentumok","item":"https:\/\/maileon.com\/hu\/dokumentumok\/"},{"@type":"ListItem","position":3,"name":"Aktu\u00e1lis Pre-Paid \u00e1rlista"}]},{"@type":"WebSite","@id":"https:\/\/maileon.com\/hu\/#website","url":"https:\/\/maileon.com\/hu\/","name":"Maileon","description":"","publisher":{"@id":"https:\/\/maileon.com\/hu\/#organization"},"potentialAction":[{"@type":"SearchAction","target":{"@type":"EntryPoint","urlTemplate":"https:\/\/maileon.com\/hu\/?s={search_term_string}"},"query-input":{"@type":"PropertyValueSpecification","valueRequired":true,"valueName":"search_term_string"}}],"inLanguage":"hu"},{"@type":"Organization","@id":"https:\/\/maileon.com\/hu\/#organization","name":"Maileon","url":"https:\/\/maileon.com\/hu\/","logo":{"@type":"ImageObject","inLanguage":"hu","@id":"https:\/\/maileon.com\/hu\/#\/schema\/logo\/image\/","url":"https:\/\/maileon.com\/app\/uploads\/sites\/4\/2022\/08\/logo.png","contentUrl":"https:\/\/maileon.com\/app\/uploads\/sites\/4\/2022\/08\/logo.png","width":168,"height":33,"caption":"Maileon"},"image":{"@id":"https:\/\/maileon.com\/hu\/#\/schema\/logo\/image\/"}}]}},"_links":{"self":[{"href":"https:\/\/maileon.com\/hu\/wp-json\/wp\/v2\/pages\/10857","targetHints":{"allow":["GET"]}}],"collection":[{"href":"https:\/\/maileon.com\/hu\/wp-json\/wp\/v2\/pages"}],"about":[{"href":"https:\/\/maileon.com\/hu\/wp-json\/wp\/v2\/types\/page"}],"author":[{"embeddable":true,"href":"https:\/\/maileon.com\/hu\/wp-json\/wp\/v2\/users\/19"}],"replies":[{"embeddable":true,"href":"https:\/\/maileon.com\/hu\/wp-json\/wp\/v2\/comments?post=10857"}],"version-history":[{"count":5,"href":"https:\/\/maileon.com\/hu\/wp-json\/wp\/v2\/pages\/10857\/revisions"}],"predecessor-version":[{"id":11414,"href":"https:\/\/maileon.com\/hu\/wp-json\/wp\/v2\/pages\/10857\/revisions\/11414"}],"up":[{"embeddable":true,"href":"https:\/\/maileon.com\/hu\/wp-json\/wp\/v2\/pages\/10816"}],"wp:attachment":[{"href":"https:\/\/maileon.com\/hu\/wp-json\/wp\/v2\/media?parent=10857"}],"wp:term":[{"taxonomy":"category","embeddable":true,"href":"https:\/\/maileon.com\/hu\/wp-json\/wp\/v2\/categories?post=10857"}],"curies":[{"name":"wp","href":"https:\/\/api.w.org\/{rel}","templated":true}]}}