{"id":10816,"date":"2023-02-27T10:50:08","date_gmt":"2023-02-27T10:50:08","guid":{"rendered":"https:\/\/maileon.com\/hu\/?page_id=10816"},"modified":"2023-02-27T10:50:09","modified_gmt":"2023-02-27T10:50:09","slug":"dokumentumok","status":"publish","type":"page","link":"https:\/\/maileon.com\/hu\/dokumentumok\/","title":{"rendered":"Dokumentumok"},"content":{"rendered":"\n<div class=\"wp-block-columns alignfull has-text-color has-background is-layout-flex wp-container-core-columns-is-layout-9d6595d7 wp-block-columns-is-layout-flex\" style=\"color:#000000;background-color:#ffffff\">\n<div class=\"wp-block-column is-layout-flow wp-block-column-is-layout-flow\">\n<h3 class=\"wp-block-heading\" id=\"h-altalanos-szerzodesi-feltetelek\" style=\"font-size:24px;line-height:1.3\"><strong><a href=\"http:\/\/wordpress.org\"><\/a><a href=\"https:\/\/maileon.com\/app\/uploads\/sites\/4\/2023\/02\/Altalanos-Szerzodesi-Feltetelek-20230101.pdf\" target=\"_blank\" rel=\"noreferrer noopener\">\u00c1LTAL\u00c1NOS SZERZ\u0150D\u00c9SI FELT\u00c9TELEK<\/a><\/strong><\/h3>\n\n\n\n<p>\u00c9rv\u00e9nyes: 2023. janu\u00e1r 1-t\u0151l<br>Azon esetekben, ahol egyedi felt\u00e9telek tartoznak a szerz\u0151d\u00e9s mell\u00e9, ott tov\u00e1bbra is azok az ir\u00e1nyad\u00f3ak.<\/p>\n<\/div>\n\n\n\n<div class=\"wp-block-column is-layout-flow wp-block-column-is-layout-flow\">\n<h3 class=\"wp-block-heading\" id=\"h-altalanos-szerzodesi-feltetelek-2022-julius-25-tol\" style=\"font-size:24px;line-height:1.3\"><strong><a href=\"https:\/\/maileon.com\/app\/uploads\/sites\/4\/2023\/02\/Altalanos_Szerzodesi_Feltetelek_20220725.pdf\" target=\"_blank\" rel=\"noreferrer noopener\">\u00c1LTAL\u00c1NOS SZERZ\u0150D\u00c9SI FELT\u00c9TELEK 2022. J\u00daLIUS 25-T\u0150L<\/a><\/strong><\/h3>\n\n\n\n<p>\u00c9rv\u00e9nyes: 2022. j\u00falius 25-t\u0151l<br>Azon esetekben, ahol egyedi felt\u00e9telek tartoznak a szerz\u0151d\u00e9s mell\u00e9, ott tov\u00e1bbra is azok az ir\u00e1nyad\u00f3ak.<\/p>\n<\/div>\n\n\n\n<div class=\"wp-block-column is-layout-flow wp-block-column-is-layout-flow\">\n<h3 class=\"wp-block-heading\" id=\"h-altalanos-szerzodesi-feltetelek-2021-julius-22-tol\" style=\"font-size:24px;line-height:1.3\"><strong><a href=\"https:\/\/maileon.com\/app\/uploads\/sites\/4\/2023\/02\/Altalanos-Szerzodesi-Feltetelek_Maileon_210622.pdf\" target=\"_blank\" rel=\"noreferrer noopener\">\u00c1LTAL\u00c1NOS SZERZ\u0150D\u00c9SI FELT\u00c9TELEK 2021. J\u00daLIUS 22-T\u0150L<\/a><\/strong><\/h3>\n\n\n\n<p>\u00c9rv\u00e9nyes: 2022. j\u00falius 25-t\u0151l<br>Azon esetekben, ahol egyedi felt\u00e9telek tartoznak a szerz\u0151d\u00e9s mell\u00e9, ott tov\u00e1bbra is azok az ir\u00e1nyad\u00f3ak.<\/p>\n<\/div>\n<\/div>\n\n\n\n<div class=\"wp-block-columns alignfull has-text-color has-background is-layout-flex wp-container-core-columns-is-layout-9d6595d7 wp-block-columns-is-layout-flex\" style=\"color:#000000;background-color:#ffffff\">\n<div class=\"wp-block-column is-layout-flow wp-block-column-is-layout-flow\">\n<h3 class=\"wp-block-heading\" id=\"h-altalanos-szerzodesi-feltetelek-2021-majus-12-tol\" style=\"font-size:24px;line-height:1.3\"><strong><a href=\"http:\/\/wordpress.org\"><\/a><\/strong><a href=\"https:\/\/maileon.com\/app\/uploads\/sites\/4\/2023\/02\/Altalanos-Szerzodesi-Feltetelek_Maileon_210512.pdf\" target=\"_blank\" rel=\"noreferrer noopener\"><strong>\u00c1LTAL\u00c1NOS SZERZ\u0150D\u00c9SI FELT\u00c9TELEK 2021. M\u00c1JUS 12-T\u0150L<\/strong><\/a><\/h3>\n\n\n\n<p>\u00c9rv\u00e9nyes: 2021. m\u00e1jus 12-t\u0151l<br>Azon esetekben, ahol egyedi felt\u00e9telek tartoznak a szerz\u0151d\u00e9s mell\u00e9, ott tov\u00e1bbra is azok az ir\u00e1nyad\u00f3ak.<\/p>\n<\/div>\n\n\n\n<div class=\"wp-block-column is-layout-flow wp-block-column-is-layout-flow\">\n<h3 class=\"wp-block-heading\" id=\"h-altalanos-szerzodesi-feltetelek-2018-majus-25-tol\" style=\"font-size:24px;line-height:1.3\"><a href=\"https:\/\/maileon.com\/app\/uploads\/sites\/4\/2023\/02\/Wanadis-Maileon_ASZF-20180525.pdf\" target=\"_blank\" rel=\"noreferrer noopener\"><strong>\u00c1LTAL\u00c1NOS SZERZ\u0150D\u00c9SI FELT\u00c9TELEK 2018. M\u00c1JUS 25-T\u0150L<\/strong><\/a><\/h3>\n\n\n\n<p>\u00c9rv\u00e9nyes: 2018. m\u00e1jus 25-t\u0151l<br>Azon esetekben, ahol egyedi felt\u00e9telek tartoznak a szerz\u0151d\u00e9s mell\u00e9, ott tov\u00e1bbra is azok az ir\u00e1nyad\u00f3ak.<\/p>\n<\/div>\n\n\n\n<div class=\"wp-block-column is-layout-flow wp-block-column-is-layout-flow\">\n<h3 class=\"wp-block-heading\" id=\"h-altalanos-szerzodesi-feltetelek-2015-januar-1-tol\" style=\"font-size:24px;line-height:1.3\"><a href=\"https:\/\/maileon.com\/app\/uploads\/sites\/4\/2023\/02\/Wanadis-Maileon_ASZF_20150101.pdf\" target=\"_blank\" rel=\"noreferrer noopener\"><strong>\u00c1LTAL\u00c1NOS SZERZ\u0150D\u00c9SI FELT\u00c9TELEK 2015. JANU\u00c1R 1-T\u0150L<\/strong><\/a><\/h3>\n\n\n\n<p>\u00c9rv\u00e9nyes: 2015. janu\u00e1r 1-t\u0151l<br>Azon esetekben, ahol egyedi felt\u00e9telek tartoznak a szerz\u0151d\u00e9s mell\u00e9, ott tov\u00e1bbra is azok az ir\u00e1nyad\u00f3ak.<\/p>\n<\/div>\n<\/div>\n\n\n\n<div class=\"wp-block-columns alignfull has-text-color has-background is-layout-flex wp-container-core-columns-is-layout-9d6595d7 wp-block-columns-is-layout-flex\" style=\"color:#000000;background-color:#ffffff\">\n<div class=\"wp-block-column is-layout-flow wp-block-column-is-layout-flow\">\n<h3 class=\"wp-block-heading\" id=\"h-altalanos-szerzodesi-feltetelek-2014-majus-15-tol\" style=\"font-size:24px;line-height:1.3\"><strong><a href=\"http:\/\/wordpress.org\"><\/a><\/strong><a href=\"https:\/\/maileon.com\/app\/uploads\/sites\/4\/2023\/02\/Wanadis-Maileon_ASZF_20140515.pdf\" target=\"_blank\" rel=\"noreferrer noopener\"><strong>\u00c1LTAL\u00c1NOS SZERZ\u0150D\u00c9SI FELT\u00c9TELEK 2014. M\u00c1JUS 15-T\u0150L<\/strong><\/a><\/h3>\n\n\n\n<p>\u00c9rv\u00e9nyes: \u00c9rv\u00e9nyes: 2014. m\u00e1jus 15-t\u0151l \u2013 2014. december 31-ig.<br>Azon esetekben, ahol egyedi felt\u00e9telek tartoznak a szerz\u0151d\u00e9s mell\u00e9, ott tov\u00e1bbra is azok az ir\u00e1nyad\u00f3ak.<\/p>\n<\/div>\n\n\n\n<div class=\"wp-block-column is-layout-flow wp-block-column-is-layout-flow\">\n<h3 class=\"wp-block-heading\" id=\"h-altalanos-szerzodesi-feltetelek-2014-februar-1-tol\" style=\"font-size:24px;line-height:1.3\"><a href=\"https:\/\/maileon.com\/app\/uploads\/sites\/4\/2023\/02\/Wanadis-Maileon_ASZF-201402011.pdf\" target=\"_blank\" rel=\"noreferrer noopener\"><strong>\u00c1LTAL\u00c1NOS SZERZ\u0150D\u00c9SI FELT\u00c9TELEK 2014. FEBRU\u00c1R 1-T\u0150L<\/strong><\/a><\/h3>\n\n\n\n<p>\u00c9rv\u00e9nyes: 2014. febru\u00e1r 1-t\u0151l \u2013 2014. m\u00e1jus 15-ig.<br>Azon esetekben, ahol egyedi felt\u00e9telek tartoznak a szerz\u0151d\u00e9s mell\u00e9, ott tov\u00e1bbra is azok az ir\u00e1nyad\u00f3ak.<\/p>\n<\/div>\n\n\n\n<div class=\"wp-block-column is-layout-flow wp-block-column-is-layout-flow\">\n<h3 class=\"wp-block-heading\" id=\"h-aszf-kkv-elore-kifizetett-csomagszolgaltatas-reszere\" style=\"font-size:24px;line-height:1.3\"><a href=\"https:\/\/maileon.com\/app\/uploads\/sites\/4\/2023\/02\/Wanadis-Maileon_ASZF_KKV_elore_kifizetett_csomag_20160322.pdf\" target=\"_blank\" rel=\"noreferrer noopener\"><strong>\u00c1SZF &#8211; KKV EL\u0150RE KIFIZETETT CSOMAGSZOLG\u00c1LTAT\u00c1S R\u00c9SZ\u00c9RE<\/strong><\/a><\/h3>\n\n\n\n<p>\u00c9rv\u00e9nyes: 2016. m\u00e1rcius 22-t\u0151l<br>Azon esetekben, ahol egyedi felt\u00e9telek tartoznak a szerz\u0151d\u00e9s mell\u00e9, ott tov\u00e1bbra is azok az ir\u00e1nyad\u00f3ak.<\/p>\n<\/div>\n<\/div>\n\n\n\n<div class=\"wp-block-columns alignfull has-text-color has-background is-layout-flex wp-container-core-columns-is-layout-9d6595d7 wp-block-columns-is-layout-flex\" style=\"color:#000000;background-color:#ffffff\">\n<div class=\"wp-block-column is-layout-flow wp-block-column-is-layout-flow\">\n<h3 class=\"wp-block-heading\" id=\"h-adatvedelmi-nyilatkozat-2023-januar-1-tol\" style=\"font-size:24px;line-height:1.3\"><strong><a href=\"http:\/\/wordpress.org\"><\/a><\/strong><a href=\"https:\/\/maileon.hu\/wp-content\/uploads\/2022\/07\/Wanadis-Maileon_Adatvedelmi_Nyilatkozat-20220725.pdf\" target=\"_blank\" rel=\"noreferrer noopener\"><strong>ADATV\u00c9DELMI NYILATKOZAT 2023. JANU\u00c1R 1-T\u0150L<\/strong><\/a><\/h3>\n\n\n\n<p>\u00c9rv\u00e9nyes: 2023. janu\u00e1r 1-t\u0151l<\/p>\n<\/div>\n\n\n\n<div class=\"wp-block-column is-layout-flow wp-block-column-is-layout-flow\">\n<h3 class=\"wp-block-heading\" id=\"h-adatvedelmi-nyilatkozat-2022-julius-25-tol\" style=\"font-size:24px;line-height:1.3\"><a href=\"https:\/\/maileon.hu\/wp-content\/uploads\/2022\/07\/Wanadis-Maileon_Adatvedelmi_Nyilatkozat-20220725.pdf\" target=\"_blank\" rel=\"noreferrer noopener\"><strong>ADATV\u00c9DELMI NYILATKOZAT 2022. J\u00daLIUS 25-T\u0150L<\/strong><\/a><\/h3>\n\n\n\n<p>\u00c9rv\u00e9nyes: 2022. j\u00falius 25-t\u0151l<\/p>\n<\/div>\n\n\n\n<div class=\"wp-block-column is-layout-flow wp-block-column-is-layout-flow\">\n<h3 class=\"wp-block-heading\" id=\"h-adatvedelmi-nyilatkozat-2018-majus-25-tol\" style=\"font-size:24px;line-height:1.3\"><a href=\"https:\/\/maileon.hu\/wp-content\/uploads\/Wanadis-Maileon-Adatvedelmi-Nyilatkozat-2018-majus-25.pdf\" target=\"_blank\" rel=\"noreferrer noopener\"><strong>ADATV\u00c9DELMI NYILATKOZAT 2018. M\u00c1JUS 25-T\u0150L<\/strong><\/a><\/h3>\n\n\n\n<p>\u00c9rv\u00e9nyes: 2018. m\u00e1jus 25-t\u0151l<\/p>\n<\/div>\n<\/div>\n\n\n\n<div class=\"wp-block-columns alignfull has-text-color has-background is-layout-flex wp-container-core-columns-is-layout-9d6595d7 wp-block-columns-is-layout-flex\" style=\"color:#000000;background-color:#ffffff\">\n<div class=\"wp-block-column is-layout-flow wp-block-column-is-layout-flow\">\n<h3 class=\"wp-block-heading\" id=\"h-adatvedelmi-nyilatkozat-2013-december-1-tol\" style=\"font-size:24px;line-height:1.3\"><strong><a href=\"http:\/\/wordpress.org\"><\/a><\/strong><a href=\"https:\/\/maileon.hu\/wp-content\/uploads\/Wanadis-Maileon_Adatvedelmi_Nyilatkozat1.pdf\" target=\"_blank\" rel=\"noreferrer noopener\"><strong>ADATV\u00c9DELMI NYILATKOZAT 2013 DECEMBER 1-T\u0150L<\/strong><\/a><\/h3>\n\n\n\n<p>\u00c9rv\u00e9nyes: 2013. december 1-t\u0151l<\/p>\n<\/div>\n\n\n\n<div class=\"wp-block-column is-layout-flow wp-block-column-is-layout-flow\">\n<h3 class=\"wp-block-heading\" id=\"h-\" style=\"font-size:24px;line-height:1.3\"><\/h3>\n\n\n\n<p><\/p>\n<\/div>\n\n\n\n<div class=\"wp-block-column is-layout-flow wp-block-column-is-layout-flow\">\n<h3 class=\"wp-block-heading\" id=\"h-\" style=\"font-size:24px;line-height:1.3\"><\/h3>\n\n\n\n<p><\/p>\n<\/div>\n<\/div>\n","protected":false},"excerpt":{"rendered":"<p>Dokumentumok<\/p>\n","protected":false},"author":19,"featured_media":0,"parent":0,"menu_order":0,"comment_status":"closed","ping_status":"closed","template":"","meta":{"_acf_changed":false,"footnotes":""},"categories":[],"class_list":["post-10816","page","type-page","status-publish","hentry"],"acf":[],"yoast_head":"<!-- This site is optimized with the Yoast SEO Premium plugin v26.3 (Yoast SEO v26.3) - https:\/\/yoast.com\/wordpress\/plugins\/seo\/ -->\n<title>Dokumentumok<\/title>\n<meta name=\"robots\" content=\"index, follow, max-snippet:-1, max-image-preview:large, max-video-preview:-1\" \/>\n<link rel=\"canonical\" href=\"https:\/\/maileon.com\/hu\/dokumentumok\/\" \/>\n<meta property=\"og:locale\" content=\"hu_HU\" \/>\n<meta property=\"og:type\" content=\"article\" \/>\n<meta property=\"og:title\" content=\"Dokumentumok\" \/>\n<meta property=\"og:description\" content=\"Dokumentumok\" \/>\n<meta property=\"og:url\" content=\"https:\/\/maileon.com\/hu\/dokumentumok\/\" \/>\n<meta property=\"og:site_name\" content=\"Maileon\" \/>\n<meta property=\"article:modified_time\" content=\"2023-02-27T10:50:09+00:00\" \/>\n<meta name=\"twitter:card\" content=\"summary_large_image\" \/>\n<meta name=\"twitter:label1\" content=\"Est. reading time\" \/>\n\t<meta name=\"twitter:data1\" content=\"2 perc\" \/>\n<script type=\"application\/ld+json\" class=\"yoast-schema-graph\">{\"@context\":\"https:\/\/schema.org\",\"@graph\":[{\"@type\":\"WebPage\",\"@id\":\"https:\/\/maileon.com\/hu\/dokumentumok\/\",\"url\":\"https:\/\/maileon.com\/hu\/dokumentumok\/\",\"name\":\"Dokumentumok\",\"isPartOf\":{\"@id\":\"https:\/\/maileon.com\/hu\/#website\"},\"datePublished\":\"2023-02-27T10:50:08+00:00\",\"dateModified\":\"2023-02-27T10:50:09+00:00\",\"breadcrumb\":{\"@id\":\"https:\/\/maileon.com\/hu\/dokumentumok\/#breadcrumb\"},\"inLanguage\":\"hu\",\"potentialAction\":[{\"@type\":\"ReadAction\",\"target\":[\"https:\/\/maileon.com\/hu\/dokumentumok\/\"]}]},{\"@type\":\"BreadcrumbList\",\"@id\":\"https:\/\/maileon.com\/hu\/dokumentumok\/#breadcrumb\",\"itemListElement\":[{\"@type\":\"ListItem\",\"position\":1,\"name\":\"Home\",\"item\":\"https:\/\/maileon.com\/hu\/\"},{\"@type\":\"ListItem\",\"position\":2,\"name\":\"Dokumentumok\"}]},{\"@type\":\"WebSite\",\"@id\":\"https:\/\/maileon.com\/hu\/#website\",\"url\":\"https:\/\/maileon.com\/hu\/\",\"name\":\"Maileon\",\"description\":\"\",\"publisher\":{\"@id\":\"https:\/\/maileon.com\/hu\/#organization\"},\"potentialAction\":[{\"@type\":\"SearchAction\",\"target\":{\"@type\":\"EntryPoint\",\"urlTemplate\":\"https:\/\/maileon.com\/hu\/?s={search_term_string}\"},\"query-input\":{\"@type\":\"PropertyValueSpecification\",\"valueRequired\":true,\"valueName\":\"search_term_string\"}}],\"inLanguage\":\"hu\"},{\"@type\":\"Organization\",\"@id\":\"https:\/\/maileon.com\/hu\/#organization\",\"name\":\"Maileon\",\"url\":\"https:\/\/maileon.com\/hu\/\",\"logo\":{\"@type\":\"ImageObject\",\"inLanguage\":\"hu\",\"@id\":\"https:\/\/maileon.com\/hu\/#\/schema\/logo\/image\/\",\"url\":\"https:\/\/maileon.com\/app\/uploads\/sites\/4\/2022\/08\/logo.png\",\"contentUrl\":\"https:\/\/maileon.com\/app\/uploads\/sites\/4\/2022\/08\/logo.png\",\"width\":168,\"height\":33,\"caption\":\"Maileon\"},\"image\":{\"@id\":\"https:\/\/maileon.com\/hu\/#\/schema\/logo\/image\/\"}}]}<\/script>\n<!-- \/ Yoast SEO Premium plugin. -->","yoast_head_json":{"title":"Dokumentumok","robots":{"index":"index","follow":"follow","max-snippet":"max-snippet:-1","max-image-preview":"max-image-preview:large","max-video-preview":"max-video-preview:-1"},"canonical":"https:\/\/maileon.com\/hu\/dokumentumok\/","og_locale":"hu_HU","og_type":"article","og_title":"Dokumentumok","og_description":"Dokumentumok","og_url":"https:\/\/maileon.com\/hu\/dokumentumok\/","og_site_name":"Maileon","article_modified_time":"2023-02-27T10:50:09+00:00","twitter_card":"summary_large_image","twitter_misc":{"Est. reading time":"2 perc"},"schema":{"@context":"https:\/\/schema.org","@graph":[{"@type":"WebPage","@id":"https:\/\/maileon.com\/hu\/dokumentumok\/","url":"https:\/\/maileon.com\/hu\/dokumentumok\/","name":"Dokumentumok","isPartOf":{"@id":"https:\/\/maileon.com\/hu\/#website"},"datePublished":"2023-02-27T10:50:08+00:00","dateModified":"2023-02-27T10:50:09+00:00","breadcrumb":{"@id":"https:\/\/maileon.com\/hu\/dokumentumok\/#breadcrumb"},"inLanguage":"hu","potentialAction":[{"@type":"ReadAction","target":["https:\/\/maileon.com\/hu\/dokumentumok\/"]}]},{"@type":"BreadcrumbList","@id":"https:\/\/maileon.com\/hu\/dokumentumok\/#breadcrumb","itemListElement":[{"@type":"ListItem","position":1,"name":"Home","item":"https:\/\/maileon.com\/hu\/"},{"@type":"ListItem","position":2,"name":"Dokumentumok"}]},{"@type":"WebSite","@id":"https:\/\/maileon.com\/hu\/#website","url":"https:\/\/maileon.com\/hu\/","name":"Maileon","description":"","publisher":{"@id":"https:\/\/maileon.com\/hu\/#organization"},"potentialAction":[{"@type":"SearchAction","target":{"@type":"EntryPoint","urlTemplate":"https:\/\/maileon.com\/hu\/?s={search_term_string}"},"query-input":{"@type":"PropertyValueSpecification","valueRequired":true,"valueName":"search_term_string"}}],"inLanguage":"hu"},{"@type":"Organization","@id":"https:\/\/maileon.com\/hu\/#organization","name":"Maileon","url":"https:\/\/maileon.com\/hu\/","logo":{"@type":"ImageObject","inLanguage":"hu","@id":"https:\/\/maileon.com\/hu\/#\/schema\/logo\/image\/","url":"https:\/\/maileon.com\/app\/uploads\/sites\/4\/2022\/08\/logo.png","contentUrl":"https:\/\/maileon.com\/app\/uploads\/sites\/4\/2022\/08\/logo.png","width":168,"height":33,"caption":"Maileon"},"image":{"@id":"https:\/\/maileon.com\/hu\/#\/schema\/logo\/image\/"}}]}},"_links":{"self":[{"href":"https:\/\/maileon.com\/hu\/wp-json\/wp\/v2\/pages\/10816","targetHints":{"allow":["GET"]}}],"collection":[{"href":"https:\/\/maileon.com\/hu\/wp-json\/wp\/v2\/pages"}],"about":[{"href":"https:\/\/maileon.com\/hu\/wp-json\/wp\/v2\/types\/page"}],"author":[{"embeddable":true,"href":"https:\/\/maileon.com\/hu\/wp-json\/wp\/v2\/users\/19"}],"replies":[{"embeddable":true,"href":"https:\/\/maileon.com\/hu\/wp-json\/wp\/v2\/comments?post=10816"}],"version-history":[{"count":5,"href":"https:\/\/maileon.com\/hu\/wp-json\/wp\/v2\/pages\/10816\/revisions"}],"predecessor-version":[{"id":10823,"href":"https:\/\/maileon.com\/hu\/wp-json\/wp\/v2\/pages\/10816\/revisions\/10823"}],"wp:attachment":[{"href":"https:\/\/maileon.com\/hu\/wp-json\/wp\/v2\/media?parent=10816"}],"wp:term":[{"taxonomy":"category","embeddable":true,"href":"https:\/\/maileon.com\/hu\/wp-json\/wp\/v2\/categories?post=10816"}],"curies":[{"name":"wp","href":"https:\/\/api.w.org\/{rel}","templated":true}]}}