{"id":10214,"date":"2022-12-29T18:15:14","date_gmt":"2022-12-29T18:15:14","guid":{"rendered":"https:\/\/maileon.com\/disclaimer-2\/"},"modified":"2023-02-16T17:19:20","modified_gmt":"2023-02-16T17:19:20","slug":"disclaimer-2","status":"publish","type":"page","link":"https:\/\/maileon.com\/hu\/disclaimer-2\/","title":{"rendered":"Kiz\u00e1r\u00f3 rendelkez\u00e9sek"},"content":{"rendered":"\n<p>A Maileon elk\u00f6telezett amellett, hogy ezt a weboldalt naprak\u00e9szen tartsa. Ha m\u00e9gis valami helytelennel vagy elavult inform\u00e1ci\u00f3val tal\u00e1lkozn\u00e1l, \u00f6r\u00f6mmel venn\u00e9nk, ha ezt jelezn\u00e9d nek\u00fcnk. K\u00e9rj\u00fck, azt se felejtsd ki, hogy a weboldalon hol olvastad a hib\u00e1s inform\u00e1ci\u00f3t &#8211; ezt k\u00f6vet\u0151en a lehet\u0151 leghamarabb ut\u00e1nan\u00e9z\u00fcnk. K\u00e9rj\u00fck, v\u00e1laszod e-mailben k\u00fcldd el a k\u00f6vetkez\u0151 c\u00edmre: ln.noeliam@tcatnoc.<\/p>\n\n\n\n<p>Nem v\u00e1llalunk felel\u0151ss\u00e9get a pontatlans\u00e1gokb\u00f3l vagy hi\u00e1nyoss\u00e1gokb\u00f3l ered\u0151 k\u00e1rok\u00e9rt, sem pedig az inform\u00e1ci\u00f3 interneten kereszt\u00fcl t\u00f6rt\u00e9n\u0151 terjeszt\u00e9se \u00e1ltal okozott vagy azzal egy\u00fctt j\u00e1r\u00f3 probl\u00e9m\u00e1kb\u00f3l, p\u00e9ld\u00e1ul megszak\u00edt\u00e1sokb\u00f3l vagy fennakad\u00e1sokb\u00f3l ered\u0151 k\u00e1rok\u00e9rt. A webes \u0171rlapok haszn\u00e1lata sor\u00e1n igyeksz\u00fcnk a sz\u00fcks\u00e9ges mez\u0151k sz\u00e1m\u00e1t a lehet\u0151 legkevesebbre korl\u00e1tozni. A Maileon \u00e1ltal vagy nev\u00e9ben  e weboldalon kereszt\u00fcl ny\u00fajtott adatok, tan\u00e1csok vagy \u00f6tletek felhaszn\u00e1l\u00e1sa k\u00f6vetkezt\u00e9ben elszenvedett vesztes\u00e9gek\u00e9rt a Maileon nem v\u00e1llal felel\u0151ss\u00e9get.<\/p>\n\n\n\n<p>A Maileon minden \u00e9sszer\u0171 er\u0151fesz\u00edt\u00e9st megtesz annak \u00e9rdek\u00e9ben, hogy megv\u00e9dje rendszereit a jogellenes haszn\u00e1lat minden form\u00e1j\u00e1t\u00f3l. A Maileon e c\u00e9lb\u00f3l megfelel\u0151 technikai \u00e9s szervez\u00e9si int\u00e9zked\u00e9seket hajt v\u00e9gre, figyelembe v\u00e9ve t\u00f6bbek k\u00f6z\u00f6tt a technika \u00e1ll\u00e1s\u00e1t. A Maileon azonban nem v\u00e1llal felel\u0151ss\u00e9get a weboldal felhaszn\u00e1l\u00f3j\u00e1t \u00e9rt b\u00e1rmilyen k\u00f6zvetlen \u00e9s\/vagy k\u00f6zvetett k\u00e1r\u00e9rt, amely a rendszereinek harmadik f\u00e9l \u00e1ltali jogellenes haszn\u00e1lata miatt keletkezik.<\/p>\n\n\n\n<p>A Maileon nem v\u00e1llal felel\u0151ss\u00e9get azon weboldalak tartalm\u00e1\u00e9rt, amelyekre vagy amelyekr\u0151l hiperlink vagy m\u00e1s hivatkoz\u00e1s tal\u00e1lhat\u00f3. A harmadik felek \u00e1ltal k\u00edn\u00e1lt term\u00e9kekre vagy szolg\u00e1ltat\u00e1sokra az adott harmadik felek vonatkoz\u00f3 felt\u00e9telei vonatkoznak.<\/p>\n\n\n\n<p>A jelen weboldalon tal\u00e1lhat\u00f3 tartalomhoz f\u0171z\u0151d\u0151 valamennyi szellemi tulajdonjog a Maileon-t illeti meg.<\/p>\n\n\n\n<p>Ezen anyagok m\u00e1sol\u00e1sa, terjeszt\u00e9se \u00e9s b\u00e1rmilyen m\u00e1s m\u00f3don t\u00f6rt\u00e9n\u0151 felhaszn\u00e1l\u00e1sa a Maileon \u00edr\u00e1sbeli enged\u00e9lye n\u00e9lk\u00fcl tilos, kiv\u00e9ve \u00e9s csak annyiban, amennyiben a k\u00f6telez\u0151 jogszab\u00e1lyok rendelkez\u00e9sei (p\u00e9ld\u00e1ul az id\u00e9z\u00e9si jog) m\u00e1sk\u00e9nt rendelkeznek, kiv\u00e9ve, ha a konkr\u00e9t tartalom m\u00e1sk\u00e9nt rendelkezik.<\/p>\n\n\n\n<p>Ha b\u00e1rmilyen k\u00e9rd\u00e9sed vagy probl\u00e9m\u00e1d van a weboldal el\u00e9rhet\u0151s\u00e9g\u00e9vel kapcsolatban, k\u00e9rj\u00fck, fordulj hozz\u00e1nk bizalommal.<\/p>\n","protected":false},"excerpt":{"rendered":"<p>Kiz\u00e1r\u00f3 rendelkez\u00e9sek<\/p>\n","protected":false},"author":7,"featured_media":0,"parent":0,"menu_order":0,"comment_status":"closed","ping_status":"closed","template":"","meta":{"_acf_changed":false,"footnotes":""},"categories":[],"class_list":["post-10214","page","type-page","status-publish","hentry"],"acf":[],"yoast_head":"<!-- This site is optimized with the Yoast SEO Premium plugin v26.3 (Yoast SEO v26.3) - https:\/\/yoast.com\/wordpress\/plugins\/seo\/ -->\n<title>Kiz\u00e1r\u00f3 rendelkez\u00e9sek<\/title>\n<meta name=\"robots\" content=\"index, follow, max-snippet:-1, max-image-preview:large, max-video-preview:-1\" \/>\n<link rel=\"canonical\" href=\"https:\/\/maileon.com\/hu\/disclaimer-2\/\" \/>\n<meta property=\"og:locale\" content=\"hu_HU\" \/>\n<meta property=\"og:type\" content=\"article\" \/>\n<meta property=\"og:title\" content=\"Kiz\u00e1r\u00f3 rendelkez\u00e9sek\" \/>\n<meta property=\"og:description\" content=\"Kiz\u00e1r\u00f3 rendelkez\u00e9sek\" \/>\n<meta property=\"og:url\" content=\"https:\/\/maileon.com\/hu\/disclaimer-2\/\" \/>\n<meta property=\"og:site_name\" content=\"Maileon\" \/>\n<meta property=\"article:modified_time\" content=\"2023-02-16T17:19:20+00:00\" \/>\n<meta name=\"twitter:card\" content=\"summary_large_image\" \/>\n<meta name=\"twitter:label1\" content=\"Est. reading time\" \/>\n\t<meta name=\"twitter:data1\" content=\"2 perc\" \/>\n<script type=\"application\/ld+json\" class=\"yoast-schema-graph\">{\"@context\":\"https:\/\/schema.org\",\"@graph\":[{\"@type\":\"WebPage\",\"@id\":\"https:\/\/maileon.com\/hu\/disclaimer-2\/\",\"url\":\"https:\/\/maileon.com\/hu\/disclaimer-2\/\",\"name\":\"Kiz\u00e1r\u00f3 rendelkez\u00e9sek\",\"isPartOf\":{\"@id\":\"https:\/\/maileon.com\/hu\/#website\"},\"datePublished\":\"2022-12-29T18:15:14+00:00\",\"dateModified\":\"2023-02-16T17:19:20+00:00\",\"breadcrumb\":{\"@id\":\"https:\/\/maileon.com\/hu\/disclaimer-2\/#breadcrumb\"},\"inLanguage\":\"hu\",\"potentialAction\":[{\"@type\":\"ReadAction\",\"target\":[\"https:\/\/maileon.com\/hu\/disclaimer-2\/\"]}]},{\"@type\":\"BreadcrumbList\",\"@id\":\"https:\/\/maileon.com\/hu\/disclaimer-2\/#breadcrumb\",\"itemListElement\":[{\"@type\":\"ListItem\",\"position\":1,\"name\":\"Home\",\"item\":\"https:\/\/maileon.com\/hu\/\"},{\"@type\":\"ListItem\",\"position\":2,\"name\":\"Kiz\u00e1r\u00f3 rendelkez\u00e9sek\"}]},{\"@type\":\"WebSite\",\"@id\":\"https:\/\/maileon.com\/hu\/#website\",\"url\":\"https:\/\/maileon.com\/hu\/\",\"name\":\"Maileon\",\"description\":\"\",\"publisher\":{\"@id\":\"https:\/\/maileon.com\/hu\/#organization\"},\"potentialAction\":[{\"@type\":\"SearchAction\",\"target\":{\"@type\":\"EntryPoint\",\"urlTemplate\":\"https:\/\/maileon.com\/hu\/?s={search_term_string}\"},\"query-input\":{\"@type\":\"PropertyValueSpecification\",\"valueRequired\":true,\"valueName\":\"search_term_string\"}}],\"inLanguage\":\"hu\"},{\"@type\":\"Organization\",\"@id\":\"https:\/\/maileon.com\/hu\/#organization\",\"name\":\"Maileon\",\"url\":\"https:\/\/maileon.com\/hu\/\",\"logo\":{\"@type\":\"ImageObject\",\"inLanguage\":\"hu\",\"@id\":\"https:\/\/maileon.com\/hu\/#\/schema\/logo\/image\/\",\"url\":\"https:\/\/maileon.com\/app\/uploads\/sites\/4\/2022\/08\/logo.png\",\"contentUrl\":\"https:\/\/maileon.com\/app\/uploads\/sites\/4\/2022\/08\/logo.png\",\"width\":168,\"height\":33,\"caption\":\"Maileon\"},\"image\":{\"@id\":\"https:\/\/maileon.com\/hu\/#\/schema\/logo\/image\/\"}}]}<\/script>\n<!-- \/ Yoast SEO Premium plugin. -->","yoast_head_json":{"title":"Kiz\u00e1r\u00f3 rendelkez\u00e9sek","robots":{"index":"index","follow":"follow","max-snippet":"max-snippet:-1","max-image-preview":"max-image-preview:large","max-video-preview":"max-video-preview:-1"},"canonical":"https:\/\/maileon.com\/hu\/disclaimer-2\/","og_locale":"hu_HU","og_type":"article","og_title":"Kiz\u00e1r\u00f3 rendelkez\u00e9sek","og_description":"Kiz\u00e1r\u00f3 rendelkez\u00e9sek","og_url":"https:\/\/maileon.com\/hu\/disclaimer-2\/","og_site_name":"Maileon","article_modified_time":"2023-02-16T17:19:20+00:00","twitter_card":"summary_large_image","twitter_misc":{"Est. reading time":"2 perc"},"schema":{"@context":"https:\/\/schema.org","@graph":[{"@type":"WebPage","@id":"https:\/\/maileon.com\/hu\/disclaimer-2\/","url":"https:\/\/maileon.com\/hu\/disclaimer-2\/","name":"Kiz\u00e1r\u00f3 rendelkez\u00e9sek","isPartOf":{"@id":"https:\/\/maileon.com\/hu\/#website"},"datePublished":"2022-12-29T18:15:14+00:00","dateModified":"2023-02-16T17:19:20+00:00","breadcrumb":{"@id":"https:\/\/maileon.com\/hu\/disclaimer-2\/#breadcrumb"},"inLanguage":"hu","potentialAction":[{"@type":"ReadAction","target":["https:\/\/maileon.com\/hu\/disclaimer-2\/"]}]},{"@type":"BreadcrumbList","@id":"https:\/\/maileon.com\/hu\/disclaimer-2\/#breadcrumb","itemListElement":[{"@type":"ListItem","position":1,"name":"Home","item":"https:\/\/maileon.com\/hu\/"},{"@type":"ListItem","position":2,"name":"Kiz\u00e1r\u00f3 rendelkez\u00e9sek"}]},{"@type":"WebSite","@id":"https:\/\/maileon.com\/hu\/#website","url":"https:\/\/maileon.com\/hu\/","name":"Maileon","description":"","publisher":{"@id":"https:\/\/maileon.com\/hu\/#organization"},"potentialAction":[{"@type":"SearchAction","target":{"@type":"EntryPoint","urlTemplate":"https:\/\/maileon.com\/hu\/?s={search_term_string}"},"query-input":{"@type":"PropertyValueSpecification","valueRequired":true,"valueName":"search_term_string"}}],"inLanguage":"hu"},{"@type":"Organization","@id":"https:\/\/maileon.com\/hu\/#organization","name":"Maileon","url":"https:\/\/maileon.com\/hu\/","logo":{"@type":"ImageObject","inLanguage":"hu","@id":"https:\/\/maileon.com\/hu\/#\/schema\/logo\/image\/","url":"https:\/\/maileon.com\/app\/uploads\/sites\/4\/2022\/08\/logo.png","contentUrl":"https:\/\/maileon.com\/app\/uploads\/sites\/4\/2022\/08\/logo.png","width":168,"height":33,"caption":"Maileon"},"image":{"@id":"https:\/\/maileon.com\/hu\/#\/schema\/logo\/image\/"}}]}},"_links":{"self":[{"href":"https:\/\/maileon.com\/hu\/wp-json\/wp\/v2\/pages\/10214","targetHints":{"allow":["GET"]}}],"collection":[{"href":"https:\/\/maileon.com\/hu\/wp-json\/wp\/v2\/pages"}],"about":[{"href":"https:\/\/maileon.com\/hu\/wp-json\/wp\/v2\/types\/page"}],"author":[{"embeddable":true,"href":"https:\/\/maileon.com\/hu\/wp-json\/wp\/v2\/users\/7"}],"replies":[{"embeddable":true,"href":"https:\/\/maileon.com\/hu\/wp-json\/wp\/v2\/comments?post=10214"}],"version-history":[{"count":3,"href":"https:\/\/maileon.com\/hu\/wp-json\/wp\/v2\/pages\/10214\/revisions"}],"predecessor-version":[{"id":10510,"href":"https:\/\/maileon.com\/hu\/wp-json\/wp\/v2\/pages\/10214\/revisions\/10510"}],"wp:attachment":[{"href":"https:\/\/maileon.com\/hu\/wp-json\/wp\/v2\/media?parent=10214"}],"wp:term":[{"taxonomy":"category","embeddable":true,"href":"https:\/\/maileon.com\/hu\/wp-json\/wp\/v2\/categories?post=10214"}],"curies":[{"name":"wp","href":"https:\/\/api.w.org\/{rel}","templated":true}]}}