{"id":8355,"date":"2022-12-06T14:22:00","date_gmt":"2022-12-06T14:22:00","guid":{"rendered":"https:\/\/maileon.com\/?page_id=8355"},"modified":"2023-08-09T14:03:50","modified_gmt":"2023-08-09T14:03:50","slug":"segmentation","status":"publish","type":"page","link":"https:\/\/maileon.com\/es\/platform\/features\/segmentation\/","title":{"rendered":"Segmentation: reach the right people"},"content":{"rendered":"\n<div class=\"relative shape-hero-main block-hero-top-curve-sm block-hero-bottom-curve bg-primary bg-no-repeat bg-right-top bg-contain mb-14\">\n    <div\n        class=\"container relative text-primary flex flex-col justify-center items-start px-5 md:px-10 xl:px-40 pt-44 md:pt-64 lg:pt-20 pb-24 lg:pb-20 min-h-[681px] md:min-h-[607px] lg:min-h-[466px] xl:min-h-[656px]\"\n    >\n        <div class=\"flex flex-col w-full md:9\/12 lg:w-7\/12\">\n            \n                <h1 class=\"heading-1\">\n       Segmentaci\u00f3n sencilla para un compromiso \u00f3ptimo\n    <\/h1>\n            <div class=\"prose prose-invert text-primary text-lg\">\n                <p>No se limite a conseguir buenos \u00edndices de apertura y clics, y espere lo mejor. Env\u00ede el contenido adecuado a las personas adecuadas y optimice de forma proactiva sus resultados de marketing.<\/p>\n            <\/div>\n        <\/div>\n        <div class=\"flex flex-col md:flex-row w-full mt-4 gap-4\">\n                                                    <a href=\"https:\/\/maileon.com\/es\/demo\/\" target=\"\" class=\"block btn btn-secondary\">\n        Solicite una demo\n    <\/a>                                        <a href=\"https:\/\/maileon.com\/es\/compare-marketing-automation-platforms\/\" target=\"\" class=\"block btn btn-primary-default\">\n        O comparar plataformas\n    <\/a>                                    <\/div>\n            <\/div>\n<\/div>\n\n\n\n<div class=\"container py-8 px-0 xl:px-40\">\n    <div class=\"px-5 md:px-10 xl:px-40 pb-3 md:mr-24\">\n        <div class=\"prose \">\n            <h2>Llegar a las personas adecuadas<\/h2>\n<p>La segmentaci\u00f3n es una forma eficaz de hacer llegar el contenido adecuado a las personas adecuadas. Al segmentar su audiencia, est\u00e1 dividiendo su lista de destinatarios en grupos m\u00e1s peque\u00f1os en funci\u00f3n de sus caracter\u00edsticas demogr\u00e1ficas, intereses o actividad. Esto le permite ofrecer contenidos personalizados a su base de datos, lo que a su vez aumenta la participaci\u00f3n y las tasas de conversi\u00f3n.<\/p>\n        <\/div>\n    <\/div>\n<\/div>\n\n\n<div class=\"container px-0 lg:px-10 xl:px-40 py-4 lg:py-16\">\n    <div class=\"grid grid-cols-1 lg:grid-cols-2 lg:gap-24 mb-8 \">\n                <div class=\" pb-6 md:pt-6\">\n            <img loading=\"lazy\" decoding=\"async\" width=\"1024\" height=\"682\" src=\"https:\/\/maileon.com\/app\/uploads\/sites\/5\/2022\/09\/BEELD31_Maileon_20220728_033_WEB-1024x682.jpg\" class=\"md:rounded-3xl w-full\" alt=\"Employee writing maileon features on whiteboard\" srcset=\"https:\/\/maileon.com\/app\/uploads\/sites\/5\/2022\/09\/BEELD31_Maileon_20220728_033_WEB-1024x682.jpg 1024w, https:\/\/maileon.com\/app\/uploads\/sites\/5\/2022\/09\/BEELD31_Maileon_20220728_033_WEB-300x200.jpg 300w, https:\/\/maileon.com\/app\/uploads\/sites\/5\/2022\/09\/BEELD31_Maileon_20220728_033_WEB-768x512.jpg 768w, https:\/\/maileon.com\/app\/uploads\/sites\/5\/2022\/09\/BEELD31_Maileon_20220728_033_WEB-1536x1024.jpg 1536w, https:\/\/maileon.com\/app\/uploads\/sites\/5\/2022\/09\/BEELD31_Maileon_20220728_033_WEB.jpg 2000w\" sizes=\"auto, (max-width: 1024px) 100vw, 1024px\" \/>        <\/div>\n        <div class=\"lg:py-4 px-5 lg:px-0 lg:order-first\">\n            <div class=\"space-y-4\">\n                                <p class=\"text-gray-800 text-sm mb-4 mt-2\">\n                                    <\/p>\n                    <h2 class=\"heading-3 text-black\">\n       Volver a captar abonados inactivos\n    <\/h2>                <div class=\"prose\">\n                    <p>Vuelva a captar suscriptores y clientes inactivos ofreci\u00e9ndoles ofertas, descuentos o promociones personalizadas. Env\u00ede concursos, correos electr\u00f3nicos interactivos o sorteos en los que puedan participar.<\/p>\n<p>Ofr\u00e9zcales una llamada a la acci\u00f3n clara, h\u00e1gala divertida y atractiva, y antes de que se d\u00e9 cuenta habr\u00e1 recuperado la atenci\u00f3n de contactos valiosos.<\/p>\n                <\/div>\n            <\/div>\n                    <\/div>\n    <\/div>\n<\/div>\n\n\n<div class=\"container px-0 lg:px-10 xl:px-40 py-4 lg:py-16\">\n    <div class=\"grid grid-cols-1 lg:grid-cols-2 lg:gap-24 mb-8 \">\n                <div class=\" pb-6 md:pt-6\">\n            <img loading=\"lazy\" decoding=\"async\" width=\"1024\" height=\"698\" src=\"https:\/\/maileon.com\/app\/uploads\/sites\/5\/2022\/12\/segmentatie.webp\" class=\"md:rounded-3xl w-full\" alt=\"maileon segmentation\" srcset=\"https:\/\/maileon.com\/app\/uploads\/sites\/5\/2022\/12\/segmentatie.webp 1024w, https:\/\/maileon.com\/app\/uploads\/sites\/5\/2022\/12\/segmentatie-300x204.webp 300w, https:\/\/maileon.com\/app\/uploads\/sites\/5\/2022\/12\/segmentatie-768x524.webp 768w\" sizes=\"auto, (max-width: 1024px) 100vw, 1024px\" \/>        <\/div>\n        <div class=\"lg:py-4 px-5 lg:px-0 \">\n            <div class=\"space-y-4\">\n                                <p class=\"text-gray-800 text-sm mb-4 mt-2\">\n                                    <\/p>\n                    <h2 class=\"heading-3 text-black\">\n       Segmentaci\u00f3n compleja simplificada con Maileon\n    <\/h2>                <div class=\"prose\">\n                    <p>El software Maileon permite una segmentaci\u00f3n profunda y compleja de forma sencilla y f\u00e1cil de usar. Los profesionales del marketing pueden aplicar filtros complejos de bases de datos sin conocimientos espec\u00edficos de SQL. Los filtros pueden aplicarse de diferentes maneras, a la medida de sus necesidades. La segmentaci\u00f3n no s\u00f3lo funciona para listas de destinatarios de correo electr\u00f3nico, sino tambi\u00e9n para contenidos din\u00e1micos, informes personalizados o comparativos o exportaciones.<\/p>\n                <\/div>\n            <\/div>\n                            <div class=\"flex flex-col md:flex-row w-full mt-4 gap-4\">\n                                                                            <a href=\"https:\/\/maileon.com\/es\/compare-marketing-automation-platforms\/\" target=\"\" class=\"block btn btn-secondary\">\n        Comparar plataformas\n    <\/a>                                                            <\/div>\n                    <\/div>\n    <\/div>\n<\/div>\n\n\n<div class=\"container px-0 lg:px-10 xl:px-40 py-4 lg:py-16\">\n    <div class=\"grid grid-cols-1 lg:grid-cols-2 lg:gap-24 mb-8 \">\n                <div class=\" pb-6 md:pt-6\">\n            <img loading=\"lazy\" decoding=\"async\" width=\"1024\" height=\"684\" src=\"https:\/\/maileon.com\/app\/uploads\/sites\/5\/2022\/09\/BEELD31_Maileon_20220728_017_WEB-1024x684.jpg\" class=\"md:rounded-3xl w-full\" alt=\"analytics dashboarding maileon\" srcset=\"https:\/\/maileon.com\/app\/uploads\/sites\/5\/2022\/09\/BEELD31_Maileon_20220728_017_WEB-1024x684.jpg 1024w, https:\/\/maileon.com\/app\/uploads\/sites\/5\/2022\/09\/BEELD31_Maileon_20220728_017_WEB-300x200.jpg 300w, https:\/\/maileon.com\/app\/uploads\/sites\/5\/2022\/09\/BEELD31_Maileon_20220728_017_WEB-768x513.jpg 768w, https:\/\/maileon.com\/app\/uploads\/sites\/5\/2022\/09\/BEELD31_Maileon_20220728_017_WEB-1536x1025.jpg 1536w, https:\/\/maileon.com\/app\/uploads\/sites\/5\/2022\/09\/BEELD31_Maileon_20220728_017_WEB.jpg 2000w\" sizes=\"auto, (max-width: 1024px) 100vw, 1024px\" \/>        <\/div>\n        <div class=\"lg:py-4 px-5 lg:px-0 lg:order-first\">\n            <div class=\"space-y-4\">\n                                <p class=\"text-gray-800 text-sm mb-4 mt-2\">\n                                    <\/p>\n                    <h2 class=\"heading-3 text-black\">\n       Mejora de la entregabilidad y el compromiso\n    <\/h2>                <div class=\"prose\">\n                    <p>Segmentation is a useful tool to improve deliverability. As spam filters consider subscriber engagement when filtering out emails, separating your regulars from the (potential) inactive audience will improve deliverability overall. Segmenting by demographics, buyer behaviour or online activity helps to focus the content for specific audiences.<\/p>\n                <\/div>\n            <\/div>\n                    <\/div>\n    <\/div>\n<\/div>\n\n\n<div class=\"block-hero-top-curve-large bg-no-repeat bg-right-top bg-[length:auto_100%] relative overflow-hidden\">\n    <div class=\"relative lg:absolute lg:right-0 z-0 lg:w-1\/2 xl:w-3\/4 lg:mb-0 w-full\">\n        <img loading=\"lazy\" decoding=\"async\" width=\"1024\" height=\"684\" src=\"https:\/\/maileon.com\/app\/uploads\/sites\/5\/2022\/09\/BEELD31_Maileon_20220728_013_WEB-1024x684.jpg\" class=\"w-full min-w-[55vw] max-w-[100%]\" alt=\"Bjorn van Breeman giving or presenting a demo\" srcset=\"https:\/\/maileon.com\/app\/uploads\/sites\/5\/2022\/09\/BEELD31_Maileon_20220728_013_WEB-1024x684.jpg 1024w, https:\/\/maileon.com\/app\/uploads\/sites\/5\/2022\/09\/BEELD31_Maileon_20220728_013_WEB-300x200.jpg 300w, https:\/\/maileon.com\/app\/uploads\/sites\/5\/2022\/09\/BEELD31_Maileon_20220728_013_WEB-768x513.jpg 768w, https:\/\/maileon.com\/app\/uploads\/sites\/5\/2022\/09\/BEELD31_Maileon_20220728_013_WEB-1536x1025.jpg 1536w, https:\/\/maileon.com\/app\/uploads\/sites\/5\/2022\/09\/BEELD31_Maileon_20220728_013_WEB.jpg 2000w\" sizes=\"auto, (max-width: 1024px) 100vw, 1024px\" \/>        <div class=\"absolute bottom-0 w-full block lg:hidden\">\n            <svg xmlns=\"http:\/\/www.w3.org\/2000\/svg\" viewBox=\"0 0 768 100\" class=\"fill-primary\">\n                <path\n                    d=\"M 1221,1000 H -63 c 0,0 6e-4,-745.425 0,-559.546 281.767,-44.575 673.208,42.792 843.517,65.08 170.308,22.288 359.343,4.457 440.483,-45.467 z\"\n                    id=\"path42\" clip-path=\"url(#clipPath289)\" transform=\"translate(0,-420.2691)\"\n                \/>\n            <\/svg>\n        <\/div>\n    <\/div>\n    <div class=\"shape-hero-cta bg-primary lg:bg-transparent bg-cover bg-left bg-no-repeat relative pb-20 md:pb-0 after:shape-hero-cta-bottom after:absolute after:top-0 after:bottom-0 after:bg-no-repeat after:bg-bottom after:bg-contain after:w-full after:pointer-events-none\">\n        <div class=\"container text-primary flex flex-col justify-center items-start px-5 md:px-10 xl:px-40 pt-8 lg:pt-20 pb-16 md:pb-32 lg:pb-20 lg:min-h-[429px] xl:min-h-[603px]\">\n            <div class=\"flex flex-col w-full lg:w-7\/12\">\n                \n                    <h2 class=\"heading-1\">\n       \u00bfQuiere hacer crecer su negocio?\n    <\/h2>\n                <div class=\"prose prose-invert text-primary text-lg\">\n                    <p>Reserve una demostraci\u00f3n con nuestros especialistas para obtener una visi\u00f3n completa de la plataforma de automatizaci\u00f3n de marketing que puede satisfacer sus ambiciones.<\/p>\n                <\/div>\n            <\/div>\n            <div class=\"flex flex-col md:flex-row w-full mt-4 gap-4\">\n                                                                <a href=\"https:\/\/maileon.com\/es\/demo\/\" target=\"\" class=\"block btn btn-secondary\">\n        Reservar una demo\n    <\/a>                                                <a href=\"https:\/\/maileon.com\/es\/contact\/\" target=\"_blank\" class=\"block btn btn-primary-default\">\n        O ponte en contacto\n    <\/a>                                                <\/div>\n                    <\/div>\n    <\/div>\n<\/div>\n","protected":false},"excerpt":{"rendered":"<p>Target your customer base through easy and smart segmentation. <\/p>\n","protected":false},"author":7,"featured_media":1448,"parent":1404,"menu_order":0,"comment_status":"closed","ping_status":"closed","template":"","meta":{"_acf_changed":false,"footnotes":""},"categories":[38],"class_list":["post-8355","page","type-page","status-publish","has-post-thumbnail","hentry","category-features-product"],"acf":[],"yoast_head":"<!-- This site is optimized with the Yoast SEO Premium plugin v26.3 (Yoast SEO v26.3) - https:\/\/yoast.com\/wordpress\/plugins\/seo\/ -->\n<title>Easy segmentation for optimal engagement | Maileon<\/title>\n<meta name=\"description\" content=\"Send the right people the right content, and proactively optimise your marketing results. Discover our platform &amp; features here.\" \/>\n<meta name=\"robots\" content=\"index, follow, max-snippet:-1, max-image-preview:large, max-video-preview:-1\" \/>\n<link rel=\"canonical\" href=\"https:\/\/maileon.com\/es\/platform\/features\/segmentation\/\" \/>\n<meta property=\"og:locale\" content=\"es_ES\" \/>\n<meta property=\"og:type\" content=\"article\" \/>\n<meta property=\"og:title\" content=\"Segmentation: reach the right people\" \/>\n<meta property=\"og:description\" content=\"Send the right people the right content, and proactively optimise your marketing results. Discover our platform &amp; features here.\" \/>\n<meta property=\"og:url\" content=\"https:\/\/maileon.com\/es\/platform\/features\/segmentation\/\" \/>\n<meta property=\"og:site_name\" content=\"Maileon\" \/>\n<meta property=\"article:modified_time\" content=\"2023-08-09T14:03:50+00:00\" \/>\n<meta property=\"og:image\" content=\"https:\/\/maileon.com\/app\/uploads\/sites\/5\/2022\/09\/BEELD31_Maileon_20220728_007_WEB.jpg\" \/>\n\t<meta property=\"og:image:width\" content=\"2000\" \/>\n\t<meta property=\"og:image:height\" content=\"1335\" \/>\n\t<meta property=\"og:image:type\" content=\"image\/jpeg\" \/>\n<meta name=\"twitter:card\" content=\"summary_large_image\" \/>\n<script type=\"application\/ld+json\" class=\"yoast-schema-graph\">{\"@context\":\"https:\/\/schema.org\",\"@graph\":[{\"@type\":\"WebPage\",\"@id\":\"https:\/\/maileon.com\/es\/platform\/features\/segmentation\/\",\"url\":\"https:\/\/maileon.com\/es\/platform\/features\/segmentation\/\",\"name\":\"Easy segmentation for optimal engagement | Maileon\",\"isPartOf\":{\"@id\":\"https:\/\/maileon.com\/es\/#website\"},\"primaryImageOfPage\":{\"@id\":\"https:\/\/maileon.com\/es\/platform\/features\/segmentation\/#primaryimage\"},\"image\":{\"@id\":\"https:\/\/maileon.com\/es\/platform\/features\/segmentation\/#primaryimage\"},\"thumbnailUrl\":\"https:\/\/maileon.com\/app\/uploads\/sites\/5\/2022\/09\/BEELD31_Maileon_20220728_007_WEB.jpg\",\"datePublished\":\"2022-12-06T14:22:00+00:00\",\"dateModified\":\"2023-08-09T14:03:50+00:00\",\"description\":\"Send the right people the right content, and proactively optimise your marketing results. Discover our platform & features here.\",\"breadcrumb\":{\"@id\":\"https:\/\/maileon.com\/es\/platform\/features\/segmentation\/#breadcrumb\"},\"inLanguage\":\"es\",\"potentialAction\":[{\"@type\":\"ReadAction\",\"target\":[\"https:\/\/maileon.com\/es\/platform\/features\/segmentation\/\"]}]},{\"@type\":\"ImageObject\",\"inLanguage\":\"es\",\"@id\":\"https:\/\/maileon.com\/es\/platform\/features\/segmentation\/#primaryimage\",\"url\":\"https:\/\/maileon.com\/app\/uploads\/sites\/5\/2022\/09\/BEELD31_Maileon_20220728_007_WEB.jpg\",\"contentUrl\":\"https:\/\/maileon.com\/app\/uploads\/sites\/5\/2022\/09\/BEELD31_Maileon_20220728_007_WEB.jpg\",\"width\":2000,\"height\":1335},{\"@type\":\"BreadcrumbList\",\"@id\":\"https:\/\/maileon.com\/es\/platform\/features\/segmentation\/#breadcrumb\",\"itemListElement\":[{\"@type\":\"ListItem\",\"position\":1,\"name\":\"Home\",\"item\":\"https:\/\/maileon.com\/es\/\"},{\"@type\":\"ListItem\",\"position\":2,\"name\":\"Platform\",\"item\":\"https:\/\/maileon.com\/es\/platform\/\"},{\"@type\":\"ListItem\",\"position\":3,\"name\":\"Features\",\"item\":\"https:\/\/maileon.com\/es\/platform\/features\/\"},{\"@type\":\"ListItem\",\"position\":4,\"name\":\"Segmentation: reach the right people\"}]},{\"@type\":\"WebSite\",\"@id\":\"https:\/\/maileon.com\/es\/#website\",\"url\":\"https:\/\/maileon.com\/es\/\",\"name\":\"Maileon\",\"description\":\"\",\"publisher\":{\"@id\":\"https:\/\/maileon.com\/es\/#organization\"},\"potentialAction\":[{\"@type\":\"SearchAction\",\"target\":{\"@type\":\"EntryPoint\",\"urlTemplate\":\"https:\/\/maileon.com\/es\/?s={search_term_string}\"},\"query-input\":{\"@type\":\"PropertyValueSpecification\",\"valueRequired\":true,\"valueName\":\"search_term_string\"}}],\"inLanguage\":\"es\"},{\"@type\":\"Organization\",\"@id\":\"https:\/\/maileon.com\/es\/#organization\",\"name\":\"Maileon\",\"url\":\"https:\/\/maileon.com\/es\/\",\"logo\":{\"@type\":\"ImageObject\",\"inLanguage\":\"es\",\"@id\":\"https:\/\/maileon.com\/es\/#\/schema\/logo\/image\/\",\"url\":\"https:\/\/maileon.com\/app\/uploads\/sites\/5\/2022\/08\/logo.png\",\"contentUrl\":\"https:\/\/maileon.com\/app\/uploads\/sites\/5\/2022\/08\/logo.png\",\"width\":168,\"height\":33,\"caption\":\"Maileon\"},\"image\":{\"@id\":\"https:\/\/maileon.com\/es\/#\/schema\/logo\/image\/\"}}]}<\/script>\n<!-- \/ Yoast SEO Premium plugin. -->","yoast_head_json":{"title":"Easy segmentation for optimal engagement | Maileon","description":"Send the right people the right content, and proactively optimise your marketing results. Discover our platform & features here.","robots":{"index":"index","follow":"follow","max-snippet":"max-snippet:-1","max-image-preview":"max-image-preview:large","max-video-preview":"max-video-preview:-1"},"canonical":"https:\/\/maileon.com\/es\/platform\/features\/segmentation\/","og_locale":"es_ES","og_type":"article","og_title":"Segmentation: reach the right people","og_description":"Send the right people the right content, and proactively optimise your marketing results. Discover our platform & features here.","og_url":"https:\/\/maileon.com\/es\/platform\/features\/segmentation\/","og_site_name":"Maileon","article_modified_time":"2023-08-09T14:03:50+00:00","og_image":[{"width":2000,"height":1335,"url":"https:\/\/maileon.com\/app\/uploads\/sites\/5\/2022\/09\/BEELD31_Maileon_20220728_007_WEB.jpg","type":"image\/jpeg"}],"twitter_card":"summary_large_image","schema":{"@context":"https:\/\/schema.org","@graph":[{"@type":"WebPage","@id":"https:\/\/maileon.com\/es\/platform\/features\/segmentation\/","url":"https:\/\/maileon.com\/es\/platform\/features\/segmentation\/","name":"Easy segmentation for optimal engagement | Maileon","isPartOf":{"@id":"https:\/\/maileon.com\/es\/#website"},"primaryImageOfPage":{"@id":"https:\/\/maileon.com\/es\/platform\/features\/segmentation\/#primaryimage"},"image":{"@id":"https:\/\/maileon.com\/es\/platform\/features\/segmentation\/#primaryimage"},"thumbnailUrl":"https:\/\/maileon.com\/app\/uploads\/sites\/5\/2022\/09\/BEELD31_Maileon_20220728_007_WEB.jpg","datePublished":"2022-12-06T14:22:00+00:00","dateModified":"2023-08-09T14:03:50+00:00","description":"Send the right people the right content, and proactively optimise your marketing results. Discover our platform & features here.","breadcrumb":{"@id":"https:\/\/maileon.com\/es\/platform\/features\/segmentation\/#breadcrumb"},"inLanguage":"es","potentialAction":[{"@type":"ReadAction","target":["https:\/\/maileon.com\/es\/platform\/features\/segmentation\/"]}]},{"@type":"ImageObject","inLanguage":"es","@id":"https:\/\/maileon.com\/es\/platform\/features\/segmentation\/#primaryimage","url":"https:\/\/maileon.com\/app\/uploads\/sites\/5\/2022\/09\/BEELD31_Maileon_20220728_007_WEB.jpg","contentUrl":"https:\/\/maileon.com\/app\/uploads\/sites\/5\/2022\/09\/BEELD31_Maileon_20220728_007_WEB.jpg","width":2000,"height":1335},{"@type":"BreadcrumbList","@id":"https:\/\/maileon.com\/es\/platform\/features\/segmentation\/#breadcrumb","itemListElement":[{"@type":"ListItem","position":1,"name":"Home","item":"https:\/\/maileon.com\/es\/"},{"@type":"ListItem","position":2,"name":"Platform","item":"https:\/\/maileon.com\/es\/platform\/"},{"@type":"ListItem","position":3,"name":"Features","item":"https:\/\/maileon.com\/es\/platform\/features\/"},{"@type":"ListItem","position":4,"name":"Segmentation: reach the right people"}]},{"@type":"WebSite","@id":"https:\/\/maileon.com\/es\/#website","url":"https:\/\/maileon.com\/es\/","name":"Maileon","description":"","publisher":{"@id":"https:\/\/maileon.com\/es\/#organization"},"potentialAction":[{"@type":"SearchAction","target":{"@type":"EntryPoint","urlTemplate":"https:\/\/maileon.com\/es\/?s={search_term_string}"},"query-input":{"@type":"PropertyValueSpecification","valueRequired":true,"valueName":"search_term_string"}}],"inLanguage":"es"},{"@type":"Organization","@id":"https:\/\/maileon.com\/es\/#organization","name":"Maileon","url":"https:\/\/maileon.com\/es\/","logo":{"@type":"ImageObject","inLanguage":"es","@id":"https:\/\/maileon.com\/es\/#\/schema\/logo\/image\/","url":"https:\/\/maileon.com\/app\/uploads\/sites\/5\/2022\/08\/logo.png","contentUrl":"https:\/\/maileon.com\/app\/uploads\/sites\/5\/2022\/08\/logo.png","width":168,"height":33,"caption":"Maileon"},"image":{"@id":"https:\/\/maileon.com\/es\/#\/schema\/logo\/image\/"}}]}},"_links":{"self":[{"href":"https:\/\/maileon.com\/es\/wp-json\/wp\/v2\/pages\/8355","targetHints":{"allow":["GET"]}}],"collection":[{"href":"https:\/\/maileon.com\/es\/wp-json\/wp\/v2\/pages"}],"about":[{"href":"https:\/\/maileon.com\/es\/wp-json\/wp\/v2\/types\/page"}],"author":[{"embeddable":true,"href":"https:\/\/maileon.com\/es\/wp-json\/wp\/v2\/users\/7"}],"replies":[{"embeddable":true,"href":"https:\/\/maileon.com\/es\/wp-json\/wp\/v2\/comments?post=8355"}],"version-history":[{"count":2,"href":"https:\/\/maileon.com\/es\/wp-json\/wp\/v2\/pages\/8355\/revisions"}],"predecessor-version":[{"id":11368,"href":"https:\/\/maileon.com\/es\/wp-json\/wp\/v2\/pages\/8355\/revisions\/11368"}],"up":[{"embeddable":true,"href":"https:\/\/maileon.com\/es\/wp-json\/wp\/v2\/pages\/1404"}],"wp:featuredmedia":[{"embeddable":true,"href":"https:\/\/maileon.com\/es\/wp-json\/wp\/v2\/media\/1448"}],"wp:attachment":[{"href":"https:\/\/maileon.com\/es\/wp-json\/wp\/v2\/media?parent=8355"}],"wp:term":[{"taxonomy":"category","embeddable":true,"href":"https:\/\/maileon.com\/es\/wp-json\/wp\/v2\/categories?post=8355"}],"curies":[{"name":"wp","href":"https:\/\/api.w.org\/{rel}","templated":true}]}}