{"id":6181,"date":"2022-11-29T17:26:28","date_gmt":"2022-11-29T17:26:28","guid":{"rendered":"https:\/\/maileon.com\/?page_id=6181"},"modified":"2023-08-09T14:18:00","modified_gmt":"2023-08-09T14:18:00","slug":"channels","status":"publish","type":"page","link":"https:\/\/maileon.com\/es\/platform\/features\/channels\/","title":{"rendered":"Channels: Email, SMS &#038; more"},"content":{"rendered":"\n<div class=\"relative shape-hero-main block-hero-top-curve-sm block-hero-bottom-curve bg-primary bg-no-repeat bg-right-top bg-contain mb-14\">\n    <div\n        class=\"container relative text-primary flex flex-col justify-center items-start px-5 md:px-10 xl:px-40 pt-44 md:pt-64 lg:pt-20 pb-24 lg:pb-20 min-h-[681px] md:min-h-[607px] lg:min-h-[466px] xl:min-h-[656px]\"\n    >\n        <div class=\"flex flex-col w-full md:9\/12 lg:w-7\/12\">\n            \n                <h1 class=\"heading-1\">\n       Todos los canales que necesita para un marketing eficaz\n    <\/h1>\n            <div class=\"prose prose-invert text-primary text-lg\">\n                <p>Encuentre y sorprenda a su p\u00fablico objetivo en todos sus canales favoritos, con Maileon.<\/p>\n            <\/div>\n        <\/div>\n        <div class=\"flex flex-col md:flex-row w-full mt-4 gap-4\">\n                                                    <a href=\"https:\/\/maileon.com\/es\/demo\/\" target=\"\" class=\"block btn btn-secondary\">\n        Solicite una demostraci\u00f3n\n    <\/a>                                        <a href=\"https:\/\/maileon.com\/es\/compare-marketing-automation-platforms\/\" target=\"\" class=\"block btn btn-primary-default\">\n        O compara software\n    <\/a>                                    <\/div>\n            <\/div>\n<\/div>\n\n\n\n<div class=\"container py-8 px-0 xl:px-40\">\n    <div class=\"px-5 md:px-10 xl:px-40 pb-3 md:mr-24\">\n        <div class=\"prose \">\n            <h2>Comunicaci\u00f3n omnicanal con Maileon<\/h2>\n<p>Aseg\u00farese de que su p\u00fablico objetivo recibe el mensaje adecuado, en el momento adecuado y a trav\u00e9s del canal adecuado. Con Maileon puedes ultilizar tus datos de forma inteligente para llegar a la gente de la mejor manera posible. Por correo electr\u00f3nico, SMS o notificaciones push en l\u00ednea o en la aplicaci\u00f3n.<\/p>\n        <\/div>\n    <\/div>\n<\/div>\n\n\n<div class=\"container px-0 lg:px-10 xl:px-40 py-4 lg:py-16\">\n    <div class=\"grid grid-cols-1 lg:grid-cols-2 lg:gap-24 mb-8 \">\n                <div class=\" pb-6 md:pt-6\">\n            <img loading=\"lazy\" decoding=\"async\" width=\"1024\" height=\"698\" src=\"https:\/\/maileon.com\/app\/uploads\/sites\/5\/2022\/12\/Maileon-features-Marketing_Automation-1024x698.webp\" class=\"md:rounded-3xl w-full\" alt=\"\" srcset=\"https:\/\/maileon.com\/app\/uploads\/sites\/5\/2022\/12\/Maileon-features-Marketing_Automation-1024x698.webp 1024w, https:\/\/maileon.com\/app\/uploads\/sites\/5\/2022\/12\/Maileon-features-Marketing_Automation-300x205.webp 300w, https:\/\/maileon.com\/app\/uploads\/sites\/5\/2022\/12\/Maileon-features-Marketing_Automation-768x524.webp 768w, https:\/\/maileon.com\/app\/uploads\/sites\/5\/2022\/12\/Maileon-features-Marketing_Automation.webp 1280w\" sizes=\"auto, (max-width: 1024px) 100vw, 1024px\" \/>        <\/div>\n        <div class=\"lg:py-4 px-5 lg:px-0 lg:order-first\">\n            <div class=\"space-y-4\">\n                                <p class=\"text-gray-800 text-sm mb-4 mt-2\">\n                                    <\/p>\n                    <h2 class=\"heading-3 text-black\">\n       Correo electr\u00f3nico: puntual, disparador y automatizaciones\n    <\/h2>                <div class=\"prose\">\n                    <p>El correo electr\u00f3nico es uno de los canales de comunicaci\u00f3n y marketing m\u00e1s utilizados por las empresas, independientemente de su formato o sector.<\/p>\n<p>De hecho, sigue siendo una de las mejores maneras de comunicarse directamente con su p\u00fablico objetivo y personalizar su mensaje. Con ingeniosos env\u00edos desencadenantes, env\u00edos puntuales o masivos, o automatizaciones intuitivas y potentes. Esto le ofrece la flexibilidad necesaria para comunicarse a su manera, ya se trate de una comunicaci\u00f3n transaccional, de un recorrido del cliente totalmente guiado o de una campa\u00f1a creativa puntual.<\/p>\n                <\/div>\n            <\/div>\n                    <\/div>\n    <\/div>\n<\/div>\n\n\n<div class=\"container px-0 lg:px-10 xl:px-40 py-4 lg:py-16\">\n    <div class=\"grid grid-cols-1 lg:grid-cols-2 lg:gap-24 mb-8 \">\n                <div class=\" pb-6 md:pt-6\">\n            <img loading=\"lazy\" decoding=\"async\" width=\"1024\" height=\"693\" src=\"https:\/\/maileon.com\/app\/uploads\/sites\/5\/2022\/11\/Kampagnen-Reporting-1024x693.png\" class=\"md:rounded-3xl w-full\" alt=\"\" srcset=\"https:\/\/maileon.com\/app\/uploads\/sites\/5\/2022\/11\/Kampagnen-Reporting-1024x693.png 1024w, https:\/\/maileon.com\/app\/uploads\/sites\/5\/2022\/11\/Kampagnen-Reporting-300x203.png 300w, https:\/\/maileon.com\/app\/uploads\/sites\/5\/2022\/11\/Kampagnen-Reporting-768x520.png 768w, https:\/\/maileon.com\/app\/uploads\/sites\/5\/2022\/11\/Kampagnen-Reporting-1536x1039.png 1536w, https:\/\/maileon.com\/app\/uploads\/sites\/5\/2022\/11\/Kampagnen-Reporting-2048x1386.png 2048w\" sizes=\"auto, (max-width: 1024px) 100vw, 1024px\" \/>        <\/div>\n        <div class=\"lg:py-4 px-5 lg:px-0 \">\n            <div class=\"space-y-4\">\n                                <p class=\"text-gray-800 text-sm mb-4 mt-2\">\n                                    <\/p>\n                    <h2 class=\"heading-3 text-black\">\n       SMS: despliegue uno de los canales m\u00e1s eficaces\n    <\/h2>                <div class=\"prose\">\n                    <p>Enormes tasas de apertura y un enfoque total en un mensaje corto pero poderoso: la mensajer\u00eda de texto tiene un potencial sin precedentes. A menudo, las empresas lo utilizan injustamente poco como canal de marketing o comunicaci\u00f3n. Y, sin embargo, las cifras en t\u00e9rminos de eficacia no mienten.<\/p>\n<p>Empiece ahora y experimente las altas aperturas y el enorme alcance de los SMS. Desde recordatorios hasta c\u00f3digos de acci\u00f3n, llamadas a la acci\u00f3n, informaci\u00f3n sobre visitantes y mucho m\u00e1s, Maileon te lo pone f\u00e1cil para que aproveches el poder de los SMS, tanto si quieres empezar con ellos como si quieres ampliarlos con automatizaciones completas de SMS.<\/p>\n<p>&nbsp;<\/p>\n                <\/div>\n            <\/div>\n                    <\/div>\n    <\/div>\n<\/div>\n\n\n<div class=\"container px-0 lg:px-10 xl:px-40 py-4 lg:py-16\">\n    <div class=\"grid grid-cols-1 lg:grid-cols-2 lg:gap-24 mb-8 \">\n                <div class=\" pb-6 md:pt-6\">\n            <img loading=\"lazy\" decoding=\"async\" width=\"1024\" height=\"684\" src=\"https:\/\/maileon.com\/app\/uploads\/sites\/5\/2022\/09\/BEELD31_Maileon_20220728_017_WEB-1024x684.jpg\" class=\"md:rounded-3xl w-full\" alt=\"analytics dashboarding maileon\" srcset=\"https:\/\/maileon.com\/app\/uploads\/sites\/5\/2022\/09\/BEELD31_Maileon_20220728_017_WEB-1024x684.jpg 1024w, https:\/\/maileon.com\/app\/uploads\/sites\/5\/2022\/09\/BEELD31_Maileon_20220728_017_WEB-300x200.jpg 300w, https:\/\/maileon.com\/app\/uploads\/sites\/5\/2022\/09\/BEELD31_Maileon_20220728_017_WEB-768x513.jpg 768w, https:\/\/maileon.com\/app\/uploads\/sites\/5\/2022\/09\/BEELD31_Maileon_20220728_017_WEB-1536x1025.jpg 1536w, https:\/\/maileon.com\/app\/uploads\/sites\/5\/2022\/09\/BEELD31_Maileon_20220728_017_WEB.jpg 2000w\" sizes=\"auto, (max-width: 1024px) 100vw, 1024px\" \/>        <\/div>\n        <div class=\"lg:py-4 px-5 lg:px-0 lg:order-first\">\n            <div class=\"space-y-4\">\n                                <p class=\"text-gray-800 text-sm mb-4 mt-2\">\n                                    <\/p>\n                    <h2 class=\"heading-3 text-black\">\n       Web\/App push: encuentre a su grupo objetivo donde est\u00e9\n    <\/h2>                <div class=\"prose\">\n                    <p>Cree una experiencia omnicanal s\u00f3lida para su p\u00fablico objetivo, con notificaciones de sitios web o aplicaciones bien sincronizadas.<\/p>\n<p>Utilice los datos de todos los canales para crear experiencias personalizadas. Maileon funciona a la perfecci\u00f3n con su aplicaci\u00f3n o tienda web. De este modo, es m\u00e1s f\u00e1cil que nunca encontrar y llegar a su p\u00fablico objetivo, est\u00e9 donde est\u00e9.<\/p>\n                <\/div>\n            <\/div>\n                    <\/div>\n    <\/div>\n<\/div>\n\n\n\n<div class=\"container px-5 lg:px-10 xl:px-40 py-14 text-primary-500\">\n    <div class=\"text-center\">\n            <h2 class=\"heading-4\">\n       Conecte Maileon con\n    <\/h2>    <\/div>\n\n        <div class=\"\">\n        <div class=\"swiper\" x-ref=\"container\" x-data=\"{swiper: null}\" x-init=\"swiper = new Swiper($refs.container, {\n                    modules: [Pagination],\n                    pagination: {\n                        el: '.swiper-pagination',\n                        clickable: true\n                    },\n                    slidesPerView: 1,\n                    slidesOffsetBefore: 0,\n                    slidesOffsetAfter: 0,\n                    spaceBetween: 24,\n\n                    breakpoints: {\n                        420: {\n                          slidesPerView: 2,\n                          slidesPerGroup: 2,\n                          spaceBetween: 24,\n                        },\n                        640: {\n                          slidesPerView: 3,\n                          slidesPerGroup: 3,\n                          spaceBetween: 24,\n                        },\n                        768: {\n                          slidesPerView: 4,\n                          slidesPerGroup: 4,\n                          spaceBetween: 43,\n                        },\n                        1024: {\n                          slidesPerView: 5,\n                          slidesPerGroup: 5,\n                          spaceBetween: 84,\n                        },\n                    },\n                })\">\n            <div class=\"swiper-wrapper mt-5 mb-12\">\n                                <div class=\"swiper-slide px-4 md:px-0 py-4\" >\n                    <div class=\"h-20 md:m-0 bg-contain bg-center bg-no-repeat\"\n                        style=\"background-image: url('https:\/\/maileon.com\/app\/uploads\/sites\/5\/2022\/12\/logos-for-integration-5-1024x683.png')\">\n                    <\/div>\n                <\/div>\n                                <div class=\"swiper-slide px-4 md:px-0 py-4\" >\n                    <div class=\"h-20 md:m-0 bg-contain bg-center bg-no-repeat\"\n                        style=\"background-image: url('https:\/\/maileon.com\/app\/uploads\/sites\/5\/2022\/12\/logos-for-integration-4-1024x683.png')\">\n                    <\/div>\n                <\/div>\n                                <div class=\"swiper-slide px-4 md:px-0 py-4\" >\n                    <div class=\"h-20 md:m-0 bg-contain bg-center bg-no-repeat\"\n                        style=\"background-image: url('https:\/\/maileon.com\/app\/uploads\/sites\/5\/2022\/12\/logos-for-integration-3-1024x683.png')\">\n                    <\/div>\n                <\/div>\n                                <div class=\"swiper-slide px-4 md:px-0 py-4\" >\n                    <div class=\"h-20 md:m-0 bg-contain bg-center bg-no-repeat\"\n                        style=\"background-image: url('https:\/\/maileon.com\/app\/uploads\/sites\/5\/2022\/12\/adpage2.png')\">\n                    <\/div>\n                <\/div>\n                                <div class=\"swiper-slide px-4 md:px-0 py-4\" >\n                    <div class=\"h-20 md:m-0 bg-contain bg-center bg-no-repeat\"\n                        style=\"background-image: url('https:\/\/maileon.com\/app\/uploads\/sites\/5\/2022\/12\/Sparque-1.png')\">\n                    <\/div>\n                <\/div>\n                            <\/div>\n            <div class=\"swiper-pagination\"><\/div>\n        <\/div>\n    <\/div>\n    <\/div>\n\n\n<div class=\"container px-0 lg:px-10 xl:px-40 py-4 lg:py-16\">\n    <div class=\"grid grid-cols-1 lg:grid-cols-2 lg:gap-24 mb-8 \">\n                <div class=\" pb-6 md:pt-6\">\n            <img loading=\"lazy\" decoding=\"async\" width=\"1024\" height=\"683\" src=\"https:\/\/maileon.com\/app\/uploads\/sites\/5\/2022\/12\/logos-for-integration-5-1024x683.png\" class=\"md:rounded-3xl w-full\" alt=\"\" srcset=\"https:\/\/maileon.com\/app\/uploads\/sites\/5\/2022\/12\/logos-for-integration-5-1024x683.png 1024w, https:\/\/maileon.com\/app\/uploads\/sites\/5\/2022\/12\/logos-for-integration-5-300x200.png 300w, https:\/\/maileon.com\/app\/uploads\/sites\/5\/2022\/12\/logos-for-integration-5-768x512.png 768w, https:\/\/maileon.com\/app\/uploads\/sites\/5\/2022\/12\/logos-for-integration-5-1536x1024.png 1536w, https:\/\/maileon.com\/app\/uploads\/sites\/5\/2022\/12\/logos-for-integration-5-2048x1366.png 2048w\" sizes=\"auto, (max-width: 1024px) 100vw, 1024px\" \/>        <\/div>\n        <div class=\"lg:py-4 px-5 lg:px-0 \">\n            <div class=\"space-y-4\">\n                                <p class=\"text-gray-800 text-sm mb-4 mt-2\">\n                                    <\/p>\n                    <h2 class=\"heading-3 text-black\">\n       Integraciones\n    <\/h2>                <div class=\"prose\">\n                    <p>Las potentes integraciones con otras plataformas garantizan que Maileon le permita utilizar de forma \u00f3ptima todos los canales que desee. \u00bfNo aparece el canal que buscas? Eche un vistazo a nuestras integraciones o p\u00f3ngase en contacto con nosotros.<\/p>\n                <\/div>\n            <\/div>\n                            <div class=\"flex flex-col md:flex-row w-full mt-4 gap-4\">\n                                                                            <a href=\"https:\/\/maileon.com\/es\/integrations\/\" target=\"\" class=\"block btn btn-secondary\">\n        Todas las integraciones\n    <\/a>                                                            <\/div>\n                    <\/div>\n    <\/div>\n<\/div>\n\n\n<div class=\"block-hero-top-curve-large bg-no-repeat bg-right-top bg-[length:auto_100%] relative overflow-hidden\">\n    <div class=\"relative lg:absolute lg:right-0 z-0 lg:w-1\/2 xl:w-3\/4 lg:mb-0 w-full\">\n        <img loading=\"lazy\" decoding=\"async\" width=\"1024\" height=\"684\" src=\"https:\/\/maileon.com\/app\/uploads\/sites\/5\/2022\/09\/BEELD31_Maileon_20220728_013_WEB-1024x684.jpg\" class=\"w-full min-w-[55vw] max-w-[100%]\" alt=\"Bjorn van Breeman giving or presenting a demo\" srcset=\"https:\/\/maileon.com\/app\/uploads\/sites\/5\/2022\/09\/BEELD31_Maileon_20220728_013_WEB-1024x684.jpg 1024w, https:\/\/maileon.com\/app\/uploads\/sites\/5\/2022\/09\/BEELD31_Maileon_20220728_013_WEB-300x200.jpg 300w, https:\/\/maileon.com\/app\/uploads\/sites\/5\/2022\/09\/BEELD31_Maileon_20220728_013_WEB-768x513.jpg 768w, https:\/\/maileon.com\/app\/uploads\/sites\/5\/2022\/09\/BEELD31_Maileon_20220728_013_WEB-1536x1025.jpg 1536w, https:\/\/maileon.com\/app\/uploads\/sites\/5\/2022\/09\/BEELD31_Maileon_20220728_013_WEB.jpg 2000w\" sizes=\"auto, (max-width: 1024px) 100vw, 1024px\" \/>        <div class=\"absolute bottom-0 w-full block lg:hidden\">\n            <svg xmlns=\"http:\/\/www.w3.org\/2000\/svg\" viewBox=\"0 0 768 100\" class=\"fill-primary\">\n                <path\n                    d=\"M 1221,1000 H -63 c 0,0 6e-4,-745.425 0,-559.546 281.767,-44.575 673.208,42.792 843.517,65.08 170.308,22.288 359.343,4.457 440.483,-45.467 z\"\n                    id=\"path42\" clip-path=\"url(#clipPath289)\" transform=\"translate(0,-420.2691)\"\n                \/>\n            <\/svg>\n        <\/div>\n    <\/div>\n    <div class=\"shape-hero-cta bg-primary lg:bg-transparent bg-cover bg-left bg-no-repeat relative pb-20 md:pb-0 after:shape-hero-cta-bottom after:absolute after:top-0 after:bottom-0 after:bg-no-repeat after:bg-bottom after:bg-contain after:w-full after:pointer-events-none\">\n        <div class=\"container text-primary flex flex-col justify-center items-start px-5 md:px-10 xl:px-40 pt-8 lg:pt-20 pb-16 md:pb-32 lg:pb-20 lg:min-h-[429px] xl:min-h-[603px]\">\n            <div class=\"flex flex-col w-full lg:w-7\/12\">\n                \n                    <h2 class=\"heading-1\">\n       \u00bfQuiere hacer crecer su negocio?\n    <\/h2>\n                <div class=\"prose prose-invert text-primary text-lg\">\n                    <p>Reserve una demostraci\u00f3n con nuestros especialistas para obtener una visi\u00f3n completa de la plataforma de automatizaci\u00f3n de marketing que puede satisfacer sus ambiciones.<\/p>\n                <\/div>\n            <\/div>\n            <div class=\"flex flex-col md:flex-row w-full mt-4 gap-4\">\n                                                                <a href=\"https:\/\/maileon.com\/es\/demo\/\" target=\"\" class=\"block btn btn-secondary\">\n        Reservar una demo\n    <\/a>                                                <a href=\"https:\/\/maileon.com\/es\/contact\/\" target=\"_blank\" class=\"block btn btn-primary-default\">\n        O ponte en contacto\n    <\/a>                                                <\/div>\n                    <\/div>\n    <\/div>\n<\/div>\n","protected":false},"excerpt":{"rendered":"<p>Improve click-through rates and open rated with A\/B testing.<\/p>\n","protected":false},"author":7,"featured_media":1473,"parent":1404,"menu_order":0,"comment_status":"closed","ping_status":"closed","template":"","meta":{"_acf_changed":false,"footnotes":""},"categories":[38],"class_list":["post-6181","page","type-page","status-publish","has-post-thumbnail","hentry","category-features-product"],"acf":[],"yoast_head":"<!-- This site is optimized with the Yoast SEO Premium plugin v26.3 (Yoast SEO v26.3) - https:\/\/yoast.com\/wordpress\/plugins\/seo\/ -->\n<title>Channels for effective marketing | Maileon<\/title>\n<meta name=\"description\" content=\"Find and delight your audience through all their favourite channels, with Maileon. Discover our platform &amp; features here.\" \/>\n<meta name=\"robots\" content=\"index, follow, max-snippet:-1, max-image-preview:large, max-video-preview:-1\" \/>\n<link rel=\"canonical\" href=\"https:\/\/maileon.com\/es\/platform\/features\/channels\/\" \/>\n<meta property=\"og:locale\" content=\"es_ES\" \/>\n<meta property=\"og:type\" content=\"article\" \/>\n<meta property=\"og:title\" content=\"Channels: Email, SMS &amp; more\" \/>\n<meta property=\"og:description\" content=\"Find and delight your audience through all their favourite channels, with Maileon. Discover our platform &amp; features here.\" \/>\n<meta property=\"og:url\" content=\"https:\/\/maileon.com\/es\/platform\/features\/channels\/\" \/>\n<meta property=\"og:site_name\" content=\"Maileon\" \/>\n<meta property=\"article:modified_time\" content=\"2023-08-09T14:18:00+00:00\" \/>\n<meta property=\"og:image\" content=\"https:\/\/maileon.com\/app\/uploads\/sites\/5\/2022\/09\/BEELD31_Maileon_20220728_032_WEB.jpg\" \/>\n\t<meta property=\"og:image:width\" content=\"2000\" \/>\n\t<meta property=\"og:image:height\" content=\"1333\" \/>\n\t<meta property=\"og:image:type\" content=\"image\/jpeg\" \/>\n<meta name=\"twitter:card\" content=\"summary_large_image\" \/>\n<script type=\"application\/ld+json\" class=\"yoast-schema-graph\">{\"@context\":\"https:\/\/schema.org\",\"@graph\":[{\"@type\":\"WebPage\",\"@id\":\"https:\/\/maileon.com\/es\/platform\/features\/channels\/\",\"url\":\"https:\/\/maileon.com\/es\/platform\/features\/channels\/\",\"name\":\"Channels for effective marketing | Maileon\",\"isPartOf\":{\"@id\":\"https:\/\/maileon.com\/es\/#website\"},\"primaryImageOfPage\":{\"@id\":\"https:\/\/maileon.com\/es\/platform\/features\/channels\/#primaryimage\"},\"image\":{\"@id\":\"https:\/\/maileon.com\/es\/platform\/features\/channels\/#primaryimage\"},\"thumbnailUrl\":\"https:\/\/maileon.com\/app\/uploads\/sites\/5\/2022\/09\/BEELD31_Maileon_20220728_032_WEB.jpg\",\"datePublished\":\"2022-11-29T17:26:28+00:00\",\"dateModified\":\"2023-08-09T14:18:00+00:00\",\"description\":\"Find and delight your audience through all their favourite channels, with Maileon. Discover our platform & features here.\",\"breadcrumb\":{\"@id\":\"https:\/\/maileon.com\/es\/platform\/features\/channels\/#breadcrumb\"},\"inLanguage\":\"es\",\"potentialAction\":[{\"@type\":\"ReadAction\",\"target\":[\"https:\/\/maileon.com\/es\/platform\/features\/channels\/\"]}]},{\"@type\":\"ImageObject\",\"inLanguage\":\"es\",\"@id\":\"https:\/\/maileon.com\/es\/platform\/features\/channels\/#primaryimage\",\"url\":\"https:\/\/maileon.com\/app\/uploads\/sites\/5\/2022\/09\/BEELD31_Maileon_20220728_032_WEB.jpg\",\"contentUrl\":\"https:\/\/maileon.com\/app\/uploads\/sites\/5\/2022\/09\/BEELD31_Maileon_20220728_032_WEB.jpg\",\"width\":2000,\"height\":1333},{\"@type\":\"BreadcrumbList\",\"@id\":\"https:\/\/maileon.com\/es\/platform\/features\/channels\/#breadcrumb\",\"itemListElement\":[{\"@type\":\"ListItem\",\"position\":1,\"name\":\"Home\",\"item\":\"https:\/\/maileon.com\/es\/\"},{\"@type\":\"ListItem\",\"position\":2,\"name\":\"Platform\",\"item\":\"https:\/\/maileon.com\/es\/platform\/\"},{\"@type\":\"ListItem\",\"position\":3,\"name\":\"Features\",\"item\":\"https:\/\/maileon.com\/es\/platform\/features\/\"},{\"@type\":\"ListItem\",\"position\":4,\"name\":\"Channels: Email, SMS &#038; more\"}]},{\"@type\":\"WebSite\",\"@id\":\"https:\/\/maileon.com\/es\/#website\",\"url\":\"https:\/\/maileon.com\/es\/\",\"name\":\"Maileon\",\"description\":\"\",\"publisher\":{\"@id\":\"https:\/\/maileon.com\/es\/#organization\"},\"potentialAction\":[{\"@type\":\"SearchAction\",\"target\":{\"@type\":\"EntryPoint\",\"urlTemplate\":\"https:\/\/maileon.com\/es\/?s={search_term_string}\"},\"query-input\":{\"@type\":\"PropertyValueSpecification\",\"valueRequired\":true,\"valueName\":\"search_term_string\"}}],\"inLanguage\":\"es\"},{\"@type\":\"Organization\",\"@id\":\"https:\/\/maileon.com\/es\/#organization\",\"name\":\"Maileon\",\"url\":\"https:\/\/maileon.com\/es\/\",\"logo\":{\"@type\":\"ImageObject\",\"inLanguage\":\"es\",\"@id\":\"https:\/\/maileon.com\/es\/#\/schema\/logo\/image\/\",\"url\":\"https:\/\/maileon.com\/app\/uploads\/sites\/5\/2022\/08\/logo.png\",\"contentUrl\":\"https:\/\/maileon.com\/app\/uploads\/sites\/5\/2022\/08\/logo.png\",\"width\":168,\"height\":33,\"caption\":\"Maileon\"},\"image\":{\"@id\":\"https:\/\/maileon.com\/es\/#\/schema\/logo\/image\/\"}}]}<\/script>\n<!-- \/ Yoast SEO Premium plugin. -->","yoast_head_json":{"title":"Channels for effective marketing | Maileon","description":"Find and delight your audience through all their favourite channels, with Maileon. Discover our platform & features here.","robots":{"index":"index","follow":"follow","max-snippet":"max-snippet:-1","max-image-preview":"max-image-preview:large","max-video-preview":"max-video-preview:-1"},"canonical":"https:\/\/maileon.com\/es\/platform\/features\/channels\/","og_locale":"es_ES","og_type":"article","og_title":"Channels: Email, SMS & more","og_description":"Find and delight your audience through all their favourite channels, with Maileon. Discover our platform & features here.","og_url":"https:\/\/maileon.com\/es\/platform\/features\/channels\/","og_site_name":"Maileon","article_modified_time":"2023-08-09T14:18:00+00:00","og_image":[{"width":2000,"height":1333,"url":"https:\/\/maileon.com\/app\/uploads\/sites\/5\/2022\/09\/BEELD31_Maileon_20220728_032_WEB.jpg","type":"image\/jpeg"}],"twitter_card":"summary_large_image","schema":{"@context":"https:\/\/schema.org","@graph":[{"@type":"WebPage","@id":"https:\/\/maileon.com\/es\/platform\/features\/channels\/","url":"https:\/\/maileon.com\/es\/platform\/features\/channels\/","name":"Channels for effective marketing | Maileon","isPartOf":{"@id":"https:\/\/maileon.com\/es\/#website"},"primaryImageOfPage":{"@id":"https:\/\/maileon.com\/es\/platform\/features\/channels\/#primaryimage"},"image":{"@id":"https:\/\/maileon.com\/es\/platform\/features\/channels\/#primaryimage"},"thumbnailUrl":"https:\/\/maileon.com\/app\/uploads\/sites\/5\/2022\/09\/BEELD31_Maileon_20220728_032_WEB.jpg","datePublished":"2022-11-29T17:26:28+00:00","dateModified":"2023-08-09T14:18:00+00:00","description":"Find and delight your audience through all their favourite channels, with Maileon. Discover our platform & features here.","breadcrumb":{"@id":"https:\/\/maileon.com\/es\/platform\/features\/channels\/#breadcrumb"},"inLanguage":"es","potentialAction":[{"@type":"ReadAction","target":["https:\/\/maileon.com\/es\/platform\/features\/channels\/"]}]},{"@type":"ImageObject","inLanguage":"es","@id":"https:\/\/maileon.com\/es\/platform\/features\/channels\/#primaryimage","url":"https:\/\/maileon.com\/app\/uploads\/sites\/5\/2022\/09\/BEELD31_Maileon_20220728_032_WEB.jpg","contentUrl":"https:\/\/maileon.com\/app\/uploads\/sites\/5\/2022\/09\/BEELD31_Maileon_20220728_032_WEB.jpg","width":2000,"height":1333},{"@type":"BreadcrumbList","@id":"https:\/\/maileon.com\/es\/platform\/features\/channels\/#breadcrumb","itemListElement":[{"@type":"ListItem","position":1,"name":"Home","item":"https:\/\/maileon.com\/es\/"},{"@type":"ListItem","position":2,"name":"Platform","item":"https:\/\/maileon.com\/es\/platform\/"},{"@type":"ListItem","position":3,"name":"Features","item":"https:\/\/maileon.com\/es\/platform\/features\/"},{"@type":"ListItem","position":4,"name":"Channels: Email, SMS &#038; more"}]},{"@type":"WebSite","@id":"https:\/\/maileon.com\/es\/#website","url":"https:\/\/maileon.com\/es\/","name":"Maileon","description":"","publisher":{"@id":"https:\/\/maileon.com\/es\/#organization"},"potentialAction":[{"@type":"SearchAction","target":{"@type":"EntryPoint","urlTemplate":"https:\/\/maileon.com\/es\/?s={search_term_string}"},"query-input":{"@type":"PropertyValueSpecification","valueRequired":true,"valueName":"search_term_string"}}],"inLanguage":"es"},{"@type":"Organization","@id":"https:\/\/maileon.com\/es\/#organization","name":"Maileon","url":"https:\/\/maileon.com\/es\/","logo":{"@type":"ImageObject","inLanguage":"es","@id":"https:\/\/maileon.com\/es\/#\/schema\/logo\/image\/","url":"https:\/\/maileon.com\/app\/uploads\/sites\/5\/2022\/08\/logo.png","contentUrl":"https:\/\/maileon.com\/app\/uploads\/sites\/5\/2022\/08\/logo.png","width":168,"height":33,"caption":"Maileon"},"image":{"@id":"https:\/\/maileon.com\/es\/#\/schema\/logo\/image\/"}}]}},"_links":{"self":[{"href":"https:\/\/maileon.com\/es\/wp-json\/wp\/v2\/pages\/6181","targetHints":{"allow":["GET"]}}],"collection":[{"href":"https:\/\/maileon.com\/es\/wp-json\/wp\/v2\/pages"}],"about":[{"href":"https:\/\/maileon.com\/es\/wp-json\/wp\/v2\/types\/page"}],"author":[{"embeddable":true,"href":"https:\/\/maileon.com\/es\/wp-json\/wp\/v2\/users\/7"}],"replies":[{"embeddable":true,"href":"https:\/\/maileon.com\/es\/wp-json\/wp\/v2\/comments?post=6181"}],"version-history":[{"count":4,"href":"https:\/\/maileon.com\/es\/wp-json\/wp\/v2\/pages\/6181\/revisions"}],"predecessor-version":[{"id":11379,"href":"https:\/\/maileon.com\/es\/wp-json\/wp\/v2\/pages\/6181\/revisions\/11379"}],"up":[{"embeddable":true,"href":"https:\/\/maileon.com\/es\/wp-json\/wp\/v2\/pages\/1404"}],"wp:featuredmedia":[{"embeddable":true,"href":"https:\/\/maileon.com\/es\/wp-json\/wp\/v2\/media\/1473"}],"wp:attachment":[{"href":"https:\/\/maileon.com\/es\/wp-json\/wp\/v2\/media?parent=6181"}],"wp:term":[{"taxonomy":"category","embeddable":true,"href":"https:\/\/maileon.com\/es\/wp-json\/wp\/v2\/categories?post=6181"}],"curies":[{"name":"wp","href":"https:\/\/api.w.org\/{rel}","templated":true}]}}