{"id":469,"date":"2022-08-25T11:34:24","date_gmt":"2022-08-25T11:34:24","guid":{"rendered":"https:\/\/maileon.com\/?page_id=469"},"modified":"2023-06-29T09:17:45","modified_gmt":"2023-06-29T09:17:45","slug":"careers","status":"publish","type":"page","link":"https:\/\/maileon.com\/es\/more-maileon\/careers\/","title":{"rendered":"Careers"},"content":{"rendered":"<div\n    class=\"shape-hero-white block-hero-top-curve-sm bg-[length:auto_100%] bg-white bg-right-top lg:bg-right-top bg-no-repeat relative mb-14\">\n    <div class=\"container text-black flex flex-col justify-center items-start px-5 md:px-10 xl:px-40 pt-20\">\n        <div class=\"flex flex-col w-full md:w-2\/3 lg:w-1\/2\">\n            <div class=\"flex flex-col w-full\">\n                \n                    <h1 class=\"heading-1\">\n       Construir juntos el futuro\n    <\/h1>\n                <div class=\"prose text-lg\">\n                    <p>\u00bfQuiere dar el siguiente paso en su carrera profesional? Echa un vistazo a nuestras ofertas de empleo y empieza a trabajar en una empresa MarTech de r\u00e1pido crecimiento y centrada en las personas. Trabaje en un equipo muy unido con muchas oportunidades y espacio para crecer.<\/p>\n<p><strong>Los puestos vacantes para Alemania se pueden encontrar en nuestro portal de empleo en jobs.maileon.com.<\/strong><\/p>\n<p>&nbsp;<\/p>\n                <\/div>\n            <\/div>\n        <\/div>\n                    <div class=\"flex flex-col md:flex-row w-full mt-4 gap-4\">\n                                        <a href=\"http:\/\/jobs.maileon.com\" target=\"_blank\" class=\"block btn btn-dark\">\n        Visitar el portal de empleo\n    <\/a>                            <\/div>\n                    <\/div>\n<\/div>\n\n\n\n<div class=\"container py-4 lg:py-14 px-0 xl:px-40\">\n    <div class=\"px-5 lg:px-10 xl:px-40\">\n        <div class=\"flex flex-col lg:flex-row justify-center gap-8\">\n            <div class=\"basis-full\">\n                    <h1 class=\"heading-4 text-primary-500\">\n       Vacantes\n    <\/h1>                <ul>\n                                                            <li class=\"border-b border-gray-100 py-5 md:py-7 last:border-none\">\n                        <a href=\"https:\/\/maileon.com\/es\/contact\/\" target=\"\" class=\"flex\">\n                            <div class=\"w-[80px] h-[54px] md:w-[138px] md:h-[92px] shrink-0 bg-cover bg-center rounded-[10px]\"\n                                style=\"background-image: url('https:\/\/maileon.com\/app\/uploads\/sites\/5\/2022\/08\/Static-list-img-2.png')\">\n                            <\/div>\n                            <div class=\"ml-5 flex flex-col\">\n                                <p class=\"text-xl font-bold\">Vacante abierta<\/p>\n                                <p class=\"text-gray text-md\">\n                                    Aunque no tengamos vacantes que se ajusten a sus conocimientos, nos encantar\u00eda que se pusiera en contacto con nosotros.                                <\/p>\n                            <\/div>\n                        <\/a>\n                    <\/li>\n                                                        <\/ul>\n\n                <div class=\"flex flex-col md:flex-row flex-wrap w-full mt-3 gap-4\">\n                                    <\/div>\n            <\/div>\n        <\/div>\n    <\/div>\n<\/div>\n\n\n<div class=\"block-hero-top-curve-large bg-no-repeat bg-right-top bg-[length:auto_100%] relative overflow-hidden\">\n    <div class=\"relative lg:absolute lg:right-0 z-0 lg:w-1\/2 xl:w-3\/4 lg:mb-0 w-full\">\n        <img loading=\"lazy\" decoding=\"async\" width=\"1024\" height=\"684\" src=\"https:\/\/maileon.com\/app\/uploads\/sites\/5\/2022\/09\/BEELD31_Maileon_20220728_011_WEB-1024x684.jpg\" class=\"w-full min-w-[55vw] max-w-[100%]\" alt=\"Get in contact\" srcset=\"https:\/\/maileon.com\/app\/uploads\/sites\/5\/2022\/09\/BEELD31_Maileon_20220728_011_WEB-1024x684.jpg 1024w, https:\/\/maileon.com\/app\/uploads\/sites\/5\/2022\/09\/BEELD31_Maileon_20220728_011_WEB-300x200.jpg 300w, https:\/\/maileon.com\/app\/uploads\/sites\/5\/2022\/09\/BEELD31_Maileon_20220728_011_WEB-768x513.jpg 768w, https:\/\/maileon.com\/app\/uploads\/sites\/5\/2022\/09\/BEELD31_Maileon_20220728_011_WEB-1536x1025.jpg 1536w, https:\/\/maileon.com\/app\/uploads\/sites\/5\/2022\/09\/BEELD31_Maileon_20220728_011_WEB.jpg 2000w\" sizes=\"auto, (max-width: 1024px) 100vw, 1024px\" \/>        <div class=\"absolute bottom-0 w-full block lg:hidden\">\n            <svg xmlns=\"http:\/\/www.w3.org\/2000\/svg\" viewBox=\"0 0 768 100\" class=\"fill-primary\">\n                <path\n                    d=\"M 1221,1000 H -63 c 0,0 6e-4,-745.425 0,-559.546 281.767,-44.575 673.208,42.792 843.517,65.08 170.308,22.288 359.343,4.457 440.483,-45.467 z\"\n                    id=\"path42\" clip-path=\"url(#clipPath289)\" transform=\"translate(0,-420.2691)\"\n                \/>\n            <\/svg>\n        <\/div>\n    <\/div>\n    <div class=\"shape-hero-cta bg-primary lg:bg-transparent bg-cover bg-left bg-no-repeat relative pb-20 md:pb-0 after:shape-hero-cta-bottom after:absolute after:top-0 after:bottom-0 after:bg-no-repeat after:bg-bottom after:bg-contain after:w-full after:pointer-events-none\">\n        <div class=\"container text-primary flex flex-col justify-center items-start px-5 md:px-10 xl:px-40 pt-8 lg:pt-20 pb-16 md:pb-32 lg:pb-20 lg:min-h-[429px] xl:min-h-[603px]\">\n            <div class=\"flex flex-col w-full lg:w-7\/12\">\n                \n                    <h3 class=\"heading-1\">\n       P\u00f3ngase en contacto\n    <\/h3>\n                <div class=\"prose prose-invert text-primary text-lg\">\n                    <p>Si est\u00e1 buscando una nueva plataforma, una asociaci\u00f3n o simplemente quiere tomar un caf\u00e9: nos encantar\u00eda saber de usted.<\/p>\n                <\/div>\n            <\/div>\n            <div class=\"flex flex-col md:flex-row w-full mt-4 gap-4\">\n                                                                <a href=\"https:\/\/maileon.com\/es\/contact\/\" target=\"\" class=\"block btn btn-secondary\">\n        P\u00f3ngase en contacto con nosotros\n    <\/a>                                                <\/div>\n                    <\/div>\n    <\/div>\n<\/div>\n","protected":false},"excerpt":{"rendered":"<p>Careers<\/p>\n","protected":false},"author":5,"featured_media":0,"parent":2614,"menu_order":0,"comment_status":"closed","ping_status":"closed","template":"","meta":{"_acf_changed":false,"footnotes":""},"categories":[],"class_list":["post-469","page","type-page","status-publish","hentry"],"acf":[],"yoast_head":"<!-- This site is optimized with the Yoast SEO Premium plugin v26.3 (Yoast SEO v26.3) - https:\/\/yoast.com\/wordpress\/plugins\/seo\/ -->\n<title>Careers | Maileon<\/title>\n<meta name=\"description\" content=\"Would you like to work at a young, fast-growing scale-up with an informal and inspiring working atmosphere? Check out our job opportunities!\" \/>\n<meta name=\"robots\" content=\"index, follow, max-snippet:-1, max-image-preview:large, max-video-preview:-1\" \/>\n<link rel=\"canonical\" href=\"https:\/\/maileon.com\/es\/more-maileon\/careers\/\" \/>\n<meta property=\"og:locale\" content=\"es_ES\" \/>\n<meta property=\"og:type\" content=\"article\" \/>\n<meta property=\"og:title\" content=\"Careers\" \/>\n<meta property=\"og:description\" content=\"Would you like to work at a young, fast-growing scale-up with an informal and inspiring working atmosphere? Check out our job opportunities!\" \/>\n<meta property=\"og:url\" content=\"https:\/\/maileon.com\/es\/more-maileon\/careers\/\" \/>\n<meta property=\"og:site_name\" content=\"Maileon\" \/>\n<meta property=\"article:modified_time\" content=\"2023-06-29T09:17:45+00:00\" \/>\n<meta name=\"twitter:card\" content=\"summary_large_image\" \/>\n<script type=\"application\/ld+json\" class=\"yoast-schema-graph\">{\"@context\":\"https:\/\/schema.org\",\"@graph\":[{\"@type\":\"WebPage\",\"@id\":\"https:\/\/maileon.com\/es\/more-maileon\/careers\/\",\"url\":\"https:\/\/maileon.com\/es\/more-maileon\/careers\/\",\"name\":\"Careers | Maileon\",\"isPartOf\":{\"@id\":\"https:\/\/maileon.com\/es\/#website\"},\"datePublished\":\"2022-08-25T11:34:24+00:00\",\"dateModified\":\"2023-06-29T09:17:45+00:00\",\"description\":\"Would you like to work at a young, fast-growing scale-up with an informal and inspiring working atmosphere? Check out our job opportunities!\",\"breadcrumb\":{\"@id\":\"https:\/\/maileon.com\/es\/more-maileon\/careers\/#breadcrumb\"},\"inLanguage\":\"es\",\"potentialAction\":[{\"@type\":\"ReadAction\",\"target\":[\"https:\/\/maileon.com\/es\/more-maileon\/careers\/\"]}]},{\"@type\":\"BreadcrumbList\",\"@id\":\"https:\/\/maileon.com\/es\/more-maileon\/careers\/#breadcrumb\",\"itemListElement\":[{\"@type\":\"ListItem\",\"position\":1,\"name\":\"Home\",\"item\":\"https:\/\/maileon.com\/es\/\"},{\"@type\":\"ListItem\",\"position\":2,\"name\":\"More Maileon\",\"item\":\"https:\/\/maileon.com\/es\/more-maileon\/\"},{\"@type\":\"ListItem\",\"position\":3,\"name\":\"Careers\"}]},{\"@type\":\"WebSite\",\"@id\":\"https:\/\/maileon.com\/es\/#website\",\"url\":\"https:\/\/maileon.com\/es\/\",\"name\":\"Maileon\",\"description\":\"\",\"publisher\":{\"@id\":\"https:\/\/maileon.com\/es\/#organization\"},\"potentialAction\":[{\"@type\":\"SearchAction\",\"target\":{\"@type\":\"EntryPoint\",\"urlTemplate\":\"https:\/\/maileon.com\/es\/?s={search_term_string}\"},\"query-input\":{\"@type\":\"PropertyValueSpecification\",\"valueRequired\":true,\"valueName\":\"search_term_string\"}}],\"inLanguage\":\"es\"},{\"@type\":\"Organization\",\"@id\":\"https:\/\/maileon.com\/es\/#organization\",\"name\":\"Maileon\",\"url\":\"https:\/\/maileon.com\/es\/\",\"logo\":{\"@type\":\"ImageObject\",\"inLanguage\":\"es\",\"@id\":\"https:\/\/maileon.com\/es\/#\/schema\/logo\/image\/\",\"url\":\"https:\/\/maileon.com\/app\/uploads\/sites\/5\/2022\/08\/logo.png\",\"contentUrl\":\"https:\/\/maileon.com\/app\/uploads\/sites\/5\/2022\/08\/logo.png\",\"width\":168,\"height\":33,\"caption\":\"Maileon\"},\"image\":{\"@id\":\"https:\/\/maileon.com\/es\/#\/schema\/logo\/image\/\"}}]}<\/script>\n<!-- \/ Yoast SEO Premium plugin. -->","yoast_head_json":{"title":"Careers | Maileon","description":"Would you like to work at a young, fast-growing scale-up with an informal and inspiring working atmosphere? Check out our job opportunities!","robots":{"index":"index","follow":"follow","max-snippet":"max-snippet:-1","max-image-preview":"max-image-preview:large","max-video-preview":"max-video-preview:-1"},"canonical":"https:\/\/maileon.com\/es\/more-maileon\/careers\/","og_locale":"es_ES","og_type":"article","og_title":"Careers","og_description":"Would you like to work at a young, fast-growing scale-up with an informal and inspiring working atmosphere? Check out our job opportunities!","og_url":"https:\/\/maileon.com\/es\/more-maileon\/careers\/","og_site_name":"Maileon","article_modified_time":"2023-06-29T09:17:45+00:00","twitter_card":"summary_large_image","schema":{"@context":"https:\/\/schema.org","@graph":[{"@type":"WebPage","@id":"https:\/\/maileon.com\/es\/more-maileon\/careers\/","url":"https:\/\/maileon.com\/es\/more-maileon\/careers\/","name":"Careers | Maileon","isPartOf":{"@id":"https:\/\/maileon.com\/es\/#website"},"datePublished":"2022-08-25T11:34:24+00:00","dateModified":"2023-06-29T09:17:45+00:00","description":"Would you like to work at a young, fast-growing scale-up with an informal and inspiring working atmosphere? Check out our job opportunities!","breadcrumb":{"@id":"https:\/\/maileon.com\/es\/more-maileon\/careers\/#breadcrumb"},"inLanguage":"es","potentialAction":[{"@type":"ReadAction","target":["https:\/\/maileon.com\/es\/more-maileon\/careers\/"]}]},{"@type":"BreadcrumbList","@id":"https:\/\/maileon.com\/es\/more-maileon\/careers\/#breadcrumb","itemListElement":[{"@type":"ListItem","position":1,"name":"Home","item":"https:\/\/maileon.com\/es\/"},{"@type":"ListItem","position":2,"name":"More Maileon","item":"https:\/\/maileon.com\/es\/more-maileon\/"},{"@type":"ListItem","position":3,"name":"Careers"}]},{"@type":"WebSite","@id":"https:\/\/maileon.com\/es\/#website","url":"https:\/\/maileon.com\/es\/","name":"Maileon","description":"","publisher":{"@id":"https:\/\/maileon.com\/es\/#organization"},"potentialAction":[{"@type":"SearchAction","target":{"@type":"EntryPoint","urlTemplate":"https:\/\/maileon.com\/es\/?s={search_term_string}"},"query-input":{"@type":"PropertyValueSpecification","valueRequired":true,"valueName":"search_term_string"}}],"inLanguage":"es"},{"@type":"Organization","@id":"https:\/\/maileon.com\/es\/#organization","name":"Maileon","url":"https:\/\/maileon.com\/es\/","logo":{"@type":"ImageObject","inLanguage":"es","@id":"https:\/\/maileon.com\/es\/#\/schema\/logo\/image\/","url":"https:\/\/maileon.com\/app\/uploads\/sites\/5\/2022\/08\/logo.png","contentUrl":"https:\/\/maileon.com\/app\/uploads\/sites\/5\/2022\/08\/logo.png","width":168,"height":33,"caption":"Maileon"},"image":{"@id":"https:\/\/maileon.com\/es\/#\/schema\/logo\/image\/"}}]}},"_links":{"self":[{"href":"https:\/\/maileon.com\/es\/wp-json\/wp\/v2\/pages\/469","targetHints":{"allow":["GET"]}}],"collection":[{"href":"https:\/\/maileon.com\/es\/wp-json\/wp\/v2\/pages"}],"about":[{"href":"https:\/\/maileon.com\/es\/wp-json\/wp\/v2\/types\/page"}],"author":[{"embeddable":true,"href":"https:\/\/maileon.com\/es\/wp-json\/wp\/v2\/users\/5"}],"replies":[{"embeddable":true,"href":"https:\/\/maileon.com\/es\/wp-json\/wp\/v2\/comments?post=469"}],"version-history":[{"count":4,"href":"https:\/\/maileon.com\/es\/wp-json\/wp\/v2\/pages\/469\/revisions"}],"predecessor-version":[{"id":11002,"href":"https:\/\/maileon.com\/es\/wp-json\/wp\/v2\/pages\/469\/revisions\/11002"}],"up":[{"embeddable":true,"href":"https:\/\/maileon.com\/es\/wp-json\/wp\/v2\/pages\/2614"}],"wp:attachment":[{"href":"https:\/\/maileon.com\/es\/wp-json\/wp\/v2\/media?parent=469"}],"wp:term":[{"taxonomy":"category","embeddable":true,"href":"https:\/\/maileon.com\/es\/wp-json\/wp\/v2\/categories?post=469"}],"curies":[{"name":"wp","href":"https:\/\/api.w.org\/{rel}","templated":true}]}}