{"id":3806,"date":"2022-11-02T12:53:07","date_gmt":"2022-11-02T12:53:07","guid":{"rendered":"https:\/\/maileon.com\/?page_id=3806"},"modified":"2023-08-09T14:36:01","modified_gmt":"2023-08-09T14:36:01","slug":"privacy-statement","status":"publish","type":"page","link":"https:\/\/maileon.com\/es\/privacy-statement\/","title":{"rendered":"Privacy Statement"},"content":{"rendered":"<div\n    class=\"shape-hero-white block-hero-top-curve-sm bg-[length:auto_100%] bg-white bg-right-top lg:bg-right-top bg-no-repeat relative mb-14\">\n    <div class=\"container text-black flex flex-col justify-center items-start px-5 md:px-10 xl:px-40 pt-20\">\n        <div class=\"flex flex-col w-full md:w-2\/3 lg:w-1\/2\">\n            <div class=\"flex flex-col w-full\">\n                \n                    <h1 class=\"heading-1\">\n       Declaraci\u00f3n de privacidad\n    <\/h1>\n                <div class=\"prose text-lg\">\n                    <p>Esta declaraci\u00f3n de privacidad se actualiz\u00f3 por \u00faltima vez el 12 de enero de 2022 y se aplica a los ciudadanos y residentes legales permanentes del Espacio Econ\u00f3mico Europeo y Suiza.<\/p>\n                <\/div>\n            <\/div>\n        <\/div>\n                    <\/div>\n<\/div>\n\n\n\n<div class=\"container py-8 px-0 xl:px-40\">\n    <div class=\"px-5 md:px-10 xl:px-40 pb-3 md:mr-24\">\n        <div class=\"prose \">\n            <p>En esta declaraci\u00f3n de privacidad, explicamos lo que hacemos con los datos que obtenemos sobre usted a trav\u00e9s de https:\/\/maileon.com. Le recomendamos que lea atentamente esta declaraci\u00f3n. En nuestro tratamiento cumplimos los requisitos de la legislaci\u00f3n sobre privacidad. Esto significa, entre otras cosas, que<\/p>\n<p>indicamos claramente los fines para los que tratamos los datos personales. Lo hacemos mediante esta declaraci\u00f3n de privacidad;<br \/>\ntratamos de limitar nuestra recopilaci\u00f3n de datos personales \u00fanicamente a los datos personales necesarios para fines leg\u00edtimos;<br \/>\nsolicitamos primero su consentimiento expl\u00edcito para procesar sus datos personales en los casos que requieren su consentimiento;<br \/>\ntomamos las medidas de seguridad adecuadas para proteger sus datos personales y as\u00ed se lo exigimos tambi\u00e9n a las partes que procesan datos personales en nuestro nombre;<br \/>\nrespetamos su derecho a acceder a sus datos personales o a rectificarlos o suprimirlos, si as\u00ed lo solicita.<\/p>\n<p>Si tiene alguna pregunta o desea saber exactamente qu\u00e9 datos guardamos de usted, p\u00f3ngase en contacto con nosotros.<\/p>\n<p>&nbsp;<\/p>\n<p>1. Finalidad, datos y per\u00edodo de conservaci\u00f3n<\/p>\n<p>Podemos recopilar o recibir informaci\u00f3n personal para una serie de fines relacionados con nuestras operaciones comerciales, entre los que se incluyen los siguientes:<\/p>\n<p>1.1 Contacto &#8211; A trav\u00e9s del tel\u00e9fono, correo postal, correo electr\u00f3nico y\/o formularios web.<\/p>\n<p>Para ello utilizamos los siguientes datos<\/p>\n<ul>\n<li>Un nombre y apellidos<\/li>\n<li>Una direcci\u00f3n particular u otra direcci\u00f3n f\u00edsica, incluido el nombre de la calle y el nombre de una ciudad o pueblo<\/li>\n<li>Una direcci\u00f3n de correo electr\u00f3nico<\/li>\n<li>Direcci\u00f3n IP<\/li>\n<li>Informaci\u00f3n sobre la actividad en Internet, incluidos, entre otros, el historial de navegaci\u00f3n, el historial de b\u00fasqueda y la informaci\u00f3n relativa a la interacci\u00f3n del consumidor con un sitio web, una aplicaci\u00f3n o un anuncio en Internet<\/li>\n<li>Un n\u00famero de tel\u00e9fono<\/li>\n<\/ul>\n<p>La base sobre la que podemos procesar estos datos es: <a href=\"https:\/\/cookiedatabase.org\/legal-bases\/#consent\">Previa prestaci\u00f3n del consentimiento<\/a>.<\/p>\n<p>&nbsp;<\/p>\n<p><strong>1.2 Bolet\u00edn informativo<\/strong><\/p>\n<p>Para ello utilizamos los siguientes datos:<\/p>\n<p>Un nombre y apellidos<br \/>\nUna direcci\u00f3n particular u otra direcci\u00f3n f\u00edsica, incluido el nombre de la calle y el nombre de una ciudad o pueblo<br \/>\nUna direcci\u00f3n de correo electr\u00f3nico<\/p>\n<p>La base sobre la que podemos procesar estos datos es: <a href=\"https:\/\/cookiedatabase.org\/legal-bases\/#consent\">Tras la prestaci\u00f3n del consentimiento.<\/a><\/p>\n<p>Periodo de conservaci\u00f3n: Conservamos estos datos hasta la finalizaci\u00f3n del servicio.<\/p>\n<p>&nbsp;<\/p>\n<p><strong>1.3 Recopilaci\u00f3n y an\u00e1lisis de estad\u00edsticas para la mejora del sitio web.<\/strong><\/p>\n<p>Para ello utilizamos los siguientes datos<\/p>\n<ul>\n<li>Direcci\u00f3n IP<\/li>\n<li>Informaci\u00f3n sobre la actividad en Internet, incluidos, entre otros, el historial de navegaci\u00f3n, el historial de b\u00fasqueda y la informaci\u00f3n relativa a la interacci\u00f3n de un consumidor con un sitio web, una aplicaci\u00f3n o un anuncio en Internet.<\/li>\n<\/ul>\n<p>La base sobre la que podemos procesar estos datos es: <a href=\"https:\/\/cookiedatabase.org\/legal-bases\/#consent\">Previa prestaci\u00f3n del consentimiento.<\/a><\/p>\n<p>&nbsp;<\/p>\n<p>1.4 Para poder ofrecer productos y servicios personalizados<\/p>\n<p>Para ello utilizamos los siguientes datos<\/p>\n<ul>\n<li>Un nombre y apellidos<\/li>\n<li>Una direcci\u00f3n particular u otra direcci\u00f3n f\u00edsica, incluido el nombre de la calle y el nombre de una ciudad o pueblo<\/li>\n<li>Una direcci\u00f3n de correo electr\u00f3nico<\/li>\n<li>Direcci\u00f3n IP<\/li>\n<li>Informaci\u00f3n sobre la actividad en Internet, incluidos, entre otros, el historial de navegaci\u00f3n, el historial de b\u00fasqueda y la informaci\u00f3n relativa a la interacci\u00f3n del consumidor con un sitio web, una aplicaci\u00f3n o un anuncio en Internet<\/li>\n<li>Un n\u00famero de tel\u00e9fono<\/li>\n<\/ul>\n<p>La base sobre la que podemos procesar estos datos es: <a href=\"https:\/\/cookiedatabase.org\/legal-bases\/#consent\">Previa prestaci\u00f3n del consentimiento.<\/a><\/p>\n<p>Periodo de conservaci\u00f3n: Conservamos estos datos una vez finalizado el servicio durante el siguiente n\u00famero de meses: 12.<\/p>\n<h3>2. Compartir con otras partes<\/h3>\n<p>Solo compartimos o divulgamos estos datos a los procesadores para los siguientes prop\u00f3sitos:<\/p>\n<p>Nombre: XQueue GmbH<br \/>\nPa\u00eds: Alemania<br \/>\nProp\u00f3sito: crear inicios de sesi\u00f3n de demostraci\u00f3n<\/p>\n<p>&nbsp;<\/p>\n<h3>3. Cookies<\/h3>\n<p>Nuestro sitio web utiliza cookies. Para obtener m\u00e1s informaci\u00f3n sobre las cookies, consulte nuestra <a href=\"https:\/\/maileon.com\/es\/cookie-policy-uk\/\">Pol\u00edtica de cookies<\/a>.<\/p>\n<h3>4. Pr\u00e1cticas de divulgaci\u00f3n<\/h3>\n<p>Divulgamos informaci\u00f3n personal si nos lo exige la ley o una orden judicial, en respuesta a un organismo encargado de hacer cumplir la ley, en la medida en que lo permitan otras disposiciones legales, para proporcionar informaci\u00f3n o para una investigaci\u00f3n sobre un asunto relacionado con la seguridad p\u00fablica.<\/p>\n<p>Si nuestro sitio web o nuestra organizaci\u00f3n son adquiridos, vendidos o participan en una fusi\u00f3n o adquisici\u00f3n, sus datos podr\u00e1n ser revelados a nuestros asesores y a cualquier posible comprador y ser\u00e1n transmitidos a los nuevos propietarios.<\/p>\n<p>Hemos suscrito un acuerdo de tratamiento de datos con Google.<\/p>\n<p>&nbsp;<\/p>\n<h3>5. Seguridad<\/h3>\n<p>Estamos comprometidos con la seguridad de los datos personales. Tomamos las medidas de seguridad adecuadas para limitar el abuso y el acceso no autorizado a los datos personales. Esto garantiza que s\u00f3lo las personas necesarias tengan acceso a sus datos, que el acceso a los datos est\u00e9 protegido y que nuestras medidas de seguridad se revisen peri\u00f3dicamente.<\/p>\n<p>&nbsp;<\/p>\n<h3>6. Sitios web de terceros<\/h3>\n<p>Esta declaraci\u00f3n de privacidad no se aplica a los sitios web de terceros conectados mediante enlaces en nuestro sitio web. No podemos garantizar que estos terceros traten sus datos personales de forma fiable o segura. Le recomendamos que lea las declaraciones de privacidad de estos sitios web antes de utilizarlos.<\/p>\n<h3><\/h3>\n<h3>7. Modificaciones de esta declaraci\u00f3n de privacidad<\/h3>\n<p>Nos reservamos el derecho a modificar esta declaraci\u00f3n de privacidad. Le recomendamos que consulte esta declaraci\u00f3n de privacidad con regularidad para estar al tanto de cualquier cambio. Adem\u00e1s, le informaremos activamente siempre que sea posible.<\/p>\n<p>&nbsp;<\/p>\n<h3>8. Acceso y modificaci\u00f3n de sus datos<\/h3>\n<p>Si tiene alguna pregunta o desea saber qu\u00e9 datos personales tenemos sobre usted, p\u00f3ngase en contacto con nosotros. Puede ponerse en contacto con nosotros utilizando la informaci\u00f3n que figura a continuaci\u00f3n. Usted tiene los siguientes derechos<\/p>\n<ul>\n<li>Tiene derecho a saber por qu\u00e9 se necesitan sus datos personales, qu\u00e9 ocurrir\u00e1 con ellos y durante cu\u00e1nto tiempo se conservar\u00e1n.<\/li>\n<li>Derecho de acceso: Tiene derecho a acceder a sus datos personales que conozcamos.<\/li>\n<li>Derecho de rectificaci\u00f3n: tiene derecho a completar, corregir, hacer borrar o bloquear sus datos personales siempre que lo desee.<\/li>\n<li>Si nos da su consentimiento para procesar sus datos, tiene derecho a revocar dicho consentimiento y a que se supriman sus datos personales.<\/li>\n<li>Derecho a transferir sus datos: tiene derecho a solicitar todos sus datos personales al responsable del tratamiento y transferirlos en su totalidad a otro responsable.<\/li>\n<li>Derecho de oposici\u00f3n: puede oponerse al tratamiento de sus datos. Nosotros lo cumplimos, salvo que existan motivos justificados para el tratamiento.<\/li>\n<\/ul>\n<p>Por favor, aseg\u00farese de indicar siempre claramente qui\u00e9n es usted, para que podamos estar seguros de que no modificamos o suprimimos datos de la persona equivocada.<\/p>\n<p>&nbsp;<\/p>\n<h3>9. Presentar una queja<\/h3>\n<p>Si no est\u00e1 satisfecho con la forma en que gestionamos (una queja sobre) el tratamiento de sus datos personales, tiene derecho a presentar una queja ante la Autoridad de Protecci\u00f3n de Datos.<\/p>\n<p>&nbsp;<\/p>\n<h3>10. Datos de contacto<\/h3>\n<p>Maileon<\/p>\n<p>Contacto: https:\/\/maileon.com\/contact<\/p>\n        <\/div>\n    <\/div>\n<\/div>\n","protected":false},"excerpt":{"rendered":"<p>Privacy Statement<\/p>\n","protected":false},"author":7,"featured_media":0,"parent":0,"menu_order":0,"comment_status":"closed","ping_status":"closed","template":"","meta":{"_acf_changed":false,"footnotes":""},"categories":[],"class_list":["post-3806","page","type-page","status-publish","hentry"],"acf":[],"yoast_head":"<!-- This site is optimized with the Yoast SEO Premium plugin v26.3 (Yoast SEO v26.3) - https:\/\/yoast.com\/wordpress\/plugins\/seo\/ -->\n<title>Privacy Statement | Maileon<\/title>\n<meta name=\"description\" content=\"Read our privacy statement here.\" \/>\n<meta name=\"robots\" content=\"index, follow, max-snippet:-1, max-image-preview:large, max-video-preview:-1\" \/>\n<link rel=\"canonical\" href=\"https:\/\/maileon.com\/es\/privacy-statement\/\" \/>\n<meta property=\"og:locale\" content=\"es_ES\" \/>\n<meta property=\"og:type\" content=\"article\" \/>\n<meta property=\"og:title\" content=\"Privacy Statement\" \/>\n<meta property=\"og:description\" content=\"Read our privacy statement here.\" \/>\n<meta property=\"og:url\" content=\"https:\/\/maileon.com\/es\/privacy-statement\/\" \/>\n<meta property=\"og:site_name\" content=\"Maileon\" \/>\n<meta property=\"article:modified_time\" content=\"2023-08-09T14:36:01+00:00\" \/>\n<meta name=\"twitter:card\" content=\"summary_large_image\" \/>\n<script type=\"application\/ld+json\" class=\"yoast-schema-graph\">{\"@context\":\"https:\/\/schema.org\",\"@graph\":[{\"@type\":\"WebPage\",\"@id\":\"https:\/\/maileon.com\/es\/privacy-statement\/\",\"url\":\"https:\/\/maileon.com\/es\/privacy-statement\/\",\"name\":\"Privacy Statement | Maileon\",\"isPartOf\":{\"@id\":\"https:\/\/maileon.com\/es\/#website\"},\"datePublished\":\"2022-11-02T12:53:07+00:00\",\"dateModified\":\"2023-08-09T14:36:01+00:00\",\"description\":\"Read our privacy statement here.\",\"breadcrumb\":{\"@id\":\"https:\/\/maileon.com\/es\/privacy-statement\/#breadcrumb\"},\"inLanguage\":\"es\",\"potentialAction\":[{\"@type\":\"ReadAction\",\"target\":[\"https:\/\/maileon.com\/es\/privacy-statement\/\"]}]},{\"@type\":\"BreadcrumbList\",\"@id\":\"https:\/\/maileon.com\/es\/privacy-statement\/#breadcrumb\",\"itemListElement\":[{\"@type\":\"ListItem\",\"position\":1,\"name\":\"Home\",\"item\":\"https:\/\/maileon.com\/es\/\"},{\"@type\":\"ListItem\",\"position\":2,\"name\":\"Privacy Statement\"}]},{\"@type\":\"WebSite\",\"@id\":\"https:\/\/maileon.com\/es\/#website\",\"url\":\"https:\/\/maileon.com\/es\/\",\"name\":\"Maileon\",\"description\":\"\",\"publisher\":{\"@id\":\"https:\/\/maileon.com\/es\/#organization\"},\"potentialAction\":[{\"@type\":\"SearchAction\",\"target\":{\"@type\":\"EntryPoint\",\"urlTemplate\":\"https:\/\/maileon.com\/es\/?s={search_term_string}\"},\"query-input\":{\"@type\":\"PropertyValueSpecification\",\"valueRequired\":true,\"valueName\":\"search_term_string\"}}],\"inLanguage\":\"es\"},{\"@type\":\"Organization\",\"@id\":\"https:\/\/maileon.com\/es\/#organization\",\"name\":\"Maileon\",\"url\":\"https:\/\/maileon.com\/es\/\",\"logo\":{\"@type\":\"ImageObject\",\"inLanguage\":\"es\",\"@id\":\"https:\/\/maileon.com\/es\/#\/schema\/logo\/image\/\",\"url\":\"https:\/\/maileon.com\/app\/uploads\/sites\/5\/2022\/08\/logo.png\",\"contentUrl\":\"https:\/\/maileon.com\/app\/uploads\/sites\/5\/2022\/08\/logo.png\",\"width\":168,\"height\":33,\"caption\":\"Maileon\"},\"image\":{\"@id\":\"https:\/\/maileon.com\/es\/#\/schema\/logo\/image\/\"}}]}<\/script>\n<!-- \/ Yoast SEO Premium plugin. -->","yoast_head_json":{"title":"Privacy Statement | Maileon","description":"Read our privacy statement here.","robots":{"index":"index","follow":"follow","max-snippet":"max-snippet:-1","max-image-preview":"max-image-preview:large","max-video-preview":"max-video-preview:-1"},"canonical":"https:\/\/maileon.com\/es\/privacy-statement\/","og_locale":"es_ES","og_type":"article","og_title":"Privacy Statement","og_description":"Read our privacy statement here.","og_url":"https:\/\/maileon.com\/es\/privacy-statement\/","og_site_name":"Maileon","article_modified_time":"2023-08-09T14:36:01+00:00","twitter_card":"summary_large_image","schema":{"@context":"https:\/\/schema.org","@graph":[{"@type":"WebPage","@id":"https:\/\/maileon.com\/es\/privacy-statement\/","url":"https:\/\/maileon.com\/es\/privacy-statement\/","name":"Privacy Statement | Maileon","isPartOf":{"@id":"https:\/\/maileon.com\/es\/#website"},"datePublished":"2022-11-02T12:53:07+00:00","dateModified":"2023-08-09T14:36:01+00:00","description":"Read our privacy statement here.","breadcrumb":{"@id":"https:\/\/maileon.com\/es\/privacy-statement\/#breadcrumb"},"inLanguage":"es","potentialAction":[{"@type":"ReadAction","target":["https:\/\/maileon.com\/es\/privacy-statement\/"]}]},{"@type":"BreadcrumbList","@id":"https:\/\/maileon.com\/es\/privacy-statement\/#breadcrumb","itemListElement":[{"@type":"ListItem","position":1,"name":"Home","item":"https:\/\/maileon.com\/es\/"},{"@type":"ListItem","position":2,"name":"Privacy Statement"}]},{"@type":"WebSite","@id":"https:\/\/maileon.com\/es\/#website","url":"https:\/\/maileon.com\/es\/","name":"Maileon","description":"","publisher":{"@id":"https:\/\/maileon.com\/es\/#organization"},"potentialAction":[{"@type":"SearchAction","target":{"@type":"EntryPoint","urlTemplate":"https:\/\/maileon.com\/es\/?s={search_term_string}"},"query-input":{"@type":"PropertyValueSpecification","valueRequired":true,"valueName":"search_term_string"}}],"inLanguage":"es"},{"@type":"Organization","@id":"https:\/\/maileon.com\/es\/#organization","name":"Maileon","url":"https:\/\/maileon.com\/es\/","logo":{"@type":"ImageObject","inLanguage":"es","@id":"https:\/\/maileon.com\/es\/#\/schema\/logo\/image\/","url":"https:\/\/maileon.com\/app\/uploads\/sites\/5\/2022\/08\/logo.png","contentUrl":"https:\/\/maileon.com\/app\/uploads\/sites\/5\/2022\/08\/logo.png","width":168,"height":33,"caption":"Maileon"},"image":{"@id":"https:\/\/maileon.com\/es\/#\/schema\/logo\/image\/"}}]}},"_links":{"self":[{"href":"https:\/\/maileon.com\/es\/wp-json\/wp\/v2\/pages\/3806","targetHints":{"allow":["GET"]}}],"collection":[{"href":"https:\/\/maileon.com\/es\/wp-json\/wp\/v2\/pages"}],"about":[{"href":"https:\/\/maileon.com\/es\/wp-json\/wp\/v2\/types\/page"}],"author":[{"embeddable":true,"href":"https:\/\/maileon.com\/es\/wp-json\/wp\/v2\/users\/7"}],"replies":[{"embeddable":true,"href":"https:\/\/maileon.com\/es\/wp-json\/wp\/v2\/comments?post=3806"}],"version-history":[{"count":7,"href":"https:\/\/maileon.com\/es\/wp-json\/wp\/v2\/pages\/3806\/revisions"}],"predecessor-version":[{"id":11399,"href":"https:\/\/maileon.com\/es\/wp-json\/wp\/v2\/pages\/3806\/revisions\/11399"}],"wp:attachment":[{"href":"https:\/\/maileon.com\/es\/wp-json\/wp\/v2\/media?parent=3806"}],"wp:term":[{"taxonomy":"category","embeddable":true,"href":"https:\/\/maileon.com\/es\/wp-json\/wp\/v2\/categories?post=3806"}],"curies":[{"name":"wp","href":"https:\/\/api.w.org\/{rel}","templated":true}]}}