{"id":2567,"date":"2022-10-19T10:29:59","date_gmt":"2022-10-19T10:29:59","guid":{"rendered":"https:\/\/maileon.com\/?page_id=2567"},"modified":"2023-06-29T14:05:17","modified_gmt":"2023-06-29T14:05:17","slug":"tech","status":"publish","type":"page","link":"https:\/\/maileon.com\/es\/partnerships\/tech\/","title":{"rendered":"Tech"},"content":{"rendered":"<div\n    class=\"shape-hero-white block-hero-top-curve-sm bg-[length:auto_100%] bg-white bg-right-top lg:bg-right-top bg-no-repeat relative mb-14\">\n    <div class=\"container text-black flex flex-col justify-center items-start px-5 md:px-10 xl:px-40 pt-20\">\n        <div class=\"flex flex-col w-full md:w-2\/3 lg:w-1\/2\">\n            <div class=\"flex flex-col w-full\">\n                \n                    <h1 class=\"heading-1\">\n       \u00c9xito a trav\u00e9s de la colaboraci\u00f3n, con asociaciones tecnol\u00f3gicas\n    <\/h1>\n                <div class=\"prose text-lg\">\n                    <p>Unir a la perfecci\u00f3n el software m\u00e1s inteligente: puede hacerse con asociaciones tecnol\u00f3gicas que ayuden a avanzar a nuestros usuarios actuales y futuros.<\/p>\n                <\/div>\n            <\/div>\n        <\/div>\n                    <div class=\"flex flex-col md:flex-row w-full mt-4 gap-4\">\n                                        <a href=\"https:\/\/maileon.com\/es\/contact\/\" target=\"\" class=\"block btn btn-secondary\">\n        Convi\u00e9rtase en socio\n    <\/a>                                        <a href=\"https:\/\/maileon.com\/es\/demo\/\" target=\"\" class=\"block btn btn-dark\">\n        Solicite una demostraci\u00f3n\n    <\/a>                            <\/div>\n                    <\/div>\n<\/div>\n\n\n<div class=\"container px-0 lg:px-10 xl:px-40 py-4 lg:py-16\">\n    <div class=\"grid grid-cols-1 lg:grid-cols-2 lg:gap-24 mb-8 \">\n                <div class=\" pb-6 md:pt-6\">\n            <img loading=\"lazy\" decoding=\"async\" width=\"1024\" height=\"715\" src=\"https:\/\/maileon.com\/app\/uploads\/sites\/5\/2023\/06\/Maileon-Testen-Banner-1024x715.jpg\" class=\"md:rounded-3xl w-full\" alt=\"\" srcset=\"https:\/\/maileon.com\/app\/uploads\/sites\/5\/2023\/06\/Maileon-Testen-Banner-1024x715.jpg 1024w, https:\/\/maileon.com\/app\/uploads\/sites\/5\/2023\/06\/Maileon-Testen-Banner-300x210.jpg 300w, https:\/\/maileon.com\/app\/uploads\/sites\/5\/2023\/06\/Maileon-Testen-Banner-768x536.jpg 768w, https:\/\/maileon.com\/app\/uploads\/sites\/5\/2023\/06\/Maileon-Testen-Banner-1536x1073.jpg 1536w, https:\/\/maileon.com\/app\/uploads\/sites\/5\/2023\/06\/Maileon-Testen-Banner.jpg 2000w\" sizes=\"auto, (max-width: 1024px) 100vw, 1024px\" \/>        <\/div>\n        <div class=\"lg:py-4 px-5 lg:px-0 lg:order-first\">\n            <div class=\"space-y-4\">\n                                <p class=\"text-gray-800 text-sm mb-4 mt-2\">\n                    Asociaci\u00f3n tecnol\u00f3gica Maileon                <\/p>\n                    <h2 class=\"heading-3 text-black\">\n       Creando juntos conexiones s\u00f3lidas\n    <\/h2>                <div class=\"prose\">\n                    <p>mayor\u00eda de las empresas de software. Garantiza una mejor implementaci\u00f3n, uso y crecimiento del software. Las asociaciones s\u00f3lidas lo hacen posible. Por eso nos gusta establecer relaciones reales e integraciones perfectas con otras empresas de software.<\/p>\n                <\/div>\n            <\/div>\n                            <div class=\"flex flex-col md:flex-row w-full mt-4 gap-4\">\n                                                                            <a href=\"https:\/\/maileon.com\/es\/platform\/features\/\" target=\"\" class=\"block btn btn-secondary\">\n        Descubra nuestra plataforma\n    <\/a>                                                            <\/div>\n                    <\/div>\n    <\/div>\n<\/div>\n\n\n<div class=\"container px-0 lg:px-10 xl:px-40 py-4 lg:py-16\">\n    <div class=\"grid grid-cols-1 lg:grid-cols-2 lg:gap-24 mb-8 \">\n                <div class=\" pb-6 md:pt-6\">\n            <img loading=\"lazy\" decoding=\"async\" width=\"1024\" height=\"682\" src=\"https:\/\/maileon.com\/app\/uploads\/sites\/5\/2022\/09\/BEELD31_Maileon_20220728_019_WEB-1024x682.jpg\" class=\"md:rounded-3xl w-full\" alt=\"customer support\" srcset=\"https:\/\/maileon.com\/app\/uploads\/sites\/5\/2022\/09\/BEELD31_Maileon_20220728_019_WEB-1024x682.jpg 1024w, https:\/\/maileon.com\/app\/uploads\/sites\/5\/2022\/09\/BEELD31_Maileon_20220728_019_WEB-300x200.jpg 300w, https:\/\/maileon.com\/app\/uploads\/sites\/5\/2022\/09\/BEELD31_Maileon_20220728_019_WEB-768x512.jpg 768w, https:\/\/maileon.com\/app\/uploads\/sites\/5\/2022\/09\/BEELD31_Maileon_20220728_019_WEB-1536x1024.jpg 1536w, https:\/\/maileon.com\/app\/uploads\/sites\/5\/2022\/09\/BEELD31_Maileon_20220728_019_WEB.jpg 2000w\" sizes=\"auto, (max-width: 1024px) 100vw, 1024px\" \/>        <\/div>\n        <div class=\"lg:py-4 px-5 lg:px-0 \">\n            <div class=\"space-y-4\">\n                                <p class=\"text-gray-800 text-sm mb-4 mt-2\">\n                    Asociaci\u00f3n tecnol\u00f3gica Maileon                <\/p>\n                    <h2 class=\"heading-3 text-black\">\n       Convi\u00e9rtase en socio: haga crecer su plataforma y su negocio\n    <\/h2>                <div class=\"prose\">\n                    <p>Trabajar juntos significa unir fuerzas, ahora y en el futuro. No s\u00f3lo nos permite ofrecer la mejor experiencia a nuestros usuarios conjuntos, sino que tambi\u00e9n nos ayuda a llegar a un p\u00fablico a\u00fan m\u00e1s amplio de usuarios conjuntos potenciales. Por ello, estaremos encantados de hablar de las posibilidades.<\/p>\n                <\/div>\n            <\/div>\n                            <div class=\"flex flex-col md:flex-row w-full mt-4 gap-4\">\n                                                                            <a href=\"https:\/\/maileon.com\/es\/contact\/\" target=\"\" class=\"block btn btn-secondary\">\n        \u00danete a la conversaci\u00f3n\n    <\/a>                                                            <\/div>\n                    <\/div>\n    <\/div>\n<\/div>\n\n\n\n<div class=\"container py-8 px-0 xl:px-40\">\n    <div class=\"px-5 md:px-10 xl:px-40 pb-3 md:mr-24\">\n        <div class=\"prose \">\n            <h2><strong>Una asociaci\u00f3n tecnol\u00f3gica que va m\u00e1s all\u00e1 de los v\u00ednculos<\/strong><\/h2>\n<p>Una asociaci\u00f3n tecnol\u00f3gica empieza por reunir a la perfecci\u00f3n las plataformas m\u00e1s inteligentes. Garantizar que nuestro software est\u00e1 bien alineado para satisfacer los objetivos y necesidades de nuestros usuarios. Y en el camino, por supuesto, seguimos optimizando juntos las experiencias de los usuarios.<\/p>\n<p>Estas son las caracter\u00edsticas clave de una asociaci\u00f3n t\u00e9cnica. Pero no tiene por qu\u00e9 acabar ah\u00ed. Por eso nos gusta ir m\u00e1s all\u00e1, de la integraci\u00f3n a la relaci\u00f3n. Una relaci\u00f3n centrada en la persecuci\u00f3n de un objetivo com\u00fan, el intercambio de conocimientos y el \u00e9xito mutuo.<\/p>\n<p>Esto nos permite centrarnos en ayudar a nuestros clientes de la mejor manera posible y generar negocio conjunto.<\/p>\n        <\/div>\n    <\/div>\n<\/div>\n\n\n\n<div class=\"container px-5 lg:px-10 xl:px-40 py-14 text-primary-500\">\n    <div class=\"text-center\">\n            <h2 class=\"heading-4\">\n       \u00danase a socios tecnol\u00f3gicos como:\n    <\/h2>    <\/div>\n\n        <div class=\"\">\n        <div class=\"swiper\" x-ref=\"container\" x-data=\"{swiper: null}\" x-init=\"swiper = new Swiper($refs.container, {\n                    modules: [Pagination],\n                    pagination: {\n                        el: '.swiper-pagination',\n                        clickable: true\n                    },\n                    slidesPerView: 1,\n                    slidesOffsetBefore: 0,\n                    slidesOffsetAfter: 0,\n                    spaceBetween: 24,\n\n                    breakpoints: {\n                        420: {\n                          slidesPerView: 2,\n                          slidesPerGroup: 2,\n                          spaceBetween: 24,\n                        },\n                        640: {\n                          slidesPerView: 3,\n                          slidesPerGroup: 3,\n                          spaceBetween: 24,\n                        },\n                        768: {\n                          slidesPerView: 4,\n                          slidesPerGroup: 4,\n                          spaceBetween: 43,\n                        },\n                        1024: {\n                          slidesPerView: 5,\n                          slidesPerGroup: 5,\n                          spaceBetween: 84,\n                        },\n                    },\n                })\">\n            <div class=\"swiper-wrapper mt-5 mb-12\">\n                                <div class=\"swiper-slide px-4 md:px-0 py-4\" >\n                    <div class=\"h-20 md:m-0 bg-contain bg-center bg-no-repeat\"\n                        style=\"background-image: url('https:\/\/maileon.com\/app\/uploads\/sites\/5\/2022\/12\/logos-for-integration-5-1024x683.png')\">\n                    <\/div>\n                <\/div>\n                                <div class=\"swiper-slide px-4 md:px-0 py-4\" >\n                    <div class=\"h-20 md:m-0 bg-contain bg-center bg-no-repeat\"\n                        style=\"background-image: url('https:\/\/maileon.com\/app\/uploads\/sites\/5\/2022\/11\/SportAlliance-logo-1024x275.png')\">\n                    <\/div>\n                <\/div>\n                                <div class=\"swiper-slide px-4 md:px-0 py-4\" >\n                    <div class=\"h-20 md:m-0 bg-contain bg-center bg-no-repeat\"\n                        style=\"background-image: url('https:\/\/maileon.com\/app\/uploads\/sites\/5\/2022\/12\/adpage2.png')\">\n                    <\/div>\n                <\/div>\n                                <div class=\"swiper-slide px-4 md:px-0 py-4\" >\n                    <div class=\"h-20 md:m-0 bg-contain bg-center bg-no-repeat\"\n                        style=\"background-image: url('https:\/\/maileon.com\/app\/uploads\/sites\/5\/2022\/12\/Sparque-1.png')\">\n                    <\/div>\n                <\/div>\n                                <div class=\"swiper-slide px-4 md:px-0 py-4\" >\n                    <div class=\"h-20 md:m-0 bg-contain bg-center bg-no-repeat\"\n                        style=\"background-image: url('https:\/\/maileon.com\/app\/uploads\/sites\/5\/2022\/12\/logos-for-integration-4-1024x683.png')\">\n                    <\/div>\n                <\/div>\n                                <div class=\"swiper-slide px-4 md:px-0 py-4\" >\n                    <div class=\"h-20 md:m-0 bg-contain bg-center bg-no-repeat\"\n                        style=\"background-image: url('https:\/\/maileon.com\/app\/uploads\/sites\/5\/2022\/12\/logos-for-integration-3-1024x683.png')\">\n                    <\/div>\n                <\/div>\n                            <\/div>\n            <div class=\"swiper-pagination\"><\/div>\n        <\/div>\n    <\/div>\n    <\/div>\n\n\n<div class=\"block-hero-top-curve-large bg-no-repeat bg-right-top bg-[length:auto_100%] relative overflow-hidden\">\n    <div class=\"relative lg:absolute lg:right-0 z-0 lg:w-1\/2 xl:w-3\/4 lg:mb-0 w-full\">\n        <img loading=\"lazy\" decoding=\"async\" width=\"1024\" height=\"682\" src=\"https:\/\/maileon.com\/app\/uploads\/sites\/5\/2022\/09\/BEELD31_Maileon_20220728_023_WEB-1024x682.jpg\" class=\"w-full min-w-[55vw] max-w-[100%]\" alt=\"\" srcset=\"https:\/\/maileon.com\/app\/uploads\/sites\/5\/2022\/09\/BEELD31_Maileon_20220728_023_WEB-1024x682.jpg 1024w, https:\/\/maileon.com\/app\/uploads\/sites\/5\/2022\/09\/BEELD31_Maileon_20220728_023_WEB-300x200.jpg 300w, https:\/\/maileon.com\/app\/uploads\/sites\/5\/2022\/09\/BEELD31_Maileon_20220728_023_WEB-768x512.jpg 768w, https:\/\/maileon.com\/app\/uploads\/sites\/5\/2022\/09\/BEELD31_Maileon_20220728_023_WEB-1536x1024.jpg 1536w, https:\/\/maileon.com\/app\/uploads\/sites\/5\/2022\/09\/BEELD31_Maileon_20220728_023_WEB.jpg 2000w\" sizes=\"auto, (max-width: 1024px) 100vw, 1024px\" \/>        <div class=\"absolute bottom-0 w-full block lg:hidden\">\n            <svg xmlns=\"http:\/\/www.w3.org\/2000\/svg\" viewBox=\"0 0 768 100\" class=\"fill-primary\">\n                <path\n                    d=\"M 1221,1000 H -63 c 0,0 6e-4,-745.425 0,-559.546 281.767,-44.575 673.208,42.792 843.517,65.08 170.308,22.288 359.343,4.457 440.483,-45.467 z\"\n                    id=\"path42\" clip-path=\"url(#clipPath289)\" transform=\"translate(0,-420.2691)\"\n                \/>\n            <\/svg>\n        <\/div>\n    <\/div>\n    <div class=\"shape-hero-cta bg-primary lg:bg-transparent bg-cover bg-left bg-no-repeat relative pb-20 md:pb-0 after:shape-hero-cta-bottom after:absolute after:top-0 after:bottom-0 after:bg-no-repeat after:bg-bottom after:bg-contain after:w-full after:pointer-events-none\">\n        <div class=\"container text-primary flex flex-col justify-center items-start px-5 md:px-10 xl:px-40 pt-8 lg:pt-20 pb-16 md:pb-32 lg:pb-20 lg:min-h-[429px] xl:min-h-[603px]\">\n            <div class=\"flex flex-col w-full lg:w-7\/12\">\n                \n                    <h2 class=\"heading-1\">\n       Nos encanta trabajar juntos\n    <\/h2>\n                <div class=\"prose prose-invert text-primary text-lg\">\n                    <p>Tanto si est\u00e1 buscando una asociaci\u00f3n, como si s\u00f3lo quiere construir una s\u00f3lida integraci\u00f3n: \u00a1nos encantar\u00eda saber de usted!<\/p>\n                <\/div>\n            <\/div>\n            <div class=\"flex flex-col md:flex-row w-full mt-4 gap-4\">\n                                                                <a href=\"https:\/\/maileon.com\/es\/contact\/\" target=\"\" class=\"block btn btn-secondary\">\n        P\u00f3ngase en contacto con nosotros\n    <\/a>                                                <\/div>\n                    <\/div>\n    <\/div>\n<\/div>\n","protected":false},"excerpt":{"rendered":"<p>Tech<\/p>\n","protected":false},"author":7,"featured_media":0,"parent":2641,"menu_order":0,"comment_status":"closed","ping_status":"closed","template":"","meta":{"_acf_changed":false,"footnotes":""},"categories":[],"class_list":["post-2567","page","type-page","status-publish","hentry"],"acf":[],"yoast_head":"<!-- This site is optimized with the Yoast SEO Premium plugin v26.3 (Yoast SEO v26.3) - https:\/\/yoast.com\/wordpress\/plugins\/seo\/ -->\n<title>Tech Partnerships | Maileon<\/title>\n<meta name=\"description\" content=\"Let\u2019s bring the smartest solutions seamlessly together. For our current and future users. Read more about partnering up with Maileon here.\" \/>\n<meta name=\"robots\" content=\"index, follow, max-snippet:-1, max-image-preview:large, max-video-preview:-1\" \/>\n<link rel=\"canonical\" href=\"https:\/\/maileon.com\/es\/partnerships\/tech\/\" \/>\n<meta property=\"og:locale\" content=\"es_ES\" \/>\n<meta property=\"og:type\" content=\"article\" \/>\n<meta property=\"og:title\" content=\"Tech\" \/>\n<meta property=\"og:description\" content=\"Let\u2019s bring the smartest solutions seamlessly together. For our current and future users. Read more about partnering up with Maileon here.\" \/>\n<meta property=\"og:url\" content=\"https:\/\/maileon.com\/es\/partnerships\/tech\/\" \/>\n<meta property=\"og:site_name\" content=\"Maileon\" \/>\n<meta property=\"article:modified_time\" content=\"2023-06-29T14:05:17+00:00\" \/>\n<meta name=\"twitter:card\" content=\"summary_large_image\" \/>\n<script type=\"application\/ld+json\" class=\"yoast-schema-graph\">{\"@context\":\"https:\/\/schema.org\",\"@graph\":[{\"@type\":\"WebPage\",\"@id\":\"https:\/\/maileon.com\/es\/partnerships\/tech\/\",\"url\":\"https:\/\/maileon.com\/es\/partnerships\/tech\/\",\"name\":\"Tech Partnerships | Maileon\",\"isPartOf\":{\"@id\":\"https:\/\/maileon.com\/es\/#website\"},\"datePublished\":\"2022-10-19T10:29:59+00:00\",\"dateModified\":\"2023-06-29T14:05:17+00:00\",\"description\":\"Let\u2019s bring the smartest solutions seamlessly together. For our current and future users. Read more about partnering up with Maileon here.\",\"breadcrumb\":{\"@id\":\"https:\/\/maileon.com\/es\/partnerships\/tech\/#breadcrumb\"},\"inLanguage\":\"es\",\"potentialAction\":[{\"@type\":\"ReadAction\",\"target\":[\"https:\/\/maileon.com\/es\/partnerships\/tech\/\"]}]},{\"@type\":\"BreadcrumbList\",\"@id\":\"https:\/\/maileon.com\/es\/partnerships\/tech\/#breadcrumb\",\"itemListElement\":[{\"@type\":\"ListItem\",\"position\":1,\"name\":\"Home\",\"item\":\"https:\/\/maileon.com\/es\/\"},{\"@type\":\"ListItem\",\"position\":2,\"name\":\"Partnerships\",\"item\":\"https:\/\/maileon.com\/es\/partnerships\/\"},{\"@type\":\"ListItem\",\"position\":3,\"name\":\"Tech\"}]},{\"@type\":\"WebSite\",\"@id\":\"https:\/\/maileon.com\/es\/#website\",\"url\":\"https:\/\/maileon.com\/es\/\",\"name\":\"Maileon\",\"description\":\"\",\"publisher\":{\"@id\":\"https:\/\/maileon.com\/es\/#organization\"},\"potentialAction\":[{\"@type\":\"SearchAction\",\"target\":{\"@type\":\"EntryPoint\",\"urlTemplate\":\"https:\/\/maileon.com\/es\/?s={search_term_string}\"},\"query-input\":{\"@type\":\"PropertyValueSpecification\",\"valueRequired\":true,\"valueName\":\"search_term_string\"}}],\"inLanguage\":\"es\"},{\"@type\":\"Organization\",\"@id\":\"https:\/\/maileon.com\/es\/#organization\",\"name\":\"Maileon\",\"url\":\"https:\/\/maileon.com\/es\/\",\"logo\":{\"@type\":\"ImageObject\",\"inLanguage\":\"es\",\"@id\":\"https:\/\/maileon.com\/es\/#\/schema\/logo\/image\/\",\"url\":\"https:\/\/maileon.com\/app\/uploads\/sites\/5\/2022\/08\/logo.png\",\"contentUrl\":\"https:\/\/maileon.com\/app\/uploads\/sites\/5\/2022\/08\/logo.png\",\"width\":168,\"height\":33,\"caption\":\"Maileon\"},\"image\":{\"@id\":\"https:\/\/maileon.com\/es\/#\/schema\/logo\/image\/\"}}]}<\/script>\n<!-- \/ Yoast SEO Premium plugin. -->","yoast_head_json":{"title":"Tech Partnerships | Maileon","description":"Let\u2019s bring the smartest solutions seamlessly together. For our current and future users. Read more about partnering up with Maileon here.","robots":{"index":"index","follow":"follow","max-snippet":"max-snippet:-1","max-image-preview":"max-image-preview:large","max-video-preview":"max-video-preview:-1"},"canonical":"https:\/\/maileon.com\/es\/partnerships\/tech\/","og_locale":"es_ES","og_type":"article","og_title":"Tech","og_description":"Let\u2019s bring the smartest solutions seamlessly together. For our current and future users. Read more about partnering up with Maileon here.","og_url":"https:\/\/maileon.com\/es\/partnerships\/tech\/","og_site_name":"Maileon","article_modified_time":"2023-06-29T14:05:17+00:00","twitter_card":"summary_large_image","schema":{"@context":"https:\/\/schema.org","@graph":[{"@type":"WebPage","@id":"https:\/\/maileon.com\/es\/partnerships\/tech\/","url":"https:\/\/maileon.com\/es\/partnerships\/tech\/","name":"Tech Partnerships | Maileon","isPartOf":{"@id":"https:\/\/maileon.com\/es\/#website"},"datePublished":"2022-10-19T10:29:59+00:00","dateModified":"2023-06-29T14:05:17+00:00","description":"Let\u2019s bring the smartest solutions seamlessly together. For our current and future users. Read more about partnering up with Maileon here.","breadcrumb":{"@id":"https:\/\/maileon.com\/es\/partnerships\/tech\/#breadcrumb"},"inLanguage":"es","potentialAction":[{"@type":"ReadAction","target":["https:\/\/maileon.com\/es\/partnerships\/tech\/"]}]},{"@type":"BreadcrumbList","@id":"https:\/\/maileon.com\/es\/partnerships\/tech\/#breadcrumb","itemListElement":[{"@type":"ListItem","position":1,"name":"Home","item":"https:\/\/maileon.com\/es\/"},{"@type":"ListItem","position":2,"name":"Partnerships","item":"https:\/\/maileon.com\/es\/partnerships\/"},{"@type":"ListItem","position":3,"name":"Tech"}]},{"@type":"WebSite","@id":"https:\/\/maileon.com\/es\/#website","url":"https:\/\/maileon.com\/es\/","name":"Maileon","description":"","publisher":{"@id":"https:\/\/maileon.com\/es\/#organization"},"potentialAction":[{"@type":"SearchAction","target":{"@type":"EntryPoint","urlTemplate":"https:\/\/maileon.com\/es\/?s={search_term_string}"},"query-input":{"@type":"PropertyValueSpecification","valueRequired":true,"valueName":"search_term_string"}}],"inLanguage":"es"},{"@type":"Organization","@id":"https:\/\/maileon.com\/es\/#organization","name":"Maileon","url":"https:\/\/maileon.com\/es\/","logo":{"@type":"ImageObject","inLanguage":"es","@id":"https:\/\/maileon.com\/es\/#\/schema\/logo\/image\/","url":"https:\/\/maileon.com\/app\/uploads\/sites\/5\/2022\/08\/logo.png","contentUrl":"https:\/\/maileon.com\/app\/uploads\/sites\/5\/2022\/08\/logo.png","width":168,"height":33,"caption":"Maileon"},"image":{"@id":"https:\/\/maileon.com\/es\/#\/schema\/logo\/image\/"}}]}},"_links":{"self":[{"href":"https:\/\/maileon.com\/es\/wp-json\/wp\/v2\/pages\/2567","targetHints":{"allow":["GET"]}}],"collection":[{"href":"https:\/\/maileon.com\/es\/wp-json\/wp\/v2\/pages"}],"about":[{"href":"https:\/\/maileon.com\/es\/wp-json\/wp\/v2\/types\/page"}],"author":[{"embeddable":true,"href":"https:\/\/maileon.com\/es\/wp-json\/wp\/v2\/users\/7"}],"replies":[{"embeddable":true,"href":"https:\/\/maileon.com\/es\/wp-json\/wp\/v2\/comments?post=2567"}],"version-history":[{"count":6,"href":"https:\/\/maileon.com\/es\/wp-json\/wp\/v2\/pages\/2567\/revisions"}],"predecessor-version":[{"id":11076,"href":"https:\/\/maileon.com\/es\/wp-json\/wp\/v2\/pages\/2567\/revisions\/11076"}],"up":[{"embeddable":true,"href":"https:\/\/maileon.com\/es\/wp-json\/wp\/v2\/pages\/2641"}],"wp:attachment":[{"href":"https:\/\/maileon.com\/es\/wp-json\/wp\/v2\/media?parent=2567"}],"wp:term":[{"taxonomy":"category","embeddable":true,"href":"https:\/\/maileon.com\/es\/wp-json\/wp\/v2\/categories?post=2567"}],"curies":[{"name":"wp","href":"https:\/\/api.w.org\/{rel}","templated":true}]}}