{"id":10309,"date":"2023-01-19T14:37:53","date_gmt":"2023-01-19T14:37:53","guid":{"rendered":"https:\/\/maileon.com\/?page_id=10309"},"modified":"2023-08-09T14:31:36","modified_gmt":"2023-08-09T14:31:36","slug":"imprint","status":"publish","type":"page","link":"https:\/\/maileon.com\/es\/imprint\/","title":{"rendered":"Imprint"},"content":{"rendered":"<div\n    class=\"shape-hero-white block-hero-top-curve-sm bg-[length:auto_100%] bg-white bg-right-top lg:bg-right-top bg-no-repeat relative mb-14\">\n    <div class=\"container text-black flex flex-col justify-center items-start px-5 md:px-10 xl:px-40 pt-20\">\n        <div class=\"flex flex-col w-full md:w-2\/3 lg:w-1\/2\">\n            <div class=\"flex flex-col w-full\">\n                \n                    <h1 class=\"heading-1\">\n       Pie de imprenta\n    <\/h1>\n                <div class=\"prose text-lg\">\n                    <p>Maileon es un proveedor de herramientas, software y sistemas para el marketing profesional por correo electr\u00f3nico. Todos los detalles importantes de la empresa se encuentran aqu\u00ed, en nuestro pie de imprenta.<\/p>\n                <\/div>\n            <\/div>\n        <\/div>\n                    <\/div>\n<\/div>\n\n\n\n<div class=\"container py-8 px-0 xl:px-40\">\n    <div class=\"px-5 md:px-10 xl:px-40 pb-3 md:mr-24\">\n        <div class=\"prose \">\n            <h4><strong>Company Headquarter<\/strong><\/h4>\n<p>XQueue GmbH<br \/>\nChristian-Ple\u00df-Str. 11-13<br \/>\n63069 Offenbach am Main<\/p>\n<p>Phone: +49 (0) 69 &#8211; 83 00 898 &#8211; 0<br \/>\nFax: +49 (0) 69 &#8211; 83 00 898 &#8211; 9<br \/>\nE-mail: service@xqueue.com<\/p>\n<p>Office Freiburg im Breisgau<br \/>\nRehlingstr. 6d<br \/>\n79100 Freiburg im Breisgau<\/p>\n<p>Phone: +49 (0) 69 &#8211; 83 00 898 &#8211; 0<br \/>\nFax: +49 (0) 69 &#8211; 83 00 898 &#8211; 9<br \/>\nE-mail: service@xqueue.com<\/p>\n<p>&nbsp;<\/p>\n<h4>Informaci\u00f3n legal de la empresa<\/h4>\n<p>Director General Autorizado:\u00a0Frank Strzyzewski<br \/>\nTribunal de registro: Tribunal local de Offenbach am Main<br \/>\nN\u00famero de registro: HRB 12442<br \/>\nN\u00famero de identificaci\u00f3n fiscal de ventas seg\u00fan \u00a7 27 a ley del Impuesto sobre las Ventas: DE 221794621<br \/>\nIBAN: DE52 6537 0075 0015 1688 00<br \/>\nBIC: DEUTDESS653<\/p>\n<p>&nbsp;<\/p>\n<h4>Descargo de responsabilidad<\/h4>\n<p>Por la presente llamamos su atenci\u00f3n sobre el hecho de que nuestra oferta web s\u00f3lo sirve a efectos de informaci\u00f3n no vinculante y no constituye asesoramiento jur\u00eddico en el verdadero sentido de la palabra. El contenido de esta oferta no puede ni pretende sustituir a un asesoramiento jur\u00eddico individual y vinculante que aborde su situaci\u00f3n espec\u00edfica. En este sentido, toda la informaci\u00f3n ofrecida carece de garant\u00eda de correcci\u00f3n e integridad. La informaci\u00f3n aqu\u00ed presentada tampoco representa la opini\u00f3n de toda la empresa, sino que es la opini\u00f3n personal y la interpretaci\u00f3n de empleados individuales (de conformidad con el art\u00edculo 675 (2) del C\u00f3digo Civil alem\u00e1n) que desean compartir sus muchos a\u00f1os de experiencia con usted.<\/p>\n<p>&nbsp;<\/p>\n<h4><strong>Legal notice regarding our presence on Facebook<\/strong><\/h4>\n<p>This imprint is also valid for our presence on Facebook:<br \/>\n<a href=\"https:\/\/de-de.facebook.com\/xqueuegmbh\">visit XQueue GmbH on facebook<\/a><\/p>\n        <\/div>\n    <\/div>\n<\/div>\n\n\n\n<div style=\"height:100px\" aria-hidden=\"true\" class=\"wp-block-spacer\"><\/div>\n","protected":false},"excerpt":{"rendered":"<p>Imprint<\/p>\n","protected":false},"author":8,"featured_media":0,"parent":0,"menu_order":0,"comment_status":"closed","ping_status":"closed","template":"","meta":{"_acf_changed":false,"footnotes":""},"categories":[],"class_list":["post-10309","page","type-page","status-publish","hentry"],"acf":[],"yoast_head":"<!-- This site is optimized with the Yoast SEO Premium plugin v27.2 (Yoast SEO v27.4) - https:\/\/yoast.com\/product\/yoast-seo-premium-wordpress\/ -->\n<title>Imprint - Maileon<\/title>\n<meta name=\"description\" content=\"Maileon is a provider of tools, software and systems for professional email marketing and automation marketing.\" \/>\n<meta name=\"robots\" content=\"index, nofollow, max-snippet:-1, max-image-preview:large, max-video-preview:-1\" \/>\n<link rel=\"canonical\" href=\"https:\/\/maileon.com\/es\/imprint\/\" \/>\n<meta property=\"og:locale\" content=\"es_ES\" \/>\n<meta property=\"og:type\" content=\"article\" \/>\n<meta property=\"og:title\" content=\"Imprint\" \/>\n<meta property=\"og:description\" content=\"Maileon is a provider of tools, software and systems for professional email marketing and automation marketing.\" \/>\n<meta property=\"og:url\" content=\"https:\/\/maileon.com\/es\/imprint\/\" \/>\n<meta property=\"og:site_name\" content=\"Maileon\" \/>\n<meta property=\"article:modified_time\" content=\"2023-08-09T14:31:36+00:00\" \/>\n<meta name=\"twitter:card\" content=\"summary_large_image\" \/>\n<script type=\"application\/ld+json\" class=\"yoast-schema-graph\">{\"@context\":\"https:\\\/\\\/schema.org\",\"@graph\":[{\"@type\":\"WebPage\",\"@id\":\"https:\\\/\\\/maileon.com\\\/es\\\/imprint\\\/\",\"url\":\"https:\\\/\\\/maileon.com\\\/es\\\/imprint\\\/\",\"name\":\"Imprint - Maileon\",\"isPartOf\":{\"@id\":\"https:\\\/\\\/maileon.com\\\/es\\\/#website\"},\"datePublished\":\"2023-01-19T14:37:53+00:00\",\"dateModified\":\"2023-08-09T14:31:36+00:00\",\"description\":\"Maileon is a provider of tools, software and systems for professional email marketing and automation marketing.\",\"breadcrumb\":{\"@id\":\"https:\\\/\\\/maileon.com\\\/es\\\/imprint\\\/#breadcrumb\"},\"inLanguage\":\"es\",\"potentialAction\":[{\"@type\":\"ReadAction\",\"target\":[\"https:\\\/\\\/maileon.com\\\/es\\\/imprint\\\/\"]}]},{\"@type\":\"BreadcrumbList\",\"@id\":\"https:\\\/\\\/maileon.com\\\/es\\\/imprint\\\/#breadcrumb\",\"itemListElement\":[{\"@type\":\"ListItem\",\"position\":1,\"name\":\"Home\",\"item\":\"https:\\\/\\\/maileon.com\\\/es\\\/\"},{\"@type\":\"ListItem\",\"position\":2,\"name\":\"Imprint\"}]},{\"@type\":\"WebSite\",\"@id\":\"https:\\\/\\\/maileon.com\\\/es\\\/#website\",\"url\":\"https:\\\/\\\/maileon.com\\\/es\\\/\",\"name\":\"Maileon\",\"description\":\"\",\"publisher\":{\"@id\":\"https:\\\/\\\/maileon.com\\\/es\\\/#organization\"},\"potentialAction\":[{\"@type\":\"SearchAction\",\"target\":{\"@type\":\"EntryPoint\",\"urlTemplate\":\"https:\\\/\\\/maileon.com\\\/es\\\/?s={search_term_string}\"},\"query-input\":{\"@type\":\"PropertyValueSpecification\",\"valueRequired\":true,\"valueName\":\"search_term_string\"}}],\"inLanguage\":\"es\"},{\"@type\":\"Organization\",\"@id\":\"https:\\\/\\\/maileon.com\\\/es\\\/#organization\",\"name\":\"Maileon\",\"url\":\"https:\\\/\\\/maileon.com\\\/es\\\/\",\"logo\":{\"@type\":\"ImageObject\",\"inLanguage\":\"es\",\"@id\":\"https:\\\/\\\/maileon.com\\\/es\\\/#\\\/schema\\\/logo\\\/image\\\/\",\"url\":\"https:\\\/\\\/maileon.com\\\/app\\\/uploads\\\/sites\\\/5\\\/2022\\\/08\\\/logo.png\",\"contentUrl\":\"https:\\\/\\\/maileon.com\\\/app\\\/uploads\\\/sites\\\/5\\\/2022\\\/08\\\/logo.png\",\"width\":168,\"height\":33,\"caption\":\"Maileon\"},\"image\":{\"@id\":\"https:\\\/\\\/maileon.com\\\/es\\\/#\\\/schema\\\/logo\\\/image\\\/\"}}]}<\/script>\n<!-- \/ Yoast SEO Premium plugin. -->","yoast_head_json":{"title":"Imprint - Maileon","description":"Maileon is a provider of tools, software and systems for professional email marketing and automation marketing.","robots":{"index":"index","follow":"nofollow","max-snippet":"max-snippet:-1","max-image-preview":"max-image-preview:large","max-video-preview":"max-video-preview:-1"},"canonical":"https:\/\/maileon.com\/es\/imprint\/","og_locale":"es_ES","og_type":"article","og_title":"Imprint","og_description":"Maileon is a provider of tools, software and systems for professional email marketing and automation marketing.","og_url":"https:\/\/maileon.com\/es\/imprint\/","og_site_name":"Maileon","article_modified_time":"2023-08-09T14:31:36+00:00","twitter_card":"summary_large_image","schema":{"@context":"https:\/\/schema.org","@graph":[{"@type":"WebPage","@id":"https:\/\/maileon.com\/es\/imprint\/","url":"https:\/\/maileon.com\/es\/imprint\/","name":"Imprint - Maileon","isPartOf":{"@id":"https:\/\/maileon.com\/es\/#website"},"datePublished":"2023-01-19T14:37:53+00:00","dateModified":"2023-08-09T14:31:36+00:00","description":"Maileon is a provider of tools, software and systems for professional email marketing and automation marketing.","breadcrumb":{"@id":"https:\/\/maileon.com\/es\/imprint\/#breadcrumb"},"inLanguage":"es","potentialAction":[{"@type":"ReadAction","target":["https:\/\/maileon.com\/es\/imprint\/"]}]},{"@type":"BreadcrumbList","@id":"https:\/\/maileon.com\/es\/imprint\/#breadcrumb","itemListElement":[{"@type":"ListItem","position":1,"name":"Home","item":"https:\/\/maileon.com\/es\/"},{"@type":"ListItem","position":2,"name":"Imprint"}]},{"@type":"WebSite","@id":"https:\/\/maileon.com\/es\/#website","url":"https:\/\/maileon.com\/es\/","name":"Maileon","description":"","publisher":{"@id":"https:\/\/maileon.com\/es\/#organization"},"potentialAction":[{"@type":"SearchAction","target":{"@type":"EntryPoint","urlTemplate":"https:\/\/maileon.com\/es\/?s={search_term_string}"},"query-input":{"@type":"PropertyValueSpecification","valueRequired":true,"valueName":"search_term_string"}}],"inLanguage":"es"},{"@type":"Organization","@id":"https:\/\/maileon.com\/es\/#organization","name":"Maileon","url":"https:\/\/maileon.com\/es\/","logo":{"@type":"ImageObject","inLanguage":"es","@id":"https:\/\/maileon.com\/es\/#\/schema\/logo\/image\/","url":"https:\/\/maileon.com\/app\/uploads\/sites\/5\/2022\/08\/logo.png","contentUrl":"https:\/\/maileon.com\/app\/uploads\/sites\/5\/2022\/08\/logo.png","width":168,"height":33,"caption":"Maileon"},"image":{"@id":"https:\/\/maileon.com\/es\/#\/schema\/logo\/image\/"}}]}},"_links":{"self":[{"href":"https:\/\/maileon.com\/es\/wp-json\/wp\/v2\/pages\/10309","targetHints":{"allow":["GET"]}}],"collection":[{"href":"https:\/\/maileon.com\/es\/wp-json\/wp\/v2\/pages"}],"about":[{"href":"https:\/\/maileon.com\/es\/wp-json\/wp\/v2\/types\/page"}],"author":[{"embeddable":true,"href":"https:\/\/maileon.com\/es\/wp-json\/wp\/v2\/users\/8"}],"replies":[{"embeddable":true,"href":"https:\/\/maileon.com\/es\/wp-json\/wp\/v2\/comments?post=10309"}],"version-history":[{"count":5,"href":"https:\/\/maileon.com\/es\/wp-json\/wp\/v2\/pages\/10309\/revisions"}],"predecessor-version":[{"id":11394,"href":"https:\/\/maileon.com\/es\/wp-json\/wp\/v2\/pages\/10309\/revisions\/11394"}],"wp:attachment":[{"href":"https:\/\/maileon.com\/es\/wp-json\/wp\/v2\/media?parent=10309"}],"wp:term":[{"taxonomy":"category","embeddable":true,"href":"https:\/\/maileon.com\/es\/wp-json\/wp\/v2\/categories?post=10309"}],"curies":[{"name":"wp","href":"https:\/\/api.w.org\/{rel}","templated":true}]}}