{"id":10214,"date":"2022-12-29T18:15:14","date_gmt":"2022-12-29T18:15:14","guid":{"rendered":"https:\/\/maileon.com\/disclaimer-2\/"},"modified":"2023-03-09T18:28:15","modified_gmt":"2023-03-09T18:28:15","slug":"disclaimer-2","status":"publish","type":"page","link":"https:\/\/maileon.com\/es\/disclaimer-2\/","title":{"rendered":"Disclaimer"},"content":{"rendered":"\n<!-- Legal document generated by Complianz | GDPR\/CCPA Cookie Consent https:\/\/wordpress.org\/plugins\/complianz-gdpr -->\n<div id=\"cmplz-document\" class=\"cmplz-document disclaimer cmplz-document-all\"><p>Maileon se compromete a mantener esta web actualizada y precisa. Si, a pesar de todo, encontrara algo incorrecto o desactualizado, le agradecer\u00edamos que nos lo hiciera saber. Por favor, indique en qu\u00e9 parte de la web ha le\u00eddo la informaci\u00f3n. La revisaremos lo antes posible. Por favor, env\u00ede su duda por correo electr\u00f3nico a: <span class=\"cmplz-obfuscate\">&#099;&#111;&#110;&#116;&#097;c&#116;@<span class=\"cmplz-fmail-domain\">&#101;x.&#099;&#111;m<\/span>&#109;a&#105;l&#101;&#111;&#110;.nl<\/span>.<\/p><p>No nos responsabilizamos de las p\u00e9rdidas derivadas de inexactitudes o datos incompletos, ni de las p\u00e9rdidas resultantes de problemas causados o inherentes a la difusi\u00f3n de la informaci\u00f3n a trav\u00e9s de Internet, como interrupciones o fallos. Al utilizar formularios web, nos esforzamos por limitar al m\u00ednimo el n\u00famero de campos obligatorios. Por cualquier p\u00e9rdida sufrida como resultado del uso de datos, consejos o ideas proporcionadas por Maileon o en su nombre a trav\u00e9s de esta web, Maileon no acepta ninguna responsabilidad.<\/p><p>Maileon har\u00e1 todos los esfuerzos razonables para proteger sus sistemas contra cualquier forma de uso il\u00edcito. Maileon aplicar\u00e1 las medidas t\u00e9cnicas y organizativas adecuadas a tal fin, teniendo en cuenta, entre otras cosas, el estado de la t\u00e9cnica. No obstante, no ser\u00e1 responsable de ning\u00fan perjuicio, directo y\/o indirecto, sufrido por un usuario de la web, que se derive del uso il\u00edcito de sus sistemas por parte de un tercero.<\/p><p>Maileon no se hace responsable del contenido de las p\u00e1ginas web a las que se hace referencia mediante hiperv\u00ednculos u otras referencias. Los productos o servicios ofrecidos por terceros estar\u00e1n sujetos a los t\u00e9rminos y condiciones aplicables de dichos terceros.<\/p><p>Todos los derechos de propiedad intelectual sobre el contenido de esta web pertenecen a Maileon.<\/p><p>La copia, difusi\u00f3n y cualquier otro uso de estos materiales no est\u00e1 permitido sin el permiso escrito de Maileon, excepto y s\u00f3lo en la medida en que se estipule lo contrario en los reglamentos de la ley obligatoria (como el derecho de cita), a menos que el contenido espec\u00edfico dicte lo contrario.<\/p><p>Si tiene alguna pregunta o problema con la accesibilidad de la web, no dude en ponerse en contacto con nosotros.<\/p><\/div>","protected":false},"excerpt":{"rendered":"<p>Disclaimer<\/p>\n","protected":false},"author":7,"featured_media":0,"parent":0,"menu_order":0,"comment_status":"closed","ping_status":"closed","template":"","meta":{"_acf_changed":false,"footnotes":""},"categories":[],"class_list":["post-10214","page","type-page","status-publish","hentry"],"acf":[],"yoast_head":"<!-- This site is optimized with the Yoast SEO Premium plugin v26.3 (Yoast SEO v26.3) - https:\/\/yoast.com\/wordpress\/plugins\/seo\/ -->\n<title>Disclaimer - Maileon<\/title>\n<meta name=\"robots\" content=\"index, nofollow, max-snippet:-1, max-image-preview:large, max-video-preview:-1\" \/>\n<link rel=\"canonical\" href=\"https:\/\/maileon.com\/es\/disclaimer-2\/\" \/>\n<meta property=\"og:locale\" content=\"es_ES\" \/>\n<meta property=\"og:type\" content=\"article\" \/>\n<meta property=\"og:title\" content=\"Disclaimer\" \/>\n<meta property=\"og:description\" content=\"Disclaimer\" \/>\n<meta property=\"og:url\" content=\"https:\/\/maileon.com\/es\/disclaimer-2\/\" \/>\n<meta property=\"og:site_name\" content=\"Maileon\" \/>\n<meta property=\"article:modified_time\" content=\"2023-03-09T18:28:15+00:00\" \/>\n<meta name=\"twitter:card\" content=\"summary_large_image\" \/>\n<script type=\"application\/ld+json\" class=\"yoast-schema-graph\">{\"@context\":\"https:\/\/schema.org\",\"@graph\":[{\"@type\":\"WebPage\",\"@id\":\"https:\/\/maileon.com\/es\/disclaimer-2\/\",\"url\":\"https:\/\/maileon.com\/es\/disclaimer-2\/\",\"name\":\"Disclaimer - Maileon\",\"isPartOf\":{\"@id\":\"https:\/\/maileon.com\/es\/#website\"},\"datePublished\":\"2022-12-29T18:15:14+00:00\",\"dateModified\":\"2023-03-09T18:28:15+00:00\",\"breadcrumb\":{\"@id\":\"https:\/\/maileon.com\/es\/disclaimer-2\/#breadcrumb\"},\"inLanguage\":\"es\",\"potentialAction\":[{\"@type\":\"ReadAction\",\"target\":[\"https:\/\/maileon.com\/es\/disclaimer-2\/\"]}]},{\"@type\":\"BreadcrumbList\",\"@id\":\"https:\/\/maileon.com\/es\/disclaimer-2\/#breadcrumb\",\"itemListElement\":[{\"@type\":\"ListItem\",\"position\":1,\"name\":\"Home\",\"item\":\"https:\/\/maileon.com\/es\/\"},{\"@type\":\"ListItem\",\"position\":2,\"name\":\"Disclaimer\"}]},{\"@type\":\"WebSite\",\"@id\":\"https:\/\/maileon.com\/es\/#website\",\"url\":\"https:\/\/maileon.com\/es\/\",\"name\":\"Maileon\",\"description\":\"\",\"publisher\":{\"@id\":\"https:\/\/maileon.com\/es\/#organization\"},\"potentialAction\":[{\"@type\":\"SearchAction\",\"target\":{\"@type\":\"EntryPoint\",\"urlTemplate\":\"https:\/\/maileon.com\/es\/?s={search_term_string}\"},\"query-input\":{\"@type\":\"PropertyValueSpecification\",\"valueRequired\":true,\"valueName\":\"search_term_string\"}}],\"inLanguage\":\"es\"},{\"@type\":\"Organization\",\"@id\":\"https:\/\/maileon.com\/es\/#organization\",\"name\":\"Maileon\",\"url\":\"https:\/\/maileon.com\/es\/\",\"logo\":{\"@type\":\"ImageObject\",\"inLanguage\":\"es\",\"@id\":\"https:\/\/maileon.com\/es\/#\/schema\/logo\/image\/\",\"url\":\"https:\/\/maileon.com\/app\/uploads\/sites\/5\/2022\/08\/logo.png\",\"contentUrl\":\"https:\/\/maileon.com\/app\/uploads\/sites\/5\/2022\/08\/logo.png\",\"width\":168,\"height\":33,\"caption\":\"Maileon\"},\"image\":{\"@id\":\"https:\/\/maileon.com\/es\/#\/schema\/logo\/image\/\"}}]}<\/script>\n<!-- \/ Yoast SEO Premium plugin. -->","yoast_head_json":{"title":"Disclaimer - Maileon","robots":{"index":"index","follow":"nofollow","max-snippet":"max-snippet:-1","max-image-preview":"max-image-preview:large","max-video-preview":"max-video-preview:-1"},"canonical":"https:\/\/maileon.com\/es\/disclaimer-2\/","og_locale":"es_ES","og_type":"article","og_title":"Disclaimer","og_description":"Disclaimer","og_url":"https:\/\/maileon.com\/es\/disclaimer-2\/","og_site_name":"Maileon","article_modified_time":"2023-03-09T18:28:15+00:00","twitter_card":"summary_large_image","schema":{"@context":"https:\/\/schema.org","@graph":[{"@type":"WebPage","@id":"https:\/\/maileon.com\/es\/disclaimer-2\/","url":"https:\/\/maileon.com\/es\/disclaimer-2\/","name":"Disclaimer - Maileon","isPartOf":{"@id":"https:\/\/maileon.com\/es\/#website"},"datePublished":"2022-12-29T18:15:14+00:00","dateModified":"2023-03-09T18:28:15+00:00","breadcrumb":{"@id":"https:\/\/maileon.com\/es\/disclaimer-2\/#breadcrumb"},"inLanguage":"es","potentialAction":[{"@type":"ReadAction","target":["https:\/\/maileon.com\/es\/disclaimer-2\/"]}]},{"@type":"BreadcrumbList","@id":"https:\/\/maileon.com\/es\/disclaimer-2\/#breadcrumb","itemListElement":[{"@type":"ListItem","position":1,"name":"Home","item":"https:\/\/maileon.com\/es\/"},{"@type":"ListItem","position":2,"name":"Disclaimer"}]},{"@type":"WebSite","@id":"https:\/\/maileon.com\/es\/#website","url":"https:\/\/maileon.com\/es\/","name":"Maileon","description":"","publisher":{"@id":"https:\/\/maileon.com\/es\/#organization"},"potentialAction":[{"@type":"SearchAction","target":{"@type":"EntryPoint","urlTemplate":"https:\/\/maileon.com\/es\/?s={search_term_string}"},"query-input":{"@type":"PropertyValueSpecification","valueRequired":true,"valueName":"search_term_string"}}],"inLanguage":"es"},{"@type":"Organization","@id":"https:\/\/maileon.com\/es\/#organization","name":"Maileon","url":"https:\/\/maileon.com\/es\/","logo":{"@type":"ImageObject","inLanguage":"es","@id":"https:\/\/maileon.com\/es\/#\/schema\/logo\/image\/","url":"https:\/\/maileon.com\/app\/uploads\/sites\/5\/2022\/08\/logo.png","contentUrl":"https:\/\/maileon.com\/app\/uploads\/sites\/5\/2022\/08\/logo.png","width":168,"height":33,"caption":"Maileon"},"image":{"@id":"https:\/\/maileon.com\/es\/#\/schema\/logo\/image\/"}}]}},"_links":{"self":[{"href":"https:\/\/maileon.com\/es\/wp-json\/wp\/v2\/pages\/10214","targetHints":{"allow":["GET"]}}],"collection":[{"href":"https:\/\/maileon.com\/es\/wp-json\/wp\/v2\/pages"}],"about":[{"href":"https:\/\/maileon.com\/es\/wp-json\/wp\/v2\/types\/page"}],"author":[{"embeddable":true,"href":"https:\/\/maileon.com\/es\/wp-json\/wp\/v2\/users\/7"}],"replies":[{"embeddable":true,"href":"https:\/\/maileon.com\/es\/wp-json\/wp\/v2\/comments?post=10214"}],"version-history":[{"count":1,"href":"https:\/\/maileon.com\/es\/wp-json\/wp\/v2\/pages\/10214\/revisions"}],"predecessor-version":[{"id":11551,"href":"https:\/\/maileon.com\/es\/wp-json\/wp\/v2\/pages\/10214\/revisions\/11551"}],"wp:attachment":[{"href":"https:\/\/maileon.com\/es\/wp-json\/wp\/v2\/media?parent=10214"}],"wp:term":[{"taxonomy":"category","embeddable":true,"href":"https:\/\/maileon.com\/es\/wp-json\/wp\/v2\/categories?post=10214"}],"curies":[{"name":"wp","href":"https:\/\/api.w.org\/{rel}","templated":true}]}}